{"id":11152,"date":"2016-09-29T16:44:23","date_gmt":"2016-09-29T16:44:23","guid":{"rendered":"https:\/\/cortesuprema.gov.co\/corte\/?page_id=11152"},"modified":"2023-07-06T15:50:02","modified_gmt":"2023-07-06T20:50:02","slug":"gestiondocumental","status":"publish","type":"page","link":"https:\/\/cortesuprema.gov.co\/corte\/index.php\/gestiondocumental\/","title":{"rendered":"Gesti\u00f3n documental"},"content":{"rendered":"<h2 style=\"text-align: center;\">La Corte Suprema de Justicia a trav\u00e9s de su Comit\u00e9 de Archivo publica la informaci\u00f3n relacionada<\/h2>\n<p>&nbsp;<\/p>\n<div class=\"su-spoiler su-spoiler-style-fancy su-spoiler-icon-plus su-spoiler-closed\" data-scroll-offset=\"0\" data-anchor-in-url=\"no\"><div class=\"su-spoiler-title\" tabindex=\"0\" role=\"button\"><span class=\"su-spoiler-icon\"><\/span>1. Normatividad<\/div><div class=\"su-spoiler-content su-u-clearfix su-u-trim\">\n<p><strong>NORMATIVIDAD<\/strong><\/p>\n<ul>\n<li><a href=\"https:\/\/cortesuprema.gov.co\/corte\/wp-content\/uploads\/secgen\/archivo\/NORMATIVIDAD\/ACUERDO 016 DE 1998.pdf\" target=\"_blank\" rel=\"noopener noreferrer\">Acuerdo 016 de 1998 DEL 4 de mayo de 1998<\/a> <em>\u00abCr\u00e9ase el Comit\u00e9 de Archivo de la Corte Suprema de Justicia\u00bb<\/em><\/li>\n<li><a href=\"https:\/\/cortesuprema.gov.co\/corte\/wp-content\/uploads\/secgen\/archivo\/NORMATIVIDAD\/ACUERDO 664 DE 2015.pdf\" target=\"_blank\" rel=\"noopener noreferrer\">Acuerdo 664 de 2015 del 10 de septiembre de 2015<\/a> <em>\u00abAprobar la actualizaci\u00f3n de las Tablas de Retenci\u00f3n Documental (TRD), en los modelos anexos a este acuerdo y que hacen parte integral del mismo\u00bb<\/em><\/li>\n<li><a href=\"https:\/\/cortesuprema.gov.co\/corte\/wp-content\/uploads\/secgen\/archivo\/NORMATIVIDAD\/ACUERDO PCSJA17-10784.pdf\" target=\"_blank\" rel=\"noopener noreferrer\">Acuerdo PCSJA17-10784 del 26 de septiembre de 2017<\/a> <em>\u201cPor el cual se establecen las pol\u00edticas generales de gesti\u00f3n documental y archivo para la Rama Judicial y se dictan reglas para asegurar su implementaci\u00f3n, en un solo acto administrativo\u201d<\/em><\/li>\n<li><a href=\"https:\/\/cortesuprema.gov.co\/corte\/wp-content\/uploads\/secgen\/archivo\/NORMATIVIDAD\/ACUERDO PCSJA19-11305.pdf\" target=\"_blank\" rel=\"noopener noreferrer\">Acuerdo PCSJA19-11305 del 19 de junio de 2019<\/a> <em>\u00abPor el cual se actualizan las Tablas de retenci\u00f3n documental de la Corte Suprema de Justicia\u00bb<\/em><\/li>\n<li><a href=\"https:\/\/cortesuprema.gov.co\/corte\/wp-content\/uploads\/secgen\/archivo\/NORMATIVIDAD\/ACUERDO PCSJA21-11884.pdf\" target=\"_blank\" rel=\"noopener noreferrer\">Acuerdo PCSJA21-11884 del 22 de noviembre de 2021<\/a> \u00ab<em>Por el cual se actualizan las Tablas de retenci\u00f3n documental de la Corte Suprema de Justicia\u00bb<\/em><\/li>\n<li><a href=\"https:\/\/cortesuprema.gov.co\/corte\/wp-content\/uploads\/secgen\/archivo\/NORMATIVIDAD\/CIRCULAR PCSJC20-27.pdf\" target=\"_blank\" rel=\"noopener noreferrer\">Circular PCSJC20-27 del 21 de julio del 2020<\/a> <em>\u00abProtocolo para la gesti\u00f3n de documentos electr\u00f3nicos, digitalizaci\u00f3n y conformaci\u00f3n del expediente. Plan de digitalizaci\u00f3n de expedientes\u00a0\u00ab<\/em><\/li>\n<li><a href=\"https:\/\/cortesuprema.gov.co\/corte\/wp-content\/uploads\/secgen\/archivo\/NORMATIVIDAD\/CIRCULAR PCSJC21-6.pdf\" target=\"_blank\" rel=\"noopener noreferrer\">Circular PCSJC21-6 del 18 de febrero de 2021<\/a> <em>\u00abActualizaci\u00f3n de los lineamientos funcionales del protocolo para la gesti\u00f3n de documentos electr\u00f3nicos, digitalizaci\u00f3n y conformaci\u00f3n del expediente\u00bb<\/em><\/li>\n<li><a href=\"https:\/\/cortesuprema.gov.co\/corte\/wp-content\/uploads\/secgen\/archivo\/NORMATIVIDAD\/ACUERDO N961 de 2021.pdf\" target=\"_blank\" rel=\"noopener noreferrer\">Acuerdo N0. 961 de 2021<\/a>\u00a0<em>\u00abPor medio del cual se actualiza el Comit\u00e9 de archivo de la Corte Suprema de Justicia\u00bb<\/em><\/li>\n<\/ul>\n<\/div><\/div>\n<div class=\"su-spoiler su-spoiler-style-fancy su-spoiler-icon-plus su-spoiler-closed\" data-scroll-offset=\"0\" data-anchor-in-url=\"no\"><div class=\"su-spoiler-title\" tabindex=\"0\" role=\"button\"><span class=\"su-spoiler-icon\"><\/span>2. Instrumentos Archiv\u00edsticos<\/div><div class=\"su-spoiler-content su-u-clearfix su-u-trim\">\n<p><strong>INSTRUMENTOS ARCHIVISTICOS<\/strong><\/p>\n<ul>\n<li><a href=\"https:\/\/cortesuprema.gov.co\/corte\/wp-content\/uploads\/secgen\/archivo\/INSTRUMENTOS ARCHIVISTICOS\/TRD Corte Suprema de Justicia 2019.xls\">Tablas de Retenci\u00f3n Documental a\u00f1o 2019<\/a><\/li>\n<li><a href=\"https:\/\/cortesuprema.gov.co\/corte\/wp-content\/uploads\/secgen\/archivo\/INSTRUMENTOS ARCHIVISTICOS\/CCD Cuadro Clasificacion Docuemntal Rama Judicial 2019.xlsx\">Cuadro de Clasificaci\u00f3n Documental a\u00f1o 2019<\/a><\/li>\n<li><a href=\"https:\/\/cortesuprema.gov.co\/corte\/wp-content\/uploads\/secgen\/archivo\/INSTRUMENTOS ARCHIVISTICOS\/CuadroClasificacionDocumental2021.xlsx\">Cuadro de Clasificaci\u00f3n Documental a\u00f1o 2021<\/a><\/li>\n<li><strong>Tablas de Retenci\u00f3n Documental a\u00f1o 2021<\/strong>\n<ul>\n<li><a href=\"https:\/\/www.cortesuprema.gov.co\/corte\/wp-content\/uploads\/secgen\/archivo\/INSTRUMENTOS ARCHIVISTICOS\/TRD2021\/01. TRD CSJ - Presidencia.xlsx\" target=\"_blank\" rel=\"noopener noreferrer\">01. TRD CSJ &#8211; Presidencia<\/a><\/li>\n<li><a href=\"https:\/\/www.cortesuprema.gov.co\/corte\/wp-content\/uploads\/secgen\/archivo\/INSTRUMENTOS ARCHIVISTICOS\/TRD2021\/02. TRD CSJ - VicePresidencia.xlsx\" target=\"_blank\" rel=\"noopener noreferrer\">02. TRD CSJ &#8211; Vicepresidencia<\/a><\/li>\n<li><a href=\"https:\/\/www.cortesuprema.gov.co\/corte\/wp-content\/uploads\/secgen\/archivo\/INSTRUMENTOS ARCHIVISTICOS\/TRD2021\/03. TRD CSJ - Secretaria General.xlsx\" target=\"_blank\" rel=\"noopener noreferrer\">03. TRD CSJ &#8211; Secretar\u00eda General<\/a><\/li>\n<li><a href=\"https:\/\/www.cortesuprema.gov.co\/corte\/wp-content\/uploads\/secgen\/archivo\/INSTRUMENTOS ARCHIVISTICOS\/TRD2021\/04. TRD CSJ - Secretaria Sala Civil - 2021.xlsx\" target=\"_blank\" rel=\"noopener noreferrer\">04. TRD CSJ &#8211; Secretar\u00eda Sala Civil<\/a><\/li>\n<li><a href=\"https:\/\/www.cortesuprema.gov.co\/corte\/wp-content\/uploads\/secgen\/archivo\/INSTRUMENTOS ARCHIVISTICOS\/TRD2021\/05. TRD CSJ - Secretaria Sala Laboral.xlsx\" target=\"_blank\" rel=\"noopener noreferrer\">05. TRD CSJ &#8211; Secretar\u00eda Sala Laboral<\/a><\/li>\n<li><a href=\"https:\/\/www.cortesuprema.gov.co\/corte\/wp-content\/uploads\/secgen\/archivo\/INSTRUMENTOS ARCHIVISTICOS\/TRD2021\/06. TRD CSJ - Secretaria Sala Penal.xlsx\" target=\"_blank\" rel=\"noopener noreferrer\">06. TRD CSJ &#8211; Secretar\u00eda Sala Penal<\/a><\/li>\n<li><a href=\"https:\/\/www.cortesuprema.gov.co\/corte\/wp-content\/uploads\/secgen\/archivo\/INSTRUMENTOS ARCHIVISTICOS\/TRD2021\/07.TRD-CSJ - Sala Especial Penal Primera Instancia.xlsx\" target=\"_blank\" rel=\"noopener noreferrer\">07.TRD-CSJ &#8211; Sala Especial de Primera Instancia<\/a><\/li>\n<li><a href=\"https:\/\/www.cortesuprema.gov.co\/corte\/wp-content\/uploads\/secgen\/archivo\/INSTRUMENTOS ARCHIVISTICOS\/TRD2021\/08. TRD CSJ - Sala Penal Instruccion.xlsx\" target=\"_blank\" rel=\"noopener noreferrer\">08. TRD CSJ &#8211; Sala Especial de Instrucci\u00f3n<\/a><\/li>\n<li><a href=\"https:\/\/www.cortesuprema.gov.co\/corte\/wp-content\/uploads\/secgen\/archivo\/INSTRUMENTOS ARCHIVISTICOS\/TRD2021\/09. TRD CSJ - RelatoriaTutelas.xlsx\" target=\"_blank\" rel=\"noopener noreferrer\">09. TRD CSJ &#8211; Relator\u00eda Tutelas<\/a><\/li>\n<li><a href=\"https:\/\/www.cortesuprema.gov.co\/corte\/wp-content\/uploads\/secgen\/archivo\/INSTRUMENTOS ARCHIVISTICOS\/TRD2021\/10. TRD CSJ - Relatoria Civil.xlsx\" target=\"_blank\" rel=\"noopener noreferrer\">10. TRD CSJ &#8211; Relator\u00eda Civil<\/a><\/li>\n<li><a href=\"https:\/\/www.cortesuprema.gov.co\/corte\/wp-content\/uploads\/secgen\/archivo\/INSTRUMENTOS ARCHIVISTICOS\/TRD2021\/11. TRD CSJ - Relatoria Laboral.xlsx\" target=\"_blank\" rel=\"noopener noreferrer\">11. TRD CSJ &#8211; Relator\u00eda Laboral<\/a><\/li>\n<li><a href=\"https:\/\/www.cortesuprema.gov.co\/corte\/wp-content\/uploads\/secgen\/archivo\/INSTRUMENTOS ARCHIVISTICOS\/TRD2021\/12. TRD CSJ - Relatoria Penal.xlsx\" target=\"_blank\" rel=\"noopener noreferrer\">12. TRD CSJ &#8211; Relator\u00eda Penal<\/a><\/li>\n<li><a href=\"https:\/\/www.cortesuprema.gov.co\/corte\/wp-content\/uploads\/secgen\/archivo\/INSTRUMENTOS ARCHIVISTICOS\/TRD2021\/13. TRD CSJ - Oficina Comunicaciones.xlsx\" target=\"_blank\" rel=\"noopener noreferrer\">13. TRD CSJ &#8211; Oficina Comunicaciones<\/a><\/li>\n<li><a href=\"https:\/\/www.cortesuprema.gov.co\/corte\/wp-content\/uploads\/secgen\/archivo\/INSTRUMENTOS ARCHIVISTICOS\/TRD2021\/14. TRD CSJ - Coordinacion Administrativa.xlsx\" target=\"_blank\" rel=\"noopener noreferrer\">14. TRD CSJ &#8211; Coordinaci\u00f3n Administrativa<\/a><\/li>\n<li><a href=\"https:\/\/www.cortesuprema.gov.co\/corte\/wp-content\/uploads\/secgen\/archivo\/INSTRUMENTOS ARCHIVISTICOS\/TRD2021\/15. TRD CSJ - ArchivoCentral.xlsx\" target=\"_blank\" rel=\"noopener noreferrer\">15. TRD CSJ &#8211; Archivo Central<\/a><\/li>\n<li><a href=\"https:\/\/www.cortesuprema.gov.co\/corte\/wp-content\/uploads\/secgen\/archivo\/INSTRUMENTOS ARCHIVISTICOS\/TRD2021\/16.TRD CSJ - Correspondencia.xlsx\" target=\"_blank\" rel=\"noopener noreferrer\">16.TRD CSJ &#8211; Correspondencia<\/a><\/li>\n<li><a href=\"https:\/\/www.cortesuprema.gov.co\/corte\/wp-content\/uploads\/secgen\/archivo\/INSTRUMENTOS ARCHIVISTICOS\/TRD2021\/17. TRD CSJ Oficina Sistemas.xlsx\" target=\"_blank\" rel=\"noopener noreferrer\">17. TRD CSJ Oficina Sistemas<\/a><\/li>\n<\/ul>\n<\/li>\n<\/ul>\n<\/div><\/div>\n<div class=\"su-spoiler su-spoiler-style-fancy su-spoiler-icon-plus su-spoiler-closed\" data-scroll-offset=\"0\" data-anchor-in-url=\"no\"><div class=\"su-spoiler-title\" tabindex=\"0\" role=\"button\"><span class=\"su-spoiler-icon\"><\/span>3. Procedimientos<\/div><div class=\"su-spoiler-content su-u-clearfix su-u-trim\">\n<p><strong>PROCEDIMIENTOS<\/strong><\/p>\n<ul>\n<li><a href=\"https:\/\/cortesuprema.gov.co\/corte\/wp-content\/uploads\/secgen\/archivo\/PROCEDIMIENTOS\/P-AGD-11 Procedimiento Transferencias Documentales Primarias.doc\">P-AGD-11<\/a> Procedimiento de Transferencias Documentales Primarias<\/li>\n<li><a href=\"https:\/\/cortesuprema.gov.co\/corte\/wp-content\/uploads\/secgen\/archivo\/PROCEDIMIENTOS\/P-AGD-12 Procedimiento eliminacion documentos.doc\">P-AGD-12<\/a> Procedimiento de Eliminaci\u00f3n de Documentos<\/li>\n<\/ul>\n<\/div><\/div>\n<div class=\"su-spoiler su-spoiler-style-fancy su-spoiler-icon-plus su-spoiler-closed\" data-scroll-offset=\"0\" data-anchor-in-url=\"no\"><div class=\"su-spoiler-title\" tabindex=\"0\" role=\"button\"><span class=\"su-spoiler-icon\"><\/span>4. Instructivos<\/div><div class=\"su-spoiler-content su-u-clearfix su-u-trim\">\n<p><strong>INSTRUCTIVOS<\/strong><\/p>\n<ul>\n<li><a href=\"https:\/\/cortesuprema.gov.co\/corte\/wp-content\/uploads\/secgen\/archivo\/INSTRUCTIVOS\/I-AGD-01 Instructivo aplicacion TRD organizacion archivos gestion.pdf\">I-AGD-01<\/a> Instructivo aplicaci\u00f3n TRD <u>Organizaci\u00f3n de Archivos de Gesti\u00f3n<\/u><\/li>\n<\/ul>\n<\/div><\/div>\n<div class=\"su-spoiler su-spoiler-style-fancy su-spoiler-icon-plus su-spoiler-closed\" data-scroll-offset=\"0\" data-anchor-in-url=\"no\"><div class=\"su-spoiler-title\" tabindex=\"0\" role=\"button\"><span class=\"su-spoiler-icon\"><\/span>5. Protocolos<\/div><div class=\"su-spoiler-content su-u-clearfix su-u-trim\">\n<p><strong>PROTOCOLOS<\/strong><\/p>\n<ul>\n<li><a href=\"https:\/\/cortesuprema.gov.co\/corte\/wp-content\/uploads\/secgen\/archivo\/PROTOCOLOS\/Protocolo para la gesti\u00f3n de documentos electronicos.pdf\" target=\"_blank\" rel=\"noopener noreferrer\">Protocolo para la Gesti\u00f3n de Documentos Electr\u00f3nicos<\/a><\/li>\n<\/ul>\n<\/div><\/div>\n<div class=\"su-spoiler su-spoiler-style-fancy su-spoiler-icon-plus su-spoiler-closed\" data-scroll-offset=\"0\" data-anchor-in-url=\"no\"><div class=\"su-spoiler-title\" tabindex=\"0\" role=\"button\"><span class=\"su-spoiler-icon\"><\/span>6. Formatos<\/div><div class=\"su-spoiler-content su-u-clearfix su-u-trim\">\n<p><strong>FORMATOS<\/strong><\/p>\n<ul>\n<li><a href=\"https:\/\/cortesuprema.gov.co\/corte\/wp-content\/uploads\/secgen\/archivo\/FORMATOS\/F-AGD-02 Formato Unico de Inventario Documental.xlsx\">F-AGD-02<\/a> Formato \u00danico de Inventario Documental<\/li>\n<li><a href=\"https:\/\/cortesuprema.gov.co\/corte\/wp-content\/uploads\/secgen\/archivo\/FORMATOS\/F-AGD-12 Formato Acta Transferencia Documentos.docx\">F-AGD-12<\/a> Formato Acta Transferencia Documentos<\/li>\n<li><a href=\"https:\/\/cortesuprema.gov.co\/corte\/wp-content\/uploads\/secgen\/archivo\/FORMATOS\/F-AGD-13 Formato Cronograma Transferencias Documentales.xlsx\">F-AGD-13<\/a> Formato Cronograma Transferencias Documentales<\/li>\n<li><a href=\"https:\/\/cortesuprema.gov.co\/corte\/wp-content\/uploads\/secgen\/archivo\/FORMATOS\/Modelo Rotulo de Carpetas y Cajas.xlsx\">Modelo Rotulo de Carpetas y Cajas<\/a><\/li>\n<\/ul>\n<\/div><\/div>\n<p>&nbsp;<\/p>\n","protected":false},"excerpt":{"rendered":"<p>La Corte Suprema de Justicia a trav\u00e9s de su Comit\u00e9 de Archivo publica la informaci\u00f3n relacionada &nbsp; &nbsp;<\/p>\n","protected":false},"author":3,"featured_media":0,"parent":0,"menu_order":0,"comment_status":"closed","ping_status":"closed","template":"","meta":{"footnotes":""},"class_list":["post-11152","page","type-page","status-publish","hentry"],"_links":{"self":[{"href":"https:\/\/cortesuprema.gov.co\/corte\/index.php\/wp-json\/wp\/v2\/pages\/11152","targetHints":{"allow":["GET"]}}],"collection":[{"href":"https:\/\/cortesuprema.gov.co\/corte\/index.php\/wp-json\/wp\/v2\/pages"}],"about":[{"href":"https:\/\/cortesuprema.gov.co\/corte\/index.php\/wp-json\/wp\/v2\/types\/page"}],"author":[{"embeddable":true,"href":"https:\/\/cortesuprema.gov.co\/corte\/index.php\/wp-json\/wp\/v2\/users\/3"}],"replies":[{"embeddable":true,"href":"https:\/\/cortesuprema.gov.co\/corte\/index.php\/wp-json\/wp\/v2\/comments?post=11152"}],"version-history":[{"count":24,"href":"https:\/\/cortesuprema.gov.co\/corte\/index.php\/wp-json\/wp\/v2\/pages\/11152\/revisions"}],"predecessor-version":[{"id":60022,"href":"https:\/\/cortesuprema.gov.co\/corte\/index.php\/wp-json\/wp\/v2\/pages\/11152\/revisions\/60022"}],"wp:attachment":[{"href":"https:\/\/cortesuprema.gov.co\/corte\/index.php\/wp-json\/wp\/v2\/media?parent=11152"}],"curies":[{"name":"wp","href":"https:\/\/api.w.org\/{rel}","templated":true}]}}