{"id":13373,"date":"2017-05-08T15:20:38","date_gmt":"2017-05-08T20:20:38","guid":{"rendered":"https:\/\/cortesuprema.gov.co\/corte\/?page_id=13373"},"modified":"2019-03-11T16:11:58","modified_gmt":"2019-03-11T21:11:58","slug":"sala-constitucional-genero","status":"publish","type":"page","link":"https:\/\/cortesuprema.gov.co\/corte\/index.php\/sala-constitucional-genero\/","title":{"rendered":"Sala Constitucional &#8211; Equidad de G\u00e9nero"},"content":{"rendered":"<p class=\"font-secondary size-big\" style=\"text-align: center;\">Estudio de Constitucionalidad<\/p>\n<hr \/>\n<div class=\"su-spoiler su-spoiler-style-fancy su-spoiler-icon-plus su-spoiler-closed\" data-scroll-offset=\"0\" data-anchor-in-url=\"no\"><div class=\"su-spoiler-title\" tabindex=\"0\" role=\"button\"><span class=\"su-spoiler-icon\"><\/span>Ley 75 de 1968 - Por la cual se dictan  normas sobre filiaci\u00f3n y se crea el Instituto Colombiano de Bienestar Familiar <\/div><div class=\"su-spoiler-content su-u-clearfix su-u-trim\">\n<table border=\"1\" width=\"683\">\n<tbody>\n<tr>\n<td bgcolor=\"#F4FFE4\" width=\"179\">\n<div align=\"left\"><strong>Art\u00edculo Demandado<\/strong><\/div>\n<\/td>\n<td bgcolor=\"#F4FFE4\" width=\"169\">\n<div align=\"left\"><strong>Fecha<\/strong><\/div>\n<\/td>\n<td bgcolor=\"#F4FFE4\" width=\"261\">\n<div align=\"left\"><strong>Gaceta<\/strong><\/div>\n<\/td>\n<\/tr>\n<tr>\n<td bgcolor=\"#F4FFE4\">\n<div class=\"Estilo16\" align=\"left\">\n<div align=\"left\">9 y 30<\/div>\n<\/div>\n<\/td>\n<td align=\"right\" bgcolor=\"#F4FFE4\">\n<div class=\"Estilo16\" align=\"right\">\n<div align=\"left\">14 de junio de 1969<\/div>\n<\/div>\n<\/td>\n<td bgcolor=\"#F4FFE4\">\n<div class=\"Estilo16\" align=\"left\">CXXXVII, 165<\/div>\n<\/td>\n<\/tr>\n<tr>\n<td align=\"right\" bgcolor=\"#F4FFE4\">\n<div class=\"Estilo16\" align=\"left\">\n<div align=\"left\">40<\/div>\n<\/div>\n<\/td>\n<td align=\"right\" bgcolor=\"#F4FFE4\">\n<div class=\"Estilo16\" align=\"right\">\n<div align=\"left\">13 de abril de 1973<\/div>\n<\/div>\n<\/td>\n<td bgcolor=\"#F4FFE4\">\n<div class=\"Estilo16\" align=\"left\">CXLIX-CL,125<\/div>\n<\/td>\n<\/tr>\n<tr>\n<td bgcolor=\"#F4FFE4\">\n<div class=\"Estilo16\" align=\"left\">42,43 Y 44<\/div>\n<\/td>\n<td align=\"right\" bgcolor=\"#F4FFE4\">\n<div class=\"Estilo16\" align=\"right\">\n<div align=\"left\">06 de Junio de 1974<\/div>\n<\/div>\n<\/td>\n<td bgcolor=\"#F4FFE4\">\n<div class=\"Estilo16\" align=\"left\">CXLIX-CL,368<\/div>\n<\/td>\n<\/tr>\n<tr>\n<td bgcolor=\"#F4FFE4\">\n<div class=\"Estilo16\" align=\"left\">\n<div align=\"left\">47<\/div>\n<\/div>\n<\/td>\n<td align=\"right\" bgcolor=\"#F4FFE4\">\n<div class=\"Estilo16\" align=\"right\">\n<div align=\"left\">26 de Febrero de 1970<\/div>\n<\/div>\n<\/td>\n<td bgcolor=\"#F4FFE4\">\n<div class=\"Estilo16\" align=\"left\">CXXXVII BIS,67<\/div>\n<\/td>\n<\/tr>\n<\/tbody>\n<\/table>\n<\/div><\/div>\n<div class=\"su-spoiler su-spoiler-style-fancy su-spoiler-icon-plus su-spoiler-closed\" data-scroll-offset=\"0\" data-anchor-in-url=\"no\"><div class=\"su-spoiler-title\" tabindex=\"0\" role=\"button\"><span class=\"su-spoiler-icon\"><\/span>Decreto 1260 de 1970 -Por el cual se expide el Estatuto del Registro del Estado Civil de las personas <\/div><div class=\"su-spoiler-content su-u-clearfix su-u-trim\">\n<table border=\"1\" width=\"684\">\n<tbody>\n<tr>\n<td bgcolor=\"#F4FFE4\" width=\"153\">\n<div align=\"left\"><strong>Art\u00edculo Demandado<\/strong><\/div>\n<\/td>\n<td bgcolor=\"#F4FFE4\" width=\"113\">\n<div align=\"left\"><strong>Fecha<\/strong><\/div>\n<\/td>\n<td bgcolor=\"#F4FFE4\" width=\"340\">\n<div align=\"left\"><strong>Gaceta<\/strong><\/div>\n<\/td>\n<\/tr>\n<tr>\n<td bgcolor=\"#F4FFE4\">\n<div class=\"Estilo26\" align=\"left\">\n<div align=\"left\">7<\/div>\n<\/div>\n<\/td>\n<td align=\"right\" bgcolor=\"#F4FFE4\">\n<div class=\"Estilo26\" align=\"right\">\n<div align=\"left\">15 de junio de 1976<\/div>\n<\/div>\n<\/td>\n<td bgcolor=\"#F4FFE4\">\n<div class=\"Estilo26\" align=\"left\">CLII Y CLIII, 470<\/div>\n<\/td>\n<\/tr>\n<\/tbody>\n<\/table>\n<p>&nbsp;<\/p>\n<\/div><\/div>\n<div class=\"su-spoiler su-spoiler-style-fancy su-spoiler-icon-plus su-spoiler-closed\" data-scroll-offset=\"0\" data-anchor-in-url=\"no\"><div class=\"su-spoiler-title\" tabindex=\"0\" role=\"button\"><span class=\"su-spoiler-icon\"><\/span>Ley 29 de 1982- Por la cual se otorga la igualdad de derechos herenciales a los hijos leg\u00edtimos, extramatrimoniales y adoptivos y se hacen los correspondientes ajustes a los diversos \u00f3rdenes hereditarios <\/div><div class=\"su-spoiler-content su-u-clearfix su-u-trim\">\n<table border=\"1\" width=\"682\">\n<tbody>\n<tr>\n<td bgcolor=\"#F4FFE4\" width=\"152\"><strong>Art\u00edculo Demandado<\/strong><\/td>\n<td bgcolor=\"#F4FFE4\" width=\"120\">\n<div align=\"left\"><strong>Fecha<\/strong><\/div>\n<\/td>\n<td bgcolor=\"#F4FFE4\" width=\"348\"><strong>Magistrado Ponente<\/strong><\/td>\n<\/tr>\n<tr>\n<td bgcolor=\"#F4FFE4\">\n<div align=\"left\">1, 4 y 11<\/div>\n<\/td>\n<td bgcolor=\"#F4FFE4\" width=\"120\">\n<div align=\"right\">\n<div align=\"left\">7 de julio de 1983<\/div>\n<\/div>\n<\/td>\n<td bgcolor=\"#F4FFE4\" width=\"348\">\n<div align=\"left\">Dr. Ricardo Medina Moyano<\/div>\n<\/td>\n<\/tr>\n<tr>\n<td bgcolor=\"#F4FFE4\">\n<div align=\"left\">\n<div align=\"left\">2, 8<\/div>\n<\/div>\n<\/td>\n<td bgcolor=\"#F4FFE4\">\n<div align=\"right\">\n<div align=\"left\">26 de octubre de 1982<\/div>\n<\/div>\n<\/td>\n<td bgcolor=\"#F4FFE4\">\n<div align=\"left\">Dr. Carlos Medell\u00edn.<\/div>\n<\/td>\n<\/tr>\n<\/tbody>\n<\/table>\n<\/div><\/div>\n<div class=\"su-spoiler su-spoiler-style-fancy su-spoiler-icon-plus su-spoiler-closed\" data-scroll-offset=\"0\" data-anchor-in-url=\"no\"><div class=\"su-spoiler-title\" tabindex=\"0\" role=\"button\"><span class=\"su-spoiler-icon\"><\/span>Ley 35 de 1986 - Por el cual se otorgan iguales derechos y obligaciones a las mujeres y a los varones <\/div><div class=\"su-spoiler-content su-u-clearfix su-u-trim\">\n<table border=\"1\" width=\"683\">\n<tbody>\n<tr>\n<td bgcolor=\"#F4FFE4\" width=\"139\"><strong>Art\u00edculo Demandado<\/strong><\/td>\n<td bgcolor=\"#F4FFE4\" width=\"140\"><strong>Fecha<\/strong><\/td>\n<td bgcolor=\"#F4FFE4\" width=\"142\"><strong>Magistrado ponente<\/strong><\/td>\n<td bgcolor=\"#F4FFE4\" width=\"220\"><strong>Gaceta<\/strong><\/td>\n<\/tr>\n<tr>\n<td bgcolor=\"#F4FFE4\">70<\/td>\n<td align=\"right\" bgcolor=\"#F4FFE4\">\n<div align=\"left\">11 de septiembrede 1975<\/div>\n<\/td>\n<td bgcolor=\"#F4FFE4\">Dr. Ricardo Medina Moyano<\/td>\n<td bgcolor=\"#F4FFE4\">CLII Y CLIII, 185<\/td>\n<\/tr>\n<\/tbody>\n<\/table>\n<\/div><\/div>\n<div class=\"su-spoiler su-spoiler-style-fancy su-spoiler-icon-plus su-spoiler-closed\" data-scroll-offset=\"0\" data-anchor-in-url=\"no\"><div class=\"su-spoiler-title\" tabindex=\"0\" role=\"button\"><span class=\"su-spoiler-icon\"><\/span>Ley 54 de 1924 - Por la cual se aclara la legislaci\u00f3n existente sobre matrimonio civil <\/div><div class=\"su-spoiler-content su-u-clearfix su-u-trim\">\n<table border=\"1\" width=\"684\">\n<tbody>\n<tr>\n<td bgcolor=\"#F4FFE4\" width=\"158\">\n<div align=\"left\"><strong>Art\u00edculo Demandado<\/strong><\/div>\n<\/td>\n<td bgcolor=\"#F4FFE4\" width=\"115\">\n<div align=\"left\"><strong>Fecha<\/strong><\/div>\n<\/td>\n<td bgcolor=\"#F4FFE4\" width=\"379\">\n<div align=\"left\"><strong>Gaceta<\/strong><\/div>\n<\/td>\n<\/tr>\n<tr>\n<td bgcolor=\"#F4FFE4\"><\/td>\n<td align=\"right\" bgcolor=\"#F4FFE4\">\n<div align=\"left\">26 de abril de 1924<\/div>\n<\/td>\n<td bgcolor=\"#F4FFE4\">\n<div align=\"left\">CXXXVIII, 170<\/div>\n<\/td>\n<\/tr>\n<\/tbody>\n<\/table>\n<\/div><\/div>\n<div class=\"su-spoiler su-spoiler-style-fancy su-spoiler-icon-plus su-spoiler-closed\" data-scroll-offset=\"0\" data-anchor-in-url=\"no\"><div class=\"su-spoiler-title\" tabindex=\"0\" role=\"button\"><span class=\"su-spoiler-icon\"><\/span>Ley 45 de 1936 - Sobre reformas civiles (filiaci\u00f3n natural) <\/div><div class=\"su-spoiler-content su-u-clearfix su-u-trim\">\n<table border=\"1\" width=\"952\">\n<tbody>\n<tr>\n<td bgcolor=\"#F4FFE4\" width=\"166\">\n<div align=\"left\"><strong>Art\u00edculo Demandado<\/strong><\/div>\n<\/td>\n<td bgcolor=\"#F4FFE4\" width=\"765\">\n<div align=\"left\"><strong>Fecha<\/strong><\/div>\n<\/td>\n<\/tr>\n<tr>\n<td bgcolor=\"#F4FFE4\">\n<div align=\"left\">18<\/div>\n<\/td>\n<td align=\"right\" bgcolor=\"#F4FFE4\">\n<div align=\"left\">06 de junio abril de 1924<\/div>\n<\/td>\n<\/tr>\n<\/tbody>\n<\/table>\n<\/div><\/div>\n<div class=\"su-spoiler su-spoiler-style-fancy su-spoiler-icon-plus su-spoiler-closed\" data-scroll-offset=\"0\" data-anchor-in-url=\"no\"><div class=\"su-spoiler-title\" tabindex=\"0\" role=\"button\"><span class=\"su-spoiler-icon\"><\/span>Ley 68 de 1946 - Aclaraci\u00f3n de la ley 28 de 1932 <\/div><div class=\"su-spoiler-content su-u-clearfix su-u-trim\">\n<table border=\"1\" width=\"687\">\n<tbody>\n<tr>\n<td bgcolor=\"#F4FFE4\" width=\"110\">\n<div align=\"left\"><strong>Art\u00edculo Demandado<\/strong><\/div>\n<\/td>\n<td bgcolor=\"#F4FFE4\" width=\"147\">\n<div align=\"left\"><strong>Fecha<\/strong><\/div>\n<\/td>\n<td bgcolor=\"#F4FFE4\" width=\"396\">\n<div align=\"left\"><strong>Gaceta<\/strong><\/div>\n<\/td>\n<\/tr>\n<tr>\n<td bgcolor=\"#F4FFE4\">\n<div align=\"left\">\u00danico<\/div>\n<\/td>\n<td align=\"right\" bgcolor=\"#F4FFE4\">\n<div align=\"left\">02 de febrero de 1948<\/div>\n<\/td>\n<td bgcolor=\"#F4FFE4\">\n<div align=\"left\">LXIII,601<\/div>\n<\/td>\n<\/tr>\n<\/tbody>\n<\/table>\n<\/div><\/div>\n<div class=\"su-spoiler su-spoiler-style-fancy su-spoiler-icon-plus su-spoiler-closed\" data-scroll-offset=\"0\" data-anchor-in-url=\"no\"><div class=\"su-spoiler-title\" tabindex=\"0\" role=\"button\"><span class=\"su-spoiler-icon\"><\/span>Ley 56 de 1947 - Por la cual se crean escuelas de artesanos e instituciones polit\u00e9cnicos complementarios, para se\u00f1oritas, y se dictan otras disposiciones <\/div><div class=\"su-spoiler-content su-u-clearfix su-u-trim\">\n<table border=\"1\" width=\"687\">\n<tbody>\n<tr>\n<td bgcolor=\"#F4FFE4\" width=\"125\">\n<div align=\"left\"><strong>Art\u00edculo Demandado<\/strong><\/div>\n<\/td>\n<td bgcolor=\"#F4FFE4\" width=\"128\">\n<div align=\"left\"><strong>Fecha<\/strong><\/div>\n<\/td>\n<td bgcolor=\"#F4FFE4\" width=\"406\">\n<div align=\"left\"><strong>Gaceta<\/strong><\/div>\n<\/td>\n<\/tr>\n<tr>\n<td bgcolor=\"#F4FFE4\">\n<div align=\"left\">9<\/div>\n<\/td>\n<td align=\"right\" bgcolor=\"#F4FFE4\">\n<div align=\"left\">27 de junio de 1947<\/div>\n<\/td>\n<td bgcolor=\"#F4FFE4\">\n<div align=\"left\">LXVII, 375<\/div>\n<\/td>\n<\/tr>\n<\/tbody>\n<\/table>\n<\/div><\/div>\n<div class=\"su-spoiler su-spoiler-style-fancy su-spoiler-icon-plus su-spoiler-closed\" data-scroll-offset=\"0\" data-anchor-in-url=\"no\"><div class=\"su-spoiler-title\" tabindex=\"0\" role=\"button\"><span class=\"su-spoiler-icon\"><\/span>Ley 1 de 1976 - Por la cual se establece el divorcio en matrimonio civil, se regulan la separaci\u00f3n de cuerpos y de bienes en el matrimonio civil y en el can\u00f3nico, y se disponen algunas modifican algunas disposiciones de los C\u00f3digo Civil y Procedimiento Civil en materia de derecho de familia <\/div><div class=\"su-spoiler-content su-u-clearfix su-u-trim\">\n<table border=\"1\" width=\"685\">\n<tbody>\n<tr>\n<td bgcolor=\"#F4FFE4\" width=\"128\"><span class=\"Estilo16\"><strong>Art\u00edculo Demandado<\/strong><\/span><\/td>\n<td bgcolor=\"#F4FFE4\" width=\"123\"><span class=\"Estilo16\"><strong>Fecha<\/strong><\/span><\/td>\n<td bgcolor=\"#F4FFE4\" width=\"410\"><span class=\"Estilo16\"><strong>Gaceta<\/strong><\/span><\/td>\n<\/tr>\n<tr>\n<td bgcolor=\"#F4FFE4\"><span class=\"Estilo25\">25<\/span><\/td>\n<td align=\"right\" bgcolor=\"#F4FFE4\">\n<div class=\"Estilo25\" align=\"left\">31de mayo de 1978<\/div>\n<\/td>\n<td bgcolor=\"#F4FFE4\"><\/td>\n<\/tr>\n<\/tbody>\n<\/table>\n<\/div><\/div>\n","protected":false},"excerpt":{"rendered":"<p>Estudio de Constitucionalidad<\/p>\n","protected":false},"author":3,"featured_media":0,"parent":0,"menu_order":0,"comment_status":"open","ping_status":"open","template":"","meta":{"footnotes":""},"class_list":["post-13373","page","type-page","status-publish","hentry"],"_links":{"self":[{"href":"https:\/\/cortesuprema.gov.co\/corte\/index.php\/wp-json\/wp\/v2\/pages\/13373","targetHints":{"allow":["GET"]}}],"collection":[{"href":"https:\/\/cortesuprema.gov.co\/corte\/index.php\/wp-json\/wp\/v2\/pages"}],"about":[{"href":"https:\/\/cortesuprema.gov.co\/corte\/index.php\/wp-json\/wp\/v2\/types\/page"}],"author":[{"embeddable":true,"href":"https:\/\/cortesuprema.gov.co\/corte\/index.php\/wp-json\/wp\/v2\/users\/3"}],"replies":[{"embeddable":true,"href":"https:\/\/cortesuprema.gov.co\/corte\/index.php\/wp-json\/wp\/v2\/comments?post=13373"}],"version-history":[{"count":12,"href":"https:\/\/cortesuprema.gov.co\/corte\/index.php\/wp-json\/wp\/v2\/pages\/13373\/revisions"}],"predecessor-version":[{"id":22627,"href":"https:\/\/cortesuprema.gov.co\/corte\/index.php\/wp-json\/wp\/v2\/pages\/13373\/revisions\/22627"}],"wp:attachment":[{"href":"https:\/\/cortesuprema.gov.co\/corte\/index.php\/wp-json\/wp\/v2\/media?parent=13373"}],"curies":[{"name":"wp","href":"https:\/\/api.w.org\/{rel}","templated":true}]}}