{"id":22475,"date":"2019-03-07T15:02:51","date_gmt":"2019-03-07T20:02:51","guid":{"rendered":"https:\/\/cortesuprema.gov.co\/corte\/?page_id=22475"},"modified":"2023-01-23T12:19:43","modified_gmt":"2023-01-23T17:19:43","slug":"doctrina-probable-comercial","status":"publish","type":"page","link":"https:\/\/cortesuprema.gov.co\/corte\/index.php\/doctrina-probable-comercial\/","title":{"rendered":"Doctrina probable &#8211; Comercial"},"content":{"rendered":"<p style=\"text-align: right;\"><em>Ver tambi\u00e9n:<\/em>\u00a0<a href=\"https:\/\/cortesuprema.gov.co\/corte\/index.php\/doctrina-probable-familia\/\" target=\"_blank\" rel=\"noopener noreferrer\">Familia<\/a>\u2013<a href=\"https:\/\/cortesuprema.gov.co\/corte\/index.php\/doctrina-probable-civil\/\" target=\"_blank\" rel=\"noopener noreferrer\">Civil<\/a>\u2013<a href=\"https:\/\/cortesuprema.gov.co\/corte\/index.php\/doctrina-probable-procesal\/\" target=\"_blank\" rel=\"noopener noreferrer\">Procesal<\/a><\/p>\n<h1 style=\"text-align: center;\">Doctrina Probable<\/h1>\n<h2 style=\"text-align: center;\">Comercial<\/h2>\n<hr \/>\n<div class=\"clear\"><\/div>\n<p style=\"text-align: center;\"><a href=\"https:\/\/cortesuprema.gov.co\/corte\/index.php\/doctrina-probable-comercial\/#A\">A<\/a>\u00a0\u00a0<a href=\"https:\/\/cortesuprema.gov.co\/corte\/index.php\/doctrina-probable-comercial\/#B\">B<\/a>\u00a0\u00a0<a href=\"https:\/\/cortesuprema.gov.co\/corte\/index.php\/doctrina-probable-comercial\/#C\">C<\/a>\u00a0\u00a0<a href=\"https:\/\/cortesuprema.gov.co\/corte\/index.php\/doctrina-probable-comercial\/#D\">D<\/a>\u00a0\u00a0<a href=\"https:\/\/cortesuprema.gov.co\/corte\/index.php\/doctrina-probable-comercial\/#E\">E<\/a>\u00a0\u00a0<a href=\"https:\/\/cortesuprema.gov.co\/corte\/index.php\/doctrina-probable-comercial\/#F\">F<\/a>\u00a0\u00a0<a href=\"https:\/\/cortesuprema.gov.co\/corte\/index.php\/doctrina-probable-comercial\/#G\">G<\/a>\u00a0\u00a0<a href=\"https:\/\/cortesuprema.gov.co\/corte\/index.php\/doctrina-probable-comercial\/#H\">H<\/a>\u00a0\u00a0<a href=\"https:\/\/cortesuprema.gov.co\/corte\/index.php\/doctrina-probable-comercial\/#I\">I<\/a>\u00a0\u00a0<a href=\"https:\/\/cortesuprema.gov.co\/corte\/index.php\/doctrina-probable-comercial\/#J\">J<\/a>\u00a0\u00a0\u00a0<a href=\"https:\/\/cortesuprema.gov.co\/corte\/index.php\/doctrina-probable-comercial\/#L\">L<\/a>\u00a0\u00a0<a href=\"https:\/\/cortesuprema.gov.co\/corte\/index.php\/doctrina-probable-comercial\/#M\">M<\/a>\u00a0\u00a0<a href=\"https:\/\/cortesuprema.gov.co\/corte\/index.php\/doctrina-probable-comercial\/#N\">N<\/a>\u00a0\u00a0<a href=\"https:\/\/cortesuprema.gov.co\/corte\/index.php\/doctrina-probable-comercial\/#O\">O<\/a>\u00a0\u00a0<a href=\"https:\/\/cortesuprema.gov.co\/corte\/index.php\/doctrina-probable-comercial\/#P\">P<\/a>\u00a0\u00a0<a href=\"https:\/\/cortesuprema.gov.co\/corte\/index.php\/doctrina-probable-comercial\/#R\">R<\/a>\u00a0\u00a0<a href=\"https:\/\/cortesuprema.gov.co\/corte\/index.php\/doctrina-probable-comercial\/#S\">S<\/a>\u00a0\u00a0<a href=\"https:\/\/cortesuprema.gov.co\/corte\/index.php\/doctrina-probable-comercial\/#T\">T<\/a>\u00a0\u00a0<a href=\"https:\/\/cortesuprema.gov.co\/corte\/index.php\/doctrina-probable-comercial\/#U\">U<\/a>\u00a0\u00a0<a href=\"https:\/\/cortesuprema.gov.co\/corte\/index.php\/doctrina-probable-comercial\/#V\">V<\/a><\/p>\n<hr \/>\n<div class=\"clear\"><\/div>\n<h2 style=\"text-align: center;\"><em><a name=\"A\"><\/a><strong>A<\/strong><\/em><\/h2>\n<p><strong>ACCI\u00d3N DE ENRIQUECIMIENTO CAMBIARIO<\/strong><\/p>\n<ul>\n<li>C\u00f3mputo del hito inicial del t\u00e9rmino para la prescripci\u00f3n extintiva. <a href=\"https:\/\/cortesuprema.gov.co\/corte\/wp-content\/uploads\/2019\/02\/SC2343-2018-2007-00002-01.pdf\" target=\"_blank\" rel=\"noopener noreferrer\">SC2343-2018<\/a><\/li>\n<\/ul>\n<p><small class=\"\"><em>[<a href=\"https:\/\/cortesuprema.gov.co\/corte\/wp-content\/uploads\/2019\/02\/S-14-03-2001-6550.pdf\" target=\"_blank\" rel=\"noopener noreferrer\">Sentencia 034 de 14 de marzo de 2001, radicaci\u00f3n 6550<\/a>;<a href=\"https:\/\/cortesuprema.gov.co\/corte\/wp-content\/uploads\/2019\/02\/200131030012001-00101-01-SC-147-2007-1.doc\" target=\"_blank\" rel=\"noopener noreferrer\">\u00a0Sentencia 147 de 19 de diciembre de 2007, expediente 00101<\/a>;\u00a0<a href=\"https:\/\/cortesuprema.gov.co\/corte\/wp-content\/uploads\/2019\/02\/S-26-06-2008-2000131030042004-00112-01-1.doc\" target=\"_blank\" rel=\"noopener noreferrer\">Sentencia 057 de 26 de junio de 2008, radicado 00112;<\/a>\u00a0<a href=\"https:\/\/cortesuprema.gov.co\/corte\/wp-content\/uploads\/2019\/02\/S-13-10-2009-1100131030282004-00605-01-2.doc\" target=\"_blank\" rel=\"noopener noreferrer\">Sentencia 13 de octubre de 2009, radicado 00605<\/a>;\u00a0<a href=\"https:\/\/cortesuprema.gov.co\/corte\/wp-content\/uploads\/2019\/02\/S-09-09-2013-1100131030432006-00339-01.doc\" target=\"_blank\" rel=\"noopener noreferrer\">Sentencia de 9 de septiembre de 2013, expediente 00339.<\/a>]<\/em><\/small><\/p>\n<h2><\/h2>\n<h2 style=\"text-align: center;\"><em><a name=\"C\"><\/a>B<\/em><\/h2>\n<p>&nbsp;<\/p>\n<p><strong>BUENA FE<\/strong><\/p>\n<p>&nbsp;<\/p>\n<p>Car\u00e1cter bilateral de la buena fe y obligaci\u00f3n de indagaci\u00f3n en cabeza de la aseguradora<a href=\"https:\/\/cortesuprema.gov.co\/corte\/wp-content\/uploads\/2021\/09\/SC3791-2021-2009-00143-01_compressed.pdf\">. SC3791-2021<\/a><\/p>\n[CSJ SC 19 de abril de 1999, expediente 4929, <a href=\"https:\/\/cortesuprema.gov.co\/corte\/wp-content\/uploads\/2022\/08\/S-02-08-2001-6146-C.pdf\">SC 2 de agosto de 2001<\/a> y <a href=\"https:\/\/cortesuprema.gov.co\/corte\/wp-content\/uploads\/2022\/08\/S-26-04-2007-1100131030221997-04528-01.pdf\">SC 26 de abril del 2007<\/a>]\n<h2 style=\"text-align: center;\"><em>\u00a0<\/em><\/h2>\n<h2 style=\"text-align: center;\"><em><a name=\"C\"><\/a><strong>C<\/strong><\/em><\/h2>\n<p><strong>CONSTITUCI\u00d3N EN MORA AL ASEGURADOR <\/strong><\/p>\n<p>&nbsp;<\/p>\n<p>Se da prevalencia al efecto sustancial de la notificaci\u00f3n de la demanda, con exclusi\u00f3n de las exigencias del art\u00edculo 1080 del C\u00f3digo de Comercio, para constituir en mora al asegurador, cuando no se adelanta la reclamaci\u00f3n. <a href=\"https:\/\/cortesuprema.gov.co\/corte\/wp-content\/uploads\/2022\/01\/SC1947-2021-2009-00171-01-1-1.pdf\">SC1947-2021<\/a><\/p>\n[<a href=\"https:\/\/cortesuprema.gov.co\/corte\/wp-content\/uploads\/2022\/08\/S-14-12-2001-6230.pdf\">CSJ SC 14 dic. 2001, exp. n.\u00b0 6230<\/a>, <a href=\"https:\/\/cortesuprema.gov.co\/corte\/wp-content\/uploads\/2022\/08\/S-07-07-2005-0500131860041998-00174-01.pdf\">SC 07 de julio de 2005 rad. 1998-00174-01<\/a>, <a href=\"https:\/\/cortesuprema.gov.co\/corte\/wp-content\/uploads\/2022\/08\/SC7814-2016-2007-00072-01.pdf\">SC7814-2016<\/a>, <a href=\"https:\/\/cortesuprema.gov.co\/corte\/wp-content\/uploads\/2019\/09\/SC1916-2018-2005-00346-01_1_compressed.pdf\">SC1916-2018<\/a> y <a href=\"https:\/\/cortesuprema.gov.co\/corte\/wp-content\/uploads\/2019\/07\/SC5681-2018-2009-00687-01_.pdf\">SC5681-2018<\/a>]\n<p>&nbsp;<\/p>\n<p><strong>CONTRATO DE AGENCIA COMERCIAL\u00a0<\/strong><\/p>\n<ul>\n<li>Naturaleza jur\u00eddica de la comisi\u00f3n frente a la cesant\u00eda comercial.\u00a0<a href=\"https:\/\/cortesuprema.gov.co\/corte\/wp-content\/uploads\/2019\/02\/SC18392-2017-2011-00081-01.pdf\" target=\"_blank\" rel=\"noopener noreferrer\">SC18392-2017<\/a><\/li>\n<\/ul>\n<p><em><small class=\"\">[<a href=\"https:\/\/cortesuprema.gov.co\/corte\/wp-content\/uploads\/2019\/02\/S-22-10-2001-5817.pdf\" target=\"_blank\" rel=\"noopener noreferrer\">Sentencia sustitutiva 22 de octubre de 2001, exp. 5817<\/a>;\u00a0<a href=\"https:\/\/cortesuprema.gov.co\/corte\/wp-content\/uploads\/2019\/02\/7504-SS-087-2007.doc\" target=\"_blank\" rel=\"noopener noreferrer\">Sentencia sustitutiva 6 de julio de 2007, exp. 7504<\/a>;\u00a0<a href=\"https:\/\/cortesuprema.gov.co\/corte\/wp-content\/uploads\/2019\/02\/0500131030161998-00199-01-SC-142-2007-2.doc\" target=\"_blank\" rel=\"noopener noreferrer\">Sentencia sustitutiva 13 de diciembre de 2007, exp. 1998-00199-01<\/a>]<\/small><\/em><\/p>\n<p>&nbsp;<\/p>\n<p><strong>CONTRATO DE ARRENDAMIENTO DE LOCAL COMERCIAL<\/strong><\/p>\n<ul>\n<li>Sentido y alcance de los art\u00edculos 518 y 520 del C\u00f3digo de Comercio: Como instrumento para la protecci\u00f3n de los establecimientos de comercio, el art\u00edculo 518 del C\u00f3digo de Comercio, consagra a favor del empresario el derecho de renovaci\u00f3n del contrato de arrendamiento del local donde aqu\u00e9llos funcionan, al vencimiento del mismo. Se trata de defender la permanencia del establecimiento de comercio, como bien econ\u00f3mico, pero tambi\u00e9n, los valores intr\u00ednsecos, humanos y sociales, que igualmente lo constituyen. <a href=\"https:\/\/cortesuprema.gov.co\/corte\/wp-content\/uploads\/2021\/06\/SC2500-2021-2013-00168-01.pdf\">SC2500-2021<\/a><\/li>\n<\/ul>\n<p><em><small class=\"\">[<a href=\"https:\/\/cortesuprema.gov.co\/corte\/wp-content\/uploads\/2021\/06\/S-24-09-2001-5876.pdf\">SC 24 de septiembre de 2001, expediente 5878<\/a>, <a href=\"https:\/\/cortesuprema.gov.co\/corte\/wp-content\/uploads\/2021\/06\/SC-29-09-1978.pdf\">SC 29 de septiembre de 1978 G.J. 2399<\/a> y <a href=\"https:\/\/cortesuprema.gov.co\/corte\/wp-content\/uploads\/2021\/06\/14-04-08-2300131030022001-00082-01.pdf\">SC14 de abril de 2008 rad. 2001-00082-01<\/a>]<\/small><\/em><\/p>\n<p>&nbsp;<\/p>\n<p><strong>CONTRATO DE SEGURO DE VIDA<\/strong><\/p>\n<p>Car\u00e1cter bilateral de la buena fe y obligaci\u00f3n de indagaci\u00f3n en cabeza de la aseguradora<a href=\"https:\/\/cortesuprema.gov.co\/corte\/wp-content\/uploads\/2021\/09\/SC3791-2021-2009-00143-01_compressed.pdf\">. SC3791-2021<\/a><\/p>\n[CSJ SC 19 de abril de 1999, expediente 4929, <a href=\"https:\/\/cortesuprema.gov.co\/corte\/wp-content\/uploads\/2022\/08\/S-02-08-2001-6146-C.pdf\">SC 2 de agosto de 2001<\/a> y <a href=\"https:\/\/cortesuprema.gov.co\/corte\/wp-content\/uploads\/2022\/08\/S-26-04-2007-1100131030221997-04528-01.pdf\">SC 26 de abril del 2007<\/a>]\n<h2 style=\"text-align: center;\"><em><a name=\"C\"><\/a><strong>L<\/strong><\/em><\/h2>\n<p>&nbsp;<\/p>\n<p><strong>LEGITIMACI\u00d3N CONTRACTUAL<\/strong><\/p>\n<ul>\n<li>Luego de que sea establecida la existencia de un contrato v\u00e1lido que ligue a los contratantes, la labor del juzgador deber\u00e1 estar dirigida a determinar\u2026 la legitimaci\u00f3n del actor, esto es, a escudri\u00f1ar si su conducta contractual evidencia que puede beneficiarse de la facultad para pedir la resoluci\u00f3n del contrato o su cumplimiento, con indemnizaci\u00f3n de perjuicios, porque tal derecho le asiste \u00fanicamente a quien ha cumplido o se ha allanado a hacerlo.\u00a0 <em><a href=\"https:\/\/cortesuprema.gov.co\/corte\/wp-content\/uploads\/2023\/01\/16-06-06-7786.pdf\">SC, 16 jun. 2006, exp. n.\u00b0 7786<\/a>. <\/em>Reiterado en <a href=\"https:\/\/cortesuprema.gov.co\/corte\/wp-content\/uploads\/2022\/12\/SC3663-2022-2012-00193-01.pdf\">SC3663-2022<\/a><\/li>\n<\/ul>\n","protected":false},"excerpt":{"rendered":"<p>Ver tambi\u00e9n:\u00a0Familia\u2013Civil\u2013Procesal Doctrina Probable Comercial A\u00a0\u00a0B\u00a0\u00a0C\u00a0\u00a0D\u00a0\u00a0E\u00a0\u00a0F\u00a0\u00a0G\u00a0\u00a0H\u00a0\u00a0I\u00a0\u00a0J\u00a0\u00a0\u00a0L\u00a0\u00a0M\u00a0\u00a0N\u00a0\u00a0O\u00a0\u00a0P\u00a0\u00a0R\u00a0\u00a0S\u00a0\u00a0T\u00a0\u00a0U\u00a0\u00a0V A ACCI\u00d3N DE ENRIQUECIMIENTO CAMBIARIO C\u00f3mputo del hito inicial del t\u00e9rmino para la prescripci\u00f3n extintiva. SC2343-2018 [Sentencia 034 de 14 de marzo de 2001, radicaci\u00f3n 6550;\u00a0Sentencia 147 de 19 de diciembre de 2007, expediente 00101;\u00a0Sentencia 057 de 26 de junio de 2008, radicado 00112;\u00a0Sentencia 13 de octubre de 2009, &hellip; <a href=\"https:\/\/cortesuprema.gov.co\/corte\/index.php\/doctrina-probable-comercial\/\" class=\"more-link\">Continuar leyendo<span class=\"screen-reader-text\"> \u00abDoctrina probable &#8211; Comercial\u00bb<\/span><\/a><\/p>\n","protected":false},"author":3,"featured_media":0,"parent":0,"menu_order":0,"comment_status":"closed","ping_status":"closed","template":"","meta":{"footnotes":""},"class_list":["post-22475","page","type-page","status-publish","hentry"],"_links":{"self":[{"href":"https:\/\/cortesuprema.gov.co\/corte\/index.php\/wp-json\/wp\/v2\/pages\/22475","targetHints":{"allow":["GET"]}}],"collection":[{"href":"https:\/\/cortesuprema.gov.co\/corte\/index.php\/wp-json\/wp\/v2\/pages"}],"about":[{"href":"https:\/\/cortesuprema.gov.co\/corte\/index.php\/wp-json\/wp\/v2\/types\/page"}],"author":[{"embeddable":true,"href":"https:\/\/cortesuprema.gov.co\/corte\/index.php\/wp-json\/wp\/v2\/users\/3"}],"replies":[{"embeddable":true,"href":"https:\/\/cortesuprema.gov.co\/corte\/index.php\/wp-json\/wp\/v2\/comments?post=22475"}],"version-history":[{"count":13,"href":"https:\/\/cortesuprema.gov.co\/corte\/index.php\/wp-json\/wp\/v2\/pages\/22475\/revisions"}],"predecessor-version":[{"id":55460,"href":"https:\/\/cortesuprema.gov.co\/corte\/index.php\/wp-json\/wp\/v2\/pages\/22475\/revisions\/55460"}],"wp:attachment":[{"href":"https:\/\/cortesuprema.gov.co\/corte\/index.php\/wp-json\/wp\/v2\/media?parent=22475"}],"curies":[{"name":"wp","href":"https:\/\/api.w.org\/{rel}","templated":true}]}}