{"id":23905,"date":"2019-06-11T10:25:25","date_gmt":"2019-06-11T15:25:25","guid":{"rendered":"https:\/\/cortesuprema.gov.co\/corte\/?page_id=23905"},"modified":"2019-07-10T15:28:16","modified_gmt":"2019-07-10T20:28:16","slug":"inicio-encuentro","status":"publish","type":"page","link":"https:\/\/cortesuprema.gov.co\/corte\/index.php\/inicio-encuentro\/","title":{"rendered":"Inicio Encuentro"},"content":{"rendered":"<p><img loading=\"lazy\" decoding=\"async\" class=\"aligncenter wp-image-24628\" src=\"https:\/\/cortesuprema.gov.co\/corte\/wp-content\/uploads\/2019\/06\/Banner-1200X300-CF-morado.jpg\" alt=\"\" width=\"1200\" height=\"300\" srcset=\"https:\/\/cortesuprema.gov.co\/corte\/wp-content\/uploads\/2019\/06\/Banner-1200X300-CF-morado.jpg 2501w, https:\/\/cortesuprema.gov.co\/corte\/wp-content\/uploads\/2019\/06\/Banner-1200X300-CF-morado-300x75.jpg 300w, https:\/\/cortesuprema.gov.co\/corte\/wp-content\/uploads\/2019\/06\/Banner-1200X300-CF-morado-768x192.jpg 768w, https:\/\/cortesuprema.gov.co\/corte\/wp-content\/uploads\/2019\/06\/Banner-1200X300-CF-morado-1024x256.jpg 1024w, https:\/\/cortesuprema.gov.co\/corte\/wp-content\/uploads\/2019\/06\/Banner-1200X300-CF-morado-940x235.jpg 940w, https:\/\/cortesuprema.gov.co\/corte\/wp-content\/uploads\/2019\/06\/Banner-1200X300-CF-morado-620x155.jpg 620w, https:\/\/cortesuprema.gov.co\/corte\/wp-content\/uploads\/2019\/06\/Banner-1200X300-CF-morado-195x49.jpg 195w\" sizes=\"auto, (max-width: 709px) 85vw, (max-width: 909px) 67vw, (max-width: 1362px) 62vw, 840px\" \/><div class=\"su-row\"><div class=\"su-column su-column-size-1-4\"><div class=\"su-column-inner su-u-clearfix su-u-trim\">\n<h2><a href=\"https:\/\/cortesuprema.gov.co\/corte\/index.php\/inicio-encuentro\/\">Inicio<\/a><\/h2>\n<h2><a href=\"https:\/\/cortesuprema.gov.co\/corte\/index.php\/invitacion\/\">Invitaci\u00f3n<\/a><\/h2>\n<h2><a href=\"https:\/\/cortesuprema.gov.co\/corte\/index.php\/programa\/\">Programa<\/a><\/h2>\n<h2><a href=\"https:\/\/cortesuprema.gov.co\/corte\/index.php\/tramite-para-los-participantes\/\">Tr\u00e1mite participantes<\/a><\/h2>\n<h2><a href=\"https:\/\/cortesuprema.gov.co\/corte\/index.php\/alertas-encuentro-2\/\">Alertas<\/a><\/h2>\n<h2><a href=\"https:\/\/cortesuprema.gov.co\/corte\/index.php\/informacion-de-interes-2\/\">Informaci\u00f3n de Inter\u00e9s<\/a><\/h2>\n<h2><a href=\"https:\/\/cortesuprema.gov.co\/corte\/index.php\/contactenos-encuentro-2\/\">Cont\u00e1ctenos<\/a><\/h2>\n<p>&nbsp;<\/p>\n<\/div><\/div> <div class=\"su-column su-column-size-3-4\"><div class=\"su-column-inner su-u-clearfix su-u-trim\">\n<p style=\"text-align: center;\">XXII Encuentro de la Jurisdicci\u00f3n Ordinaria<\/p>\n<p style=\"text-align: center;\">1819 \u2013 2019: 200 A\u00f1os de Justicia para la Democracia<\/p>\n<p>&nbsp;<\/p>\n<p style=\"text-align: center;\">BIENVENIDOS<\/p>\n<p>&nbsp;<\/p>\n<p style=\"text-align: justify;\">Durante los d\u00edas 29 y 30 de agosto, la Corte Suprema de Justicia realizar\u00e1 el XXII Encuentro de la Jurisdicci\u00f3n Ordinaria en la ciudad de Medell\u00edn y ser\u00e1n anfitriones los Tribunales Superiores de los Distritos Judiciales de Antioquia y Medell\u00edn.<\/p>\n<p>&nbsp;<\/p>\n<p style=\"text-align: justify;\">El evento reunir\u00e1 a los presidentes de las Altas Cortes y a sus magistrados; a los dignatarios de los poderes ejecutivo y el legislativo del pa\u00eds; comunidad jur\u00eddica, acad\u00e9mica y medios de comunicaci\u00f3n, y contar\u00e1 con la participaci\u00f3n de destacados conferencistas nacionales e internacionales.<\/p>\n<p>&nbsp;<\/p>\n<p style=\"text-align: justify;\">El tema central del Encuentro ser\u00e1: 1819 \u2013 2019: 200 a\u00f1os de justicia para la democracia.<\/p>\n<p>&nbsp;<\/p>\n<\/div><\/div> <\/div>\n<p>&nbsp;<\/p>\n<p><img loading=\"lazy\" decoding=\"async\" class=\"aligncenter wp-image-25011\" src=\"https:\/\/cortesuprema.gov.co\/corte\/wp-content\/uploads\/2019\/07\/fotosmedell3.jpg\" alt=\"\" width=\"950\" height=\"250\" srcset=\"https:\/\/cortesuprema.gov.co\/corte\/wp-content\/uploads\/2019\/07\/fotosmedell3.jpg 1065w, https:\/\/cortesuprema.gov.co\/corte\/wp-content\/uploads\/2019\/07\/fotosmedell3-300x79.jpg 300w, https:\/\/cortesuprema.gov.co\/corte\/wp-content\/uploads\/2019\/07\/fotosmedell3-768x202.jpg 768w, https:\/\/cortesuprema.gov.co\/corte\/wp-content\/uploads\/2019\/07\/fotosmedell3-1024x269.jpg 1024w, https:\/\/cortesuprema.gov.co\/corte\/wp-content\/uploads\/2019\/07\/fotosmedell3-940x247.jpg 940w, https:\/\/cortesuprema.gov.co\/corte\/wp-content\/uploads\/2019\/07\/fotosmedell3-620x163.jpg 620w, https:\/\/cortesuprema.gov.co\/corte\/wp-content\/uploads\/2019\/07\/fotosmedell3-195x51.jpg 195w\" sizes=\"auto, (max-width: 709px) 85vw, (max-width: 909px) 67vw, (max-width: 1362px) 62vw, 840px\" \/><\/p>\n","protected":false},"excerpt":{"rendered":"<p>&nbsp;<\/p>\n","protected":false},"author":3,"featured_media":0,"parent":0,"menu_order":0,"comment_status":"closed","ping_status":"closed","template":"","meta":{"footnotes":""},"class_list":["post-23905","page","type-page","status-publish","hentry"],"_links":{"self":[{"href":"https:\/\/cortesuprema.gov.co\/corte\/index.php\/wp-json\/wp\/v2\/pages\/23905","targetHints":{"allow":["GET"]}}],"collection":[{"href":"https:\/\/cortesuprema.gov.co\/corte\/index.php\/wp-json\/wp\/v2\/pages"}],"about":[{"href":"https:\/\/cortesuprema.gov.co\/corte\/index.php\/wp-json\/wp\/v2\/types\/page"}],"author":[{"embeddable":true,"href":"https:\/\/cortesuprema.gov.co\/corte\/index.php\/wp-json\/wp\/v2\/users\/3"}],"replies":[{"embeddable":true,"href":"https:\/\/cortesuprema.gov.co\/corte\/index.php\/wp-json\/wp\/v2\/comments?post=23905"}],"version-history":[{"count":20,"href":"https:\/\/cortesuprema.gov.co\/corte\/index.php\/wp-json\/wp\/v2\/pages\/23905\/revisions"}],"predecessor-version":[{"id":25016,"href":"https:\/\/cortesuprema.gov.co\/corte\/index.php\/wp-json\/wp\/v2\/pages\/23905\/revisions\/25016"}],"wp:attachment":[{"href":"https:\/\/cortesuprema.gov.co\/corte\/index.php\/wp-json\/wp\/v2\/media?parent=23905"}],"curies":[{"name":"wp","href":"https:\/\/api.w.org\/{rel}","templated":true}]}}