{"id":23911,"date":"2019-06-11T10:29:42","date_gmt":"2019-06-11T15:29:42","guid":{"rendered":"https:\/\/cortesuprema.gov.co\/corte\/?page_id=23911"},"modified":"2019-08-26T13:02:56","modified_gmt":"2019-08-26T18:02:56","slug":"informacion-de-interes-2","status":"publish","type":"page","link":"https:\/\/cortesuprema.gov.co\/corte\/index.php\/informacion-de-interes-2\/","title":{"rendered":"Informaci\u00f3n de inter\u00e9s"},"content":{"rendered":"<p><img loading=\"lazy\" decoding=\"async\" class=\"wp-image-24628 aligncenter\" src=\"https:\/\/cortesuprema.gov.co\/corte\/wp-content\/uploads\/2019\/06\/Banner-1200X300-CF-morado.jpg\" alt=\"\" width=\"1200\" height=\"300\" srcset=\"https:\/\/cortesuprema.gov.co\/corte\/wp-content\/uploads\/2019\/06\/Banner-1200X300-CF-morado.jpg 2501w, https:\/\/cortesuprema.gov.co\/corte\/wp-content\/uploads\/2019\/06\/Banner-1200X300-CF-morado-300x75.jpg 300w, https:\/\/cortesuprema.gov.co\/corte\/wp-content\/uploads\/2019\/06\/Banner-1200X300-CF-morado-768x192.jpg 768w, https:\/\/cortesuprema.gov.co\/corte\/wp-content\/uploads\/2019\/06\/Banner-1200X300-CF-morado-1024x256.jpg 1024w, https:\/\/cortesuprema.gov.co\/corte\/wp-content\/uploads\/2019\/06\/Banner-1200X300-CF-morado-940x235.jpg 940w, https:\/\/cortesuprema.gov.co\/corte\/wp-content\/uploads\/2019\/06\/Banner-1200X300-CF-morado-620x155.jpg 620w, https:\/\/cortesuprema.gov.co\/corte\/wp-content\/uploads\/2019\/06\/Banner-1200X300-CF-morado-195x49.jpg 195w\" sizes=\"auto, (max-width: 709px) 85vw, (max-width: 909px) 67vw, (max-width: 1362px) 62vw, 840px\" \/><div class=\"su-row\"><div class=\"su-column su-column-size-1-4\"><div class=\"su-column-inner su-u-clearfix su-u-trim\">\n<h2><a href=\"https:\/\/cortesuprema.gov.co\/corte\/index.php\/inicio-encuentro\/\">Inicio<\/a><\/h2>\n<h2><a href=\"https:\/\/cortesuprema.gov.co\/corte\/index.php\/invitacion\/\">Invitaci\u00f3n<\/a><\/h2>\n<h2><a href=\"https:\/\/cortesuprema.gov.co\/corte\/index.php\/programa\/\">Programa<\/a><\/h2>\n<h2><a href=\"https:\/\/cortesuprema.gov.co\/corte\/index.php\/tramite-para-los-participantes\/\">Tr\u00e1mite participantes<\/a><\/h2>\n<h2><a href=\"https:\/\/cortesuprema.gov.co\/corte\/index.php\/alertas-encuentro-2\/\">Alertas<\/a><\/h2>\n<h2><a href=\"https:\/\/cortesuprema.gov.co\/corte\/index.php\/informacion-de-interes-2\/\">Informaci\u00f3n de Inter\u00e9s<\/a><\/h2>\n<h2><a href=\"https:\/\/cortesuprema.gov.co\/corte\/index.php\/contactenos-encuentro-2\/\">Cont\u00e1ctenos<\/a><\/h2>\n<p>&nbsp;<\/p>\n<\/div><\/div> <div class=\"su-column su-column-size-3-4\"><div class=\"su-column-inner su-u-clearfix su-u-trim\">\n<p style=\"text-align: center;\">XXII Encuentro de la Jurisdicci\u00f3n Ordinaria<\/p>\n<p style=\"text-align: center;\">1819 \u2013 2019: 200 A\u00f1os de Justicia para la Democracia<\/p>\n<p style=\"text-align: center;\">Informaci\u00f3n de Inter\u00e9s<\/p>\n<p>&nbsp;<\/p>\n<p>&nbsp;<\/p>\n<p style=\"text-align: center;\">HISTORIA<\/p>\n<p style=\"text-align: justify;\">La historia de Medell\u00edn se remonta al Siglo XVII cuando los habitantes del Valle de Aburra, liderados por los due\u00f1os de haciendas, a su vez mineros y comerciantes, realizaron las gestiones conducentes a la erecci\u00f3n de la Nueva Villa en el sitio de Ana, como era conocida la quebrada Santa Elena. Con la fundaci\u00f3n de esta villa se respond\u00eda a las pol\u00edticas de la Corona Espa\u00f1ola de crear ciudades, lo cual coincid\u00eda con los intereses de sus habitantes que buscaban mayor autonom\u00eda para dirigir sus vidas y decidir sobre la complejidad de la vida ciudadana y el futuro de las nuevas generaciones, acorde con sus proyectos y necesidades. Por ello, el Cabildo de Santa Fe de Antioquia, capital de la provincia se mostr\u00f3 enemigo de la nueva ciudad.<\/p>\n<p style=\"text-align: justify;\">El valle en donde hoy se asienta Medell\u00edn fue visto por los espa\u00f1oles por primera vez, en agosto de 1.541. Ven\u00edan en una expedici\u00f3n al mando de Jer\u00f3nimo Luis T\u00e9jelo, quien a su vez obedec\u00eda \u00f3rdenes del Mariscal Jorge Robledo, en b\u00fasqueda de tierras y riquezas de oro.<\/p>\n<p style=\"text-align: justify;\">Habitado por ind\u00edgenas de distinto car\u00e1cter (Yames\u00edes, Niqu\u00edas, Nutabes y Aburraes, seg\u00fan las cr\u00f3nicas), el valle les es propicio a los colonos ib\u00e9ricos, en cabeza de Francisco Herrera y Campuzano, para fundar el 2 de marzo de 1616, la poblaci\u00f3n de San Lorenzo de Aburr\u00e1 en el sitio que hoy ocupa el Parque del Poblado. Una C\u00e9dula Real de la Reina Mariana de Austria, en 1674, le otorga el t\u00edtulo de Villa y el 2 de noviembre de 1675 se establece la Villa de Nuestra Se\u00f1ora de la Candelaria de Medell\u00edn.<\/p>\n<p style=\"text-align: justify;\">El Cabildo de Medell\u00edn defendi\u00f3 los intereses del comercio medellinense y de la Villa frente a los celos de Santa Fe de Antioquia, regul\u00f3 la circulaci\u00f3n de moneda, el mercado dominical, las pulper\u00edas, el aseo y ornato de la Villa, trazado de calles y otras de sana convivencia, con lo cual logr\u00f3 consolidar a Medell\u00edn como la principal ciudad comercial de la provincia Antioque\u00f1a. Gracias a este proceso, la Nueva Villa se convirti\u00f3 en 1826 en la capital de Antioquia.<\/p>\n<p style=\"text-align: center;\"><strong>S\u00cdMBOLOS<\/strong><\/p>\n<p>&nbsp;<\/p>\n<p style=\"text-align: center;\">LA BANDERA*<\/p>\n<p style=\"text-align: justify;\">La b<a href=\"https:\/\/cortesuprema.gov.co\/corte\/wp-content\/uploads\/2019\/08\/im_bandera.jpg\"><img loading=\"lazy\" decoding=\"async\" class=\"size-full wp-image-26165 alignleft\" src=\"https:\/\/cortesuprema.gov.co\/corte\/wp-content\/uploads\/2019\/08\/im_bandera.jpg\" alt=\"\" width=\"150\" height=\"84\" \/><\/a>andera de Medell\u00edn es blanca y verde, en franjas horizontales iguales y lleva el escudo de la ciudad en el centro. El blanco simboliza pureza, integridad, obediencia, firmeza y elocuencia. El verde representa la esperanza, la abundancia, la libertad y la fe.<\/p>\n<p>&nbsp;<\/p>\n<p style=\"text-align: center;\">EL ESCUDO*<\/p>\n<p style=\"text-align: justify;\"><a href=\"https:\/\/cortesuprema.gov.co\/corte\/wp-content\/uploads\/2019\/08\/im_escudo.jpg\"><img loading=\"lazy\" decoding=\"async\" class=\"size-full wp-image-26164 alignleft\" src=\"https:\/\/cortesuprema.gov.co\/corte\/wp-content\/uploads\/2019\/08\/im_escudo.jpg\" alt=\"\" width=\"150\" height=\"84\" \/><\/a>En un campo azul se representa un torre\u00f3n de oro y sobre la puerta un escudo de 7 armas con 15 casillas, 7 azules y 8 de oro. En la parte superior 2 torreones y en medio de ellos la imagen de Nuestra Se\u00f1ora de la Candelaria, Patrona de la ciudad. El escudo de Armas de Medell\u00edn fue concedido por la Real C\u00e9dula dada en Madrid por el Rey Carlos II.<\/p>\n<p>&nbsp;<\/p>\n<p style=\"text-align: center;\">LA ORQU\u00cdDEA CATLEYA (CATLEYA TRIANAE)<\/p>\n<p style=\"text-align: center;\"><img loading=\"lazy\" decoding=\"async\" class=\"alignleft wp-image-26167\" src=\"https:\/\/cortesuprema.gov.co\/corte\/wp-content\/uploads\/2019\/08\/orquidea.jpg\" alt=\"\" width=\"180\" height=\"133\" \/><\/p>\n<p style=\"text-align: justify;\">Esta planta oriunda de Colombia, se convirti\u00f3 en el s\u00edmbolo nacional en 1834. Se encuentra principalmente en el piso t\u00e9rmico templado.<\/p>\n<p style=\"text-align: justify;\">La familia de las orqu\u00eddeas, a la cual pertenece la flor de mayo (Cattleya trianae Lindl &amp; Rchb. fil), es la m\u00e1s abundante, tanto en la flora de Colombia como en la flora mundial; se calcula que el n\u00famero de especies es superior a 35.000. De hecho es la familia de plantas que exhibe las caracter\u00edsticas m\u00e1s avanzadas desde el punto de vista evolutivo, motivo por el cual se encuentra en pleno proceso de diversificaci\u00f3n, circunstancia que se ve reflejada en la abundancia y diversidad de especies.<\/p>\n<p style=\"text-align: justify;\">Las orqu\u00eddeas son plantas herb\u00e1ceas que forman rizomas o seudobulbos sobre los cuales se desarrollan las hojas; aunque hay un buen n\u00famero de especies terrestres, la gran mayor\u00eda son ep\u00edfitas, es decir que se han adaptado para vivir sobre los \u00e1rboles. Lo m\u00e1s caracter\u00edstico de ellas es la vistosidad de sus flores, marcadamente irregulares, y con los \u00f3rganos sexuales fusionados, donde los estambres y el pistilo se forman sobre la columna, que es una prolongaci\u00f3n del eje por encima de un ovario \u00ednfero. Los tres s\u00e9palos generalmente son iguales y su apariencia es similar a la de los p\u00e9talos; los dos p\u00e9talos laterales son menores en tanto que el tercero, denominado labelo, es mayor y m\u00e1s vistoso. Otra caracter\u00edstica importante es la de que ya no liberan el polen, sino que forman masas, llamadas polinios, que se adhieren al lomo de algunos insectos para su dispersi\u00f3n. Se trata de un mecanismo muy avanzado y que implica una evoluci\u00f3n paralela entre las orqu\u00eddeas y los insectos que visitan sus flores.<\/p>\n<p>&nbsp;<\/p>\n<p>&nbsp;<\/p>\n<p style=\"text-align: center;\">EL SILLETERO<\/p>\n<p><a href=\"https:\/\/cortesuprema.gov.co\/corte\/wp-content\/uploads\/2019\/08\/silletero.gif\"><img loading=\"lazy\" decoding=\"async\" class=\"wp-image-26166 alignleft\" src=\"https:\/\/cortesuprema.gov.co\/corte\/wp-content\/uploads\/2019\/08\/silletero.gif\" alt=\"\" width=\"250\" height=\"154\" \/><\/a><\/p>\n<p style=\"text-align: justify;\">Hasta la d\u00e9cada de los setenta era posible ver silleteros recorriendo las calles de alg\u00fan barrio de Medell\u00edn, a la entrada de los cementerios, en los atrios de las iglesias aguardando la terminaci\u00f3n de la primera misa o en alguna de las plazas de mercado de la ciudad buscando compradores para su carga tra\u00edda desde el campo. Los silleteros no fueron siempre floricultores.<\/p>\n<p style=\"text-align: justify;\">Su procedencia, adem\u00e1s, indica que pr\u00e1cticamente en la totalidad del \u00e1rea rural circundante, correspondiente a los municipios de Rionegro, Guarne y el Corregimiento de Santa Elena, hacia el oriente de la ciudad, y en los corregimientos de San Crist\u00f3bal y San Antonio de Prado al occidente, se ha ejercido desde siempre una intensa actividad de cultivos para abastecer a la ciudad de frescos productos de la huerta.<\/p>\n<p style=\"text-align: justify;\">Una o dos veces por semana, los campesinos bajaban a Medell\u00edn, a muy tempranas horas para concurrir al ya desaparecido mercado de la Plaza de Cisneros o especialmente los productores de la vereda de Santa Elena a la Plaza de Flores, localizada al oriente de la ciudad, en la ruta del tradicional sector de Buenos Aires.<\/p>\n<p style=\"text-align: justify;\">Esta era su rutina comercial en aquel entonces, y as\u00ed fue tomando forma esta bella tradici\u00f3n.<\/p>\n<p style=\"text-align: justify;\">El silletero actual, sin abandonar sus fuertes lazos con las actividades de la huerta, m\u00e1s que un floricultor que derive de all\u00ed todo su sustento, se ha convertido en un artesano que epis\u00f3dicamente despliega sus virtudes en la composici\u00f3n de arreglos florales.<\/p>\n<p style=\"text-align: justify;\">Su oficio de silletero va ligado a un descomunal esfuerzo humano por superar los escollos de la naturaleza. Precisamente ah\u00ed radica su funci\u00f3n original, la que cimentar\u00e1 uno de los rasgos m\u00e1s notorios de la cultura antioque\u00f1a: la tenacidad ante los desaf\u00edos del medio.<\/p>\n<p style=\"text-align: justify;\">El silletero es, entonces, un especialista de trochas, senderos, caminos y monta\u00f1as. Mucho antes que el floricultor o portador de flores, el silletero constituye un elemento del paisaje regional como pieza fundamental de la tecnolog\u00eda del transporte de mercanc\u00edas y viajeros en la dif\u00edcil topograf\u00eda andina central.<\/p>\n<p style=\"text-align: justify;\">El mundo conoci\u00f3 r\u00e1pidamente las excelencias del clima de Medell\u00edn y sus alrededores, afianzando la imagen de la \u00abeterna primavera\u00bb y de las riquezas florales de la regi\u00f3n. Ya de tiempo atr\u00e1s las orqu\u00eddeas colombianas hab\u00edan sido difundidas a diversos coleccionistas y miembros de clubes de jardiner\u00eda. La demanda de las flores para consumo nacional hacia la Costa e internacional hacia los Estados Unidos, hizo que ya desde la d\u00e9cada del treinta, Antioquia exportara flores con regularidad.<\/p>\n<p>&nbsp;<\/p>\n<p>*TOMADO DE <a href=\"https:\/\/www.medellin.gov.co\/irj\/portal\/medellin?NavigationTarget=navurl:\/\/185c4d9506b73881fc232c683874876e\" rel=\"noopener noreferrer\">https:\/\/www.medellin.gov.co\/irj\/portal\/medellin?NavigationTarget=navurl:\/\/185c4d9506b73881fc232c683874876e<\/a><\/p>\n<p>&nbsp;<\/p>\n<\/div><\/div> <\/div>\n","protected":false},"excerpt":{"rendered":"Inicio Invitaci\u00f3n Programa Tr\u00e1mite participantes Alertas Informaci\u00f3n de Inter\u00e9s Cont\u00e1ctenos &nbsp; XXII Encuentro de la Jurisdicci\u00f3n Ordinaria 1819 \u2013 2019: 200 A\u00f1os de Justicia para la Democracia Informaci\u00f3n de Inter\u00e9s &nbsp; &nbsp; HISTORIA La historia de Medell\u00edn se remonta al Siglo XVII cuando los habitantes del Valle de Aburra, liderados por los due\u00f1os de haciendas, &hellip; <a href=\"https:\/\/cortesuprema.gov.co\/corte\/index.php\/informacion-de-interes-2\/\" class=\"more-link\">Continuar leyendo<span class=\"screen-reader-text\"> \"Informaci\u00f3n de inter\u00e9s\"<\/span><\/a>","protected":false},"author":3,"featured_media":0,"parent":0,"menu_order":0,"comment_status":"closed","ping_status":"closed","template":"","meta":{"footnotes":""},"class_list":["post-23911","page","type-page","status-publish","hentry"],"_links":{"self":[{"href":"https:\/\/cortesuprema.gov.co\/corte\/index.php\/wp-json\/wp\/v2\/pages\/23911","targetHints":{"allow":["GET"]}}],"collection":[{"href":"https:\/\/cortesuprema.gov.co\/corte\/index.php\/wp-json\/wp\/v2\/pages"}],"about":[{"href":"https:\/\/cortesuprema.gov.co\/corte\/index.php\/wp-json\/wp\/v2\/types\/page"}],"author":[{"embeddable":true,"href":"https:\/\/cortesuprema.gov.co\/corte\/index.php\/wp-json\/wp\/v2\/users\/3"}],"replies":[{"embeddable":true,"href":"https:\/\/cortesuprema.gov.co\/corte\/index.php\/wp-json\/wp\/v2\/comments?post=23911"}],"version-history":[{"count":17,"href":"https:\/\/cortesuprema.gov.co\/corte\/index.php\/wp-json\/wp\/v2\/pages\/23911\/revisions"}],"predecessor-version":[{"id":26184,"href":"https:\/\/cortesuprema.gov.co\/corte\/index.php\/wp-json\/wp\/v2\/pages\/23911\/revisions\/26184"}],"wp:attachment":[{"href":"https:\/\/cortesuprema.gov.co\/corte\/index.php\/wp-json\/wp\/v2\/media?parent=23911"}],"curies":[{"name":"wp","href":"https:\/\/api.w.org\/{rel}","templated":true}]}}