{"id":28343,"date":"2020-02-10T15:33:11","date_gmt":"2020-02-10T20:33:11","guid":{"rendered":"https:\/\/cortesuprema.gov.co\/corte\/?page_id=28343"},"modified":"2023-05-09T19:11:10","modified_gmt":"2023-05-10T00:11:10","slug":"publicaciones","status":"publish","type":"page","link":"https:\/\/cortesuprema.gov.co\/corte\/index.php\/publicaciones\/","title":{"rendered":"Publicaciones"},"content":{"rendered":"<p><a href=\"https:\/\/cortesuprema.gov.co\/corte\/wp-content\/uploads\/2016\/10\/LogoCorteVertical.png\"><img loading=\"lazy\" decoding=\"async\" class=\" wp-image-11299 aligncenter\" src=\"https:\/\/cortesuprema.gov.co\/corte\/wp-content\/uploads\/2016\/10\/LogoCorteVertical.png\" alt=\"\" width=\"214\" height=\"226\" srcset=\"https:\/\/cortesuprema.gov.co\/corte\/wp-content\/uploads\/2016\/10\/LogoCorteVertical.png 325w, https:\/\/cortesuprema.gov.co\/corte\/wp-content\/uploads\/2016\/10\/LogoCorteVertical-283x300.png 283w\" sizes=\"auto, (max-width: 214px) 85vw, 214px\" \/><\/a><\/p>\n<h1 style=\"text-align: center;\">Publicaciones, libros y material acad\u00e9mico de la Corporaci\u00f3n<\/h1>\n<div class=\"su-table su-table-responsive su-table-alternate su-table-fixed\">\n<table>\n<tbody>\n<tr>\n<td style=\"text-align: center\">Publicaci\u00f3n<\/td>\n<td style=\"text-align: center\">Descripci\u00f3n<\/td>\n<\/tr>\n<tr>\n<td><img loading=\"lazy\" decoding=\"async\" class=\"wp-image-44132 aligncenter\" src=\"https:\/\/cortesuprema.gov.co\/corte\/wp-content\/uploads\/2023\/01\/inspecciontyrabajooit.png\" alt=\"\" width=\"157\" height=\"208\" \/><\/td>\n<td><strong>La inspecci\u00f3n del trabajo en Colombia a la luz de las normas internacionales y los\u00a0 convenios de la OIT<\/strong><\/p>\n<p>Cartilla<\/p>\n<p><a href=\"https:\/\/www.cortesuprema.gov.co\/corte\/wp-content\/uploads\/publicaciones\/CartillaInspeccioondeTrabajov8.pdf\" target=\"_blank\" rel=\"noopener noreferrer\">Vea aqu\u00ed la publicaci\u00f3n<\/a><\/td>\n<\/tr>\n<tr>\n<td><img loading=\"lazy\" decoding=\"async\" class=\"wp-image-44132 aligncenter\" src=\"https:\/\/cortesuprema.gov.co\/corte\/wp-content\/uploads\/2023\/01\/portadaderechoshumanoslaborales.png\" alt=\"\" width=\"157\" height=\"208\" \/><\/td>\n<td><strong>CARTILLA DERECHOS HUMANOS LABORALES<\/strong><\/p>\n<p><strong>Una mirada desde el Derecho Internacional de los Derechos Humanos y la jurisprudencia de la Sala de Casaci\u00f3n Laboral de la Corte Suprema de Justicia<\/strong><\/p>\n<p>&nbsp;<\/p>\n<p><a href=\"https:\/\/www.cortesuprema.gov.co\/corte\/wp-content\/uploads\/publicaciones\/CARTILLA DERECHOS HUMANOS LABORALES 24-01-2023.pdf\" target=\"_blank\" rel=\"noopener noreferrer\">Vea aqu\u00ed la publicaci\u00f3n<\/a><\/td>\n<\/tr>\n<tr>\n<td><a href=\"https:\/\/cortesuprema.gov.co\/corte\/wp-content\/uploads\/2021\/12\/cartilladeltrabajo.jpg\"><img loading=\"lazy\" decoding=\"async\" class=\"wp-image-44132 aligncenter\" src=\"https:\/\/cortesuprema.gov.co\/corte\/wp-content\/uploads\/2021\/12\/cartilladeltrabajo.jpg\" alt=\"\" width=\"157\" height=\"208\" \/><\/a><\/td>\n<td><strong>CARTILLA DE MUNDO DEL TRABAJO<\/strong><\/p>\n<p><strong>Un acercamiento a la jurisprudencia laboral Colombiana<\/strong><\/p>\n<p>&nbsp;<\/p>\n<p><a href=\"https:\/\/www.cortesuprema.gov.co\/corte\/wp-content\/uploads\/publicaciones\/Cartilla del mundo del trabajo.pdf\" target=\"_blank\" rel=\"noopener noreferrer\">Vea aqu\u00ed la publicaci\u00f3n<\/a><\/td>\n<\/tr>\n<tr>\n<td><a href=\"https:\/\/cortesuprema.gov.co\/corte\/wp-content\/uploads\/publicaciones\/SEGUNDOSOCUPANTESRESTITUCION.pdf\" target=\"_blank\" rel=\"noopener noreferrer\"><img loading=\"lazy\" decoding=\"async\" class=\"alignnone wp-image-57411 size-full\" src=\"https:\/\/cortesuprema.gov.co\/corte\/wp-content\/uploads\/2023\/04\/victimasdespojosegundosocupantes.png\" alt=\"\" width=\"347\" height=\"145\" \/><\/a><\/td>\n<td style=\"text-align: center\"><strong>LAS V\u00cdCTIMAS DEL DESPOJO Y LOS SEGUNDOS OCUPANTES EN LOS PROCESOS DE RESTITUCI\u00d3N DE TIERRAS<\/strong><br \/>\nSala de Casaci\u00f3n Civil &#8211; 2019<\/p>\n<p style=\"text-align: left\"><a href=\"https:\/\/cortesuprema.gov.co\/corte\/wp-content\/uploads\/publicaciones\/SEGUNDOSOCUPANTESRESTITUCION.pdf\" target=\"_blank\" rel=\"noopener noreferrer\">Vea aqu\u00ed la publicaci\u00f3n<\/a><\/p>\n<\/td>\n<\/tr>\n<tr>\n<td><a href=\"https:\/\/www.cortesuprema.gov.co\/corte\/wp-content\/uploads\/publicaciones\/RecomendacionesOIT.pdf\"><img loading=\"lazy\" decoding=\"async\" class=\"aligncenter wp-image-40362 size-full\" src=\"https:\/\/cortesuprema.gov.co\/corte\/wp-content\/uploads\/2021\/08\/recomendacion-198-oit.jpg\" alt=\"\" width=\"150\" height=\"187\" \/><\/a><\/td>\n<td><strong>Estudio introductorio desde la perspectiva del Derecho Latinoamericano del Trabajo<\/strong><br \/>\nHumberto Villasmil Prieto<strong>Indicadores de la relaci\u00f3n de trabajo (Notas sobre el r\u00e9gimen jur\u00eddico colombiano)<\/strong><br \/>\nC\u00e9sar Augusto Carballo Mena<a href=\"https:\/\/www.cortesuprema.gov.co\/corte\/wp-content\/uploads\/publicaciones\/RecomendacionesOIT.pdf\" target=\"_blank\" rel=\"noopener noreferrer\">Vea aqu\u00ed la publicaci\u00f3n<\/a><\/td>\n<\/tr>\n<tr>\n<td><a href=\"https:\/\/cortesuprema.gov.co\/corte\/wp-content\/uploads\/publicaciones\/i2.pdf\" target=\"_blank\" rel=\"noopener noreferrer\"><img loading=\"lazy\" decoding=\"async\" class=\"aligncenter wp-image-28515\" src=\"https:\/\/cortesuprema.gov.co\/corte\/wp-content\/uploads\/publicaciones\/indigenas.jpg\" alt=\"\" width=\"150\" height=\"225\" \/><\/a><\/td>\n<td>DEDICATORIA A:<br \/>\nLA COMUNIDAD IND\u00cdGENA DE COLOMBIA.<br \/>\nCon la presente compilaci\u00f3n la Sala de Casaci\u00f3n Penal de la Corte Suprema de Justicia quiere\u00a0 rendir un homenaje a la comunidad ind\u00edgena colombiana, exaltando su cultura, sus valores y el tes\u00f3n con el que han defendido a sus pueblos, y especialmente los principios que los gu\u00edan en la tarea de administrar justicia en sus resguardos.<a href=\"https:\/\/cortesuprema.gov.co\/corte\/wp-content\/uploads\/publicaciones\/i2.pdf\" target=\"_blank\" rel=\"noopener noreferrer\">Vea aqu\u00ed la publicaci\u00f3n<\/a><\/td>\n<\/tr>\n<tr>\n<td width=\"30%\"><a href=\"https:\/\/cortesuprema.gov.co\/corte\/wp-content\/uploads\/publicaciones\/diagnosticojurisord.pdf\" target=\"_blank\" rel=\"noopener noreferrer\"><img loading=\"lazy\" decoding=\"async\" class=\"aligncenter wp-image-28515\" src=\"https:\/\/cortesuprema.gov.co\/corte\/wp-content\/uploads\/2020\/02\/diagnosticojurisordinaria.jpg\" alt=\"\" width=\"150\" height=\"225\" srcset=\"https:\/\/cortesuprema.gov.co\/corte\/wp-content\/uploads\/2020\/02\/diagnosticojurisordinaria.jpg 166w, https:\/\/cortesuprema.gov.co\/corte\/wp-content\/uploads\/2020\/02\/diagnosticojurisordinaria-130x195.jpg 130w\" sizes=\"auto, (max-width: 150px) 85vw, 150px\" \/><\/a><\/td>\n<td>\n<p align=\"justify\">El presente trabajo de campo, que se presenta en el XIX Encuentro de la Jurisdicci\u00f3n Ordinaria \u201cLa dignidad del juez y rol en el mundo contempor\u00e1neo\u201d, hace parte del recorrido que se hizo con cada uno de los Magistrados que integran la Corte Suprema de Justicia. Quiero dar las gracias a mis compa\u00f1eros por el apoyo para sacar adelante este trabajo, en el cual nos dimos a la tarea de visitar Distrito por Distrito Judicial, para conocer sus verdaderas necesidades. A este trabajo se unieron por supuesto los Magistrados del Consejo Superior de la Judicatura quienes tuvieron la entereza de acompa\u00f1arnos a los Distritos y escuchar cada una de las presentaciones de tales necesidades, que ejecutaron los Presidentes de los diferentes Tribunales del pa\u00eds.<\/p>\n<p><a href=\"https:\/\/cortesuprema.gov.co\/corte\/wp-content\/uploads\/publicaciones\/diagnosticojurisord.pdf\" target=\"_blank\" rel=\"noopener noreferrer\">Vea aqu\u00ed la publicaci\u00f3n<\/a><\/td>\n<\/tr>\n<tr>\n<td><a href=\"https:\/\/cortesuprema.gov.co\/corte\/wp-content\/uploads\/publicaciones\/holocausto30.pdf\" target=\"_blank\" rel=\"noopener noreferrer\"><img loading=\"lazy\" decoding=\"async\" class=\"aligncenter wp-image-28513\" src=\"https:\/\/cortesuprema.gov.co\/corte\/wp-content\/uploads\/2020\/02\/holocausto30a\u00f1os.jpg\" alt=\"\" width=\"150\" height=\"212\" srcset=\"https:\/\/cortesuprema.gov.co\/corte\/wp-content\/uploads\/2020\/02\/holocausto30a\u00f1os.jpg 528w, https:\/\/cortesuprema.gov.co\/corte\/wp-content\/uploads\/2020\/02\/holocausto30a\u00f1os-213x300.jpg 213w, https:\/\/cortesuprema.gov.co\/corte\/wp-content\/uploads\/2020\/02\/holocausto30a\u00f1os-138x195.jpg 138w\" sizes=\"auto, (max-width: 150px) 85vw, 150px\" \/><\/a><\/td>\n<td>Trig\u00e9simo aniversario del Holocausto<br \/>\ndel Palacio de Justicia<br \/>\n1985\u20132015Este libro recoge relatos que hoy claman el silencio de la violencia. Es un coro de voces que resalta el valor de la construcci\u00f3n del perd\u00f3n desde la memoria. Son escritos para el presente bajo la se\u00f1al del recuerdo.<a href=\"https:\/\/cortesuprema.gov.co\/corte\/wp-content\/uploads\/publicaciones\/holocausto30.pdf\" target=\"_blank\" rel=\"noopener noreferrer\">Vea aqu\u00ed la publicaci\u00f3n<\/a><\/td>\n<\/tr>\n<tr>\n<td><a href=\"https:\/\/cortesuprema.gov.co\/corte\/wp-content\/uploads\/publicaciones\/procesoaforados.pdf\"><img loading=\"lazy\" decoding=\"async\" class=\"aligncenter wp-image-28514\" src=\"https:\/\/cortesuprema.gov.co\/corte\/wp-content\/uploads\/2020\/02\/ProcesosContraAforados.jpg\" alt=\"\" width=\"150\" height=\"222\" srcset=\"https:\/\/cortesuprema.gov.co\/corte\/wp-content\/uploads\/2020\/02\/ProcesosContraAforados.jpg 304w, https:\/\/cortesuprema.gov.co\/corte\/wp-content\/uploads\/2020\/02\/ProcesosContraAforados-204x300.jpg 204w, https:\/\/cortesuprema.gov.co\/corte\/wp-content\/uploads\/2020\/02\/ProcesosContraAforados-132x195.jpg 132w\" sizes=\"auto, (max-width: 150px) 85vw, 150px\" \/><\/a><\/td>\n<td>PROCESOS CONTRA AFORADOS CONSTITUCIONALES &#8211; PARAPOL\u00cdTICACompilaci\u00f3n de autos y sentencias de la Sala de Casaci\u00f3n Penal de la Corte\u00a0 Suprema de Justicia<br \/>\nDiciembre de 2007 a septiembre de 2010<a href=\"https:\/\/cortesuprema.gov.co\/corte\/wp-content\/uploads\/publicaciones\/procesoaforados.pdf\" target=\"_blank\" rel=\"noopener noreferrer\">Vea aqu\u00ed la publicaci\u00f3n<\/a><\/td>\n<\/tr>\n<tr>\n<td><a href=\"https:\/\/cortesuprema.gov.co\/corte\/wp-content\/uploads\/publicaciones\/justiciaypazI.pdf\" target=\"_blank\" rel=\"noopener noreferrer\"><img loading=\"lazy\" decoding=\"async\" class=\"aligncenter wp-image-28516\" src=\"https:\/\/cortesuprema.gov.co\/corte\/wp-content\/uploads\/2020\/02\/Elprocesopenaldejusticiaypaz.jpg\" alt=\"\" width=\"150\" height=\"223\" srcset=\"https:\/\/cortesuprema.gov.co\/corte\/wp-content\/uploads\/2020\/02\/Elprocesopenaldejusticiaypaz.jpg 303w, https:\/\/cortesuprema.gov.co\/corte\/wp-content\/uploads\/2020\/02\/Elprocesopenaldejusticiaypaz-203x300.jpg 203w, https:\/\/cortesuprema.gov.co\/corte\/wp-content\/uploads\/2020\/02\/Elprocesopenaldejusticiaypaz-132x195.jpg 132w\" sizes=\"auto, (max-width: 150px) 85vw, 150px\" \/><\/a><\/td>\n<td>EL PROCESO PENAL DE JUSTICIA Y PAZ<br \/>\nCompilaci\u00f3n de autos de la Sala de Casaci\u00f3n Penal de la Corte Suprema de JusticiaTOMO I<a href=\"https:\/\/cortesuprema.gov.co\/corte\/wp-content\/uploads\/publicaciones\/justiciaypazI.pdf\" target=\"_blank\" rel=\"noopener noreferrer\">Vea aqu\u00ed la publicaci\u00f3n<\/a><\/td>\n<\/tr>\n<tr>\n<td><a href=\"https:\/\/cortesuprema.gov.co\/corte\/wp-content\/uploads\/publicaciones\/justiciaypazII.pdf\" target=\"_blank\" rel=\"noopener noreferrer\"><img loading=\"lazy\" decoding=\"async\" class=\"aligncenter wp-image-28517\" src=\"https:\/\/cortesuprema.gov.co\/corte\/wp-content\/uploads\/2020\/02\/elprocesopenaldejusticiaypazII.jpg\" alt=\"\" width=\"150\" height=\"221\" srcset=\"https:\/\/cortesuprema.gov.co\/corte\/wp-content\/uploads\/2020\/02\/elprocesopenaldejusticiaypazII.jpg 458w, https:\/\/cortesuprema.gov.co\/corte\/wp-content\/uploads\/2020\/02\/elprocesopenaldejusticiaypazII-203x300.jpg 203w, https:\/\/cortesuprema.gov.co\/corte\/wp-content\/uploads\/2020\/02\/elprocesopenaldejusticiaypazII-132x195.jpg 132w\" sizes=\"auto, (max-width: 150px) 85vw, 150px\" \/><\/a><\/td>\n<td>EL PROCESO PENAL DE JUSTICIA Y PAZ<br \/>\nCompilaci\u00f3n de autos de la Sala de Casaci\u00f3n Penal de la Corte Suprema de JusticiaTOMO II<a href=\"https:\/\/cortesuprema.gov.co\/corte\/wp-content\/uploads\/publicaciones\/justiciaypazII.pdf\" target=\"_blank\" rel=\"noopener noreferrer\">Vea aqu\u00ed la publicaci\u00f3n<\/a><\/td>\n<\/tr>\n<tr>\n<td><a href=\"https:\/\/cortesuprema.gov.co\/corte\/wp-content\/uploads\/publicaciones\/justiciaypazIII.pdf\" target=\"_blank\" rel=\"noopener noreferrer\"><img loading=\"lazy\" decoding=\"async\" class=\"aligncenter wp-image-28518\" src=\"https:\/\/cortesuprema.gov.co\/corte\/wp-content\/uploads\/2020\/02\/elprocesopenaldejusticiaypazIII.jpg\" alt=\"\" width=\"150\" height=\"224\" srcset=\"https:\/\/cortesuprema.gov.co\/corte\/wp-content\/uploads\/2020\/02\/elprocesopenaldejusticiaypazIII.jpg 502w, https:\/\/cortesuprema.gov.co\/corte\/wp-content\/uploads\/2020\/02\/elprocesopenaldejusticiaypazIII-201x300.jpg 201w, https:\/\/cortesuprema.gov.co\/corte\/wp-content\/uploads\/2020\/02\/elprocesopenaldejusticiaypazIII-131x195.jpg 131w\" sizes=\"auto, (max-width: 150px) 85vw, 150px\" \/><\/a><\/td>\n<td>EL PROCESO PENAL DE JUSTICIA Y PAZ<br \/>\nCompilaci\u00f3n de autos de la Sala de Casaci\u00f3n Penal de la Corte Suprema de JusticiaTOMO III<a href=\"https:\/\/cortesuprema.gov.co\/corte\/wp-content\/uploads\/publicaciones\/justiciaypazIII.pdf\" target=\"_blank\" rel=\"noopener noreferrer\">Vea aqu\u00ed la publicaci\u00f3n<\/a><\/td>\n<\/tr>\n<tr>\n<td><a href=\"https:\/\/cortesuprema.gov.co\/corte\/wp-content\/uploads\/publicaciones\/proteccionderechoshumanos.pdf\" target=\"_blank\" rel=\"noopener noreferrer\"><img loading=\"lazy\" decoding=\"async\" class=\"aligncenter wp-image-28515\" src=\"https:\/\/cortesuprema.gov.co\/corte\/wp-content\/uploads\/publicaciones\/derechoshumanosjur.jpg\" alt=\"\" width=\"150\" height=\"225\" \/><\/a><\/td>\n<td>La Sala Penal de la Corte Suprema de Justicia y su compromiso con la protecci\u00f3n de los derechos humanos<\/p>\n<p>Casos de violaciones de los derechos humanos y control constitucional<\/p>\n<p><a href=\"https:\/\/cortesuprema.gov.co\/corte\/wp-content\/uploads\/publicaciones\/proteccionderechoshumanos.pdf\">Vea aqu\u00ed la publicaci\u00f3n<\/a><\/td>\n<\/tr>\n<tr>\n<td><\/td>\n<td>&nbsp;<\/p>\n<p>Vea aqu\u00ed la publicaci\u00f3n<\/td>\n<\/tr>\n<tr>\n<td><a href=\"https:\/\/cortesuprema.gov.co\/corte\/wp-content\/uploads\/2020\/02\/garantismopaternalismo.jpg\"><img loading=\"lazy\" decoding=\"async\" class=\"wp-image-28512 aligncenter\" src=\"https:\/\/cortesuprema.gov.co\/corte\/wp-content\/uploads\/2020\/02\/garantismopaternalismo.jpg\" alt=\"\" width=\"150\" height=\"212\" srcset=\"https:\/\/cortesuprema.gov.co\/corte\/wp-content\/uploads\/2020\/02\/garantismopaternalismo.jpg 532w, https:\/\/cortesuprema.gov.co\/corte\/wp-content\/uploads\/2020\/02\/garantismopaternalismo-212x300.jpg 212w, https:\/\/cortesuprema.gov.co\/corte\/wp-content\/uploads\/2020\/02\/garantismopaternalismo-138x195.jpg 138w\" sizes=\"auto, (max-width: 150px) 85vw, 150px\" \/><\/a><\/td>\n<td>&nbsp;<\/p>\n<p>Vea aqu\u00ed la publicaci\u00f3n<\/td>\n<\/tr>\n<tr>\n<td><\/td>\n<td>&nbsp;<\/p>\n<p>Vea aqu\u00ed la publicaci\u00f3n<\/td>\n<\/tr>\n<\/tbody>\n<\/table>\n<\/div>\n<p>&nbsp;<\/p>\n<p>&nbsp;<\/p>\n","protected":false},"excerpt":{"rendered":"<p>Publicaciones, libros y material acad\u00e9mico de la Corporaci\u00f3n &nbsp; &nbsp;<\/p>\n","protected":false},"author":3,"featured_media":0,"parent":0,"menu_order":0,"comment_status":"closed","ping_status":"closed","template":"","meta":{"footnotes":""},"class_list":["post-28343","page","type-page","status-publish","hentry"],"_links":{"self":[{"href":"https:\/\/cortesuprema.gov.co\/corte\/index.php\/wp-json\/wp\/v2\/pages\/28343","targetHints":{"allow":["GET"]}}],"collection":[{"href":"https:\/\/cortesuprema.gov.co\/corte\/index.php\/wp-json\/wp\/v2\/pages"}],"about":[{"href":"https:\/\/cortesuprema.gov.co\/corte\/index.php\/wp-json\/wp\/v2\/types\/page"}],"author":[{"embeddable":true,"href":"https:\/\/cortesuprema.gov.co\/corte\/index.php\/wp-json\/wp\/v2\/users\/3"}],"replies":[{"embeddable":true,"href":"https:\/\/cortesuprema.gov.co\/corte\/index.php\/wp-json\/wp\/v2\/comments?post=28343"}],"version-history":[{"count":33,"href":"https:\/\/cortesuprema.gov.co\/corte\/index.php\/wp-json\/wp\/v2\/pages\/28343\/revisions"}],"predecessor-version":[{"id":58297,"href":"https:\/\/cortesuprema.gov.co\/corte\/index.php\/wp-json\/wp\/v2\/pages\/28343\/revisions\/58297"}],"wp:attachment":[{"href":"https:\/\/cortesuprema.gov.co\/corte\/index.php\/wp-json\/wp\/v2\/media?parent=28343"}],"curies":[{"name":"wp","href":"https:\/\/api.w.org\/{rel}","templated":true}]}}