{"id":29445,"date":"2020-04-28T11:04:35","date_gmt":"2020-04-28T16:04:35","guid":{"rendered":"https:\/\/cortesuprema.gov.co\/corte\/?page_id=29445"},"modified":"2020-04-28T11:23:25","modified_gmt":"2020-04-28T16:23:25","slug":"compendio-jurisprudencial","status":"publish","type":"page","link":"https:\/\/cortesuprema.gov.co\/corte\/index.php\/compendio-jurisprudencial\/","title":{"rendered":"Compendio Jurisprudencial sobre suspensi\u00f3n de contrato de trabajo"},"content":{"rendered":"<p>Relator\u00eda Sala de Casaci\u00f3n Laboral<br \/>\nCorreo electr\u00f3nico:\u00a0relatorialaboral@cortesuprema.ramajudicial.gov.co<br \/>\nPBX: 5622000 ext: 9313<\/p>\n<div class=\"su-divider su-divider-style-default\" style=\"margin:15px 0;border-width:9px;border-color:#999999\"><\/div>\n<p class=\"size-big\" style=\"text-align: center;\">Sala de Casaci\u00f3n Laboral &#8211; Relator\u00eda<\/p>\n<p class=\"size-big\" style=\"text-align: center;\">Compendio jurisprudencial sobre suspensi\u00f3n del contrato de trabajo<\/p>\n<p><a href=\"https:\/\/cortesuprema.gov.co\/corte\/wp-content\/uploads\/relatorias\/la\/Publicacion\/compendio jurisprudencial.pdf\" target=\"_blank\" rel=\"noopener noreferrer\">Descargue aqu\u00ed Compendio Jurisprudencial sobre suspensi\u00f3n del contrato de trabajo<\/a><\/p>\n[spiderpowa-pdf src=\u00bbhttps:\/\/cortesuprema.gov.co\/corte\/wp-content\/uploads\/relatorias\/la\/Publicacion\/compendio jurisprudencial.pdf\u00bb]\n<p><a href=\"https:\/\/cortesuprema.gov.co\/corte\/wp-content\/uploads\/relatorias\/la\/Publicacion\/compendio jurisprudencial.pdf\" target=\"_blank\" rel=\"noopener noreferrer\">Descargue aqu\u00ed Compendio jurisprudencial sobre suspensi\u00f3n del contrato de trabajo<\/a><\/p>\n<p>&nbsp;<\/p>\n","protected":false},"excerpt":{"rendered":"<p>Relator\u00eda Sala de Casaci\u00f3n Laboral Correo electr\u00f3nico:\u00a0relatorialaboral@cortesuprema.ramajudicial.gov.co PBX: 5622000 ext: 9313 Sala de Casaci\u00f3n Laboral &#8211; Relator\u00eda Compendio jurisprudencial sobre suspensi\u00f3n del contrato de trabajo Descargue aqu\u00ed Compendio Jurisprudencial sobre suspensi\u00f3n del contrato de trabajo [spiderpowa-pdf src=\u00bbhttps:\/\/cortesuprema.gov.co\/corte\/wp-content\/uploads\/relatorias\/la\/Publicacion\/compendio jurisprudencial.pdf\u00bb] Descargue aqu\u00ed Compendio jurisprudencial sobre suspensi\u00f3n del contrato de trabajo &nbsp;<\/p>\n","protected":false},"author":29,"featured_media":0,"parent":0,"menu_order":0,"comment_status":"closed","ping_status":"closed","template":"","meta":{"footnotes":""},"class_list":["post-29445","page","type-page","status-publish","hentry"],"_links":{"self":[{"href":"https:\/\/cortesuprema.gov.co\/corte\/index.php\/wp-json\/wp\/v2\/pages\/29445","targetHints":{"allow":["GET"]}}],"collection":[{"href":"https:\/\/cortesuprema.gov.co\/corte\/index.php\/wp-json\/wp\/v2\/pages"}],"about":[{"href":"https:\/\/cortesuprema.gov.co\/corte\/index.php\/wp-json\/wp\/v2\/types\/page"}],"author":[{"embeddable":true,"href":"https:\/\/cortesuprema.gov.co\/corte\/index.php\/wp-json\/wp\/v2\/users\/29"}],"replies":[{"embeddable":true,"href":"https:\/\/cortesuprema.gov.co\/corte\/index.php\/wp-json\/wp\/v2\/comments?post=29445"}],"version-history":[{"count":2,"href":"https:\/\/cortesuprema.gov.co\/corte\/index.php\/wp-json\/wp\/v2\/pages\/29445\/revisions"}],"predecessor-version":[{"id":29448,"href":"https:\/\/cortesuprema.gov.co\/corte\/index.php\/wp-json\/wp\/v2\/pages\/29445\/revisions\/29448"}],"wp:attachment":[{"href":"https:\/\/cortesuprema.gov.co\/corte\/index.php\/wp-json\/wp\/v2\/media?parent=29445"}],"curies":[{"name":"wp","href":"https:\/\/api.w.org\/{rel}","templated":true}]}}