{"id":30626,"date":"2020-06-25T09:11:37","date_gmt":"2020-06-25T14:11:37","guid":{"rendered":"https:\/\/cortesuprema.gov.co\/corte\/?page_id=30626"},"modified":"2023-10-30T11:46:49","modified_gmt":"2023-10-30T16:46:49","slug":"demanda-de-casacion-familia-2","status":"publish","type":"page","link":"https:\/\/cortesuprema.gov.co\/corte\/index.php\/demanda-de-casacion-familia-2\/","title":{"rendered":"Demanda de casaci\u00f3n-Familia"},"content":{"rendered":"[vc_row][vc_column][vc_column_text]\n<h2 style=\"text-align: center;\">Demanda de casaci\u00f3n<\/h2>\n<h3 style=\"text-align: center;\">Algunas reglas t\u00e9cnicas<\/h3>\n<h4>Serie recurso de casaci\u00f3n n\u00b03: <em>Familia<\/em><\/h4>\n<p style=\"text-align: right;\">Ver tambi\u00e9n:<\/p>\n<p style=\"text-align: right;\">Serie recurso de casaci\u00f3n n\u00b01: <a href=\"https:\/\/cortesuprema.gov.co\/corte\/index.php\/demanda-de-casacion-algunas-reglas-tecnicas\/\" target=\"_blank\" rel=\"noopener noreferrer\"><em>Responsabilidad extracontractual<\/em><\/a><\/p>\n<p style=\"text-align: right;\">Serie recurso de casaci\u00f3n n\u00b02: <a href=\"https:\/\/cortesuprema.gov.co\/corte\/index.php\/demanda-de-casacion-negocios-juridicos-2\/\" target=\"_blank\" rel=\"noopener noreferrer\"><em>Negocios jur\u00eddicos<\/em><\/a><\/p>\n<p style=\"text-align: right;\">Serie recurso de casaci\u00f3n n\u00b04: <a href=\"https:\/\/cortesuprema.gov.co\/corte\/index.php\/demanda-de-casacion-bienes-2\/\" target=\"_blank\" rel=\"noopener noreferrer\"><em>Bienes<\/em><\/a><\/p>\n<p style=\"text-align: left;\"><a href=\"https:\/\/cortesuprema.gov.co\/corte\/wp-content\/uploads\/2023\/08\/ASUNTOS-DE-FAMILIA.pdf\" target=\"_blank\" rel=\"noopener noreferrer\">Descargue\u00a0aqu\u00ed el PDF<\/a><\/p>\n[spiderpowa-pdf src=\u00bbhttps:\/\/cortesuprema.gov.co\/corte\/wp-content\/uploads\/2023\/10\/ASUNTOS-DE-FAMILIA.pdf\u00bb]\n<p>&nbsp;<\/p>\n<div class=\"su-tabs su-tabs-style-default su-tabs-mobile-stack my-custom-tabs\" data-active=\"1\" data-scroll-offset=\"0\" data-anchor-in-url=\"no\"><div class=\"su-tabs-nav\"><span class=\"\" data-url=\"\" data-target=\"blank\" tabindex=\"0\" role=\"button\">2022<\/span><span class=\"\" data-url=\"\" data-target=\"blank\" tabindex=\"0\" role=\"button\">2021<\/span><span class=\"\" data-url=\"\" data-target=\"blank\" tabindex=\"0\" role=\"button\">2020<\/span><\/div><div class=\"su-tabs-panes\"><div class=\"su-tabs-pane su-u-clearfix su-u-trim\" data-title=\"2022\"> <div class=\"su-animate\" style=\"opacity:0;-webkit-animation-duration:1s;-webkit-animation-delay:0s;animation-duration:1s;animation-delay:0s;\" data-animation=\"fadeInUp\" data-duration=\"1\" data-delay=\"0\">\n<ul>\n<li><u><a href=\"https:\/\/cortesuprema.gov.co\/corte\/wp-content\/uploads\/2022\/04\/DEMANDA-DE-CASACI\u00d3N-SERIE-No-3-ASUNTOS-DE-FAMILIA.pdf\">Serie recurso de casaci\u00f3n n\u00b03 abril 2022<\/a><\/u><\/li>\n<li><a href=\"https:\/\/cortesuprema.gov.co\/corte\/wp-content\/uploads\/2022\/09\/DEMANDA-DE-CASACI\u00d3N-SERIE-No-3-ASUNTOS-DE-FAMILIA-P.pdf\">Serie recurso de casaci\u00f3n n\u00b0 3 septiembre 2022<\/a><\/li>\n<\/ul>\n<\/div>\n<\/div>\n<div class=\"su-tabs-pane su-u-clearfix su-u-trim\" data-title=\"2021\"> <div class=\"su-animate\" style=\"opacity:0;-webkit-animation-duration:1s;-webkit-animation-delay:0s;animation-duration:1s;animation-delay:0s;\" data-animation=\"fadeInUp\" data-duration=\"1\" data-delay=\"0\">\n<ul>\n<li><a href=\"https:\/\/cortesuprema.gov.co\/corte\/wp-content\/uploads\/2021\/04\/DEMANDACASACI\u00d3N-FAMILIA.pdf\">Serie recurso de casaci\u00f3n n\u00b03- Marzo 2021<\/a><\/li>\n<li><a href=\"https:\/\/cortesuprema.gov.co\/corte\/wp-content\/uploads\/2021\/08\/DEMANDA-DE-CASACI\u00d3N-FAMILIA.pdf\">Serie recurso de casaci\u00f3n n\u00b03-Junio 2021<\/a><\/li>\n<\/ul>\n<\/div>\n<\/div>\n<div class=\"su-tabs-pane su-u-clearfix su-u-trim\" data-title=\"2020\"> <div class=\"su-animate\" style=\"opacity:0;-webkit-animation-duration:1s;-webkit-animation-delay:0s;animation-duration:1s;animation-delay:0s;\" data-animation=\"fadeInUp\" data-duration=\"1\" data-delay=\"0\">\n<ul>\n<li><a href=\"https:\/\/cortesuprema.gov.co\/corte\/wp-content\/uploads\/2021\/01\/DEMANDA-DE-CASACI\u00d3N-FAMILIA-IV.pdf\" target=\"_blank\" rel=\"noopener noreferrer\">Serie recurso de casaci\u00f3n n\u00b03-diciembre 2020<\/a><\/li>\n<li><a href=\"https:\/\/cortesuprema.gov.co\/corte\/wp-content\/uploads\/2020\/10\/DEMANDA-DE-CASACI%C3%93N-FAMILIAIII.pdf\">Serie recurso de casaci\u00f3n n\u00b03-Septiembre 2020<\/a><\/li>\n<li><a href=\"https:\/\/cortesuprema.gov.co\/corte\/wp-content\/uploads\/2020\/08\/DEMANDA-DE-CASACI\u00d3N-FAMILIAII.pdf\" target=\"_blank\" rel=\"noopener noreferrer\">Serie recurso de casaci\u00f3n n\u00b03-Julio 2020<\/a><\/li>\n<\/ul>\n<\/div>\n<\/div><\/div><\/div>\n<p><a href=\"https:\/\/cortesuprema.gov.co\/corte\/index.php\/relatoriasc\/\"><br \/>\nVolver Relator\u00eda Sala Civil<\/a>[\/vc_column_text][\/vc_column][\/vc_row]\n","protected":false},"excerpt":{"rendered":"<p>[vc_row][vc_column][vc_column_text] Demanda de casaci\u00f3n Algunas reglas t\u00e9cnicas Serie recurso de casaci\u00f3n n\u00b03: Familia Ver tambi\u00e9n: Serie recurso de casaci\u00f3n n\u00b01: Responsabilidad extracontractual Serie recurso de casaci\u00f3n n\u00b02: Negocios jur\u00eddicos Serie recurso de casaci\u00f3n n\u00b04: Bienes Descargue\u00a0aqu\u00ed el PDF [spiderpowa-pdf src=\u00bbhttps:\/\/cortesuprema.gov.co\/corte\/wp-content\/uploads\/2023\/10\/ASUNTOS-DE-FAMILIA.pdf\u00bb] &nbsp; Volver Relator\u00eda Sala Civil[\/vc_column_text][\/vc_column][\/vc_row]<\/p>\n","protected":false},"author":3,"featured_media":0,"parent":0,"menu_order":0,"comment_status":"closed","ping_status":"closed","template":"","meta":{"footnotes":""},"class_list":["post-30626","page","type-page","status-publish","hentry"],"_links":{"self":[{"href":"https:\/\/cortesuprema.gov.co\/corte\/index.php\/wp-json\/wp\/v2\/pages\/30626","targetHints":{"allow":["GET"]}}],"collection":[{"href":"https:\/\/cortesuprema.gov.co\/corte\/index.php\/wp-json\/wp\/v2\/pages"}],"about":[{"href":"https:\/\/cortesuprema.gov.co\/corte\/index.php\/wp-json\/wp\/v2\/types\/page"}],"author":[{"embeddable":true,"href":"https:\/\/cortesuprema.gov.co\/corte\/index.php\/wp-json\/wp\/v2\/users\/3"}],"replies":[{"embeddable":true,"href":"https:\/\/cortesuprema.gov.co\/corte\/index.php\/wp-json\/wp\/v2\/comments?post=30626"}],"version-history":[{"count":21,"href":"https:\/\/cortesuprema.gov.co\/corte\/index.php\/wp-json\/wp\/v2\/pages\/30626\/revisions"}],"predecessor-version":[{"id":62965,"href":"https:\/\/cortesuprema.gov.co\/corte\/index.php\/wp-json\/wp\/v2\/pages\/30626\/revisions\/62965"}],"wp:attachment":[{"href":"https:\/\/cortesuprema.gov.co\/corte\/index.php\/wp-json\/wp\/v2\/media?parent=30626"}],"curies":[{"name":"wp","href":"https:\/\/api.w.org\/{rel}","templated":true}]}}