{"id":33016,"date":"2020-10-20T16:20:17","date_gmt":"2020-10-20T21:20:17","guid":{"rendered":"https:\/\/cortesuprema.gov.co\/corte\/?page_id=33016"},"modified":"2020-11-13T12:10:29","modified_gmt":"2020-11-13T17:10:29","slug":"encuentro2020","status":"publish","type":"page","link":"https:\/\/cortesuprema.gov.co\/corte\/index.php\/encuentro2020\/","title":{"rendered":"Encuentro Jurisdicci\u00f3n Ordinaria 2020"},"content":{"rendered":"<p><a href=\"https:\/\/cortesuprema.gov.co\/corte\/index.php\/encuentro2020\/\"><img loading=\"lazy\" decoding=\"async\" class=\"alignnone wp-image-33019 size-full\" src=\"https:\/\/cortesuprema.gov.co\/corte\/wp-content\/uploads\/2020\/10\/banner2020encuentro1200X300-100.jpg\" alt=\"\" width=\"1201\" height=\"301\" srcset=\"https:\/\/cortesuprema.gov.co\/corte\/wp-content\/uploads\/2020\/10\/banner2020encuentro1200X300-100.jpg 1201w, https:\/\/cortesuprema.gov.co\/corte\/wp-content\/uploads\/2020\/10\/banner2020encuentro1200X300-100-300x75.jpg 300w\" sizes=\"auto, (max-width: 709px) 85vw, (max-width: 909px) 67vw, (max-width: 1362px) 62vw, 840px\" \/><\/a><\/p>\n<div class=\"su-row\"><div class=\"su-column su-column-size-1-4\"><div class=\"su-column-inner su-u-clearfix su-u-trim\">\n<a href=\"https:\/\/cortesuprema.gov.co\/corte\/index.php\/encuentro2020\/\"><img loading=\"lazy\" decoding=\"async\" class=\"alignnone wp-image-33033 size-full\" src=\"https:\/\/cortesuprema.gov.co\/corte\/wp-content\/uploads\/2020\/10\/bienvenidos.jpg\" alt=\"\" width=\"250\" height=\"46\" \/><\/a><br \/>\n<a href=\"https:\/\/cortesuprema.gov.co\/corte\/index.php\/programa2020\/\"><img loading=\"lazy\" decoding=\"async\" class=\"alignnone wp-image-33054 size-full\" src=\"https:\/\/cortesuprema.gov.co\/corte\/wp-content\/uploads\/2020\/10\/programa.jpg\" alt=\"\" width=\"250\" height=\"37\" \/><\/a><br \/>\n<a href=\"https:\/\/cortesuprema.gov.co\/corte\/index.php\/perfiles2020\/\"><img loading=\"lazy\" decoding=\"async\" class=\"alignnone wp-image-33053 size-full\" src=\"https:\/\/cortesuprema.gov.co\/corte\/wp-content\/uploads\/2020\/10\/perfiles.jpg\" alt=\"\" width=\"250\" height=\"37\" \/><\/a><br \/>\n<a href=\"https:\/\/cortesuprema.gov.co\/corte\/index.php\/memorias2020\/\"><img loading=\"lazy\" decoding=\"async\" class=\"alignnone wp-image-33052 size-full\" src=\"https:\/\/cortesuprema.gov.co\/corte\/wp-content\/uploads\/2020\/10\/memorias.jpg\" alt=\"\" width=\"250\" height=\"37\" \/><\/a><br \/>\n<a href=\"https:\/\/cortesuprema.gov.co\/corte\/index.php\/datos2020\/\"><img loading=\"lazy\" decoding=\"async\" class=\"alignnone wp-image-33059 size-full\" src=\"https:\/\/cortesuprema.gov.co\/corte\/wp-content\/uploads\/2020\/10\/datos_interes.jpg\" alt=\"\" width=\"250\" height=\"37\" \/><\/a><br \/>\n<a href=\"https:\/\/cortesuprema.gov.co\/corte\/index.php\/alertas2020\/\"><img loading=\"lazy\" decoding=\"async\" class=\"alignnone wp-image-33058 size-full\" src=\"https:\/\/cortesuprema.gov.co\/corte\/wp-content\/uploads\/2020\/10\/alertas.jpg\" alt=\"\" width=\"250\" height=\"37\" \/><\/a><br \/>\n<a href=\"https:\/\/cortesuprema.gov.co\/corte\/index.php\/conexion2020\/\"><img loading=\"lazy\" decoding=\"async\" class=\"alignnone wp-image-33057 size-full\" src=\"https:\/\/cortesuprema.gov.co\/corte\/wp-content\/uploads\/2020\/10\/datos_conexion.jpg\" alt=\"\" width=\"250\" height=\"37\" \/><\/a><br \/>\n<a href=\"https:\/\/cortesuprema.gov.co\/corte\/index.php\/contactenos2020\/\"><img loading=\"lazy\" decoding=\"async\" class=\"alignnone wp-image-33056 size-full\" src=\"https:\/\/cortesuprema.gov.co\/corte\/wp-content\/uploads\/2020\/10\/contactenos.jpg\" alt=\"\" width=\"250\" height=\"37\" \/><\/a><br \/>\n<\/div><\/div> <div class=\"su-column su-column-size-3-4\"><div class=\"su-column-inner su-u-clearfix su-u-trim\">\n<p><center><span style=\"color: #085f84; font-family: Arial, Helvetica, sans-serif; font-size: x-large;\"><b><a style=\"text-decoration: none; border-bottom: 2px solid #F5AC24; color: #085f84;\" href=\"#\">XXIII Encuentro de la Jurisdicci\u00f3n Ordinaria<\/a><\/b><\/span><\/center><center><b><i>\u201cJusticia, virtualidad e independencia\u201d<\/i><\/b><\/center><center><span style=\"color: #085f84; font-family: Arial, Helvetica, sans-serif; font-size: x-large;\"><b><a style=\"text-decoration: none; border-bottom: 2px solid #F5AC24; color: #085f84;\" href=\"#\">BIENVENIDOS<\/a><\/b><\/span><\/center><\/p>\n<p align=\"justify\">Durante los d\u00edas <b>12 y 13 de noviembre,<\/b> la Corte Suprema de Justicia realizar\u00e1 el XXIII<br \/>\n<b><\/b><\/p>\n<p align=\"justify\"><b>Encuentro de la Jurisdicci\u00f3n Ordinaria,<\/b> por primera vez en un ambiente <b>100% virtual.<\/b><\/p>\n<p align=\"justify\">El evento reunir\u00e1 a los presidentes de las Altas Cortes y sus magistrados; a los dignatarios de los poderes ejecutivo y legislativo del pa\u00eds, representantes de los organismos de control; comunidad jur\u00eddica, acad\u00e9mica y medios de comunicaci\u00f3n, y contar\u00e1 con la participaci\u00f3n de destacados conferencistas nacionales e internacionales.<\/p>\n<p>El tema centra del Encuentro ser\u00e1: <b>Justicia, virtualidad e independencia.<\/b><\/p>\n<p>El evento podr\u00e1 ser seguido a trav\u00e9s de la p\u00e1gina web <a href=\"https:\/\/cortesuprema.gov.co\/corte\/\">www.cortesuprema.gov.co <\/a><br \/>\nPara cualquier inquietud podr\u00e1 comunicarse con el correo electr\u00f3nico <a href=\"mailto: encuentro2020@cortesuprema.gov.co\">encuentro2020@cortesuprema.gov.co<\/a><\/p>\n<\/div><\/div> <\/div>\n<p><a href=\"https:\/\/cortesuprema.gov.co\/corte\/wp-content\/uploads\/2020\/10\/banner1-encuentro-2020.jpg\"><img loading=\"lazy\" decoding=\"async\" class=\"alignnone size-full wp-image-33097\" src=\"https:\/\/cortesuprema.gov.co\/corte\/wp-content\/uploads\/2020\/10\/banner1-encuentro-2020.jpg\" alt=\"\" width=\"1224\" height=\"255\" srcset=\"https:\/\/cortesuprema.gov.co\/corte\/wp-content\/uploads\/2020\/10\/banner1-encuentro-2020.jpg 1224w, https:\/\/cortesuprema.gov.co\/corte\/wp-content\/uploads\/2020\/10\/banner1-encuentro-2020-300x63.jpg 300w\" sizes=\"auto, (max-width: 709px) 85vw, (max-width: 909px) 67vw, (max-width: 1362px) 62vw, 840px\" \/><\/a><\/p>\n","protected":false},"excerpt":{"rendered":"XXIII Encuentro de la Jurisdicci\u00f3n Ordinaria\u201cJusticia, virtualidad e independencia\u201dBIENVENIDOS Durante los d\u00edas 12 y 13 de noviembre, la Corte Suprema de Justicia realizar\u00e1 el XXIII Encuentro de la Jurisdicci\u00f3n Ordinaria, por primera vez en un ambiente 100% virtual. El evento reunir\u00e1 a los presidentes de las Altas Cortes y sus magistrados; a los dignatarios de &hellip; <a href=\"https:\/\/cortesuprema.gov.co\/corte\/index.php\/encuentro2020\/\" class=\"more-link\">Continuar leyendo<span class=\"screen-reader-text\"> \"Encuentro Jurisdicci\u00f3n Ordinaria 2020\"<\/span><\/a>","protected":false},"author":3,"featured_media":0,"parent":0,"menu_order":0,"comment_status":"closed","ping_status":"closed","template":"","meta":{"footnotes":""},"class_list":["post-33016","page","type-page","status-publish","hentry"],"_links":{"self":[{"href":"https:\/\/cortesuprema.gov.co\/corte\/index.php\/wp-json\/wp\/v2\/pages\/33016","targetHints":{"allow":["GET"]}}],"collection":[{"href":"https:\/\/cortesuprema.gov.co\/corte\/index.php\/wp-json\/wp\/v2\/pages"}],"about":[{"href":"https:\/\/cortesuprema.gov.co\/corte\/index.php\/wp-json\/wp\/v2\/types\/page"}],"author":[{"embeddable":true,"href":"https:\/\/cortesuprema.gov.co\/corte\/index.php\/wp-json\/wp\/v2\/users\/3"}],"replies":[{"embeddable":true,"href":"https:\/\/cortesuprema.gov.co\/corte\/index.php\/wp-json\/wp\/v2\/comments?post=33016"}],"version-history":[{"count":41,"href":"https:\/\/cortesuprema.gov.co\/corte\/index.php\/wp-json\/wp\/v2\/pages\/33016\/revisions"}],"predecessor-version":[{"id":33688,"href":"https:\/\/cortesuprema.gov.co\/corte\/index.php\/wp-json\/wp\/v2\/pages\/33016\/revisions\/33688"}],"wp:attachment":[{"href":"https:\/\/cortesuprema.gov.co\/corte\/index.php\/wp-json\/wp\/v2\/media?parent=33016"}],"curies":[{"name":"wp","href":"https:\/\/api.w.org\/{rel}","templated":true}]}}