{"id":33038,"date":"2020-10-20T17:53:59","date_gmt":"2020-10-20T22:53:59","guid":{"rendered":"https:\/\/cortesuprema.gov.co\/corte\/?page_id=33038"},"modified":"2020-11-11T15:27:48","modified_gmt":"2020-11-11T20:27:48","slug":"programa2020","status":"publish","type":"page","link":"https:\/\/cortesuprema.gov.co\/corte\/index.php\/programa2020\/","title":{"rendered":"Programa: Justicia, virtualidad e independencia"},"content":{"rendered":"<p><a href=\"https:\/\/cortesuprema.gov.co\/corte\/index.php\/encuentro2020\/\"><img loading=\"lazy\" decoding=\"async\" class=\"alignnone wp-image-33019 size-full\" src=\"https:\/\/cortesuprema.gov.co\/corte\/wp-content\/uploads\/2020\/10\/banner2020encuentro1200X300-100.jpg\" alt=\"\" width=\"1201\" height=\"301\" srcset=\"https:\/\/cortesuprema.gov.co\/corte\/wp-content\/uploads\/2020\/10\/banner2020encuentro1200X300-100.jpg 1201w, https:\/\/cortesuprema.gov.co\/corte\/wp-content\/uploads\/2020\/10\/banner2020encuentro1200X300-100-300x75.jpg 300w\" sizes=\"auto, (max-width: 709px) 85vw, (max-width: 909px) 67vw, (max-width: 1362px) 62vw, 840px\" \/><\/a><\/p>\n<div class=\"su-row\"><div class=\"su-column su-column-size-1-4\"><div class=\"su-column-inner su-u-clearfix su-u-trim\">\n<a href=\"https:\/\/cortesuprema.gov.co\/corte\/index.php\/encuentro2020\/\"><img loading=\"lazy\" decoding=\"async\" class=\"alignnone wp-image-33033 size-full\" src=\"https:\/\/cortesuprema.gov.co\/corte\/wp-content\/uploads\/2020\/10\/bienvenidos.jpg\" alt=\"\" width=\"250\" height=\"46\" \/><\/a><br \/>\n<a href=\"https:\/\/cortesuprema.gov.co\/corte\/index.php\/programa2020\/\"><img loading=\"lazy\" decoding=\"async\" class=\"alignnone wp-image-33054 size-full\" src=\"https:\/\/cortesuprema.gov.co\/corte\/wp-content\/uploads\/2020\/10\/programa.jpg\" alt=\"\" width=\"250\" height=\"37\" \/><\/a><br \/>\n<a href=\"https:\/\/cortesuprema.gov.co\/corte\/index.php\/perfiles2020\/\"><img loading=\"lazy\" decoding=\"async\" class=\"alignnone wp-image-33053 size-full\" src=\"https:\/\/cortesuprema.gov.co\/corte\/wp-content\/uploads\/2020\/10\/perfiles.jpg\" alt=\"\" width=\"250\" height=\"37\" \/><\/a><br \/>\n<a href=\"https:\/\/cortesuprema.gov.co\/corte\/index.php\/memorias2020\/\"><img loading=\"lazy\" decoding=\"async\" class=\"alignnone wp-image-33052 size-full\" src=\"https:\/\/cortesuprema.gov.co\/corte\/wp-content\/uploads\/2020\/10\/memorias.jpg\" alt=\"\" width=\"250\" height=\"37\" \/><\/a><br \/>\n<a href=\"https:\/\/cortesuprema.gov.co\/corte\/index.php\/datos2020\/\"><img loading=\"lazy\" decoding=\"async\" class=\"alignnone wp-image-33059 size-full\" src=\"https:\/\/cortesuprema.gov.co\/corte\/wp-content\/uploads\/2020\/10\/datos_interes.jpg\" alt=\"\" width=\"250\" height=\"37\" \/><\/a><br \/>\n<a href=\"https:\/\/cortesuprema.gov.co\/corte\/index.php\/alertas2020\/\"><img loading=\"lazy\" decoding=\"async\" class=\"alignnone wp-image-33058 size-full\" src=\"https:\/\/cortesuprema.gov.co\/corte\/wp-content\/uploads\/2020\/10\/alertas.jpg\" alt=\"\" width=\"250\" height=\"37\" \/><\/a><br \/>\n<a href=\"https:\/\/cortesuprema.gov.co\/corte\/index.php\/conexion2020\/\"><img loading=\"lazy\" decoding=\"async\" class=\"alignnone wp-image-33057 size-full\" src=\"https:\/\/cortesuprema.gov.co\/corte\/wp-content\/uploads\/2020\/10\/datos_conexion.jpg\" alt=\"\" width=\"250\" height=\"37\" \/><\/a><br \/>\n<a href=\"https:\/\/cortesuprema.gov.co\/corte\/index.php\/contactenos2020\/\"><img loading=\"lazy\" decoding=\"async\" class=\"alignnone wp-image-33056 size-full\" src=\"https:\/\/cortesuprema.gov.co\/corte\/wp-content\/uploads\/2020\/10\/contactenos.jpg\" alt=\"\" width=\"250\" height=\"37\" \/><\/a><br \/>\n<\/div><\/div> <div class=\"su-column su-column-size-3-4\"><div class=\"su-column-inner su-u-clearfix su-u-trim\">\n<p style=\"text-align: right;\"><a href=\"https:\/\/www.cortesuprema.gov.co\/corte\/wp-content\/uploads\/publicaciones\/PROGRAMA ENCUENTRO 2020.pdf\" target=\"_blank\" rel=\"noopener noreferrer\"><b><i>Descargue aqu\u00ed el programa<\/i><\/b><\/a><\/p>\n<p><center><span style=\"color: #085f84; font-family: Arial, Helvetica, sans-serif; font-size: x-large;\"><b><a style=\"text-decoration: none; border-bottom: 2px solid #F5AC24; color: #085f84;\" href=\"#\">XXIII Encuentro de la Jurisdicci\u00f3n Ordinaria<\/a><\/b><\/span><\/center><center><b><i>\u201cJusticia, virtualidad e independencia\u201d<\/i><\/b><\/center>&nbsp;<\/p>\n<p><center><span style=\"color: #085f84; font-family: Arial, Helvetica, sans-serif; font-size: x-large;\"><b><a style=\"text-decoration: none; border-bottom: 2px solid #F5AC24; color: #085f84;\" href=\"#\">PROGRAMA<\/a><\/b><\/span><\/center>&nbsp;<\/p>\n<p><center><span style=\"color: #085f84; font-family: Arial, Helvetica, sans-serif; font-size: x-large;\"><b><a style=\"text-decoration: none; border-bottom: 2px solid #F5AC24; color: #085f84;\" href=\"#\">JUEVES 12 DE NOVIEMBRE 2020<\/a><\/b><\/span><\/center><span style=\"font-family: Arial, Helvetica, sans-serif;\"><b> Lugar:<\/b> conexi\u00f3n virtual a se\u00f1al originada desde Bogot\u00e1 (RTVC)<\/span><\/p>\n<p><b>Instalaci\u00f3n:<\/b> 9:00 a.m. a 10:00 a.m.<\/p>\n<p><span style=\"color: #085f84; font-family: Arial, Helvetica, sans-serif; font-size: large;\"><b><a style=\"text-decoration: none; border-bottom: 2px solid #F5AC24; color: #085f84;\" href=\"#\">En estudio<\/a><\/b><\/span><b> <\/b><\/p>\n<p><span style=\"font-family: Arial, Helvetica, sans-serif;\"><b>Dr. Iv\u00e1n Duque M\u00e1rquez,<\/b> presidente de la Rep\u00fablica de Colombia.<\/span><\/p>\n<p><b>Dr. Jorge Luis Quiroz Alem\u00e1n,<\/b> presidente de la Corte Suprema de Justicia.<\/p>\n<p><b>Dr. \u00c1lvaro Nam\u00e9n Vargas,<\/b> presidente del Consejo de Estado.<\/p>\n<p><b>Dr. Alberto Rojas R\u00edos,<\/b> presidente de la Corte Constitucional.<\/p>\n<p><b>Dra. Diana Alexandra Remolina Bot\u00eda,<\/b> presidente del Consejo Superior de la Judicatura.<\/p>\n<p>&nbsp;<\/p>\n<p><span style=\"color: #085f84; font-family: Arial, Helvetica, sans-serif; font-size: large;\"><b><a style=\"text-decoration: none; border-bottom: 2px solid #F5AC24; color: #085f84;\" href=\"#\">En forma virtual<\/a><\/b><\/span><\/p>\n<p><span style=\"font-family: Arial, Helvetica, sans-serif;\"><br \/>\n<b>Dr. Eduardo Cifuentes Mu\u00f1oz,<\/b> presidente de la Justicia Especial para la Paz, JEP.<\/span><\/p>\n<p><b>Dr. Arturo Char Chaljub,<\/b> presidente del Congreso de la Rep\u00fablica.<\/p>\n<p><b>Dr. Francisco Barbosa Delgado,<\/b> fiscal general de la Naci\u00f3n.<\/p>\n<p><b>Dr. Fernando Carrillo Fl\u00f3rez,<\/b> procurador general de la Naci\u00f3n.<\/p>\n<p><b>Dr. Carlos Felipe C\u00f3rdoba Larrarte,<\/b> contralor general de la Rep\u00fablica.<\/p>\n<p><b>Dr. Wilson Ruiz Orejuela,<\/b> ministro de Justicia y del Derecho.<\/p>\n<p><b>Dr. Luis Antonio Hern\u00e1ndez Barbosa,<\/b> vicepresidente Corte Suprema de Justicia.<\/p>\n<p><b>Dr. Alexander Vega Rocha,<\/b> Registrador Nacional del Estado Civil.<\/p>\n<p><b>Dr. Carlos Camargo Ass\u00eds,<\/b> defensor del Pueblo.<\/p>\n<p><b>Dra. Alma Carmenza Erazo Montenegro,<\/b> auditora general de la Rep\u00fablica.<\/p>\n<p><b>Dra. Luc\u00eda Josefina Herrera L\u00f3pez,<\/b> presidenta del Tribunal Superior de Bogot\u00e1.<\/p>\n<p><b>Dr. Juan Manuel Dumez Arias,<\/b> presidente del Tribunal Superior de Cundinamarca.<\/p>\n<p>&nbsp;<\/p>\n<p><center><span style=\"color: #085f84; font-family: Arial, Helvetica, sans-serif; font-size: large;\"><b><a style=\"text-decoration: none; border-bottom: 2px solid #F5AC24; color: #085f84;\" href=\"#\">Ma\u00f1ana<\/a><\/b><\/span><\/center><span style=\"color: #085f84; font-family: Arial, Helvetica, sans-serif; font-size: large;\"><b>10:00 a.m. a 10:30 a.m. Conferencia \u201cDerecho de propiedad intelectual y derechos fundamentales\u201d<\/b><\/span><\/p>\n<p><span style=\"font-family: Arial, Helvetica, sans-serif;\"><b>Dr. Marco Mat\u00edas Alem\u00e1n Badel,<\/b> jefe de Patentes de la Organizaci\u00f3n Mundial de la Propiedad Intelectual.<\/span><\/p>\n<p><span style=\"color: #085f84; font-family: Arial, Helvetica, sans-serif; font-size: large;\"><b>10:30 a.m. a 11:30 a.m. Panel \u201cDesarrollo jurisprudencial de la Sala de Casaci\u00f3n Civil de la Corte Suprema de Justicia\u00bb.<\/b><\/span><\/p>\n<p>Magistrados de la Sala de Casaci\u00f3n Civil de la Corte Suprema de Justicia.<br \/>\nDr. Luis Armando Tolosa Villabona (Moderador), presidente de la Sala de Casaci\u00f3n Civil<br \/>\nDr. Octavio Augusto Tejeiro Duque, vicepresidente<br \/>\nDr. Aroldo Wilson Quiroz Monsalvo<br \/>\nDr.Francisco Ternera Barrios<\/p>\n<p><span style=\"color: #085f84; font-family: Arial, Helvetica, sans-serif; font-size: large;\"><b>11:30 a.m. a 12:00 Conferencia \u201cL\u00edmites de la independencia judicial\u201d<\/b><\/span><\/p>\n<p><span style=\"font-family: Arial, Helvetica, sans-serif;\"><b>Dr. Eugenio Ra\u00fal Zaffaroni Cattaneo,<\/b> juez de la Corte Interamericana de Derechos Humanos.<\/span><\/p>\n<p>&nbsp;<\/p>\n<p><center><span style=\"color: #085f84; font-family: Arial, Helvetica, sans-serif; font-size: large;\"><b><a style=\"text-decoration: none; border-bottom: 2px solid #F5AC24; color: #085f84;\" href=\"#\">Tarde<\/a><\/b><\/span><\/center><span style=\"color: #085f84; font-family: Arial, Helvetica, sans-serif; font-size: large;\"><b>2:30 p.m. a 4:00 p.m. Panel \u201cJusticia penal y virtualidad ante el paradigma de<br \/>\nla gesti\u00f3n de la conflictividad\u201d.<\/b><\/span><\/p>\n<p><span style=\"font-family: Arial, Helvetica, sans-serif;\"><b>Dr. Alberto Binder,<\/b> director del Instituto de Estudios Comparados en Ciencias Penales y<br \/>\nSociales (INECIP) Argentina.<\/span><br \/>\nMagistrados de la Sala de Casaci\u00f3n Penal de la Corte Suprema de Justicia:<br \/>\nDra. Patricia Salazar Cu\u00e9llar, presidenta<br \/>\nDr. Hugo Quintero Bernate (Moderador)<br \/>\nDr. Gerson Chaverra Castro<\/p>\n<p><span style=\"color: #085f84; font-family: Arial, Helvetica, sans-serif; font-size: large;\"><b>4:00 p.m. a 5:00 p.m. Panel \u201cInversi\u00f3n de los recursos de la justicia en tiempos<br \/>\nde virtualidad\u201d.<\/b><\/span><\/p>\n<p><span style=\"font-family: Arial, Helvetica, sans-serif;\"><b>Dr. Carlos Felipe C\u00f3rdoba Larrarte, <\/b><strong>contralor general de la Rep\u00fablica<\/strong><\/span><\/p>\n<p><b>Dr. Jorge Luis Quiroz Alem\u00e1n <\/b>(Moderador)<b>,<\/b> presidente de la Corte Suprema de Justicia<\/p>\n<p><b>Dra. Luc\u00eda Josefina Herrera L\u00f3pez,<\/b> presidenta del Tribunal Superior de Bogot\u00e1<\/p>\n<p><b>Dr. Juan Manuel Dumez Arias,<\/b> presidente del Tribunal Superior de Cundinamarca<\/p>\n<p>&nbsp;<\/p>\n<p><center><span style=\"color: #085f84; font-family: Arial, Helvetica, sans-serif; font-size: x-large;\"><b><a style=\"text-decoration: none; border-bottom: 2px solid #F5AC24; color: #085f84;\" href=\"#\">VIERNES 13 DE NOVIEMBRE 2020<\/a><\/b><\/span><\/center><span style=\"color: #085f84; font-family: Arial, Helvetica, sans-serif; font-size: large;\"><b>8:30 a.m. a 9:00 a.m. Conferencia \u00abDerecho, historia pol\u00edtica y emociones en Colombia\u00bb<\/b><\/span><\/p>\n<p><strong>Dr. Mauricio Garc\u00eda Villegas,<\/strong> doctor en Ciencia Pol\u00edtica de la Universidad Cat\u00f3lica de Lovaina y doctor honoris causa de la Escuela Normal Superior de Cachan, miembro fundador de Dejusticia.<\/p>\n<p><span style=\"color: #085f84; font-family: Arial, Helvetica, sans-serif; font-size: large;\"><b>9:00a.m. a 10:15a.m. Panel \u201cJusticia y seguridad social en tiempos de trabajo virtual\u201d.<\/b><\/span><\/p>\n<p>Presentaci\u00f3n \u201cRetos de los sistemas de seguridad social en \u00e9pocas de cuarentena\u201d<\/p>\n<p><span style=\"font-family: Arial, Helvetica, sans-serif;\"><b>Dra. Gina Magnolia Ria\u00f1o Bar\u00f3n,<\/b> secretaria general de la Organizaci\u00f3n Iberoamericana de<br \/>\nSeguridad Social, OISS.<\/span><\/p>\n<p><span style=\"color: #085f84; font-family: Arial, Helvetica, sans-serif; font-size: large;\"><b>Disertaci\u00f3n \u201cTrabajo a distancia, teletrabajo y trabajo remoto excepcional y obligatorio\u201d<\/b><\/span><\/p>\n<p><b>Dr. Humberto Villasmil Prieto,<\/b> especialista en Normas Internacionales del Trabajo y Relaciones Laborales de la Organizaci\u00f3n Internacional del Trabajo, OIT.<\/p>\n<p>Magistrados de la Sala de Casaci\u00f3n Laboral de la Corte Suprema de Justicia:<br \/>\nDr. Luis Benedicto Herrera D\u00edaz (Moderador), presidente<br \/>\nDr. Iv\u00e1n Mauricio Lenis G\u00f3mez<br \/>\nDr. Fernando Castillo Cadena<\/p>\n<p><span style=\"color: #085f84; font-family: Arial, Helvetica, sans-serif; font-size: large;\"><b>10:15 a.m. a 11:15 a.m. <\/b><\/span><span style=\"color: #085f84; font-family: Arial, Helvetica, sans-serif; font-size: large;\"><b>Taller \u201cUna era de cambios para los jueces\u201d<\/b><\/span><\/p>\n<p><b>Dr. Vicen\u00e7 Alujas,<\/b> Gestor de felicidad, soci\u00f3logo y m\u00e1ster en Psicolog\u00eda Cl\u00ednica de la Universidad de Barcelona\u2013Espa\u00f1a.<\/p>\n<p><span style=\"color: #085f84; font-family: Arial, Helvetica, sans-serif; font-size: large;\"><b>11:15 a.m. a 12:00 m. <\/b><\/span><span style=\"color: #085f84; font-family: Arial, Helvetica, sans-serif; font-size: large;\"><b>Clausura del XXIII Encuentro de la Jurisdicci\u00f3n Ordinaria<\/b><\/span><\/p>\n<p><b>Dr. Luis Antonio Hern\u00e1ndez Barbosa,<\/b> Vicepresidente de la Corte Suprema de Justicia.<\/p>\n<p><b>Dr. Wilson Ruiz Orejuela,<\/b> Ministro de Justicia y del Derecho<\/p>\n<\/div><\/div> <\/div>\n<p><a href=\"https:\/\/cortesuprema.gov.co\/corte\/wp-content\/uploads\/2020\/10\/banner2-encuentro-2020.jpg\"><img loading=\"lazy\" decoding=\"async\" class=\"alignnone size-full wp-image-33098\" src=\"https:\/\/cortesuprema.gov.co\/corte\/wp-content\/uploads\/2020\/10\/banner2-encuentro-2020.jpg\" alt=\"\" width=\"1224\" height=\"255\" srcset=\"https:\/\/cortesuprema.gov.co\/corte\/wp-content\/uploads\/2020\/10\/banner2-encuentro-2020.jpg 1224w, https:\/\/cortesuprema.gov.co\/corte\/wp-content\/uploads\/2020\/10\/banner2-encuentro-2020-300x63.jpg 300w\" sizes=\"auto, (max-width: 709px) 85vw, (max-width: 909px) 67vw, (max-width: 1362px) 62vw, 840px\" \/><\/a><\/p>\n","protected":false},"excerpt":{"rendered":"Descargue aqu\u00ed el programa XXIII Encuentro de la Jurisdicci\u00f3n Ordinaria\u201cJusticia, virtualidad e independencia\u201d&nbsp; PROGRAMA&nbsp; JUEVES 12 DE NOVIEMBRE 2020 Lugar: conexi\u00f3n virtual a se\u00f1al originada desde Bogot\u00e1 (RTVC) Instalaci\u00f3n: 9:00 a.m. a 10:00 a.m. En estudio Dr. Iv\u00e1n Duque M\u00e1rquez, presidente de la Rep\u00fablica de Colombia. Dr. Jorge Luis Quiroz Alem\u00e1n, presidente de la Corte &hellip; <a href=\"https:\/\/cortesuprema.gov.co\/corte\/index.php\/programa2020\/\" class=\"more-link\">Continuar leyendo<span class=\"screen-reader-text\"> \"Programa: Justicia, virtualidad e independencia\"<\/span><\/a>","protected":false},"author":3,"featured_media":0,"parent":0,"menu_order":0,"comment_status":"closed","ping_status":"closed","template":"","meta":{"footnotes":""},"class_list":["post-33038","page","type-page","status-publish","hentry"],"_links":{"self":[{"href":"https:\/\/cortesuprema.gov.co\/corte\/index.php\/wp-json\/wp\/v2\/pages\/33038","targetHints":{"allow":["GET"]}}],"collection":[{"href":"https:\/\/cortesuprema.gov.co\/corte\/index.php\/wp-json\/wp\/v2\/pages"}],"about":[{"href":"https:\/\/cortesuprema.gov.co\/corte\/index.php\/wp-json\/wp\/v2\/types\/page"}],"author":[{"embeddable":true,"href":"https:\/\/cortesuprema.gov.co\/corte\/index.php\/wp-json\/wp\/v2\/users\/3"}],"replies":[{"embeddable":true,"href":"https:\/\/cortesuprema.gov.co\/corte\/index.php\/wp-json\/wp\/v2\/comments?post=33038"}],"version-history":[{"count":16,"href":"https:\/\/cortesuprema.gov.co\/corte\/index.php\/wp-json\/wp\/v2\/pages\/33038\/revisions"}],"predecessor-version":[{"id":34237,"href":"https:\/\/cortesuprema.gov.co\/corte\/index.php\/wp-json\/wp\/v2\/pages\/33038\/revisions\/34237"}],"wp:attachment":[{"href":"https:\/\/cortesuprema.gov.co\/corte\/index.php\/wp-json\/wp\/v2\/media?parent=33038"}],"curies":[{"name":"wp","href":"https:\/\/api.w.org\/{rel}","templated":true}]}}