{"id":33046,"date":"2020-10-20T17:58:22","date_gmt":"2020-10-20T22:58:22","guid":{"rendered":"https:\/\/cortesuprema.gov.co\/corte\/?page_id=33046"},"modified":"2020-11-09T17:59:57","modified_gmt":"2020-11-09T22:59:57","slug":"conexion2020","status":"publish","type":"page","link":"https:\/\/cortesuprema.gov.co\/corte\/index.php\/conexion2020\/","title":{"rendered":"Datos de conexi\u00f3n"},"content":{"rendered":"<p><a href=\"https:\/\/cortesuprema.gov.co\/corte\/index.php\/encuentro2020\/\"><img loading=\"lazy\" decoding=\"async\" class=\"alignnone wp-image-33019 size-full\" src=\"https:\/\/cortesuprema.gov.co\/corte\/wp-content\/uploads\/2020\/10\/banner2020encuentro1200X300-100.jpg\" alt=\"\" width=\"1201\" height=\"301\" srcset=\"https:\/\/cortesuprema.gov.co\/corte\/wp-content\/uploads\/2020\/10\/banner2020encuentro1200X300-100.jpg 1201w, https:\/\/cortesuprema.gov.co\/corte\/wp-content\/uploads\/2020\/10\/banner2020encuentro1200X300-100-300x75.jpg 300w\" sizes=\"auto, (max-width: 709px) 85vw, (max-width: 909px) 67vw, (max-width: 1362px) 62vw, 840px\" \/><\/a><\/p>\n<div class=\"su-row\"><div class=\"su-column su-column-size-1-4\"><div class=\"su-column-inner su-u-clearfix su-u-trim\">\n<a href=\"https:\/\/cortesuprema.gov.co\/corte\/index.php\/encuentro2020\/\"><img loading=\"lazy\" decoding=\"async\" class=\"alignnone wp-image-33033 size-full\" src=\"https:\/\/cortesuprema.gov.co\/corte\/wp-content\/uploads\/2020\/10\/bienvenidos.jpg\" alt=\"\" width=\"250\" height=\"46\" \/><\/a><br \/>\n<a href=\"https:\/\/cortesuprema.gov.co\/corte\/index.php\/programa2020\/\"><img loading=\"lazy\" decoding=\"async\" class=\"alignnone wp-image-33054 size-full\" src=\"https:\/\/cortesuprema.gov.co\/corte\/wp-content\/uploads\/2020\/10\/programa.jpg\" alt=\"\" width=\"250\" height=\"37\" \/><\/a><br \/>\n<a href=\"https:\/\/cortesuprema.gov.co\/corte\/index.php\/perfiles2020\/\"><img loading=\"lazy\" decoding=\"async\" class=\"alignnone wp-image-33053 size-full\" src=\"https:\/\/cortesuprema.gov.co\/corte\/wp-content\/uploads\/2020\/10\/perfiles.jpg\" alt=\"\" width=\"250\" height=\"37\" \/><\/a><br \/>\n<a href=\"https:\/\/cortesuprema.gov.co\/corte\/index.php\/memorias2020\/\"><img loading=\"lazy\" decoding=\"async\" class=\"alignnone wp-image-33052 size-full\" src=\"https:\/\/cortesuprema.gov.co\/corte\/wp-content\/uploads\/2020\/10\/memorias.jpg\" alt=\"\" width=\"250\" height=\"37\" \/><\/a><br \/>\n<a href=\"https:\/\/cortesuprema.gov.co\/corte\/index.php\/datos2020\/\"><img loading=\"lazy\" decoding=\"async\" class=\"alignnone wp-image-33059 size-full\" src=\"https:\/\/cortesuprema.gov.co\/corte\/wp-content\/uploads\/2020\/10\/datos_interes.jpg\" alt=\"\" width=\"250\" height=\"37\" \/><\/a><br \/>\n<a href=\"https:\/\/cortesuprema.gov.co\/corte\/index.php\/alertas2020\/\"><img loading=\"lazy\" decoding=\"async\" class=\"alignnone wp-image-33058 size-full\" src=\"https:\/\/cortesuprema.gov.co\/corte\/wp-content\/uploads\/2020\/10\/alertas.jpg\" alt=\"\" width=\"250\" height=\"37\" \/><\/a><br \/>\n<a href=\"https:\/\/cortesuprema.gov.co\/corte\/index.php\/conexion2020\/\"><img loading=\"lazy\" decoding=\"async\" class=\"alignnone wp-image-33057 size-full\" src=\"https:\/\/cortesuprema.gov.co\/corte\/wp-content\/uploads\/2020\/10\/datos_conexion.jpg\" alt=\"\" width=\"250\" height=\"37\" \/><\/a><br \/>\n<a href=\"https:\/\/cortesuprema.gov.co\/corte\/index.php\/contactenos2020\/\"><img loading=\"lazy\" decoding=\"async\" class=\"alignnone wp-image-33056 size-full\" src=\"https:\/\/cortesuprema.gov.co\/corte\/wp-content\/uploads\/2020\/10\/contactenos.jpg\" alt=\"\" width=\"250\" height=\"37\" \/><\/a><br \/>\n<\/div><\/div> <div class=\"su-column su-column-size-3-4\"><div class=\"su-column-inner su-u-clearfix su-u-trim\">\n<p><center><span style=\"color: #085f84; font-family: Arial, Helvetica, sans-serif; font-size: x-large;\"><b><a style=\"text-decoration: none; border-bottom: 2px solid #F5AC24; color: #085f84;\" href=\"#\">XXIII Encuentro de la Jurisdicci\u00f3n Ordinaria<\/a><\/b><\/span><\/center><\/p>\n<h4><\/h4>\n<p><center><b><i>\u201cJusticia, virtualidad e independencia\u201d<\/i><\/b><\/center><center><\/center>&nbsp;<\/p>\n<p><center><span style=\"color: #085f84; font-family: Arial, Helvetica, sans-serif; font-size: x-large;\"><b><a style=\"text-decoration: none; border-bottom: 2px solid #F5AC24; color: #085f84;\" href=\"#\">DATOS DE CONEXI\u00d3N<\/a><\/b><\/span><\/center>&nbsp;<\/p>\n<p>Conexi\u00f3n virtual a se\u00f1al originada desde Bogot\u00e1 (RTVC)<\/p>\n<p>Estar\u00e1n dispuesto los siguientes medios de transmisi\u00f3n:<\/p>\n<p>&nbsp;<\/p>\n<h2>1.<\/h2>\n<blockquote class=\"wp-embedded-content\" data-secret=\"xpiliEv8ia\"><p><a href=\"https:\/\/cortesuprema.gov.co\/corte\/index.php\/encuentro2020\/\">Encuentro Jurisdicci\u00f3n Ordinaria 2020<\/a><\/p><\/blockquote>\n<p><iframe loading=\"lazy\" class=\"wp-embedded-content\" sandbox=\"allow-scripts\" security=\"restricted\" style=\"position: absolute; clip: rect(1px, 1px, 1px, 1px);\" src=\"https:\/\/cortesuprema.gov.co\/corte\/index.php\/encuentro2020\/embed\/#?secret=xpiliEv8ia\" data-secret=\"xpiliEv8ia\" width=\"600\" height=\"338\" title=\"&#8220;Encuentro Jurisdicci\u00f3n Ordinaria 2020&#8221; &#8212; Corte\" frameborder=\"0\" marginwidth=\"0\" marginheight=\"0\" scrolling=\"no\"><\/iframe><\/p>\n<h2>2.<a href=\"https:\/\/cortesuprema.gov.co\/corte\/\" target=\"_blank\" rel=\"noopener noreferrer\"> www.cortesuprema.gov.co<\/a><\/h2>\n<h2>3. <a href=\"https:\/\/www.twitter.com\/@cortesupremaj\" target=\"_blank\" rel=\"noopener noreferrer\">https:\/\/www.twitter.com\/@cortesupremaj<\/a><\/h2>\n<h2>4. <a href=\"https:\/\/www.facebook.com\/Corte-Suprema-de-Justicia-873964706030937\/\">www.facebook.com\/Corte-Suprema-de-Justicia<\/a><\/h2>\n<h2>5. <a href=\"https:\/\/www.youtube.com\/channel\/UC7_SLsflSL2955-ULtEhc6w\">www.youtube.com\/CorteSuprema-de-Justicia<\/a><\/h2>\n<p>&nbsp;<\/p>\n<\/div><\/div> <\/div>\n<p><a href=\"https:\/\/cortesuprema.gov.co\/corte\/wp-content\/uploads\/2020\/10\/banner7-encuentro-2020.jpg\"><img loading=\"lazy\" decoding=\"async\" class=\"alignnone size-full wp-image-33095\" src=\"https:\/\/cortesuprema.gov.co\/corte\/wp-content\/uploads\/2020\/10\/banner7-encuentro-2020.jpg\" alt=\"\" width=\"1224\" height=\"255\" srcset=\"https:\/\/cortesuprema.gov.co\/corte\/wp-content\/uploads\/2020\/10\/banner7-encuentro-2020.jpg 1224w, https:\/\/cortesuprema.gov.co\/corte\/wp-content\/uploads\/2020\/10\/banner7-encuentro-2020-300x63.jpg 300w\" sizes=\"auto, (max-width: 709px) 85vw, (max-width: 909px) 67vw, (max-width: 1362px) 62vw, 840px\" \/><\/a><\/p>\n","protected":false},"excerpt":{"rendered":"XXIII Encuentro de la Jurisdicci\u00f3n Ordinaria \u201cJusticia, virtualidad e independencia\u201d&nbsp; DATOS DE CONEXI\u00d3N&nbsp; Conexi\u00f3n virtual a se\u00f1al originada desde Bogot\u00e1 (RTVC) Estar\u00e1n dispuesto los siguientes medios de transmisi\u00f3n: &nbsp; 1. https:\/\/cortesuprema.gov.co\/corte\/index.php\/encuentro2020\/ 2. www.cortesuprema.gov.co 3. https:\/\/www.twitter.com\/@cortesupremaj 4. www.facebook.com\/Corte-Suprema-de-Justicia 5. www.youtube.com\/CorteSuprema-de-Justicia &nbsp;","protected":false},"author":3,"featured_media":0,"parent":0,"menu_order":0,"comment_status":"closed","ping_status":"closed","template":"","meta":{"footnotes":""},"class_list":["post-33046","page","type-page","status-publish","hentry"],"_links":{"self":[{"href":"https:\/\/cortesuprema.gov.co\/corte\/index.php\/wp-json\/wp\/v2\/pages\/33046","targetHints":{"allow":["GET"]}}],"collection":[{"href":"https:\/\/cortesuprema.gov.co\/corte\/index.php\/wp-json\/wp\/v2\/pages"}],"about":[{"href":"https:\/\/cortesuprema.gov.co\/corte\/index.php\/wp-json\/wp\/v2\/types\/page"}],"author":[{"embeddable":true,"href":"https:\/\/cortesuprema.gov.co\/corte\/index.php\/wp-json\/wp\/v2\/users\/3"}],"replies":[{"embeddable":true,"href":"https:\/\/cortesuprema.gov.co\/corte\/index.php\/wp-json\/wp\/v2\/comments?post=33046"}],"version-history":[{"count":11,"href":"https:\/\/cortesuprema.gov.co\/corte\/index.php\/wp-json\/wp\/v2\/pages\/33046\/revisions"}],"predecessor-version":[{"id":33590,"href":"https:\/\/cortesuprema.gov.co\/corte\/index.php\/wp-json\/wp\/v2\/pages\/33046\/revisions\/33590"}],"wp:attachment":[{"href":"https:\/\/cortesuprema.gov.co\/corte\/index.php\/wp-json\/wp\/v2\/media?parent=33046"}],"curies":[{"name":"wp","href":"https:\/\/api.w.org\/{rel}","templated":true}]}}