{"id":33500,"date":"2020-11-06T11:08:23","date_gmt":"2020-11-06T16:08:23","guid":{"rendered":"https:\/\/cortesuprema.gov.co\/corte\/?page_id=33500"},"modified":"2020-12-18T16:40:30","modified_gmt":"2020-12-18T21:40:30","slug":"provestadosdesclaboral","status":"publish","type":"page","link":"https:\/\/cortesuprema.gov.co\/corte\/index.php\/provestadosdesclaboral\/","title":{"rendered":"Providencias en Estados Sala Descongesti\u00f3n Laboral 2020"},"content":{"rendered":"<h2 style=\"text-align: center;\"><strong>SALA DE DESCONGESTI\u00d3N LABORAL<\/strong><\/h2>\n<h2 style=\"text-align: center;\"><strong>Providencias notificadas en Estados\u00a0<\/strong><\/h2>\n<p style=\"text-align: right;\">Ir a <a href=\"https:\/\/cortesuprema.gov.co\/corte\/index.php\/notificacionesdesclab2020\/\" target=\"_blank\" rel=\"noopener noreferrer\">Notificaciones Sala Descongesti\u00f3n Laboral<\/a><\/p>\n<p style=\"text-align: left;\">Dando cumplimiento al Art\u00edculo 9 del Decreto 806 de 4 de junio de 2020, la Sala de Descongesti\u00f3n Laboral pone a disposici\u00f3n las providencias de cada Estado.<\/p>\n<hr \/>\n<div class=\"su-spoiler su-spoiler-style-fancy su-spoiler-icon-plus su-spoiler-closed\" data-scroll-offset=\"0\" data-anchor-in-url=\"no\"><div class=\"su-spoiler-title\" tabindex=\"0\" role=\"button\"><span class=\"su-spoiler-icon\"><\/span>Diciembre 2020<\/div><div class=\"su-spoiler-content su-u-clearfix su-u-trim\">\n<p>18\/12\/2020<\/p>\n<p><a href=\"https:\/\/cortesuprema.gov.co\/corte\/wp-content\/uploads\/not\/laboraldesc20\/prov\/77093(18-12-2020).pdf\" target=\"_blank\" rel=\"noopener noreferrer\">77093<\/a><\/p>\n<p>16\/12\/2020<\/p>\n<p><a href=\"https:\/\/cortesuprema.gov.co\/corte\/wp-content\/uploads\/not\/laboraldesc20\/prov\/61592 (07-12-2020).pdf\" target=\"_blank\" rel=\"noopener noreferrer\">61592<\/a><\/p>\n<p>15\/12\/2020<\/p>\n<p><a href=\"https:\/\/cortesuprema.gov.co\/corte\/wp-content\/uploads\/not\/laboraldesc20\/prov\/69548 (01-09-2020).pdf\" target=\"_blank\" rel=\"noopener noreferrer\">69548<\/a><\/p>\n<p><a href=\"https:\/\/cortesuprema.gov.co\/corte\/wp-content\/uploads\/not\/laboraldesc20\/prov\/70123 (20-10-2020).pdf\" target=\"_blank\" rel=\"noopener noreferrer\">70123<\/a><\/p>\n<p><a href=\"https:\/\/cortesuprema.gov.co\/corte\/wp-content\/uploads\/not\/laboraldesc20\/prov\/70175 (15-09-2020).pdf\" target=\"_blank\" rel=\"noopener noreferrer\">70175<\/a><\/p>\n<p><a href=\"https:\/\/cortesuprema.gov.co\/corte\/wp-content\/uploads\/not\/laboraldesc20\/prov\/70175 (15-09-2020).pdf\" target=\"_blank\" rel=\"noopener noreferrer\">81739<\/a><\/p>\n<p>&nbsp;<\/p>\n<p>11\/12\/2020<\/p>\n<p><a href=\"https:\/\/cortesuprema.gov.co\/corte\/wp-content\/uploads\/not\/laboraldesc20\/prov\/62205(11-12-2020).pdf\" target=\"_blank\" rel=\"noopener noreferrer\">62205<\/a><\/p>\n<p><a href=\"https:\/\/cortesuprema.gov.co\/corte\/wp-content\/uploads\/not\/laboraldesc20\/prov\/65550 (07-12-2020).pdf\" target=\"_blank\" rel=\"noopener noreferrer\">65550<\/a><\/p>\n<p><a href=\"https:\/\/cortesuprema.gov.co\/corte\/wp-content\/uploads\/not\/laboraldesc20\/prov\/65895(11-12-2020).pdf\" target=\"_blank\" rel=\"noopener noreferrer\">65895<\/a><\/p>\n<p><a href=\"https:\/\/cortesuprema.gov.co\/corte\/wp-content\/uploads\/not\/laboraldesc20\/prov\/68937(11-12-2020).pdf\" target=\"_blank\" rel=\"noopener noreferrer\">68937<\/a><\/p>\n<p><a href=\"https:\/\/cortesuprema.gov.co\/corte\/wp-content\/uploads\/not\/laboraldesc20\/prov\/78548(11-12-2020).pdf\" target=\"_blank\" rel=\"noopener noreferrer\">78548<\/a><\/p>\n<p><a href=\"https:\/\/cortesuprema.gov.co\/corte\/wp-content\/uploads\/not\/laboraldesc20\/prov\/67564 (11-12-2020).pdf\" target=\"_blank\" rel=\"noopener noreferrer\">67564<\/a><\/p>\n<p><a href=\"https:\/\/cortesuprema.gov.co\/corte\/wp-content\/uploads\/not\/laboraldesc20\/prov\/71597 (11-12-2020).pdf\" target=\"_blank\" rel=\"noopener noreferrer\">71597<\/a><\/p>\n<p>10\/12\/2020<\/p>\n<p><a href=\"https:\/\/cortesuprema.gov.co\/corte\/wp-content\/uploads\/not\/laboraldesc20\/prov\/78474 (10-12-2020).pdf\">78474<\/a><\/p>\n<p><a href=\"https:\/\/cortesuprema.gov.co\/corte\/wp-content\/uploads\/not\/laboraldesc20\/prov\/82058 (01-12-2020).pdf\" target=\"_blank\" rel=\"noopener noreferrer\">82058<\/a><\/p>\n<\/div><\/div>\n<div class=\"su-spoiler su-spoiler-style-fancy su-spoiler-icon-plus su-spoiler-closed\" data-scroll-offset=\"0\" data-anchor-in-url=\"no\"><div class=\"su-spoiler-title\" tabindex=\"0\" role=\"button\"><span class=\"su-spoiler-icon\"><\/span>Noviembre 2020<\/div><div class=\"su-spoiler-content su-u-clearfix su-u-trim\">\n<p>30\/11\/2020<\/p>\n<p><a href=\"https:\/\/cortesuprema.gov.co\/corte\/wp-content\/uploads\/not\/laboraldesc20\/prov\/63318 (25-11-2020).pdf\" target=\"_blank\" rel=\"noopener noreferrer\">63318<\/a><\/p>\n<p>27\/11\/2020<\/p>\n<p><a href=\"https:\/\/cortesuprema.gov.co\/corte\/wp-content\/uploads\/not\/laboraldesc20\/prov\/71374(25-11-2020).pdf\" target=\"_blank\" rel=\"noopener noreferrer\">71374<\/a><br \/>\n<a href=\"https:\/\/cortesuprema.gov.co\/corte\/wp-content\/uploads\/not\/laboraldesc20\/prov\/80239(25-11-2020).pdf\" target=\"_blank\" rel=\"noopener noreferrer\">80239<\/a><\/p>\n<p>26\/11\/2020<\/p>\n<p><a href=\"https:\/\/cortesuprema.gov.co\/corte\/wp-content\/uploads\/not\/laboraldesc20\/prov\/73275 (25-11-2020).pdf\" target=\"_blank\" rel=\"noopener noreferrer\">73275<\/a><\/p>\n<p>25\/11\/2020<\/p>\n<p><a href=\"https:\/\/cortesuprema.gov.co\/corte\/wp-content\/uploads\/not\/laboraldesc20\/prov\/66326 (17-11-2020).pdf\" target=\"_blank\" rel=\"noopener noreferrer\">66326<\/a><br \/>\n<a href=\"https:\/\/cortesuprema.gov.co\/corte\/wp-content\/uploads\/not\/laboraldesc20\/prov\/69746 (9-11-2020).pdf\" target=\"_blank\" rel=\"noopener noreferrer\">69746<\/a><\/p>\n<p>24\/11\/2020<\/p>\n<p><a href=\"https:\/\/cortesuprema.gov.co\/corte\/wp-content\/uploads\/2020\/11\/73676-23-11-2020.pdf\" target=\"_blank\" rel=\"noopener noreferrer\">73676<\/a><\/p>\n<p>23\/11\/2020<\/p>\n<p><a href=\"https:\/\/cortesuprema.gov.co\/corte\/wp-content\/uploads\/not\/laboraldesc20\/prov\/78508 (02-06-20).pdf\" target=\"_blank\" rel=\"noopener noreferrer\">78508<\/a><\/p>\n<p>19\/11\/2020<\/p>\n<p><a href=\"https:\/\/cortesuprema.gov.co\/corte\/wp-content\/uploads\/not\/laboraldesc20\/prov\/69780 (20-10-20).pdf\" target=\"_blank\" rel=\"noopener noreferrer\">69780<\/a><\/p>\n<p>17\/11\/2020<\/p>\n<p><a href=\"https:\/\/cortesuprema.gov.co\/corte\/wp-content\/uploads\/not\/laboraldesc20\/prov\/73864 (13-11-20).pdf\" target=\"_blank\" rel=\"noopener noreferrer\"> 73864<\/a><br \/>\n<a href=\"https:\/\/cortesuprema.gov.co\/corte\/wp-content\/uploads\/not\/laboraldesc20\/prov\/74306 (11-11-20).pdf\" target=\"_blank\" rel=\"noopener noreferrer\"> 74306<\/a><br \/>\n<a href=\"https:\/\/cortesuprema.gov.co\/corte\/wp-content\/uploads\/not\/laboraldesc20\/prov\/70865 (11-11-20).pdf\" target=\"_blank\" rel=\"noopener noreferrer\"> 70865<\/a><\/p>\n<p>13\/11\/2020<\/p>\n<p><a href=\"https:\/\/cortesuprema.gov.co\/corte\/wp-content\/uploads\/2020\/11\/68788-10-11-2020.pdf\" target=\"_blank\" rel=\"noopener noreferrer\">68788<\/a><br \/>\n<a href=\"https:\/\/cortesuprema.gov.co\/corte\/wp-content\/uploads\/not\/laboraldesc20\/prov\/72065 (12-11-2020).pdf\" target=\"_blank\" rel=\"noopener noreferrer\"> 72065<\/a><br \/>\n<a href=\"https:\/\/cortesuprema.gov.co\/corte\/wp-content\/uploads\/not\/laboraldesc20\/prov\/71479 (11-11-2020).pdf\" target=\"_blank\" rel=\"noopener noreferrer\"> 71479<\/a><br \/>\n<a href=\"https:\/\/cortesuprema.gov.co\/corte\/wp-content\/uploads\/2020\/11\/78508-10-11-2020.pdf\" target=\"_blank\" rel=\"noopener noreferrer\">78508<\/a><\/p>\n<p>12\/11\/2020<\/p>\n<p><a href=\"https:\/\/cortesuprema.gov.co\/corte\/wp-content\/uploads\/not\/laboraldesc20\/prov\/57849(12-11-20).pdf\" target=\"_blank\" rel=\"noopener noreferrer\"> 57849(12-11-20)<\/a><br \/>\n<a href=\"https:\/\/cortesuprema.gov.co\/corte\/wp-content\/uploads\/not\/laboraldesc20\/prov\/55175(12-11-20).pdf\" target=\"_blank\" rel=\"noopener noreferrer\"> 55175(12-11-20)<\/a><\/p>\n<p>11\/11\/2020<\/p>\n<p><a href=\"https:\/\/cortesuprema.gov.co\/corte\/wp-content\/uploads\/not\/laboraldesc20\/prov\/81434 (11-11-20).pdf\" target=\"_blank\" rel=\"noopener noreferrer\">81434 (11-11-20)<\/a><\/p>\n<p>9\/11\/2020<\/p>\n<p><a href=\"https:\/\/cortesuprema.gov.co\/corte\/wp-content\/uploads\/not\/laboraldesc20\/prov\/80719 (09-11-20).pdf\" target=\"_blank\" rel=\"noopener noreferrer\">80719 (09-11-20)<\/a><\/p>\n<p>6\/11\/2020<\/p>\n<p><a href=\"https:\/\/cortesuprema.gov.co\/corte\/wp-content\/uploads\/not\/laboraldesc20\/prov\/68546 (06-11-20).pdf\" target=\"_blank\" rel=\"noopener noreferrer\"> 68546 (06-11-20)<\/a><br \/>\n<a href=\"https:\/\/cortesuprema.gov.co\/corte\/wp-content\/uploads\/not\/laboraldesc20\/prov\/62175 (06-11-20).pdf\" target=\"_blank\" rel=\"noopener noreferrer\"> 62175 (06-11-20)<\/a><br \/>\n<a href=\"https:\/\/cortesuprema.gov.co\/corte\/wp-content\/uploads\/not\/laboraldesc20\/prov\/70368 (06-11-20).pdf\" target=\"_blank\" rel=\"noopener noreferrer\"> 70368 (06-11-20)<\/a><br \/>\n<a href=\"https:\/\/cortesuprema.gov.co\/corte\/wp-content\/uploads\/not\/laboraldesc20\/prov\/72449 (06-11-20).pdf\" target=\"_blank\" rel=\"noopener noreferrer\"> 72449 (06-11-20)<\/a><br \/>\n<a href=\"https:\/\/cortesuprema.gov.co\/corte\/wp-content\/uploads\/not\/laboraldesc20\/prov\/79004 (06-11-20).pdf\" target=\"_blank\" rel=\"noopener noreferrer\"> 79004 (06-11-20)<\/a><br \/>\n<a href=\"https:\/\/cortesuprema.gov.co\/corte\/wp-content\/uploads\/not\/laboraldesc20\/prov\/75921 (06-11-20).pdf\" target=\"_blank\" rel=\"noopener noreferrer\"> 75921 (06-11-20)<\/a><\/p>\n<p>4\/11\/2020<\/p>\n<p><a href=\"https:\/\/cortesuprema.gov.co\/corte\/wp-content\/uploads\/2020\/11\/63255-04-11-2020.pdf\" target=\"_blank\" rel=\"noopener noreferrer\">63255 (04-11-20)<\/a><br \/>\n<a href=\"https:\/\/cortesuprema.gov.co\/corte\/wp-content\/uploads\/2020\/11\/67772-04-11-2020.pdf\" target=\"_blank\" rel=\"noopener noreferrer\">67772 (04-11-20)<\/a><br \/>\n70173<a href=\"https:\/\/cortesuprema.gov.co\/corte\/wp-content\/uploads\/2020\/11\/70173-04-11-2020.pdf\" target=\"_blank\" rel=\"noopener noreferrer\"> (04-11-20)<\/a><br \/>\n<a href=\"https:\/\/cortesuprema.gov.co\/corte\/wp-content\/uploads\/2020\/11\/70466-04-11-2020.pdf\" target=\"_blank\" rel=\"noopener noreferrer\"> 70466 (04-11-20)<\/a><br \/>\n<a href=\"https:\/\/cortesuprema.gov.co\/corte\/wp-content\/uploads\/2020\/11\/71965-04-11-2020.pdf\" target=\"_blank\" rel=\"noopener noreferrer\"> 71965 (04-11-20)<\/a><br \/>\n<a href=\"https:\/\/cortesuprema.gov.co\/corte\/wp-content\/uploads\/2020\/11\/72190-04-11-2020.pdf\" target=\"_blank\" rel=\"noopener noreferrer\"> 72190 (04-11-20)<\/a><br \/>\n<a href=\"https:\/\/cortesuprema.gov.co\/corte\/wp-content\/uploads\/2020\/11\/77475-04-11-2020.pdf\" target=\"_blank\" rel=\"noopener noreferrer\"> 77475 (04-11-20)<\/a><br \/>\n<a href=\"https:\/\/cortesuprema.gov.co\/corte\/wp-content\/uploads\/2020\/11\/78655-04-11-2020.pdf\" target=\"_blank\" rel=\"noopener noreferrer\">78655 (04-11-20)<\/a><br \/>\n<a href=\"https:\/\/cortesuprema.gov.co\/corte\/wp-content\/uploads\/2020\/11\/78859-04-11-2020.pdf\" target=\"_blank\" rel=\"noopener noreferrer\">78859 (04-11-20)<\/a><br \/>\n<a href=\"https:\/\/cortesuprema.gov.co\/corte\/wp-content\/uploads\/2020\/11\/79553-04-11-2020.pdf\" target=\"_blank\" rel=\"noopener noreferrer\"> 79553 (04-11-20)<\/a><br \/>\n<a href=\"https:\/\/cortesuprema.gov.co\/corte\/wp-content\/uploads\/2020\/11\/86011-04-11-2020.pdf\" target=\"_blank\" rel=\"noopener noreferrer\">86011 (04-11-20)<\/a><\/p>\n<p>&nbsp;<\/p>\n<p>3\/11\/2020<\/p>\n<p><a href=\"https:\/\/cortesuprema.gov.co\/corte\/wp-content\/uploads\/not\/laboraldesc20\/prov\/81046 (20-10-20).pdf\" target=\"_blank\" rel=\"noopener noreferrer\">81046 (20-10-20)<\/a><\/p>\n<\/div><\/div>\n<p>&nbsp;<\/p>\n","protected":false},"excerpt":{"rendered":"<p>SALA DE DESCONGESTI\u00d3N LABORAL Providencias notificadas en Estados\u00a0 Ir a Notificaciones Sala Descongesti\u00f3n Laboral Dando cumplimiento al Art\u00edculo 9 del Decreto 806 de 4 de junio de 2020, la Sala de Descongesti\u00f3n Laboral pone a disposici\u00f3n las providencias de cada Estado. &nbsp;<\/p>\n","protected":false},"author":3,"featured_media":0,"parent":0,"menu_order":0,"comment_status":"closed","ping_status":"closed","template":"","meta":{"footnotes":""},"class_list":["post-33500","page","type-page","status-publish","hentry"],"_links":{"self":[{"href":"https:\/\/cortesuprema.gov.co\/corte\/index.php\/wp-json\/wp\/v2\/pages\/33500","targetHints":{"allow":["GET"]}}],"collection":[{"href":"https:\/\/cortesuprema.gov.co\/corte\/index.php\/wp-json\/wp\/v2\/pages"}],"about":[{"href":"https:\/\/cortesuprema.gov.co\/corte\/index.php\/wp-json\/wp\/v2\/types\/page"}],"author":[{"embeddable":true,"href":"https:\/\/cortesuprema.gov.co\/corte\/index.php\/wp-json\/wp\/v2\/users\/3"}],"replies":[{"embeddable":true,"href":"https:\/\/cortesuprema.gov.co\/corte\/index.php\/wp-json\/wp\/v2\/comments?post=33500"}],"version-history":[{"count":28,"href":"https:\/\/cortesuprema.gov.co\/corte\/index.php\/wp-json\/wp\/v2\/pages\/33500\/revisions"}],"predecessor-version":[{"id":34641,"href":"https:\/\/cortesuprema.gov.co\/corte\/index.php\/wp-json\/wp\/v2\/pages\/33500\/revisions\/34641"}],"wp:attachment":[{"href":"https:\/\/cortesuprema.gov.co\/corte\/index.php\/wp-json\/wp\/v2\/media?parent=33500"}],"curies":[{"name":"wp","href":"https:\/\/api.w.org\/{rel}","templated":true}]}}