{"id":33845,"date":"2020-11-19T12:36:36","date_gmt":"2020-11-19T17:36:36","guid":{"rendered":"https:\/\/cortesuprema.gov.co\/corte\/?page_id=33845"},"modified":"2020-11-23T16:27:47","modified_gmt":"2020-11-23T21:27:47","slug":"xiiconexion","status":"publish","type":"page","link":"https:\/\/cortesuprema.gov.co\/corte\/index.php\/xiiconexion\/","title":{"rendered":"Datos de Conexi\u00f3n"},"content":{"rendered":"<div class=\"su-row\"><div class=\"su-column su-column-size-1-6\"><div class=\"su-column-inner su-u-clearfix su-u-trim\"><img loading=\"lazy\" decoding=\"async\" src=\"https:\/\/cortesuprema.gov.co\/corte\/wp-content\/uploads\/2020\/11\/p88menu.jpg\" alt=\"\" width=\"201\" height=\"77\" \/><a href=\"https:\/\/cortesuprema.gov.co\/corte\/index.php\/xiilaboral\/\"><img loading=\"lazy\" decoding=\"async\" src=\"https:\/\/cortesuprema.gov.co\/corte\/wp-content\/uploads\/2020\/11\/p2menu.jpg\" alt=\"\" width=\"201\" height=\"46\" \/><\/a><br \/>\n<a href=\"https:\/\/cortesuprema.gov.co\/corte\/index.php\/xiiprograma\/\"><img loading=\"lazy\" decoding=\"async\" src=\"https:\/\/cortesuprema.gov.co\/corte\/wp-content\/uploads\/2020\/11\/p3menu.jpg\" alt=\"\" width=\"201\" height=\"46\" \/><\/a><a href=\"https:\/\/cortesuprema.gov.co\/corte\/index.php\/xiiconexion\/\"><img loading=\"lazy\" decoding=\"async\" src=\"https:\/\/cortesuprema.gov.co\/corte\/wp-content\/uploads\/2020\/11\/p4menu.jpg\" alt=\"\" width=\"201\" height=\"57\" \/><\/a><a href=\"https:\/\/cortesuprema.gov.co\/corte\/index.php\/xiiconferencistas\/\"><img loading=\"lazy\" decoding=\"async\" src=\"https:\/\/cortesuprema.gov.co\/corte\/wp-content\/uploads\/2020\/11\/p5menu.jpg\" alt=\"\" width=\"201\" height=\"48\" \/><\/a><a href=\"https:\/\/cortesuprema.gov.co\/corte\/index.php\/xiipanelistas\/\"><img loading=\"lazy\" decoding=\"async\" src=\"https:\/\/cortesuprema.gov.co\/corte\/wp-content\/uploads\/2020\/11\/p6menu.jpg\" alt=\"\" width=\"201\" height=\"50\" \/><\/a><a href=\"https:\/\/cortesuprema.gov.co\/corte\/index.php\/xiidiscusion\/\"><img loading=\"lazy\" decoding=\"async\" src=\"https:\/\/cortesuprema.gov.co\/corte\/wp-content\/uploads\/2020\/11\/p7menu.jpg\" alt=\"\" width=\"201\" height=\"77\" \/><\/a><a href=\"https:\/\/cortesuprema.gov.co\/corte\/index.php\/xiimemorias\/\"><img loading=\"lazy\" decoding=\"async\" src=\"https:\/\/cortesuprema.gov.co\/corte\/wp-content\/uploads\/2020\/11\/p8menu.jpg\" alt=\"\" width=\"201\" height=\"77\" \/><\/a><br \/>\n<a href=\"https:\/\/cortesuprema.gov.co\/corte\/wp-content\/uploads\/2020\/11\/p88menu.jpg\"><img loading=\"lazy\" decoding=\"async\" src=\"https:\/\/cortesuprema.gov.co\/corte\/wp-content\/uploads\/2020\/11\/p88menu.jpg\" alt=\"\" width=\"201\" height=\"102\" \/><img loading=\"lazy\" decoding=\"async\" src=\"https:\/\/cortesuprema.gov.co\/corte\/wp-content\/uploads\/2020\/11\/p88menu.jpg\" alt=\"\" width=\"201\" height=\"102\" \/><br \/>\n<img loading=\"lazy\" decoding=\"async\" src=\"https:\/\/cortesuprema.gov.co\/corte\/wp-content\/uploads\/2020\/11\/p88menu.jpg\" alt=\"\" width=\"201\" height=\"102\" \/><img loading=\"lazy\" decoding=\"async\" src=\"https:\/\/cortesuprema.gov.co\/corte\/wp-content\/uploads\/2020\/11\/p88menu.jpg\" alt=\"\" width=\"201\" height=\"102\" \/><img loading=\"lazy\" decoding=\"async\" src=\"https:\/\/cortesuprema.gov.co\/corte\/wp-content\/uploads\/2020\/11\/p88menu.jpg\" alt=\"\" width=\"201\" height=\"102\" \/><\/a><br \/>\n<\/div><\/div>\n<div class=\"su-column su-column-size-5-6\"><div class=\"su-column-inner su-u-clearfix su-u-trim\">\n<p><a href=\"https:\/\/cortesuprema.gov.co\/corte\/wp-content\/uploads\/2020\/11\/subbannerxiilaboral.png\"><img loading=\"lazy\" decoding=\"async\" class=\"alignnone size-full wp-image-33861\" src=\"https:\/\/cortesuprema.gov.co\/corte\/wp-content\/uploads\/2020\/11\/subbannerxiilaboral.png\" alt=\"\" width=\"786\" height=\"230\" srcset=\"https:\/\/cortesuprema.gov.co\/corte\/wp-content\/uploads\/2020\/11\/subbannerxiilaboral.png 786w, https:\/\/cortesuprema.gov.co\/corte\/wp-content\/uploads\/2020\/11\/subbannerxiilaboral-300x88.png 300w\" sizes=\"auto, (max-width: 786px) 85vw, 786px\" \/><\/a><\/p>\n<p><strong>Conexi\u00f3n virtual a se\u00f1al originada desde Bogot\u00e1 (RTVC)<\/strong><\/p>\n<p><strong>Estar\u00e1n dispuesto los siguientes medios de transmisi\u00f3n:<\/strong><\/p>\n<p>&nbsp;<\/p>\n<h2>1.<\/h2>\n<blockquote class=\"wp-embedded-content\" data-secret=\"PmmG4senyz\"><p><a href=\"https:\/\/cortesuprema.gov.co\/corte\/index.php\/xiilaboral\/\">XII Conversatorio Nacional de la Especialidad Laboral<\/a><\/p><\/blockquote>\n<p><iframe loading=\"lazy\" class=\"wp-embedded-content\" sandbox=\"allow-scripts\" security=\"restricted\" style=\"position: absolute; clip: rect(1px, 1px, 1px, 1px);\" src=\"https:\/\/cortesuprema.gov.co\/corte\/index.php\/xiilaboral\/embed\/#?secret=PmmG4senyz\" data-secret=\"PmmG4senyz\" width=\"600\" height=\"338\" title=\"&#8220;XII Conversatorio Nacional de la Especialidad Laboral&#8221; &#8212; Corte\" frameborder=\"0\" marginwidth=\"0\" marginheight=\"0\" scrolling=\"no\"><\/iframe><\/p>\n<h2>2.<a href=\"https:\/\/cortesuprema.gov.co\/corte\/\" target=\"_blank\" rel=\"noopener noreferrer\"> www.cortesuprema.gov.co<\/a><\/h2>\n<h2>3. <a href=\"https:\/\/www.twitter.com\/@cortesupremaj\" target=\"_blank\" rel=\"noopener noreferrer\">https:\/\/www.twitter.com\/@cortesupremaj<\/a><\/h2>\n<h2>4. <a href=\"https:\/\/www.facebook.com\/Corte-Suprema-de-Justicia-873964706030937\/\">www.facebook.com\/Corte-Suprema-de-Justicia<\/a><\/h2>\n<h2>5. <a href=\"https:\/\/www.youtube.com\/channel\/UC7_SLsflSL2955-ULtEhc6w\">www.youtube.com\/CorteSuprema-de-Justicia<\/a><\/h2>\n<p>&nbsp;<\/p>\n<\/div><\/div>\n<\/div>\n","protected":false},"excerpt":{"rendered":"Conexi\u00f3n virtual a se\u00f1al originada desde Bogot\u00e1 (RTVC) Estar\u00e1n dispuesto los siguientes medios de transmisi\u00f3n: &nbsp; 1. https:\/\/cortesuprema.gov.co\/corte\/index.php\/xiilaboral\/ 2. www.cortesuprema.gov.co 3. https:\/\/www.twitter.com\/@cortesupremaj 4. www.facebook.com\/Corte-Suprema-de-Justicia 5. www.youtube.com\/CorteSuprema-de-Justicia &nbsp;","protected":false},"author":3,"featured_media":0,"parent":0,"menu_order":0,"comment_status":"closed","ping_status":"closed","template":"","meta":{"footnotes":""},"class_list":["post-33845","page","type-page","status-publish","hentry"],"_links":{"self":[{"href":"https:\/\/cortesuprema.gov.co\/corte\/index.php\/wp-json\/wp\/v2\/pages\/33845","targetHints":{"allow":["GET"]}}],"collection":[{"href":"https:\/\/cortesuprema.gov.co\/corte\/index.php\/wp-json\/wp\/v2\/pages"}],"about":[{"href":"https:\/\/cortesuprema.gov.co\/corte\/index.php\/wp-json\/wp\/v2\/types\/page"}],"author":[{"embeddable":true,"href":"https:\/\/cortesuprema.gov.co\/corte\/index.php\/wp-json\/wp\/v2\/users\/3"}],"replies":[{"embeddable":true,"href":"https:\/\/cortesuprema.gov.co\/corte\/index.php\/wp-json\/wp\/v2\/comments?post=33845"}],"version-history":[{"count":9,"href":"https:\/\/cortesuprema.gov.co\/corte\/index.php\/wp-json\/wp\/v2\/pages\/33845\/revisions"}],"predecessor-version":[{"id":34103,"href":"https:\/\/cortesuprema.gov.co\/corte\/index.php\/wp-json\/wp\/v2\/pages\/33845\/revisions\/34103"}],"wp:attachment":[{"href":"https:\/\/cortesuprema.gov.co\/corte\/index.php\/wp-json\/wp\/v2\/media?parent=33845"}],"curies":[{"name":"wp","href":"https:\/\/api.w.org\/{rel}","templated":true}]}}