{"id":33850,"date":"2020-11-19T12:37:40","date_gmt":"2020-11-19T17:37:40","guid":{"rendered":"https:\/\/cortesuprema.gov.co\/corte\/?page_id=33850"},"modified":"2020-11-25T10:38:18","modified_gmt":"2020-11-25T15:38:18","slug":"xiipanelistas","status":"publish","type":"page","link":"https:\/\/cortesuprema.gov.co\/corte\/index.php\/xiipanelistas\/","title":{"rendered":"Panelistas"},"content":{"rendered":"<div class=\"su-row\"><div class=\"su-column su-column-size-1-6\"><div class=\"su-column-inner su-u-clearfix su-u-trim\"><img loading=\"lazy\" decoding=\"async\" src=\"https:\/\/cortesuprema.gov.co\/corte\/wp-content\/uploads\/2020\/11\/p88menu.jpg\" alt=\"\" width=\"201\" height=\"77\" \/><a href=\"https:\/\/cortesuprema.gov.co\/corte\/index.php\/xiilaboral\/\"><img loading=\"lazy\" decoding=\"async\" src=\"https:\/\/cortesuprema.gov.co\/corte\/wp-content\/uploads\/2020\/11\/p2menu.jpg\" alt=\"\" width=\"201\" height=\"46\" \/><\/a><br \/>\n<a href=\"https:\/\/cortesuprema.gov.co\/corte\/index.php\/xiiprograma\/\"><img loading=\"lazy\" decoding=\"async\" src=\"https:\/\/cortesuprema.gov.co\/corte\/wp-content\/uploads\/2020\/11\/p3menu.jpg\" alt=\"\" width=\"201\" height=\"46\" \/><\/a><a href=\"https:\/\/cortesuprema.gov.co\/corte\/index.php\/xiiconexion\/\"><img loading=\"lazy\" decoding=\"async\" src=\"https:\/\/cortesuprema.gov.co\/corte\/wp-content\/uploads\/2020\/11\/p4menu.jpg\" alt=\"\" width=\"201\" height=\"57\" \/><\/a><a href=\"https:\/\/cortesuprema.gov.co\/corte\/index.php\/xiiconferencistas\/\"><img loading=\"lazy\" decoding=\"async\" src=\"https:\/\/cortesuprema.gov.co\/corte\/wp-content\/uploads\/2020\/11\/p5menu.jpg\" alt=\"\" width=\"201\" height=\"48\" \/><\/a><a href=\"https:\/\/cortesuprema.gov.co\/corte\/index.php\/xiipanelistas\/\"><img loading=\"lazy\" decoding=\"async\" src=\"https:\/\/cortesuprema.gov.co\/corte\/wp-content\/uploads\/2020\/11\/p6menu.jpg\" alt=\"\" width=\"201\" height=\"50\" \/><\/a><a href=\"https:\/\/cortesuprema.gov.co\/corte\/index.php\/xiidiscusion\/\"><img loading=\"lazy\" decoding=\"async\" src=\"https:\/\/cortesuprema.gov.co\/corte\/wp-content\/uploads\/2020\/11\/p7menu.jpg\" alt=\"\" width=\"201\" height=\"77\" \/><\/a><a href=\"https:\/\/cortesuprema.gov.co\/corte\/index.php\/xiimemorias\/\"><img loading=\"lazy\" decoding=\"async\" src=\"https:\/\/cortesuprema.gov.co\/corte\/wp-content\/uploads\/2020\/11\/p8menu.jpg\" alt=\"\" width=\"201\" height=\"77\" \/><\/a><br \/>\n<a href=\"https:\/\/cortesuprema.gov.co\/corte\/wp-content\/uploads\/2020\/11\/p88menu.jpg\"><img loading=\"lazy\" decoding=\"async\" src=\"https:\/\/cortesuprema.gov.co\/corte\/wp-content\/uploads\/2020\/11\/p88menu.jpg\" alt=\"\" width=\"201\" height=\"102\" \/><img loading=\"lazy\" decoding=\"async\" src=\"https:\/\/cortesuprema.gov.co\/corte\/wp-content\/uploads\/2020\/11\/p88menu.jpg\" alt=\"\" width=\"201\" height=\"102\" \/><br \/>\n<img loading=\"lazy\" decoding=\"async\" src=\"https:\/\/cortesuprema.gov.co\/corte\/wp-content\/uploads\/2020\/11\/p88menu.jpg\" alt=\"\" width=\"201\" height=\"102\" \/><img loading=\"lazy\" decoding=\"async\" src=\"https:\/\/cortesuprema.gov.co\/corte\/wp-content\/uploads\/2020\/11\/p88menu.jpg\" alt=\"\" width=\"201\" height=\"102\" \/><img loading=\"lazy\" decoding=\"async\" src=\"https:\/\/cortesuprema.gov.co\/corte\/wp-content\/uploads\/2020\/11\/p88menu.jpg\" alt=\"\" width=\"201\" height=\"102\" \/><\/a><br \/>\n<\/div><\/div>\n<div class=\"su-column su-column-size-5-6\"><div class=\"su-column-inner su-u-clearfix su-u-trim\">\n<p><a href=\"https:\/\/cortesuprema.gov.co\/corte\/wp-content\/uploads\/2020\/11\/subbannerxiilaboral.png\"><img loading=\"lazy\" decoding=\"async\" class=\"alignnone size-full wp-image-33861\" src=\"https:\/\/cortesuprema.gov.co\/corte\/wp-content\/uploads\/2020\/11\/subbannerxiilaboral.png\" alt=\"\" width=\"786\" height=\"230\" srcset=\"https:\/\/cortesuprema.gov.co\/corte\/wp-content\/uploads\/2020\/11\/subbannerxiilaboral.png 786w, https:\/\/cortesuprema.gov.co\/corte\/wp-content\/uploads\/2020\/11\/subbannerxiilaboral-300x88.png 300w\" sizes=\"auto, (max-width: 786px) 85vw, 786px\" \/><\/a><img loading=\"lazy\" decoding=\"async\" src=\"https:\/\/cortesuprema.gov.co\/corte\/wp-content\/uploads\/2020\/11\/panel1.jpg\" alt=\"\" width=\"980\" height=\"416\" \/><br \/>\nVer perfiles: <a href=\"https:\/\/www.cortesuprema.gov.co\/corte\/wp-content\/uploads\/publicaciones\/HV\/HV_panel 1_ moderadora_Clara Cecilia Due\u00f1as Quevedo.pdf\" target=\"_blank\" rel=\"noopener noreferrer\">Dra. Clara Cecilia Due\u00f1as Quevedo<\/a> &#8211; <a href=\"https:\/\/www.cortesuprema.gov.co\/corte\/wp-content\/uploads\/publicaciones\/HV\/HV_panel 1_ alberto_echavarria cv.pdf\" target=\"_blank\" rel=\"noopener noreferrer\">Dr. Alberto Echavarr\u00eda Saldarriaga<\/a> &#8211; <a href=\"https:\/\/www.cortesuprema.gov.co\/corte\/wp-content\/uploads\/publicaciones\/HV\/HV_panel 2 - Xavier Beaudonnet.pdf\" target=\"_blank\" rel=\"noopener noreferrer\">Dr. Xavier Beaudonnet<\/a> &#8211; <a href=\"https:\/\/www.cortesuprema.gov.co\/corte\/wp-content\/uploads\/publicaciones\/HV\/HV_panel 1_edwin_palma.pdf\" target=\"_blank\" rel=\"noopener noreferrer\">Dr. Edwin Palma Egea<\/a><\/p>\n<p><img loading=\"lazy\" decoding=\"async\" src=\"https:\/\/cortesuprema.gov.co\/corte\/wp-content\/uploads\/2020\/11\/panel2.jpg\" alt=\"\" width=\"980\" height=\"642\" \/><br \/>\nVer perfiles: <a href=\"https:\/\/www.cortesuprema.gov.co\/corte\/wp-content\/uploads\/publicaciones\/HV\/HV_panel 2_moderaror gustavo gnecco.pdf\" target=\"_blank\" rel=\"noopener noreferrer\">Dr. Gustavo Jos\u00e9 Gnecco Mendoza<\/a> &#8211; <a href=\"https:\/\/www.cortesuprema.gov.co\/corte\/wp-content\/uploads\/publicaciones\/HV\/HV_panel 2_angel custodio cabrera.pdf\" target=\"_blank\" rel=\"noopener noreferrer\">Dr. Angel Custodio Cabrera B\u00e1ez<\/a> &#8211; <a href=\"https:\/\/www.cortesuprema.gov.co\/corte\/wp-content\/uploads\/publicaciones\/HV\/HV_panel 2_sandra lisset ibarra.pdf\" target=\"_blank\" rel=\"noopener noreferrer\">Dra. Sandra Lisset Ibarra V\u00e9lez &#8211; <\/a><a href=\"https:\/\/www.cortesuprema.gov.co\/corte\/wp-content\/uploads\/publicaciones\/HV\/HV_panel 2_humbeto villasmil.pdf\" target=\"_blank\" rel=\"noopener noreferrer\">Dr. Humberto Villasmil Prieto- <\/a><a href=\"https:\/\/www.cortesuprema.gov.co\/corte\/wp-content\/uploads\/publicaciones\/HV\/HV_panel 2_juan carlos cort\u00e9s gonz\u00e1lez .pdf\" target=\"_blank\" rel=\"noopener noreferrer\">Dr. Juan Carlos Cort\u00e9s Gonz\u00e1lez<\/a><\/p>\n<p><img loading=\"lazy\" decoding=\"async\" src=\"https:\/\/cortesuprema.gov.co\/corte\/wp-content\/uploads\/2020\/11\/panel3.jpg\" alt=\"\" width=\"980\" height=\"641\" \/><br \/>\nVer perfiles: <a href=\"https:\/\/www.cortesuprema.gov.co\/corte\/wp-content\/uploads\/publicaciones\/HV\/HV_panel 3_moderador gerardo botero zuluaga.pdf\" target=\"_blank\" rel=\"noopener noreferrer\">Dr. Gerardo Botero Zuluaga<\/a> &#8211; <a href=\"https:\/\/www.cortesuprema.gov.co\/corte\/wp-content\/uploads\/publicaciones\/HV\/HV_falta.pdf\" target=\"_blank\" rel=\"noopener noreferrer\">Dra. Susana Medina<\/a> &#8211; <a href=\"https:\/\/www.cortesuprema.gov.co\/corte\/wp-content\/uploads\/publicaciones\/HV\/HV_panel 3_ ana rosa rodriguez.pdf\" target=\"_blank\" rel=\"noopener noreferrer\">Dra. Ana Rosa Rodr\u00edgez &#8211; <\/a><a href=\"https:\/\/www.cortesuprema.gov.co\/corte\/wp-content\/uploads\/publicaciones\/HV\/HV_panel 3_maria susana.pdf\" target=\"_blank\" rel=\"noopener noreferrer\">Dra. Maria Susana Auat &#8211; <\/a><a href=\"https:\/\/www.cortesuprema.gov.co\/corte\/wp-content\/uploads\/publicaciones\/HV\/HV_panel 3_marie claude joachim.pdf\" target=\"_blank\" rel=\"noopener noreferrer\">Dra. Marie Claude Joachim &#8211; <\/a><a href=\"https:\/\/www.cortesuprema.gov.co\/corte\/wp-content\/uploads\/publicaciones\/HV\/falta.pdf\" target=\"_blank\" rel=\"noopener noreferrer\">Marcela Epiay\u00fa<\/a><\/p>\n<\/div><\/div>\n<\/div>\n","protected":false},"excerpt":{"rendered":"Ver perfiles: Dra. Clara Cecilia Due\u00f1as Quevedo &#8211; Dr. Alberto Echavarr\u00eda Saldarriaga &#8211; Dr. Xavier Beaudonnet &#8211; Dr. Edwin Palma Egea Ver perfiles: Dr. Gustavo Jos\u00e9 Gnecco Mendoza &#8211; Dr. Angel Custodio Cabrera B\u00e1ez &#8211; Dra. Sandra Lisset Ibarra V\u00e9lez &#8211; Dr. Humberto Villasmil Prieto- Dr. Juan Carlos Cort\u00e9s Gonz\u00e1lez Ver perfiles: Dr. Gerardo Botero &hellip; <a href=\"https:\/\/cortesuprema.gov.co\/corte\/index.php\/xiipanelistas\/\" class=\"more-link\">Continuar leyendo<span class=\"screen-reader-text\"> \"Panelistas\"<\/span><\/a>","protected":false},"author":3,"featured_media":0,"parent":0,"menu_order":0,"comment_status":"closed","ping_status":"closed","template":"","meta":{"footnotes":""},"class_list":["post-33850","page","type-page","status-publish","hentry"],"_links":{"self":[{"href":"https:\/\/cortesuprema.gov.co\/corte\/index.php\/wp-json\/wp\/v2\/pages\/33850","targetHints":{"allow":["GET"]}}],"collection":[{"href":"https:\/\/cortesuprema.gov.co\/corte\/index.php\/wp-json\/wp\/v2\/pages"}],"about":[{"href":"https:\/\/cortesuprema.gov.co\/corte\/index.php\/wp-json\/wp\/v2\/types\/page"}],"author":[{"embeddable":true,"href":"https:\/\/cortesuprema.gov.co\/corte\/index.php\/wp-json\/wp\/v2\/users\/3"}],"replies":[{"embeddable":true,"href":"https:\/\/cortesuprema.gov.co\/corte\/index.php\/wp-json\/wp\/v2\/comments?post=33850"}],"version-history":[{"count":24,"href":"https:\/\/cortesuprema.gov.co\/corte\/index.php\/wp-json\/wp\/v2\/pages\/33850\/revisions"}],"predecessor-version":[{"id":34145,"href":"https:\/\/cortesuprema.gov.co\/corte\/index.php\/wp-json\/wp\/v2\/pages\/33850\/revisions\/34145"}],"wp:attachment":[{"href":"https:\/\/cortesuprema.gov.co\/corte\/index.php\/wp-json\/wp\/v2\/media?parent=33850"}],"curies":[{"name":"wp","href":"https:\/\/api.w.org\/{rel}","templated":true}]}}