{"id":34032,"date":"2020-11-23T14:16:25","date_gmt":"2020-11-23T19:16:25","guid":{"rendered":"https:\/\/cortesuprema.gov.co\/corte\/?page_id=34032"},"modified":"2021-01-13T13:01:50","modified_gmt":"2021-01-13T18:01:50","slug":"xiimemorias","status":"publish","type":"page","link":"https:\/\/cortesuprema.gov.co\/corte\/index.php\/xiimemorias\/","title":{"rendered":"Memorias XII Conversatorio Nacional de la Especialidad Laboral"},"content":{"rendered":"<div class=\"su-row\"><div class=\"su-column su-column-size-1-6\"><div class=\"su-column-inner su-u-clearfix su-u-trim\"><img loading=\"lazy\" decoding=\"async\" src=\"https:\/\/cortesuprema.gov.co\/corte\/wp-content\/uploads\/2020\/11\/p88menu.jpg\" alt=\"\" width=\"201\" height=\"77\" \/><a href=\"https:\/\/cortesuprema.gov.co\/corte\/index.php\/xiilaboral\/\"><img loading=\"lazy\" decoding=\"async\" src=\"https:\/\/cortesuprema.gov.co\/corte\/wp-content\/uploads\/2020\/11\/p2menu.jpg\" alt=\"\" width=\"201\" height=\"46\" \/><\/a><br \/>\n<a href=\"https:\/\/cortesuprema.gov.co\/corte\/index.php\/xiiprograma\/\"><img loading=\"lazy\" decoding=\"async\" src=\"https:\/\/cortesuprema.gov.co\/corte\/wp-content\/uploads\/2020\/11\/p3menu.jpg\" alt=\"\" width=\"201\" height=\"46\" \/><\/a><a href=\"https:\/\/cortesuprema.gov.co\/corte\/index.php\/xiiconexion\/\"><img loading=\"lazy\" decoding=\"async\" src=\"https:\/\/cortesuprema.gov.co\/corte\/wp-content\/uploads\/2020\/11\/p4menu.jpg\" alt=\"\" width=\"201\" height=\"57\" \/><\/a><a href=\"https:\/\/cortesuprema.gov.co\/corte\/index.php\/xiiconferencistas\/\"><img loading=\"lazy\" decoding=\"async\" src=\"https:\/\/cortesuprema.gov.co\/corte\/wp-content\/uploads\/2020\/11\/p5menu.jpg\" alt=\"\" width=\"201\" height=\"48\" \/><\/a><a href=\"https:\/\/cortesuprema.gov.co\/corte\/index.php\/xiipanelistas\/\"><img loading=\"lazy\" decoding=\"async\" src=\"https:\/\/cortesuprema.gov.co\/corte\/wp-content\/uploads\/2020\/11\/p6menu.jpg\" alt=\"\" width=\"201\" height=\"50\" \/><\/a><a href=\"https:\/\/cortesuprema.gov.co\/corte\/index.php\/xiidiscusion\/\"><img loading=\"lazy\" decoding=\"async\" src=\"https:\/\/cortesuprema.gov.co\/corte\/wp-content\/uploads\/2020\/11\/p7menu.jpg\" alt=\"\" width=\"201\" height=\"77\" \/><\/a><a href=\"https:\/\/cortesuprema.gov.co\/corte\/index.php\/xiimemorias\/\"><img loading=\"lazy\" decoding=\"async\" src=\"https:\/\/cortesuprema.gov.co\/corte\/wp-content\/uploads\/2020\/11\/p8menu.jpg\" alt=\"\" width=\"201\" height=\"77\" \/><\/a><br \/>\n<a href=\"https:\/\/cortesuprema.gov.co\/corte\/wp-content\/uploads\/2020\/11\/p88menu.jpg\"><img loading=\"lazy\" decoding=\"async\" src=\"https:\/\/cortesuprema.gov.co\/corte\/wp-content\/uploads\/2020\/11\/p88menu.jpg\" alt=\"\" width=\"201\" height=\"102\" \/><img loading=\"lazy\" decoding=\"async\" src=\"https:\/\/cortesuprema.gov.co\/corte\/wp-content\/uploads\/2020\/11\/p88menu.jpg\" alt=\"\" width=\"201\" height=\"102\" \/><br \/>\n<img loading=\"lazy\" decoding=\"async\" src=\"https:\/\/cortesuprema.gov.co\/corte\/wp-content\/uploads\/2020\/11\/p88menu.jpg\" alt=\"\" width=\"201\" height=\"102\" \/><img loading=\"lazy\" decoding=\"async\" src=\"https:\/\/cortesuprema.gov.co\/corte\/wp-content\/uploads\/2020\/11\/p88menu.jpg\" alt=\"\" width=\"201\" height=\"102\" \/><img loading=\"lazy\" decoding=\"async\" src=\"https:\/\/cortesuprema.gov.co\/corte\/wp-content\/uploads\/2020\/11\/p88menu.jpg\" alt=\"\" width=\"201\" height=\"102\" \/><\/a><\/p>\n<\/div><\/div>\n<div class=\"su-column su-column-size-5-6\"><div class=\"su-column-inner su-u-clearfix su-u-trim\">\n<p><a href=\"https:\/\/cortesuprema.gov.co\/corte\/wp-content\/uploads\/2020\/11\/subbannerxiilaboral.png\"><img loading=\"lazy\" decoding=\"async\" class=\"alignnone size-full wp-image-33861\" src=\"https:\/\/cortesuprema.gov.co\/corte\/wp-content\/uploads\/2020\/11\/subbannerxiilaboral.png\" alt=\"\" width=\"786\" height=\"230\" srcset=\"https:\/\/cortesuprema.gov.co\/corte\/wp-content\/uploads\/2020\/11\/subbannerxiilaboral.png 786w, https:\/\/cortesuprema.gov.co\/corte\/wp-content\/uploads\/2020\/11\/subbannerxiilaboral-300x88.png 300w\" sizes=\"auto, (max-width: 786px) 85vw, 786px\" \/><\/a><\/p>\n<p>&nbsp;<\/p>\n<table border=\"3\" cellspacing=\"20\" cellpadding=\"10\" align=\"center\">\n<tbody>\n<tr>\n<td><strong>V\u00eddeos Mesas de discusi\u00f3n acad\u00e9mica<\/strong><\/p>\n<p><a href=\"https:\/\/playback.lifesize.com\/#\/publicvideo\/0355341c-f257-424c-b28f-3d04fd02124f?vcpubtoken=a4b6e636-4885-4a40-842b-b47d94c252c9\">Zona Centro 1<\/a><\/p>\n<p><a href=\"https:\/\/playback.lifesize.com\/#\/publicvideo\/2435e77b-8477-4a7f-8674-0ee1232d5787?vcpubtoken=2d633797-06c3-4696-92fe-4583898d6329\">Zona Centro 2<\/a><\/p>\n<p><a href=\"https:\/\/playback.lifesize.com\/#\/publicvideo\/41bbb2c8-8771-409a-9ff9-10e3a9ad4cfc?vcpubtoken=28f872e5-070e-4952-aefe-c58c63692a0c\">Zona Norte 1<\/a><\/p>\n<p><a href=\"https:\/\/playback.lifesize.com\/#\/publicvideo\/05139091-f3d6-43cd-86f4-b2f5a2ab3b20?vcpubtoken=ff86cbd2-ee88-4d83-b342-c6f7d536cd31\">Zona Norte 2<\/a><\/p>\n<p><a href=\"https:\/\/playback.lifesize.com\/#\/publicvideo\/43613b28-a66b-4a33-98a5-558a2a9b350f?vcpubtoken=f1f4f709-4525-4bdb-9bb7-3ec271d17376\">Zona Oriente<\/a><\/p>\n<p><a href=\"https:\/\/playback.lifesize.com\/#\/publicvideo\/716fdc38-ad28-4c46-a9b7-c649725dc81f?vcpubtoken=4d00d418-d829-404f-b620-2a86123cf334\">Zona Sur 1 y 2<\/a><\/td>\n<td>\n<p style=\"text-align: center;\"><strong>Presentaciones<\/strong><\/p>\n<p><a href=\"https:\/\/www.cortesuprema.gov.co\/corte\/wp-content\/uploads\/publicaciones\/Eltiempodelosprincipios.pdf\" target=\"_blank\" rel=\"noopener noreferrer\">El tiempo de los principios &#8211; Cesar Carvallo<\/a><\/p>\n<p><a href=\"https:\/\/www.cortesuprema.gov.co\/corte\/wp-content\/uploads\/publicaciones\/Otra estructura para el derecho al trabajo.pptx\" target=\"_blank\" rel=\"noopener noreferrer\">\u00bfOtra estructura para el derecho al trabajo?<\/a><\/p>\n<p><a href=\"https:\/\/www.cortesuprema.gov.co\/corte\/wp-content\/uploads\/publicaciones\/impacto de la pandemia perspectiva de genero.pptx\" target=\"_blank\" rel=\"noopener noreferrer\">Impacto de la pandemia desde la perspectiva de g\u00e9nero<\/a><\/p>\n<p><a href=\"https:\/\/www.cortesuprema.gov.co\/corte\/wp-content\/uploads\/publicaciones\/Profesor Martelloni.pdf\" target=\"_blank\" rel=\"noopener noreferrer\">El uso de la pandemia para orientar el derecho laboral <\/a><br \/>\n<a href=\"https:\/\/www.cortesuprema.gov.co\/corte\/wp-content\/uploads\/publicaciones\/Profesor Martelloni.pdf\" target=\"_blank\" rel=\"noopener noreferrer\">entre la continuidad y la discontinuidad\u201d<\/a><br \/>\n<a href=\"https:\/\/www.cortesuprema.gov.co\/corte\/wp-content\/uploads\/publicaciones\/Profesor Martelloni.pdf\" target=\"_blank\" rel=\"noopener noreferrer\">de Federico Martelloni \u2013 traducci\u00f3n de Daniela Marzi<\/a><\/p>\n<p>&nbsp;<\/p>\n<p>&nbsp;<\/td>\n<\/tr>\n<\/tbody>\n<\/table>\n<p>&nbsp;<\/p>\n<h2>Sesi\u00f3n Jueves 26 de noviembre de 2020<\/h2>\n<p><iframe loading=\"lazy\" width=\"840\" height=\"473\" src=\"https:\/\/www.youtube.com\/embed\/YBWTya8LW18?feature=oembed\" frameborder=\"0\" allow=\"accelerometer; autoplay; clipboard-write; encrypted-media; gyroscope; picture-in-picture; web-share\" referrerpolicy=\"strict-origin-when-cross-origin\" allowfullscreen title=\"XII Conversatorio Nacional De La Especialidad Laboral\"><\/iframe><\/p>\n<h2 align=\"justify\">Sesi\u00f3n Viernes 27 de noviembre de 2020<\/h2>\n<p><a href=\"https:\/\/www.youtube.com\/watch?v=meFz0k1oLRs\">https:\/\/www.youtube.com\/watch?v=meFz0k1oLRs<\/a><\/p>\n<p>&nbsp;<\/p>\n<\/div><\/div>\n<\/div>\n","protected":false},"excerpt":{"rendered":"&nbsp; V\u00eddeos Mesas de discusi\u00f3n acad\u00e9mica Zona Centro 1 Zona Centro 2 Zona Norte 1 Zona Norte 2 Zona Oriente Zona Sur 1 y 2 Presentaciones El tiempo de los principios &#8211; Cesar Carvallo \u00bfOtra estructura para el derecho al trabajo? Impacto de la pandemia desde la perspectiva de g\u00e9nero El uso de la pandemia &hellip; <a href=\"https:\/\/cortesuprema.gov.co\/corte\/index.php\/xiimemorias\/\" class=\"more-link\">Continuar leyendo<span class=\"screen-reader-text\"> \"Memorias XII Conversatorio Nacional de la Especialidad Laboral\"<\/span><\/a>","protected":false},"author":3,"featured_media":0,"parent":0,"menu_order":0,"comment_status":"closed","ping_status":"closed","template":"","meta":{"footnotes":""},"class_list":["post-34032","page","type-page","status-publish","hentry"],"_links":{"self":[{"href":"https:\/\/cortesuprema.gov.co\/corte\/index.php\/wp-json\/wp\/v2\/pages\/34032","targetHints":{"allow":["GET"]}}],"collection":[{"href":"https:\/\/cortesuprema.gov.co\/corte\/index.php\/wp-json\/wp\/v2\/pages"}],"about":[{"href":"https:\/\/cortesuprema.gov.co\/corte\/index.php\/wp-json\/wp\/v2\/types\/page"}],"author":[{"embeddable":true,"href":"https:\/\/cortesuprema.gov.co\/corte\/index.php\/wp-json\/wp\/v2\/users\/3"}],"replies":[{"embeddable":true,"href":"https:\/\/cortesuprema.gov.co\/corte\/index.php\/wp-json\/wp\/v2\/comments?post=34032"}],"version-history":[{"count":24,"href":"https:\/\/cortesuprema.gov.co\/corte\/index.php\/wp-json\/wp\/v2\/pages\/34032\/revisions"}],"predecessor-version":[{"id":34718,"href":"https:\/\/cortesuprema.gov.co\/corte\/index.php\/wp-json\/wp\/v2\/pages\/34032\/revisions\/34718"}],"wp:attachment":[{"href":"https:\/\/cortesuprema.gov.co\/corte\/index.php\/wp-json\/wp\/v2\/media?parent=34032"}],"curies":[{"name":"wp","href":"https:\/\/api.w.org\/{rel}","templated":true}]}}