{"id":34043,"date":"2020-11-23T14:21:32","date_gmt":"2020-11-23T19:21:32","guid":{"rendered":"https:\/\/cortesuprema.gov.co\/corte\/?page_id=34043"},"modified":"2020-11-23T16:14:03","modified_gmt":"2020-11-23T21:14:03","slug":"xiimesasdiscusion","status":"publish","type":"page","link":"https:\/\/cortesuprema.gov.co\/corte\/index.php\/xiimesasdiscusion\/","title":{"rendered":"XII mesas de discusi\u00f3n"},"content":{"rendered":"<div class=\"su-row\"><div class=\"su-column su-column-size-1-6\"><div class=\"su-column-inner su-u-clearfix su-u-trim\"><img loading=\"lazy\" decoding=\"async\" src=\"https:\/\/cortesuprema.gov.co\/corte\/wp-content\/uploads\/2020\/11\/p88menu.jpg\" alt=\"\" width=\"201\" height=\"77\" \/><a href=\"https:\/\/cortesuprema.gov.co\/corte\/index.php\/xiilaboral\/\"><img loading=\"lazy\" decoding=\"async\" src=\"https:\/\/cortesuprema.gov.co\/corte\/wp-content\/uploads\/2020\/11\/p2menu.jpg\" alt=\"\" width=\"201\" height=\"46\" \/><\/a><br \/>\n<a href=\"https:\/\/cortesuprema.gov.co\/corte\/index.php\/xiiprograma\/\"><img loading=\"lazy\" decoding=\"async\" src=\"https:\/\/cortesuprema.gov.co\/corte\/wp-content\/uploads\/2020\/11\/p3menu.jpg\" alt=\"\" width=\"201\" height=\"46\" \/><\/a><a href=\"https:\/\/cortesuprema.gov.co\/corte\/index.php\/xiiconexion\/\"><img loading=\"lazy\" decoding=\"async\" src=\"https:\/\/cortesuprema.gov.co\/corte\/wp-content\/uploads\/2020\/11\/p4menu.jpg\" alt=\"\" width=\"201\" height=\"57\" \/><\/a><a href=\"https:\/\/cortesuprema.gov.co\/corte\/index.php\/xiiconferencistas\/\"><img loading=\"lazy\" decoding=\"async\" src=\"https:\/\/cortesuprema.gov.co\/corte\/wp-content\/uploads\/2020\/11\/p5menu.jpg\" alt=\"\" width=\"201\" height=\"48\" \/><\/a><a href=\"https:\/\/cortesuprema.gov.co\/corte\/index.php\/xiipanelistas\/\"><img loading=\"lazy\" decoding=\"async\" src=\"https:\/\/cortesuprema.gov.co\/corte\/wp-content\/uploads\/2020\/11\/p6menu.jpg\" alt=\"\" width=\"201\" height=\"50\" \/><\/a><a href=\"https:\/\/cortesuprema.gov.co\/corte\/index.php\/xiidiscusion\/\"><img loading=\"lazy\" decoding=\"async\" src=\"https:\/\/cortesuprema.gov.co\/corte\/wp-content\/uploads\/2020\/11\/p7menu.jpg\" alt=\"\" width=\"201\" height=\"77\" \/><\/a><a href=\"https:\/\/cortesuprema.gov.co\/corte\/index.php\/xiimemorias\/\"><img loading=\"lazy\" decoding=\"async\" src=\"https:\/\/cortesuprema.gov.co\/corte\/wp-content\/uploads\/2020\/11\/p8menu.jpg\" alt=\"\" width=\"201\" height=\"77\" \/><\/a><br \/>\n<a href=\"https:\/\/cortesuprema.gov.co\/corte\/wp-content\/uploads\/2020\/11\/p88menu.jpg\"><img loading=\"lazy\" decoding=\"async\" src=\"https:\/\/cortesuprema.gov.co\/corte\/wp-content\/uploads\/2020\/11\/p88menu.jpg\" alt=\"\" width=\"201\" height=\"102\" \/><img loading=\"lazy\" decoding=\"async\" src=\"https:\/\/cortesuprema.gov.co\/corte\/wp-content\/uploads\/2020\/11\/p88menu.jpg\" alt=\"\" width=\"201\" height=\"102\" \/><br \/>\n<img loading=\"lazy\" decoding=\"async\" src=\"https:\/\/cortesuprema.gov.co\/corte\/wp-content\/uploads\/2020\/11\/p88menu.jpg\" alt=\"\" width=\"201\" height=\"102\" \/><img loading=\"lazy\" decoding=\"async\" src=\"https:\/\/cortesuprema.gov.co\/corte\/wp-content\/uploads\/2020\/11\/p88menu.jpg\" alt=\"\" width=\"201\" height=\"102\" \/><img loading=\"lazy\" decoding=\"async\" src=\"https:\/\/cortesuprema.gov.co\/corte\/wp-content\/uploads\/2020\/11\/p88menu.jpg\" alt=\"\" width=\"201\" height=\"102\" \/><\/a><\/p>\n<\/div><\/div>\n<div class=\"su-column su-column-size-5-6\"><div class=\"su-column-inner su-u-clearfix su-u-trim\">\n<p><a href=\"https:\/\/cortesuprema.gov.co\/corte\/wp-content\/uploads\/2020\/11\/subbannerxiilaboral.png\"><img loading=\"lazy\" decoding=\"async\" src=\"https:\/\/cortesuprema.gov.co\/corte\/wp-content\/uploads\/2020\/11\/subbannerxiilaboral.png\" alt=\"\" width=\"708\" height=\"207\" \/><\/a><\/p>\n<table>\n<tbody>\n<tr>\n<td><a title=\"Trabajo digital y derechos laborales. \" href=\"https:\/\/stream.lifesizecloud.com\/extension\/6220435\/10804f81-35ca-4119-a704-d86c7ebad2bf\" target=\"_blank\" rel=\"noopener noreferrer\"><img loading=\"lazy\" decoding=\"async\" class=\"alignnone wp-image-34005 size-full\" src=\"https:\/\/cortesuprema.gov.co\/corte\/wp-content\/uploads\/2020\/11\/zonanorte1.jpg\" alt=\"\" width=\"278\" height=\"231\" \/><\/a><\/td>\n<td><a title=\"Trabajo digital y derechos laborales. \" href=\"https:\/\/stream.lifesizecloud.com\/extension\/6220448\/cae05990-32ca-4846-adde-df72db4025db\" target=\"_blank\" rel=\"noopener noreferrer\"><img loading=\"lazy\" decoding=\"async\" class=\"alignnone wp-image-34006 size-full\" src=\"https:\/\/cortesuprema.gov.co\/corte\/wp-content\/uploads\/2020\/11\/zonanorte2.jpg\" alt=\"\" width=\"278\" height=\"231\" \/><\/a><\/td>\n<td><a title=\"Pensi\u00f3n de sobrevivientes. Requisitos e inclusi\u00f3n de perspectiva de g\u00e9nero.\" href=\"https:\/\/stream.lifesizecloud.com\/extension\/6220398\/a87411ae-e785-4a65-8822-2a950e7d7ffe\" target=\"_blank\" rel=\"noopener noreferrer\"><img loading=\"lazy\" decoding=\"async\" class=\"alignnone wp-image-34004 size-full\" src=\"https:\/\/cortesuprema.gov.co\/corte\/wp-content\/uploads\/2020\/11\/zonacentro1.jpg\" alt=\"\" width=\"278\" height=\"231\" \/><\/a><\/td>\n<\/tr>\n<tr>\n<td><a title=\"Pensi\u00f3n de sobrevivientes. Requisitos e inclusi\u00f3n de perspectiva de g\u00e9nero.\" href=\"https:\/\/stream.lifesizecloud.com\/extension\/6220418\/700c786d-7a58-4f05-8f5d-46bd5ae88a79\" target=\"_blank\" rel=\"noopener noreferrer\"><img loading=\"lazy\" decoding=\"async\" class=\"alignnone wp-image-34011 size-full\" src=\"https:\/\/cortesuprema.gov.co\/corte\/wp-content\/uploads\/2020\/11\/zonacentro2.jpg\" alt=\"\" width=\"278\" height=\"231\" \/><\/a><\/td>\n<td><a title=\"Acto Legislativo 01 de 2005 - l\u00edmites y efectos de su vigencia\" href=\"https:\/\/stream.lifesizecloud.com\/extension\/6220486\/c362819f-89c5-4460-a5fc-f3f01b5d34d0\" target=\"_blank\" rel=\"noopener noreferrer\"><img loading=\"lazy\" decoding=\"async\" class=\"alignnone wp-image-34008 size-full\" src=\"https:\/\/cortesuprema.gov.co\/corte\/wp-content\/uploads\/2020\/11\/zonasur1.jpg\" alt=\"\" width=\"278\" height=\"231\" \/><\/a><\/td>\n<td><a title=\"Acto Legislativo 01 de 2005 - l\u00edmites y efectos de su vigencia\" href=\"https:\/\/stream.lifesizecloud.com\/extension\/6220501\/3c3cc367-960b-43e4-aed4-34d588f58679\" target=\"_blank\" rel=\"noopener noreferrer\"><img loading=\"lazy\" decoding=\"async\" class=\"alignnone wp-image-34012 size-full\" src=\"https:\/\/cortesuprema.gov.co\/corte\/wp-content\/uploads\/2020\/11\/zonasur2.jpg\" alt=\"\" width=\"278\" height=\"231\" \/><\/a><\/td>\n<\/tr>\n<tr>\n<td><\/td>\n<td><a title=\"Continuidad y protecci\u00f3n laboral ante situaciones imprevisibles \" href=\"https:\/\/stream.lifesizecloud.com\/extension\/6220469\/3d48ce2c-915d-4183-bda5-68acd73fc5ed\" target=\"_blank\" rel=\"noopener noreferrer\"><img loading=\"lazy\" decoding=\"async\" class=\"alignnone wp-image-34007 size-full\" src=\"https:\/\/cortesuprema.gov.co\/corte\/wp-content\/uploads\/2020\/11\/zonaoriente.jpg\" alt=\"\" width=\"278\" height=\"231\" \/><\/a><\/td>\n<\/tr>\n<\/tbody>\n<\/table>\n<p>&nbsp;<\/p>\n<\/div><\/div>\n<\/div>\n","protected":false},"excerpt":{"rendered":"&nbsp;","protected":false},"author":3,"featured_media":0,"parent":0,"menu_order":0,"comment_status":"closed","ping_status":"closed","template":"","meta":{"footnotes":""},"class_list":["post-34043","page","type-page","status-publish","hentry"],"_links":{"self":[{"href":"https:\/\/cortesuprema.gov.co\/corte\/index.php\/wp-json\/wp\/v2\/pages\/34043","targetHints":{"allow":["GET"]}}],"collection":[{"href":"https:\/\/cortesuprema.gov.co\/corte\/index.php\/wp-json\/wp\/v2\/pages"}],"about":[{"href":"https:\/\/cortesuprema.gov.co\/corte\/index.php\/wp-json\/wp\/v2\/types\/page"}],"author":[{"embeddable":true,"href":"https:\/\/cortesuprema.gov.co\/corte\/index.php\/wp-json\/wp\/v2\/users\/3"}],"replies":[{"embeddable":true,"href":"https:\/\/cortesuprema.gov.co\/corte\/index.php\/wp-json\/wp\/v2\/comments?post=34043"}],"version-history":[{"count":14,"href":"https:\/\/cortesuprema.gov.co\/corte\/index.php\/wp-json\/wp\/v2\/pages\/34043\/revisions"}],"predecessor-version":[{"id":34094,"href":"https:\/\/cortesuprema.gov.co\/corte\/index.php\/wp-json\/wp\/v2\/pages\/34043\/revisions\/34094"}],"wp:attachment":[{"href":"https:\/\/cortesuprema.gov.co\/corte\/index.php\/wp-json\/wp\/v2\/media?parent=34043"}],"curies":[{"name":"wp","href":"https:\/\/api.w.org\/{rel}","templated":true}]}}