{"id":35548,"date":"2021-02-23T15:24:42","date_gmt":"2021-02-23T20:24:42","guid":{"rendered":"https:\/\/cortesuprema.gov.co\/corte\/?page_id=35548"},"modified":"2023-10-24T10:28:18","modified_gmt":"2023-10-24T15:28:18","slug":"union-marital-de-hecho-algunos-estudios-contemporaneos","status":"publish","type":"page","link":"https:\/\/cortesuprema.gov.co\/corte\/index.php\/union-marital-de-hecho-algunos-estudios-contemporaneos\/","title":{"rendered":"Uni\u00f3n marital de hecho-Algunos estudios contempor\u00e1neos"},"content":{"rendered":"<h2 style=\"text-align: center;\">Uni\u00f3n marital de hecho<\/h2>\n<h3 style=\"text-align: center;\">Algunos estudios contempor\u00e1neos de la Sala de Casaci\u00f3n Civil<\/h3>\n<h4><em>Familia<\/em><\/h4>\n<p style=\"text-align: right;\">Otras publicaciones: <a href=\"https:\/\/cortesuprema.gov.co\/corte\/index.php\/de-la-filiacion-algunos-estudios-contemporaneos\/\" target=\"_blank\" rel=\"noopener noreferrer\">Filiaci\u00f3n<\/a>&#8211;<\/p>\n<p style=\"text-align: right;\"><a href=\"https:\/\/cortesuprema.gov.co\/corte\/index.php\/contratos-civiles-y-comerciales-algunos-estudios-contemporaneos\/\" target=\"_blank\" rel=\"noopener noreferrer\">Contratos civiles y comerciales-<\/a><\/p>\n<p style=\"text-align: right;\"><a href=\"https:\/\/cortesuprema.gov.co\/corte\/index.php\/el-contrato-de-compraventa-algunos-estudios-contemporaneos\/\" target=\"_blank\" rel=\"noopener noreferrer\">Contrato de compraventa-<\/a><\/p>\n<p style=\"text-align: right;\"><a href=\"https:\/\/cortesuprema.gov.co\/corte\/index.php\/la-promesa-de-contrato-algunos-estudios-contemporaneos\/\" target=\"_blank\" rel=\"noopener noreferrer\">Promesa de contrato-<\/a><\/p>\n<p style=\"text-align: right;\"><a href=\"https:\/\/cortesuprema.gov.co\/corte\/index.php\/de-la-nulidad-y-de-la-simulacion-algunos-estudios-contemporaneos\/\" target=\"_blank\" rel=\"noopener noreferrer\">Nulidad y simulaci\u00f3n<\/a><a href=\"https:\/\/cortesuprema.gov.co\/corte\/index.php\/contratos-civiles-y-comerciales-algunos-estudios-contemporaneos\/\" target=\"_blank\" rel=\"noopener noreferrer\">&#8211;<\/a><\/p>\n<p style=\"text-align: right;\"><a href=\"https:\/\/cortesuprema.gov.co\/corte\/index.php\/responsabilidad-medica-algunos-estudios-contemporaneos\/\" target=\"_blank\" rel=\"noopener noreferrer\">Responsabilidad m\u00e9dica<\/a><a href=\"https:\/\/cortesuprema.gov.co\/corte\/index.php\/contratos-civiles-y-comerciales-algunos-estudios-contemporaneos\/\" target=\"_blank\" rel=\"noopener noreferrer\">&#8211;<\/a><\/p>\n<p style=\"text-align: right;\"><a href=\"https:\/\/cortesuprema.gov.co\/corte\/index.php\/de-las-actividades-peligrosas-algunos-estudios-contemporaneos\/\" target=\"_blank\" rel=\"noopener noreferrer\">Actividades peligrosas-<\/a><\/p>\n<p style=\"text-align: right;\"><a href=\"https:\/\/cortesuprema.gov.co\/corte\/index.php\/el-dano-extrapatrimonial-y-su-cuantificacion\/\">El da\u00f1o extrapatrimonial y su cuantificaci\u00f3n<\/a><\/p>\n<p style=\"text-align: right;\"><a href=\"https:\/\/cortesuprema.gov.co\/corte\/index.php\/de-la-propiedad-la-posesion-y-la-tenencia-algunos-estudios-contemporaneos\/\" target=\"_blank\" rel=\"noopener noreferrer\">De la propiedad, la posesi\u00f3n y la tenencia<\/a><\/p>\n<p style=\"text-align: left;\"><a href=\"https:\/\/cortesuprema.gov.co\/corte\/wp-content\/uploads\/2023\/03\/UNION-MARITAL-DE-HECHO-P.pdf\" target=\"_blank\" rel=\"noopener noreferrer\">Descargue\u00a0aqu\u00ed el PDF<\/a><\/p>\n[spiderpowa-pdf src=\u00bbhttps:\/\/cortesuprema.gov.co\/corte\/wp-content\/uploads\/2023\/10\/COMPENDIO-DE-UNI\u00d3N-MARITAL-DE-HECHO.pdf\u00bb]\n<p><a href=\"https:\/\/cortesuprema.gov.co\/corte\/index.php\/relatoriasc\/\">Volver Relator\u00eda Sala Civil<\/a><\/p>\n","protected":false},"excerpt":{"rendered":"<p>Uni\u00f3n marital de hecho Algunos estudios contempor\u00e1neos de la Sala de Casaci\u00f3n Civil Familia Otras publicaciones: Filiaci\u00f3n&#8211; Contratos civiles y comerciales- Contrato de compraventa- Promesa de contrato- Nulidad y simulaci\u00f3n&#8211; Responsabilidad m\u00e9dica&#8211; Actividades peligrosas- El da\u00f1o extrapatrimonial y su cuantificaci\u00f3n De la propiedad, la posesi\u00f3n y la tenencia Descargue\u00a0aqu\u00ed el PDF [spiderpowa-pdf src=\u00bbhttps:\/\/cortesuprema.gov.co\/corte\/wp-content\/uploads\/2023\/10\/COMPENDIO-DE-UNI\u00d3N-MARITAL-DE-HECHO.pdf\u00bb] Volver Relator\u00eda &hellip; <a href=\"https:\/\/cortesuprema.gov.co\/corte\/index.php\/union-marital-de-hecho-algunos-estudios-contemporaneos\/\" class=\"more-link\">Continuar leyendo<span class=\"screen-reader-text\"> \u00abUni\u00f3n marital de hecho-Algunos estudios contempor\u00e1neos\u00bb<\/span><\/a><\/p>\n","protected":false},"author":3,"featured_media":0,"parent":0,"menu_order":0,"comment_status":"closed","ping_status":"closed","template":"","meta":{"footnotes":""},"class_list":["post-35548","page","type-page","status-publish","hentry"],"_links":{"self":[{"href":"https:\/\/cortesuprema.gov.co\/corte\/index.php\/wp-json\/wp\/v2\/pages\/35548","targetHints":{"allow":["GET"]}}],"collection":[{"href":"https:\/\/cortesuprema.gov.co\/corte\/index.php\/wp-json\/wp\/v2\/pages"}],"about":[{"href":"https:\/\/cortesuprema.gov.co\/corte\/index.php\/wp-json\/wp\/v2\/types\/page"}],"author":[{"embeddable":true,"href":"https:\/\/cortesuprema.gov.co\/corte\/index.php\/wp-json\/wp\/v2\/users\/3"}],"replies":[{"embeddable":true,"href":"https:\/\/cortesuprema.gov.co\/corte\/index.php\/wp-json\/wp\/v2\/comments?post=35548"}],"version-history":[{"count":22,"href":"https:\/\/cortesuprema.gov.co\/corte\/index.php\/wp-json\/wp\/v2\/pages\/35548\/revisions"}],"predecessor-version":[{"id":62885,"href":"https:\/\/cortesuprema.gov.co\/corte\/index.php\/wp-json\/wp\/v2\/pages\/35548\/revisions\/62885"}],"wp:attachment":[{"href":"https:\/\/cortesuprema.gov.co\/corte\/index.php\/wp-json\/wp\/v2\/media?parent=35548"}],"curies":[{"name":"wp","href":"https:\/\/api.w.org\/{rel}","templated":true}]}}