{"id":35971,"date":"2021-03-12T11:10:24","date_gmt":"2021-03-12T16:10:24","guid":{"rendered":"https:\/\/cortesuprema.gov.co\/corte\/?page_id=35971"},"modified":"2023-03-22T11:22:27","modified_gmt":"2023-03-22T16:22:27","slug":"compendio-providencias-relevantes","status":"publish","type":"page","link":"https:\/\/cortesuprema.gov.co\/corte\/index.php\/compendio-providencias-relevantes\/","title":{"rendered":"Compendio Providencias Relevantes"},"content":{"rendered":"<p>Sala de Casaci\u00f3n Laboral &#8211; Relator\u00eda<br \/>\n<div class=\"su-divider su-divider-style-default\" style=\"margin:15px 0;border-width:9px;border-color:#999999\"><\/div>\n<!--\n\n\n<p class=\"size-big\" style=\"text-align: center;\"><span style=\"font-size: large;\"><b>Sala de Casaci\u00f3n Laboral - Relator\u00eda<\/b> <\/span><\/p>\n\n\n\n\n<p class=\"size-big\" style=\"text-align: center;\"><span style=\"font-size: medium;\"><b>Compendio Providencias Relevantes<\/b> <\/span><\/p>\n\n\n--><\/p>\n<p class=\"size-big\" style=\"text-align: justify;\"><span style=\"color: #1a6489; font-size: small;\">La Presidencia de la Sala contin\u00faa compartiendo con la comunidad de magistrados, jueces, colaboradores de la Jurisdicci\u00f3n Ordinaria Laboral y con la comunidad en general, con car\u00e1cter informativo, los cambios surgidos en la jurisprudencia laboral con ocasi\u00f3n de nuevos estudios y an\u00e1lisis hechos por el cuerpo colegiado.<br \/>\nEsta publicaci\u00f3n agrupa por ejes tem\u00e1ticos las providencias relevantes de la Sala de Casaci\u00f3n Laboral as\u00ed: laboral colectivo, laboral individual, seguridad social y procesal laboral.<\/span><\/p>\n<p>&nbsp;<\/p>\n<p><!-- **************************************** COMIENZO DE LAS PESTA\u00d1AS DE LOS A\u00d1OS DE COMPENDIOS ********************** --><\/p>\n<div id=\"tabs\"><\/div>\n<style>\n<!--  #tabs{<br \/>    position: absolute;<br \/>    top: 1%;<br \/>    left: 2.4%;<br \/>    height: 2%;<br \/>    width: 94%;<br \/>    \/* color: red; *\/<br \/>    background-color:#fcd116;<br \/>    border-radius: 5px;<br \/>}<\/p>\n\n\n\n\n<p>p {<br \/>  font-weight: 300;<br \/>  font-style: Bookman Old Style;<br \/>  letter-spacing: 0.1px;<br \/> \/* color: #003893; *\/<br \/>}<br \/> --><\/p>\n<p>\/*  ********************* para el color de las pesta\u00f1as ************************************************* *\/<\/p>\n<p>.tab{ margin-top: 30px;}<br \/>.tab .nav-tabs{   border:none;border-bottom: 1px solid #e4e4e4;}.nav-tabs li a{padding: 15px 31px;border:1px solid #fcd116;<br \/>\/* Color amarillo del borde superior de las pesta\u00f1as en reposo *\/<br \/>border-top: 2px solid #fcd116;<br \/>\/* Color amarillo del borde superior de las pesta\u00f1as en reposo *\/<br \/>border-right: 0px none;<br \/>background: #fcd116; \/* coloca en color amarillo la pesta\u00f1a cuando esta en reposo *\/<br \/>color:#003399; \/* Color solido azul  al texto de la pesta\u00f1a cuando esta en reposo *\/<br \/>border-radius: 0px;<br \/>margin-right: 0px;<br \/>font-weight: bold;<br \/>transition: all 0.3s ease-in 0s;}<br \/>.nav-tabs li a:hover{<br \/>border-bottom-color: #ededed;border-right: 0px none;<br \/>background: #003893;\/* Coloca el color solido azul a la pesta\u00f1a cuando paso el mouse *\/<br \/>color: #ffffff; \/* Color solido blanco  al texto de la pesta\u00f1a cuando paso el mouse *\/<br \/>}<br \/>.nav-tabs li a i{<br \/>display: inline-block;text-align: center;<br \/>margin-right:10px;<br \/>}<br \/>.nav-tabs li:last-child{<br \/>border-right:1px solid #ededed;<br \/>}<br \/>.nav-tabs li.active a,.nav-tabs li.active a:focus,.nav-tabs li.active a:hover{<br \/>border-top: 3px solid #003399;  \/* coloca el borde de la pesta\u00f1a en color azul cuando queda activa *\/<br \/>border-right: 1px solid #d3d3d3;<br \/>margin-top: -15px;<br \/>color: #ce1126; \/* color del texto rojo cuando la pesta\u00f1a esta abierta *\/<br \/>padding: 22px 40px;<br \/>}<br \/>.tab .tab-content{<br \/>padding: 20px;<br \/>line-height: 22px;<br \/>box-shadow:0px 1px 0px #808080;<br \/>}<br \/>.tab .tab-content h3{<br \/>margin-top: 0;<br \/>}<br \/>@media only screen and (max-width: 767px){<br \/>.nav-tabs li{ width:100%;<br \/>margin-bottom: 10px;<br \/>}<br \/>.nav-tabs li a{<br \/>padding: 15px;}<br \/>.nav-tabs li.active a,.nav-tabs li.active a:focus,.nav-tabs li.active a:hover{<br \/>padding: 15px;<br \/>margin-top: 0;<br \/>}<br \/>}\n<\/p>\n<\/style>\n<div class=\"su-tabs su-tabs-style-default su-tabs-mobile-stack my-custom-tabs\" data-active=\"1\" data-scroll-offset=\"0\" data-anchor-in-url=\"no\"><div class=\"su-tabs-nav\"><span class=\"\" data-url=\"\" data-target=\"blank\" tabindex=\"0\" role=\"button\">A\u00f1o 2022<\/span><span class=\"\" data-url=\"\" data-target=\"blank\" tabindex=\"0\" role=\"button\">A\u00f1o 2021<\/span><span class=\"\" data-url=\"\" data-target=\"blank\" tabindex=\"0\" role=\"button\">A\u00f1o 2020<\/span><\/div><div class=\"su-tabs-panes\"><div class=\"su-tabs-pane su-u-clearfix su-u-trim\" data-title=\"A\u00f1o 2022\"> <div class=\"su-animate\" style=\"opacity:0;-webkit-animation-duration:1s;-webkit-animation-delay:0s;animation-duration:1s;animation-delay:0s;\" data-animation=\"fadeInUp\" data-duration=\"1\" data-delay=\"0\">\n<\/div>\n<!-- En las siguientes lineas se muestra el enlace del icono de SWAY y el texto correspondiente a la presentacion del a\u00f1o 2021 --><\/p>\n<p><!-- <center><img loading=\"lazy\" decoding=\"async\" src=\"https:\/\/cortesuprema.gov.co\/corte\/wp-content\/uploads\/relatorias\/la\/Publicacion\/compendioPLR\/sway.jpg\" width=\"130\" height=\"130\" \/><\/center><center>Presentaci\u00f3n de Jurisprudencia Relevante 2021<\/center><a href=\"http:\/\/sway.office.com\/zxAwPEKi3lud2j5r?ref=Link\" target=\"_blank\" rel=\"noopener noreferrer\">\u00a0<\/a> --><\/p>\n<p><center><a href=\"https:\/\/sway.office.com\/COaDGjsDWSOYbr9o?ref=Link\" target=\"_blank\" rel=\"noopener noreferrer\"><img loading=\"lazy\" decoding=\"async\" class=\"alignnone\" src=\"https:\/\/cortesuprema.gov.co\/corte\/wp-content\/uploads\/relatorias\/la\/Publicacion\/compendioPLR\/sway.jpg\" alt=\"\" width=\"130\" height=\"130\" \/><\/a><\/center><center>Presentaci\u00f3n de Jurisprudencia Relevante 2022<\/center><a href=\"https:\/\/cortesuprema.gov.co\/corte\/wp-content\/uploads\/relatorias\/la\/Publicacion\/compendioPLR\/JR2022.pdf\" target=\"_blank\" rel=\"noopener noreferrer\">Descargue aqu\u00ed Compendio Providencias Relevantes en formato pdf<\/a><\/p>\n[spiderpowa-pdf src=\u00bbhttps:\/\/cortesuprema.gov.co\/corte\/wp-content\/uploads\/relatorias\/la\/Publicacion\/compendioPLR\/JR2022.pdf\u00bb]\n<p><a href=\"https:\/\/cortesuprema.gov.co\/corte\/wp-content\/uploads\/relatorias\/la\/Publicacion\/compendioPLR\/JR2022.pdf\" target=\"_blank\" rel=\"noopener noreferrer\">Descargue aqu\u00ed Compendio Providencias Relevantes en formato pdf<\/a><\/p>\n<\/div>\n<div class=\"su-tabs-pane su-u-clearfix su-u-trim\" data-title=\"A\u00f1o 2021\"> <div class=\"su-animate\" style=\"opacity:0;-webkit-animation-duration:1s;-webkit-animation-delay:0s;animation-duration:1s;animation-delay:0s;\" data-animation=\"fadeInUp\" data-duration=\"1\" data-delay=\"0\">\n<\/div>\n<!-- En las siguientes lineas se muestra el enlace del icono de SWAY y el texto correspondiente a la presentacion del a\u00f1o 2021 --><\/p>\n<p><!-- <center><img loading=\"lazy\" decoding=\"async\" src=\"https:\/\/cortesuprema.gov.co\/corte\/wp-content\/uploads\/relatorias\/la\/Publicacion\/compendioPLR\/sway.jpg\" width=\"130\" height=\"130\" \/><\/center><center>Presentaci\u00f3n de Jurisprudencia Relevante 2021<\/center><a href=\"http:\/\/sway.office.com\/zxAwPEKi3lud2j5r?ref=Link\" target=\"_blank\" rel=\"noopener noreferrer\">\u00a0<\/a> --><\/p>\n<p><center><a href=\"https:\/\/sway.office.com\/zxAwPEKi3lud2j5r?ref=Link\" target=\"_blank\" rel=\"noopener noreferrer\"><img loading=\"lazy\" decoding=\"async\" src=\"https:\/\/cortesuprema.gov.co\/corte\/wp-content\/uploads\/relatorias\/la\/Publicacion\/compendioPLR\/sway.jpg\" width=\"130\" height=\"130\" \/><\/a><\/center><center>Presentaci\u00f3n de Jurisprudencia Relevante 2021<\/center><a href=\"https:\/\/sway.office.com\/yWmBjHDfbLrw0oOQ?ref=Link\" target=\"_blank\" rel=\"noopener noreferrer\">Descargue aqu\u00ed Compendio Providencias Relevantes en formato pdf<\/a><\/p>\n[spiderpowa-pdf src=\u00bbhttps:\/\/cortesuprema.gov.co\/corte\/wp-content\/uploads\/relatorias\/la\/Publicacion\/compendioPLR\/JRV1.pdf\u00bb]\n<p><a href=\"https:\/\/sway.office.com\/yWmBjHDfbLrw0oOQ?ref=Link\" target=\"_blank\" rel=\"noopener noreferrer\">Descargue aqu\u00ed Compendio Providencias Relevantes en formato pdf<\/a><\/p>\n<\/div>\n<div class=\"su-tabs-pane su-u-clearfix su-u-trim\" data-title=\"A\u00f1o 2020\"> <div class=\"su-animate\" style=\"opacity:0;-webkit-animation-duration:1s;-webkit-animation-delay:0s;animation-duration:1s;animation-delay:0s;\" data-animation=\"fadeInUp\" data-duration=\"1\" data-delay=\"0\">\n<\/div>\n<p><a href=\"https:\/\/sway.office.com\/lGGELRYLnAuK4oxw\" target=\"_blank\" rel=\"noopener noreferrer\"><img loading=\"lazy\" decoding=\"async\" class=\"aligncenter\" src=\"https:\/\/cortesuprema.gov.co\/corte\/wp-content\/uploads\/relatorias\/la\/Publicacion\/compendioPLR\/sway.jpg\" alt=\"\" width=\"130\" height=\"130\" \/><\/a><\/p>\n<p style=\"text-align: center;\">Presentaci\u00f3n de Jurisprudencia Relevante 2020<br \/>\n<a href=\"https:\/\/cortesuprema.gov.co\/corte\/wp-content\/uploads\/relatorias\/la\/Publicacion\/compendioPLR\/2020\/JR2020.pdf\" target=\"_blank\" rel=\"noopener noreferrer\">Descargue aqu\u00ed Compendio Providencias Relevantes en formato pdf<\/a><\/p>\n[spiderpowa-pdf src=\u00bbhttps:\/\/cortesuprema.gov.co\/corte\/wp-content\/uploads\/relatorias\/la\/Publicacion\/compendioPLR\/2020\/JR2020.pdf\u00bb]\n<a href=\"https:\/\/cortesuprema.gov.co\/corte\/wp-content\/uploads\/relatorias\/la\/Publicacion\/compendioPLR\/2020\/JR2020.pdf\" target=\"_blank\" rel=\"noopener noreferrer\">Descargue aqu\u00ed Compendio Providencias Relevantes en formato pdf<\/a><\/p>\n<\/div><\/div><\/div>\n<div class=\"su-divider su-divider-style-double\" style=\"margin:15px 0;border-width:3px;border-color:#999999\"><a href=\"#\" style=\"color:#999999\">ir arriba <\/a><\/div>\n<p>Relator\u00eda Sala de Casaci\u00f3n Laboral<br \/>\nCorreo electr\u00f3nico: relatorialaboral@cortesuprema.gov.co<br \/>\nPBX: 5622000 ext: 9313<\/p>\n","protected":false},"excerpt":{"rendered":"<p>Sala de Casaci\u00f3n Laboral &#8211; Relator\u00eda La Presidencia de la Sala contin\u00faa compartiendo con la comunidad de magistrados, jueces, colaboradores de la Jurisdicci\u00f3n Ordinaria Laboral y con la comunidad en general, con car\u00e1cter informativo, los cambios surgidos en la jurisprudencia laboral con ocasi\u00f3n de nuevos estudios y an\u00e1lisis hechos por el cuerpo colegiado. Esta publicaci\u00f3n &hellip; <a href=\"https:\/\/cortesuprema.gov.co\/corte\/index.php\/compendio-providencias-relevantes\/\" class=\"more-link\">Continuar leyendo<span class=\"screen-reader-text\"> \u00abCompendio Providencias Relevantes\u00bb<\/span><\/a><\/p>\n","protected":false},"author":29,"featured_media":0,"parent":0,"menu_order":0,"comment_status":"closed","ping_status":"closed","template":"","meta":{"footnotes":""},"class_list":["post-35971","page","type-page","status-publish","hentry"],"_links":{"self":[{"href":"https:\/\/cortesuprema.gov.co\/corte\/index.php\/wp-json\/wp\/v2\/pages\/35971","targetHints":{"allow":["GET"]}}],"collection":[{"href":"https:\/\/cortesuprema.gov.co\/corte\/index.php\/wp-json\/wp\/v2\/pages"}],"about":[{"href":"https:\/\/cortesuprema.gov.co\/corte\/index.php\/wp-json\/wp\/v2\/types\/page"}],"author":[{"embeddable":true,"href":"https:\/\/cortesuprema.gov.co\/corte\/index.php\/wp-json\/wp\/v2\/users\/29"}],"replies":[{"embeddable":true,"href":"https:\/\/cortesuprema.gov.co\/corte\/index.php\/wp-json\/wp\/v2\/comments?post=35971"}],"version-history":[{"count":103,"href":"https:\/\/cortesuprema.gov.co\/corte\/index.php\/wp-json\/wp\/v2\/pages\/35971\/revisions"}],"predecessor-version":[{"id":36981,"href":"https:\/\/cortesuprema.gov.co\/corte\/index.php\/wp-json\/wp\/v2\/pages\/35971\/revisions\/36981"}],"wp:attachment":[{"href":"https:\/\/cortesuprema.gov.co\/corte\/index.php\/wp-json\/wp\/v2\/media?parent=35971"}],"curies":[{"name":"wp","href":"https:\/\/api.w.org\/{rel}","templated":true}]}}