{"id":41026,"date":"2021-09-21T17:43:22","date_gmt":"2021-09-21T22:43:22","guid":{"rendered":"https:\/\/cortesuprema.gov.co\/corte\/?page_id=41026"},"modified":"2021-11-12T15:37:24","modified_gmt":"2021-11-12T20:37:24","slug":"encuentro2021-invitacion","status":"publish","type":"page","link":"https:\/\/cortesuprema.gov.co\/corte\/index.php\/encuentro2021-invitacion\/","title":{"rendered":"Invitaci\u00f3n &#8211; XXIV Encuentro de la Jurisdicci\u00f3n Ordinaria"},"content":{"rendered":"[vc_row][vc_column][vc_column_text]\n<p data-wp-editing=\"1\"><a href=\"https:\/\/cortesuprema.gov.co\/corte\/index.php\/encuentro2021\/\"><img loading=\"lazy\" decoding=\"async\" class=\"alignnone wp-image-41331 size-full\" src=\"https:\/\/cortesuprema.gov.co\/corte\/wp-content\/uploads\/2021\/09\/banner-principal.jpg\" alt=\"\" width=\"1201\" height=\"301\" srcset=\"https:\/\/cortesuprema.gov.co\/corte\/wp-content\/uploads\/2021\/09\/banner-principal.jpg 1201w, https:\/\/cortesuprema.gov.co\/corte\/wp-content\/uploads\/2021\/09\/banner-principal-300x75.jpg 300w\" sizes=\"auto, (max-width: 709px) 85vw, (max-width: 909px) 67vw, (max-width: 1362px) 62vw, 840px\" \/><\/a><div class=\"su-row\"><div class=\"su-column su-column-size-1-4\"><div class=\"su-column-inner su-u-clearfix su-u-trim\"><a href=\"https:\/\/cortesuprema.gov.co\/corte\/index.php\/encuentro2021\/\"><img loading=\"lazy\" decoding=\"async\" class=\"wp-image-40921 size-full aligncenter\" src=\"https:\/\/cortesuprema.gov.co\/corte\/wp-content\/uploads\/2021\/09\/botones-1.png\" alt=\"\" width=\"285\" height=\"35\" \/><\/a><\/p>\n<p data-wp-editing=\"1\"><a href=\"https:\/\/cortesuprema.gov.co\/corte\/index.php\/encuentro2021-invitacion\/\"><img loading=\"lazy\" decoding=\"async\" class=\"wp-image-40922 size-full aligncenter\" src=\"https:\/\/cortesuprema.gov.co\/corte\/wp-content\/uploads\/2021\/09\/botones-2-OVER.png\" alt=\"\" width=\"285\" height=\"35\" \/><\/a><\/p>\n<p data-wp-editing=\"1\"><a href=\"https:\/\/cortesuprema.gov.co\/corte\/index.php\/encuentro2021-programa\/\"><img loading=\"lazy\" decoding=\"async\" class=\"aligncenter wp-image-40925 size-full\" src=\"https:\/\/cortesuprema.gov.co\/corte\/wp-content\/uploads\/2021\/09\/botones-3.png\" alt=\"\" width=\"285\" height=\"35\" \/><\/a><\/p>\n<p data-wp-editing=\"1\"><a href=\"https:\/\/cortesuprema.gov.co\/corte\/index.php\/encuentro2021-perfiles\/\"><img loading=\"lazy\" decoding=\"async\" class=\"aligncenter wp-image-40927 size-full\" src=\"https:\/\/cortesuprema.gov.co\/corte\/wp-content\/uploads\/2021\/09\/botones-4.png\" alt=\"\" width=\"285\" height=\"35\" \/><\/a><\/p>\n<p data-wp-editing=\"1\"><a href=\"https:\/\/cortesuprema.gov.co\/corte\/index.php\/encuentro2021-datos-de-interes\/\"><img loading=\"lazy\" decoding=\"async\" class=\"aligncenter wp-image-40929 size-full\" src=\"https:\/\/cortesuprema.gov.co\/corte\/wp-content\/uploads\/2021\/09\/botones-5.png\" alt=\"\" width=\"285\" height=\"35\" \/><\/a><\/p>\n<p data-wp-editing=\"1\"><a href=\"https:\/\/cortesuprema.gov.co\/corte\/index.php\/encuentro2021-alertas\/\"><img loading=\"lazy\" decoding=\"async\" class=\"aligncenter wp-image-40931 size-full\" src=\"https:\/\/cortesuprema.gov.co\/corte\/wp-content\/uploads\/2021\/09\/botones-6.png\" alt=\"\" width=\"285\" height=\"34\" \/><\/a><\/p>\n<p data-wp-editing=\"1\"><a href=\"https:\/\/cortesuprema.gov.co\/corte\/index.php\/encuentro2021-datos-de-conexion\/\"><img loading=\"lazy\" decoding=\"async\" class=\"aligncenter wp-image-40933 size-full\" src=\"https:\/\/cortesuprema.gov.co\/corte\/wp-content\/uploads\/2021\/09\/botones-7.png\" alt=\"\" width=\"285\" height=\"35\" \/><\/a><\/p>\n<p data-wp-editing=\"1\"><a href=\"https:\/\/cortesuprema.gov.co\/corte\/index.php\/encuentro2021-contactenos\"><img loading=\"lazy\" decoding=\"async\" class=\"aligncenter wp-image-40935 size-full\" src=\"https:\/\/cortesuprema.gov.co\/corte\/wp-content\/uploads\/2021\/09\/botones-8.png\" alt=\"\" width=\"285\" height=\"35\" \/><\/a><\/p>\n<p data-wp-editing=\"1\"><a href=\"https:\/\/cortesuprema.gov.co\/corte\/index.php\/encuentro2021-memorias\"><img loading=\"lazy\" decoding=\"async\" class=\"aligncenter wp-image-40937 size-full\" src=\"https:\/\/cortesuprema.gov.co\/corte\/wp-content\/uploads\/2021\/09\/botones-9.png\" alt=\"\" width=\"285\" height=\"35\" \/><\/a><\/p>\n<p data-wp-editing=\"1\"><\/div><\/div><div class=\"su-column su-column-size-3-4\"><div class=\"su-column-inner su-u-clearfix su-u-trim\"><img loading=\"lazy\" decoding=\"async\" class=\"alignnone size-full wp-image-41301\" style=\"margin-top: 0;\" src=\"https:\/\/cortesuprema.gov.co\/corte\/wp-content\/uploads\/2021\/09\/Banners-09_2.png\" alt=\"\" width=\"1025\" height=\"150\" srcset=\"https:\/\/cortesuprema.gov.co\/corte\/wp-content\/uploads\/2021\/09\/Banners-09_2.png 1025w, https:\/\/cortesuprema.gov.co\/corte\/wp-content\/uploads\/2021\/09\/Banners-09_2-300x44.png 300w\" sizes=\"auto, (max-width: 709px) 85vw, (max-width: 909px) 67vw, (max-width: 1362px) 62vw, 840px\" \/><\/p>\n<p style=\"text-align: center;\">\n<div style=\"padding: 56.25% 0 0 0; position: relative;\"><iframe style=\"position: absolute; top: 0; left: 0; width: 100%; height: 100%;\" src=\"https:\/\/cortesuprema.gov.co\/corte\/wp-content\/uploads\/2021\/11\/InvitacionEncuentroXXIV.mp4\" frameborder=\"0\" allowfullscreen=\"allowfullscreen\" ><\/iframe><\/div>\n<p><\/br><\/p>\n<p align=\"JUSTIFY\">La Corte Suprema de Justicia lo invita a participar en el <strong>XXIV Encuentro de la Jurisdicci\u00f3n Ordinaria<\/strong> cuyo tema central ser\u00e1, <strong>\u201cConflictos sociales y polarizaci\u00f3n: \u00bfqu\u00e9 se espera de los jueces?<\/strong> El evento tendr\u00e1 lugar en el teatro Col\u00f3n de la ciudad de Bogot\u00e1, durante los d\u00edas 18 y 19 de noviembre de 2021.<\/p>\n<p align=\"JUSTIFY\">Si ha recibido invitaci\u00f3n previa para asistir al evento de forma presencial, diligencie y descargue el formato (con alojamiento o sin alojamiento) que encontrar\u00e1 a continuaci\u00f3n, y rem\u00edtalo al correo electr\u00f3nico <a href=\"mailto:encuentro2021@cortesuprema.gov.co%22%20%5Ct%20%22_blank\" target=\"_blank\" rel=\"noopener noreferrer\" data-auth=\"NotApplicable\" data-linkindex=\"0\" data-ogsc=\"\"><span class=\"x_s1\" data-ogsc=\"rgb(4, 51, 255)\">encuentro2021@cortesuprema.gov.co<\/span><\/a>, confirmando el recibido en el PBX (071) 5622000 en las extensiones 1202 o 1205, con el fin de formalizar el proceso de inscripci\u00f3n y confirmaci\u00f3n de asistencia.<\/p>\n<p class=\"x_p2\" align=\"JUSTIFY\">Los invitados deben realizar de manera pronta la inscripci\u00f3n y confirmaci\u00f3n, con el fin de lograr la adecuada coordinaci\u00f3n log\u00edstica requerida en el evento.<\/p>\n<p class=\"x_p2\" align=\"JUSTIFY\">Para los participantes\u00a0<b><i>con alojamiento<\/i><\/b>\u00a0la organizaci\u00f3n cubrir\u00e1 \u00fanicamente el alojamiento en el Hotel Tequendama por dos (2) noches, esto es, jueves y viernes. Adicionalmente se suministrar\u00e1 la alimentaci\u00f3n desde la cena del 18 de noviembre hasta el desayuno del 20 del mismo mes.<\/p>\n<p class=\"x_p2\" align=\"JUSTIFY\">Las invitaciones al XXIV Encuentro de la Jurisdicci\u00f3n Ordinaria son personales e intransferibles y deber\u00e1n ser respondidas dentro de los cinco (5) d\u00edas siguientes al env\u00edo; transcurrido el plazo sin obtener respuesta, se entender\u00e1 su declinaci\u00f3n y se dispondr\u00e1 del cupo.<\/p>\n<p class=\"x_p2\">La organizaci\u00f3n del evento, no se har\u00e1 cargo de los tiquetes a\u00e9reos, ni de los traslados aeropuerto \u2013 hotel \u2013 aeropuerto.<\/p>\n<p class=\"x_p2\" align=\"JUSTIFY\">Es muy importante que para la participaci\u00f3n en el evento tenga su esquema de vacunaci\u00f3n completa contra Covid-19 y asuma la responsabilidad respecto de las medidas de autoprotecci\u00f3n y cuidado durante el desplazamiento y realizaci\u00f3n del mismo.<\/p>\n<p>&nbsp;<\/p>\n<p style=\"text-align: center;\" align=\"JUSTIFY\"><a href=\"https:\/\/cortesuprema.gov.co\/corte\/wp-content\/uploads\/2021\/09\/FORMATOS-DE-INSCRIPCI\u00d3N-CON-ALOJAMIENTO.docx\">DESCARGUE AQU\u00cd EL FORMATO \u201cCON ALOJAMIENTO\u201d<\/a><\/p>\n<p style=\"text-align: center;\" align=\"JUSTIFY\"><a href=\"https:\/\/cortesuprema.gov.co\/corte\/wp-content\/uploads\/2021\/09\/FORMATOS-DE-INSCRIPCI\u00d3N-DE-INVITADOS-SIN-ALOJAMIENTO2.docx\">DESCARGUE AQU\u00cd EL FORMATO \u201cSIN ALOJAMIENTO\u201d<\/a><\/p>\n<p style=\"text-align: center;\"><\/div><\/div> <\/div>\n[\/vc_column_text][\/vc_column][\/vc_row]\n","protected":false},"excerpt":{"rendered":"<p>[vc_row][vc_column][vc_column_text] [\/vc_column_text][\/vc_column][\/vc_row]<\/p>\n","protected":false},"author":47,"featured_media":0,"parent":0,"menu_order":0,"comment_status":"closed","ping_status":"closed","template":"","meta":{"footnotes":""},"class_list":["post-41026","page","type-page","status-publish","hentry"],"_links":{"self":[{"href":"https:\/\/cortesuprema.gov.co\/corte\/index.php\/wp-json\/wp\/v2\/pages\/41026","targetHints":{"allow":["GET"]}}],"collection":[{"href":"https:\/\/cortesuprema.gov.co\/corte\/index.php\/wp-json\/wp\/v2\/pages"}],"about":[{"href":"https:\/\/cortesuprema.gov.co\/corte\/index.php\/wp-json\/wp\/v2\/types\/page"}],"author":[{"embeddable":true,"href":"https:\/\/cortesuprema.gov.co\/corte\/index.php\/wp-json\/wp\/v2\/users\/47"}],"replies":[{"embeddable":true,"href":"https:\/\/cortesuprema.gov.co\/corte\/index.php\/wp-json\/wp\/v2\/comments?post=41026"}],"version-history":[{"count":37,"href":"https:\/\/cortesuprema.gov.co\/corte\/index.php\/wp-json\/wp\/v2\/pages\/41026\/revisions"}],"predecessor-version":[{"id":43275,"href":"https:\/\/cortesuprema.gov.co\/corte\/index.php\/wp-json\/wp\/v2\/pages\/41026\/revisions\/43275"}],"wp:attachment":[{"href":"https:\/\/cortesuprema.gov.co\/corte\/index.php\/wp-json\/wp\/v2\/media?parent=41026"}],"curies":[{"name":"wp","href":"https:\/\/api.w.org\/{rel}","templated":true}]}}