{"id":41032,"date":"2021-09-21T17:56:31","date_gmt":"2021-09-21T22:56:31","guid":{"rendered":"https:\/\/cortesuprema.gov.co\/corte\/?page_id=41032"},"modified":"2021-11-16T16:24:12","modified_gmt":"2021-11-16T21:24:12","slug":"encuentro2021-alertas","status":"publish","type":"page","link":"https:\/\/cortesuprema.gov.co\/corte\/index.php\/encuentro2021-alertas\/","title":{"rendered":"Alertas &#8211; XXIV Encuentro de la Jurisdicci\u00f3n Ordinaria"},"content":{"rendered":"[vc_row][vc_column][vc_column_text]\n<p data-wp-editing=\"1\"><a href=\"https:\/\/cortesuprema.gov.co\/corte\/index.php\/encuentro2021\/\"><img loading=\"lazy\" decoding=\"async\" class=\"alignnone wp-image-41331 size-full\" src=\"https:\/\/cortesuprema.gov.co\/corte\/wp-content\/uploads\/2021\/09\/banner-principal.jpg\" alt=\"\" width=\"1201\" height=\"301\" srcset=\"https:\/\/cortesuprema.gov.co\/corte\/wp-content\/uploads\/2021\/09\/banner-principal.jpg 1201w, https:\/\/cortesuprema.gov.co\/corte\/wp-content\/uploads\/2021\/09\/banner-principal-300x75.jpg 300w\" sizes=\"auto, (max-width: 709px) 85vw, (max-width: 909px) 67vw, (max-width: 1362px) 62vw, 840px\" \/><\/a><div class=\"su-row\"><div class=\"su-column su-column-size-1-4\"><div class=\"su-column-inner su-u-clearfix su-u-trim\"><a href=\"https:\/\/cortesuprema.gov.co\/corte\/index.php\/encuentro2021\/\"><img loading=\"lazy\" decoding=\"async\" class=\"wp-image-40921 size-full aligncenter\" src=\"https:\/\/cortesuprema.gov.co\/corte\/wp-content\/uploads\/2021\/09\/botones-1.png\" alt=\"\" width=\"285\" height=\"35\" \/><\/a><\/p>\n<p data-wp-editing=\"1\"><a href=\"https:\/\/cortesuprema.gov.co\/corte\/index.php\/encuentro2021-invitacion\/\"><img loading=\"lazy\" decoding=\"async\" class=\"wp-image-40923 size-full aligncenter\" src=\"https:\/\/cortesuprema.gov.co\/corte\/wp-content\/uploads\/2021\/09\/botones-2.png\" alt=\"\" width=\"285\" height=\"35\" \/><\/a><\/p>\n<p data-wp-editing=\"1\"><a href=\"https:\/\/cortesuprema.gov.co\/corte\/index.php\/encuentro2021-programa\/\"><img loading=\"lazy\" decoding=\"async\" class=\"aligncenter wp-image-40925 size-full\" src=\"https:\/\/cortesuprema.gov.co\/corte\/wp-content\/uploads\/2021\/09\/botones-3.png\" alt=\"\" width=\"285\" height=\"35\" \/><\/a><\/p>\n<p data-wp-editing=\"1\"><a href=\"https:\/\/cortesuprema.gov.co\/corte\/index.php\/encuentro2021-perfiles\/\"><img loading=\"lazy\" decoding=\"async\" class=\"aligncenter wp-image-40927 size-full\" src=\"https:\/\/cortesuprema.gov.co\/corte\/wp-content\/uploads\/2021\/09\/botones-4.png\" alt=\"\" width=\"285\" height=\"35\" \/><\/a><\/p>\n<p data-wp-editing=\"1\"><a href=\"https:\/\/cortesuprema.gov.co\/corte\/index.php\/encuentro2021-datos-de-interes\/\"><img loading=\"lazy\" decoding=\"async\" class=\"aligncenter wp-image-40929 size-full\" src=\"https:\/\/cortesuprema.gov.co\/corte\/wp-content\/uploads\/2021\/09\/botones-5.png\" alt=\"\" width=\"285\" height=\"35\" \/><\/a><\/p>\n<p data-wp-editing=\"1\"><a href=\"https:\/\/cortesuprema.gov.co\/corte\/index.php\/encuentro2021-alertas\/\"><img loading=\"lazy\" decoding=\"async\" class=\"aligncenter wp-image-40930 size-full\" src=\"https:\/\/cortesuprema.gov.co\/corte\/wp-content\/uploads\/2021\/09\/botones-6-OVER.png\" alt=\"\" width=\"285\" height=\"34\" \/><\/a><\/p>\n<p data-wp-editing=\"1\"><a href=\"https:\/\/cortesuprema.gov.co\/corte\/index.php\/encuentro2021-datos-de-conexion\/\"><img loading=\"lazy\" decoding=\"async\" class=\"aligncenter wp-image-40933 size-full\" src=\"https:\/\/cortesuprema.gov.co\/corte\/wp-content\/uploads\/2021\/09\/botones-7.png\" alt=\"\" width=\"285\" height=\"35\" \/><\/a><\/p>\n<p data-wp-editing=\"1\"><a href=\"https:\/\/cortesuprema.gov.co\/corte\/index.php\/encuentro2021-contactenos\"><img loading=\"lazy\" decoding=\"async\" class=\"aligncenter wp-image-40935 size-full\" src=\"https:\/\/cortesuprema.gov.co\/corte\/wp-content\/uploads\/2021\/09\/botones-8.png\" alt=\"\" width=\"285\" height=\"35\" \/><\/a><\/p>\n<p data-wp-editing=\"1\"><a href=\"https:\/\/cortesuprema.gov.co\/corte\/index.php\/encuentro2021-memorias\"><img loading=\"lazy\" decoding=\"async\" class=\"aligncenter wp-image-40937 size-full\" src=\"https:\/\/cortesuprema.gov.co\/corte\/wp-content\/uploads\/2021\/09\/botones-9.png\" alt=\"\" width=\"285\" height=\"35\" \/><\/a><\/p>\n<p data-wp-editing=\"1\"><\/div><\/div><div class=\"su-column su-column-size-3-4\"><div class=\"su-column-inner su-u-clearfix su-u-trim\"><img loading=\"lazy\" decoding=\"async\" class=\"alignnone wp-image-41305 size-full\" style=\"margin-top: 0;\" src=\"https:\/\/cortesuprema.gov.co\/corte\/wp-content\/uploads\/2021\/09\/Banners-05_2.png\" alt=\"\" width=\"1025\" height=\"151\" srcset=\"https:\/\/cortesuprema.gov.co\/corte\/wp-content\/uploads\/2021\/09\/Banners-05_2.png 1025w, https:\/\/cortesuprema.gov.co\/corte\/wp-content\/uploads\/2021\/09\/Banners-05_2-300x44.png 300w\" sizes=\"auto, (max-width: 709px) 85vw, (max-width: 909px) 67vw, (max-width: 1362px) 62vw, 840px\" \/><\/p>\n<p><!--Contenido--><\/p>\n<div>\n<p>&nbsp;<\/p>\n<p><strong>DRESS CODE<\/strong><\/p>\n<p style=\"text-align: left;\"><strong>El c\u00f3digo de vestuario sugerido para las actividades del XXIV Encuentro de la Jurisdicci\u00f3n ser\u00e1 TRAJE FORMAL<\/strong><\/p>\n<p>&nbsp;<\/p>\n<p style=\"text-align: left;\"><strong>CARN\u00c9 DE VACUNACI\u00d3N<\/strong><\/p>\n<p style=\"text-align: left;\"><strong>Se informa a todos los invitados que participar\u00e1n en el XXIV Encuentro de la Jurisdicci\u00f3n Ordinaria, que ser\u00e1 requerido el carn\u00e9 de vacunaci\u00f3n contra el Covid-19 o el certificado digital de vacunaci\u00f3n, para el ingreso a las actividades de evento. El documento debe evidenciar al menos la primara dosis, con excepci\u00f3n de vacunados con el biol\u00f3gico Janssen, por ser de una sola aplicaci\u00f3n. <\/strong><\/p>\n<p>&nbsp;<\/p>\n<p><strong>REGISTRO<\/strong><\/p>\n<p><strong>El registro de los participantes se realizar\u00e1 en el Teatro el d\u00eda jueves 18 de noviembre desde las 9:00 a. m.<\/strong><\/p>\n<p>&nbsp;<\/p>\n<p><strong>HORA DE INGRESO<\/strong><\/p>\n<p><strong>Debido a que el se\u00f1or Presidente de la Rep\u00fablica confirm\u00f3 su asistencia a la instalaci\u00f3n del Encuentro, programada para el 18 de noviembre a las 2:30 P.M., atentamente informamos que se autoriz\u00f3 el ingreso de los invitados al teatro de 12:30 p.m. a 2:00 p.m., hora en que se cerrar\u00e1n las puertas, raz\u00f3n por la cual le solicitamos presentarse en ese lapso para garantizar su ingreso.<\/strong><\/p>\n<p>&nbsp;<\/p>\n<p><strong>USO DEL TAPABOCAS<\/strong><\/p>\n<p><strong>Solicitamos el uso permanente del tapabocas durante el desarrollo del Encuentro.<\/strong><\/p>\n<\/div>\n<\/div><\/div><\/div>[\/vc_column_text][\/vc_column][\/vc_row]\n","protected":false},"excerpt":{"rendered":"<p>[vc_row][vc_column][vc_column_text] [\/vc_column_text][\/vc_column][\/vc_row]<\/p>\n","protected":false},"author":47,"featured_media":0,"parent":0,"menu_order":0,"comment_status":"closed","ping_status":"closed","template":"","meta":{"footnotes":""},"class_list":["post-41032","page","type-page","status-publish","hentry"],"_links":{"self":[{"href":"https:\/\/cortesuprema.gov.co\/corte\/index.php\/wp-json\/wp\/v2\/pages\/41032","targetHints":{"allow":["GET"]}}],"collection":[{"href":"https:\/\/cortesuprema.gov.co\/corte\/index.php\/wp-json\/wp\/v2\/pages"}],"about":[{"href":"https:\/\/cortesuprema.gov.co\/corte\/index.php\/wp-json\/wp\/v2\/types\/page"}],"author":[{"embeddable":true,"href":"https:\/\/cortesuprema.gov.co\/corte\/index.php\/wp-json\/wp\/v2\/users\/47"}],"replies":[{"embeddable":true,"href":"https:\/\/cortesuprema.gov.co\/corte\/index.php\/wp-json\/wp\/v2\/comments?post=41032"}],"version-history":[{"count":13,"href":"https:\/\/cortesuprema.gov.co\/corte\/index.php\/wp-json\/wp\/v2\/pages\/41032\/revisions"}],"predecessor-version":[{"id":43336,"href":"https:\/\/cortesuprema.gov.co\/corte\/index.php\/wp-json\/wp\/v2\/pages\/41032\/revisions\/43336"}],"wp:attachment":[{"href":"https:\/\/cortesuprema.gov.co\/corte\/index.php\/wp-json\/wp\/v2\/media?parent=41032"}],"curies":[{"name":"wp","href":"https:\/\/api.w.org\/{rel}","templated":true}]}}