{"id":41035,"date":"2021-09-21T18:28:56","date_gmt":"2021-09-21T23:28:56","guid":{"rendered":"https:\/\/cortesuprema.gov.co\/corte\/?page_id=41035"},"modified":"2021-09-29T13:43:12","modified_gmt":"2021-09-29T18:43:12","slug":"encuentro2021-datos-de-conexion","status":"publish","type":"page","link":"https:\/\/cortesuprema.gov.co\/corte\/index.php\/encuentro2021-datos-de-conexion\/","title":{"rendered":"Datos de Conexi\u00f3n &#8211; XXIV Encuentro de la Jurisdicci\u00f3n Ordinaria"},"content":{"rendered":"<p data-wp-editing=\"1\"><a href=\"https:\/\/cortesuprema.gov.co\/corte\/index.php\/encuentro2021\/\"><img loading=\"lazy\" decoding=\"async\" class=\"alignnone wp-image-41331 size-full\" src=\"https:\/\/cortesuprema.gov.co\/corte\/wp-content\/uploads\/2021\/09\/banner-principal.jpg\" alt=\"\" width=\"1201\" height=\"301\" srcset=\"https:\/\/cortesuprema.gov.co\/corte\/wp-content\/uploads\/2021\/09\/banner-principal.jpg 1201w, https:\/\/cortesuprema.gov.co\/corte\/wp-content\/uploads\/2021\/09\/banner-principal-300x75.jpg 300w\" sizes=\"auto, (max-width: 709px) 85vw, (max-width: 909px) 67vw, (max-width: 1362px) 62vw, 840px\" \/><\/a><div class=\"su-row\"><div class=\"su-column su-column-size-1-4\"><div class=\"su-column-inner su-u-clearfix su-u-trim\"><a href=\"https:\/\/cortesuprema.gov.co\/corte\/index.php\/encuentro2021\/\"><img loading=\"lazy\" decoding=\"async\" class=\"wp-image-40921 size-full aligncenter\" src=\"https:\/\/cortesuprema.gov.co\/corte\/wp-content\/uploads\/2021\/09\/botones-1.png\" alt=\"\" width=\"285\" height=\"35\" \/><\/a><\/p>\n<p data-wp-editing=\"1\"><a href=\"https:\/\/cortesuprema.gov.co\/corte\/index.php\/encuentro2021-invitacion\/\"><img loading=\"lazy\" decoding=\"async\" class=\"wp-image-40923 size-full aligncenter\" src=\"https:\/\/cortesuprema.gov.co\/corte\/wp-content\/uploads\/2021\/09\/botones-2.png\" alt=\"\" width=\"285\" height=\"35\" \/><\/a><\/p>\n<p data-wp-editing=\"1\"><a href=\"https:\/\/cortesuprema.gov.co\/corte\/index.php\/encuentro2021-programa\/\"><img loading=\"lazy\" decoding=\"async\" class=\"aligncenter wp-image-40925 size-full\" src=\"https:\/\/cortesuprema.gov.co\/corte\/wp-content\/uploads\/2021\/09\/botones-3.png\" alt=\"\" width=\"285\" height=\"35\" \/><\/a><\/p>\n<p data-wp-editing=\"1\"><a href=\"https:\/\/cortesuprema.gov.co\/corte\/index.php\/encuentro2021-perfiles\/\"><img loading=\"lazy\" decoding=\"async\" class=\"aligncenter wp-image-40927 size-full\" src=\"https:\/\/cortesuprema.gov.co\/corte\/wp-content\/uploads\/2021\/09\/botones-4.png\" alt=\"\" width=\"285\" height=\"35\" \/><\/a><\/p>\n<p data-wp-editing=\"1\"><a href=\"https:\/\/cortesuprema.gov.co\/corte\/index.php\/encuentro2021-datos-de-interes\/\"><img loading=\"lazy\" decoding=\"async\" class=\"aligncenter wp-image-40929 size-full\" src=\"https:\/\/cortesuprema.gov.co\/corte\/wp-content\/uploads\/2021\/09\/botones-5.png\" alt=\"\" width=\"285\" height=\"35\" \/><\/a><\/p>\n<p data-wp-editing=\"1\"><a href=\"https:\/\/cortesuprema.gov.co\/corte\/index.php\/encuentro2021-alertas\/\"><img loading=\"lazy\" decoding=\"async\" class=\"aligncenter wp-image-40931 size-full\" src=\"https:\/\/cortesuprema.gov.co\/corte\/wp-content\/uploads\/2021\/09\/botones-6.png\" alt=\"\" width=\"285\" height=\"34\" \/><\/a><\/p>\n<p data-wp-editing=\"1\"><a href=\"https:\/\/cortesuprema.gov.co\/corte\/index.php\/encuentro2021-datos-de-conexion\/\"><img loading=\"lazy\" decoding=\"async\" class=\"aligncenter wp-image-40932 size-full\" src=\"https:\/\/cortesuprema.gov.co\/corte\/wp-content\/uploads\/2021\/09\/botones-7-OVER.png\" alt=\"\" width=\"285\" height=\"35\" \/><\/a><\/p>\n<p data-wp-editing=\"1\"><a href=\"https:\/\/cortesuprema.gov.co\/corte\/index.php\/encuentro2021-contactenos\"><img loading=\"lazy\" decoding=\"async\" class=\"aligncenter wp-image-40935 size-full\" src=\"https:\/\/cortesuprema.gov.co\/corte\/wp-content\/uploads\/2021\/09\/botones-8.png\" alt=\"\" width=\"285\" height=\"35\" \/><\/a><\/p>\n<p data-wp-editing=\"1\"><a href=\"https:\/\/cortesuprema.gov.co\/corte\/index.php\/encuentro2021-memorias\"><img loading=\"lazy\" decoding=\"async\" class=\"aligncenter wp-image-40937 size-full\" src=\"https:\/\/cortesuprema.gov.co\/corte\/wp-content\/uploads\/2021\/09\/botones-9.png\" alt=\"\" width=\"285\" height=\"35\" \/><\/a><\/p>\n<p data-wp-editing=\"1\"><\/div><\/div><div class=\"su-column su-column-size-3-4\"><div class=\"su-column-inner su-u-clearfix su-u-trim\"><img loading=\"lazy\" decoding=\"async\" class=\"alignnone wp-image-41306 size-full\" style=\"margin-top: 0;\" src=\"https:\/\/cortesuprema.gov.co\/corte\/wp-content\/uploads\/2021\/09\/Banners-06_2.png\" alt=\"\" width=\"1025\" height=\"151\" srcset=\"https:\/\/cortesuprema.gov.co\/corte\/wp-content\/uploads\/2021\/09\/Banners-06_2.png 1025w, https:\/\/cortesuprema.gov.co\/corte\/wp-content\/uploads\/2021\/09\/Banners-06_2-300x44.png 300w\" sizes=\"auto, (max-width: 709px) 85vw, (max-width: 909px) 67vw, (max-width: 1362px) 62vw, 840px\" \/><\/p>\n<p><!--Contenido--><\/p>\n<p class=\"x_p2\">Conexi\u00f3n virtual a se\u00f1al originada desde el Teatro Col\u00f3n de la ciudad de Bogot\u00e1<\/p>\n<p class=\"x_p2\">Estar\u00e1n dispuestos los siguientes medios de transmisi\u00f3n:<\/p>\n<p>1. <a href=\"https:\/\/www.cortesuprema.gov.co\/corte\/\" target=\"_blank\" rel=\"noopener noreferrer\">www.cortesuprema.gov.co<\/a><\/p>\n<p>2. <a href=\"https:\/\/www.twitter.com\/@cortesupremaj\" target=\"_blank\" rel=\"noopener noreferrer\">www.twitter.com\/@cortesupremaj<\/a><\/p>\n<p>3. <a href=\"https:\/\/www.facebook.com\/Corte-Suprema-de-Justicia-873964706030937\/\" target=\"_blank\" rel=\"noopener noreferrer\">www.facebook.com\/Corte-Suprema-de-Justicia<\/a><\/p>\n<p>4. <a href=\"https:\/\/www.youtube.com\/channel\/UC7_SLsflSL2955-ULtEhc6w\" target=\"_blank\" rel=\"noopener noreferrer\"> www.youtube.com\/CorteSuprema-de-Justicia<\/a><\/p>\n<\/div><\/div> <\/div>\n","protected":false},"excerpt":{"rendered":"Conexi\u00f3n virtual a se\u00f1al originada desde el Teatro Col\u00f3n de la ciudad de Bogot\u00e1 Estar\u00e1n dispuestos los siguientes medios de transmisi\u00f3n: 1. www.cortesuprema.gov.co 2. www.twitter.com\/@cortesupremaj 3. www.facebook.com\/Corte-Suprema-de-Justicia 4. www.youtube.com\/CorteSuprema-de-Justicia","protected":false},"author":47,"featured_media":0,"parent":0,"menu_order":0,"comment_status":"closed","ping_status":"closed","template":"","meta":{"footnotes":""},"class_list":["post-41035","page","type-page","status-publish","hentry"],"_links":{"self":[{"href":"https:\/\/cortesuprema.gov.co\/corte\/index.php\/wp-json\/wp\/v2\/pages\/41035","targetHints":{"allow":["GET"]}}],"collection":[{"href":"https:\/\/cortesuprema.gov.co\/corte\/index.php\/wp-json\/wp\/v2\/pages"}],"about":[{"href":"https:\/\/cortesuprema.gov.co\/corte\/index.php\/wp-json\/wp\/v2\/types\/page"}],"author":[{"embeddable":true,"href":"https:\/\/cortesuprema.gov.co\/corte\/index.php\/wp-json\/wp\/v2\/users\/47"}],"replies":[{"embeddable":true,"href":"https:\/\/cortesuprema.gov.co\/corte\/index.php\/wp-json\/wp\/v2\/comments?post=41035"}],"version-history":[{"count":14,"href":"https:\/\/cortesuprema.gov.co\/corte\/index.php\/wp-json\/wp\/v2\/pages\/41035\/revisions"}],"predecessor-version":[{"id":41391,"href":"https:\/\/cortesuprema.gov.co\/corte\/index.php\/wp-json\/wp\/v2\/pages\/41035\/revisions\/41391"}],"wp:attachment":[{"href":"https:\/\/cortesuprema.gov.co\/corte\/index.php\/wp-json\/wp\/v2\/media?parent=41035"}],"curies":[{"name":"wp","href":"https:\/\/api.w.org\/{rel}","templated":true}]}}