{"id":43845,"date":"2021-12-01T09:39:01","date_gmt":"2021-12-01T14:39:01","guid":{"rendered":"https:\/\/cortesuprema.gov.co\/corte\/?page_id=43845"},"modified":"2021-12-01T15:38:51","modified_gmt":"2021-12-01T20:38:51","slug":"invitacion-xi-conversatorio-de-la-jurisdiccion-civil-familia-agraria-y-ambiental","status":"publish","type":"page","link":"https:\/\/cortesuprema.gov.co\/corte\/index.php\/invitacion-xi-conversatorio-de-la-jurisdiccion-civil-familia-agraria-y-ambiental\/","title":{"rendered":"Invitaci\u00f3n XI Conversatorio de la jurisdicci\u00f3n civil, familia, agraria y ambiental"},"content":{"rendered":"[vc_row][vc_column][vc_single_image image=\u00bb43750&#8243; img_size=\u00bbfull\u00bb alignment=\u00bbcenter\u00bb css_animation=\u00bbfadeIn\u00bb css=\u00bb.vc_custom_1638306814232{margin-top: 0px !important;margin-right: 0px !important;margin-bottom: 0px !important;margin-left: 0px !important;}\u00bb][\/vc_column][\/vc_row][vc_row][vc_column width=\u00bb1\/4&#8243;][vc_column_text css_animation=\u00bbfadeInLeft\u00bb css=\u00bb.vc_custom_1638388868806{margin-top: 0px !important;margin-right: 0px !important;margin-bottom: 0px !important;margin-left: 0px !important;border-top-width: 0px !important;border-right-width: 0px !important;border-bottom-width: 0px !important;border-left-width: 0px !important;padding-top: 0px !important;padding-right: 0px !important;padding-bottom: 0px !important;padding-left: 0px !important;}\u00bb]<a href=\"https:\/\/cortesuprema.gov.co\/corte\/index.php\/invitacion-xi-conversatorio-de-la-jurisdiccion-civil-familia-agraria-y-ambiental\/\"><img loading=\"lazy\" decoding=\"async\" class=\"alignnone\" src=\"https:\/\/cortesuprema.gov.co\/corte\/wp-content\/uploads\/2021\/12\/2B.jpg\" alt=\"\" width=\"291\" height=\"52\" \/><\/a><a href=\"https:\/\/cortesuprema.gov.co\/corte\/index.php\/programa-xi-conversatorio-de-la-jurisdiccion-civil-familia-agraria-y-ambiental\/\"><img loading=\"lazy\" decoding=\"async\" class=\"alignnone\" src=\"https:\/\/cortesuprema.gov.co\/corte\/wp-content\/uploads\/2021\/11\/6A.jpg\" alt=\"\" width=\"291\" height=\"52\" \/><\/a><br \/>\n<a href=\"https:\/\/cortesuprema.gov.co\/corte\/index.php\/perfiles-conferencistas-xi-conversatorio-de-la-jurisdiccion-civil-familia-agraria-y-ambiental\/\"><img loading=\"lazy\" decoding=\"async\" class=\"alignnone\" src=\"https:\/\/cortesuprema.gov.co\/corte\/wp-content\/uploads\/2021\/11\/3A.jpg\" alt=\"\" width=\"291\" height=\"53\" \/><\/a><a href=\"https:\/\/cortesuprema.gov.co\/corte\/index.php\/datos-conexion-xi-conversatorio-de-la-jurisdiccion-civil-familia-agraria-y-ambiental\/\"><img loading=\"lazy\" decoding=\"async\" class=\"alignnone\" src=\"https:\/\/cortesuprema.gov.co\/corte\/wp-content\/uploads\/2021\/11\/4A.jpg\" alt=\"\" width=\"291\" height=\"52\" \/><\/a><a href=\"https:\/\/cortesuprema.gov.co\/corte\/index.php\/contactenos-xi-conversatorio-de-la-jurisdiccion-civil-familia-agraria-y-ambiental\/\"><img loading=\"lazy\" decoding=\"async\" class=\"alignnone\" src=\"https:\/\/cortesuprema.gov.co\/corte\/wp-content\/uploads\/2021\/11\/5A.jpg\" alt=\"\" width=\"291\" height=\"52\" \/><\/a><a href=\"https:\/\/cortesuprema.gov.co\/corte\/index.php\/memorias-evento-xi-conversatorio-de-la-jurisdiccion-civil-familia-agraria-y-ambiental\/\"><img loading=\"lazy\" decoding=\"async\" class=\"alignnone\" src=\"https:\/\/cortesuprema.gov.co\/corte\/wp-content\/uploads\/2021\/11\/7A.jpg\" alt=\"\" width=\"291\" height=\"52\" \/><\/a>[\/vc_column_text][\/vc_column][vc_column width=\u00bb3\/4&#8243;][vc_column_text css_animation=\u00bbfadeIn\u00bb]<img loading=\"lazy\" decoding=\"async\" class=\"alignnone wp-image-43763 size-full\" src=\"https:\/\/cortesuprema.gov.co\/corte\/wp-content\/uploads\/2021\/11\/ENCABEZADOS_Mesa-de-trabajo-1.png\" alt=\"\" width=\"2137\" height=\"303\" \/>[\/vc_column_text][vc_column_text css_animation=\u00bbfadeInRight\u00bb]\n<div style=\"padding: 56.25% 0 0 0; position: relative;\"><video style=\"position: absolute; top: 0; left: 0; width: 100%; height: 100%;\" src=\"https:\/\/cortesuprema.gov.co\/corte\/wp-content\/uploads\/2021\/12\/InvitacionJurisdiccionXI.mp4\" autoplay=\"autoplay\" loop=\"loop\" controls=\"controls\" width=\"300\" height=\"150\" controlsList=\"nodownload\"><\/video><\/div>\n<p>&nbsp;<\/p>\n<p>La Sala de Casaci\u00f3n Civil de la Corte Suprema de Justicia realizar\u00e1 el pr\u00f3ximo 09 de diciembre de 2021 el \u201cXI Conversatorio Nacional de la Jurisdicci\u00f3n civil, familia, agraria y ambiental: La tutela y la jurisdicci\u00f3n civil\u201d.<\/p>\n<p>En la jornada acad\u00e9mica participar\u00e1n los magistrados que integran la Sala de Casaci\u00f3n Civil de la Corte Suprema de Justicia y destacados conferencistas nacionales e internacionales quienes tratar\u00e1n temas de inter\u00e9s nacional en torno al eje central del evento.<\/p>\n<p>El certamen ser\u00e1 transmitido en formato virtual a trav\u00e9s de la p\u00e1gina web <a href=\"http:\/\/www.cortesuprema.gov.co\">www.cortesuprema.gov.co<\/a> y por las cuentas de <a href=\"https:\/\/www.facebook.com\/Corte-Suprema-de-Justicia-873964706030937\/\">FaceBook<\/a> y <a href=\"https:\/\/www.youtube.com\/channel\/UC7_SLsflSL2955-ULtEhc6w\">YouTube<\/a> de la Corporaci\u00f3n.[\/vc_column_text][\/vc_column][\/vc_row]\n","protected":false},"excerpt":{"rendered":"<p>[vc_row][vc_column][vc_single_image image=\u00bb43750&#8243; img_size=\u00bbfull\u00bb alignment=\u00bbcenter\u00bb css_animation=\u00bbfadeIn\u00bb css=\u00bb.vc_custom_1638306814232{margin-top: 0px !important;margin-right: 0px !important;margin-bottom: 0px !important;margin-left: 0px !important;}\u00bb][\/vc_column][\/vc_row][vc_row][vc_column width=\u00bb1\/4&#8243;][vc_column_text css_animation=\u00bbfadeInLeft\u00bb css=\u00bb.vc_custom_1638388868806{margin-top: 0px !important;margin-right: 0px !important;margin-bottom: 0px !important;margin-left: 0px !important;border-top-width: 0px !important;border-right-width: 0px !important;border-bottom-width: 0px !important;border-left-width: 0px !important;padding-top: 0px !important;padding-right: 0px !important;padding-bottom: 0px !important;padding-left: 0px !important;}\u00bb] [\/vc_column_text][\/vc_column][vc_column width=\u00bb3\/4&#8243;][vc_column_text css_animation=\u00bbfadeIn\u00bb][\/vc_column_text][vc_column_text css_animation=\u00bbfadeInRight\u00bb] &nbsp; La Sala de Casaci\u00f3n Civil de la Corte Suprema &hellip; <a href=\"https:\/\/cortesuprema.gov.co\/corte\/index.php\/invitacion-xi-conversatorio-de-la-jurisdiccion-civil-familia-agraria-y-ambiental\/\" class=\"more-link\">Continuar leyendo<span class=\"screen-reader-text\"> \u00abInvitaci\u00f3n XI Conversatorio de la jurisdicci\u00f3n civil, familia, agraria y ambiental\u00bb<\/span><\/a><\/p>\n","protected":false},"author":47,"featured_media":0,"parent":0,"menu_order":0,"comment_status":"closed","ping_status":"closed","template":"","meta":{"footnotes":""},"class_list":["post-43845","page","type-page","status-publish","hentry"],"_links":{"self":[{"href":"https:\/\/cortesuprema.gov.co\/corte\/index.php\/wp-json\/wp\/v2\/pages\/43845","targetHints":{"allow":["GET"]}}],"collection":[{"href":"https:\/\/cortesuprema.gov.co\/corte\/index.php\/wp-json\/wp\/v2\/pages"}],"about":[{"href":"https:\/\/cortesuprema.gov.co\/corte\/index.php\/wp-json\/wp\/v2\/types\/page"}],"author":[{"embeddable":true,"href":"https:\/\/cortesuprema.gov.co\/corte\/index.php\/wp-json\/wp\/v2\/users\/47"}],"replies":[{"embeddable":true,"href":"https:\/\/cortesuprema.gov.co\/corte\/index.php\/wp-json\/wp\/v2\/comments?post=43845"}],"version-history":[{"count":16,"href":"https:\/\/cortesuprema.gov.co\/corte\/index.php\/wp-json\/wp\/v2\/pages\/43845\/revisions"}],"predecessor-version":[{"id":43995,"href":"https:\/\/cortesuprema.gov.co\/corte\/index.php\/wp-json\/wp\/v2\/pages\/43845\/revisions\/43995"}],"wp:attachment":[{"href":"https:\/\/cortesuprema.gov.co\/corte\/index.php\/wp-json\/wp\/v2\/media?parent=43845"}],"curies":[{"name":"wp","href":"https:\/\/api.w.org\/{rel}","templated":true}]}}