{"id":43878,"date":"2021-12-01T10:07:47","date_gmt":"2021-12-01T15:07:47","guid":{"rendered":"https:\/\/cortesuprema.gov.co\/corte\/?page_id=43878"},"modified":"2021-12-03T17:17:25","modified_gmt":"2021-12-03T22:17:25","slug":"memorias-evento-xi-conversatorio-de-la-jurisdiccion-civil-familia-agraria-y-ambiental","status":"publish","type":"page","link":"https:\/\/cortesuprema.gov.co\/corte\/index.php\/memorias-evento-xi-conversatorio-de-la-jurisdiccion-civil-familia-agraria-y-ambiental\/","title":{"rendered":"Memorias Evento XI Conversatorio de la jurisdicci\u00f3n civil, familia, agraria y ambiental"},"content":{"rendered":"[vc_row][vc_column][vc_single_image image=\u00bb43750&#8243; img_size=\u00bbfull\u00bb alignment=\u00bbcenter\u00bb css_animation=\u00bbfadeIn\u00bb css=\u00bb.vc_custom_1638306814232{margin-top: 0px !important;margin-right: 0px !important;margin-bottom: 0px !important;margin-left: 0px !important;}\u00bb][\/vc_column][\/vc_row][vc_row][vc_column width=\u00bb1\/4&#8243;][vc_column_text css_animation=\u00bbfadeInLeft\u00bb css=\u00bb.vc_custom_1638389398365{margin-top: 0px !important;margin-right: 0px !important;margin-bottom: 0px !important;margin-left: 0px !important;border-top-width: 0px !important;border-right-width: 0px !important;border-bottom-width: 0px !important;border-left-width: 0px !important;padding-top: 0px !important;padding-right: 0px !important;padding-bottom: 0px !important;padding-left: 0px !important;}\u00bb]<a href=\"https:\/\/cortesuprema.gov.co\/corte\/index.php\/invitacion-xi-conversatorio-de-la-jurisdiccion-civil-familia-agraria-y-ambiental\/\"><img loading=\"lazy\" decoding=\"async\" class=\"alignnone wp-image-43752 size-full\" src=\"https:\/\/cortesuprema.gov.co\/corte\/wp-content\/uploads\/2021\/11\/2A.jpg\" alt=\"\" width=\"291\" height=\"52\" \/><\/a><a href=\"https:\/\/cortesuprema.gov.co\/corte\/index.php\/programa-xi-conversatorio-de-la-jurisdiccion-civil-familia-agraria-y-ambiental\/\"><img loading=\"lazy\" decoding=\"async\" class=\"alignnone wp-image-43756 size-full\" src=\"https:\/\/cortesuprema.gov.co\/corte\/wp-content\/uploads\/2021\/11\/6A.jpg\" alt=\"\" width=\"291\" height=\"52\" \/><\/a><br \/>\n<a href=\"https:\/\/cortesuprema.gov.co\/corte\/index.php\/perfiles-conferencistas-xi-conversatorio-de-la-jurisdiccion-civil-familia-agraria-y-ambiental\/\"><img loading=\"lazy\" decoding=\"async\" class=\"alignnone wp-image-43753 size-full\" src=\"https:\/\/cortesuprema.gov.co\/corte\/wp-content\/uploads\/2021\/11\/3A.jpg\" alt=\"\" width=\"291\" height=\"53\" \/><\/a><a href=\"https:\/\/cortesuprema.gov.co\/corte\/index.php\/datos-conexion-xi-conversatorio-de-la-jurisdiccion-civil-familia-agraria-y-ambiental\/\"><img loading=\"lazy\" decoding=\"async\" class=\"alignnone wp-image-43754 size-full\" src=\"https:\/\/cortesuprema.gov.co\/corte\/wp-content\/uploads\/2021\/11\/4A.jpg\" alt=\"\" width=\"291\" height=\"52\" \/><\/a><a href=\"https:\/\/cortesuprema.gov.co\/corte\/index.php\/contactenos-xi-conversatorio-de-la-jurisdiccion-civil-familia-agraria-y-ambiental\/\"><img loading=\"lazy\" decoding=\"async\" class=\"alignnone wp-image-43755 size-full\" src=\"https:\/\/cortesuprema.gov.co\/corte\/wp-content\/uploads\/2021\/11\/5A.jpg\" alt=\"\" width=\"291\" height=\"52\" \/><\/a><a href=\"https:\/\/cortesuprema.gov.co\/corte\/index.php\/memorias-evento-xi-conversatorio-de-la-jurisdiccion-civil-familia-agraria-y-ambiental\/\"><img loading=\"lazy\" decoding=\"async\" class=\"alignnone wp-image-43881 size-full\" src=\"https:\/\/cortesuprema.gov.co\/corte\/wp-content\/uploads\/2021\/12\/7B.jpg\" alt=\"\" width=\"291\" height=\"52\" \/><\/a>[\/vc_column_text][\/vc_column][vc_column width=\u00bb3\/4&#8243;][vc_column_text css_animation=\u00bbfadeIn\u00bb]<img loading=\"lazy\" decoding=\"async\" class=\"alignnone wp-image-43882 size-full\" src=\"https:\/\/cortesuprema.gov.co\/corte\/wp-content\/uploads\/2021\/12\/ENCABEZADOS_Mesa-de-trabajo-1-copia-5.png\" alt=\"\" width=\"2137\" height=\"303\" srcset=\"https:\/\/cortesuprema.gov.co\/corte\/wp-content\/uploads\/2021\/12\/ENCABEZADOS_Mesa-de-trabajo-1-copia-5.png 2137w, https:\/\/cortesuprema.gov.co\/corte\/wp-content\/uploads\/2021\/12\/ENCABEZADOS_Mesa-de-trabajo-1-copia-5-300x43.png 300w\" sizes=\"auto, (max-width: 709px) 85vw, (max-width: 909px) 67vw, (max-width: 1362px) 62vw, 840px\" \/>[\/vc_column_text][vc_column_text css_animation=\u00bbfadeInRight\u00bb]\n<p>Pautas para la consulta de jurisprudencia de la Sala de Casaci\u00f3n Civil &#8211; <a href=\"https:\/\/www.cortesuprema.gov.co\/corte\/wp-content\/uploads\/publicaciones\/Pautas para la consulta de jurisprudencia de la Sala de Casaci\u00f3n Civil.pdf\">Descargue el documento aqu\u00ed<\/a><\/p>\n<p>&nbsp;<\/p>\n<p>Pronto encontrar\u00e1s m\u00e1s informaci\u00f3n.[\/vc_column_text][\/vc_column][\/vc_row]\n","protected":false},"excerpt":{"rendered":"<p>[vc_row][vc_column][vc_single_image image=\u00bb43750&#8243; img_size=\u00bbfull\u00bb alignment=\u00bbcenter\u00bb css_animation=\u00bbfadeIn\u00bb css=\u00bb.vc_custom_1638306814232{margin-top: 0px !important;margin-right: 0px !important;margin-bottom: 0px !important;margin-left: 0px !important;}\u00bb][\/vc_column][\/vc_row][vc_row][vc_column width=\u00bb1\/4&#8243;][vc_column_text css_animation=\u00bbfadeInLeft\u00bb css=\u00bb.vc_custom_1638389398365{margin-top: 0px !important;margin-right: 0px !important;margin-bottom: 0px !important;margin-left: 0px !important;border-top-width: 0px !important;border-right-width: 0px !important;border-bottom-width: 0px !important;border-left-width: 0px !important;padding-top: 0px !important;padding-right: 0px !important;padding-bottom: 0px !important;padding-left: 0px !important;}\u00bb] [\/vc_column_text][\/vc_column][vc_column width=\u00bb3\/4&#8243;][vc_column_text css_animation=\u00bbfadeIn\u00bb][\/vc_column_text][vc_column_text css_animation=\u00bbfadeInRight\u00bb] Pautas para la consulta de jurisprudencia de la Sala de &hellip; <a href=\"https:\/\/cortesuprema.gov.co\/corte\/index.php\/memorias-evento-xi-conversatorio-de-la-jurisdiccion-civil-familia-agraria-y-ambiental\/\" class=\"more-link\">Continuar leyendo<span class=\"screen-reader-text\"> \u00abMemorias Evento XI Conversatorio de la jurisdicci\u00f3n civil, familia, agraria y ambiental\u00bb<\/span><\/a><\/p>\n","protected":false},"author":47,"featured_media":0,"parent":0,"menu_order":0,"comment_status":"closed","ping_status":"closed","template":"","meta":{"footnotes":""},"class_list":["post-43878","page","type-page","status-publish","hentry"],"_links":{"self":[{"href":"https:\/\/cortesuprema.gov.co\/corte\/index.php\/wp-json\/wp\/v2\/pages\/43878","targetHints":{"allow":["GET"]}}],"collection":[{"href":"https:\/\/cortesuprema.gov.co\/corte\/index.php\/wp-json\/wp\/v2\/pages"}],"about":[{"href":"https:\/\/cortesuprema.gov.co\/corte\/index.php\/wp-json\/wp\/v2\/types\/page"}],"author":[{"embeddable":true,"href":"https:\/\/cortesuprema.gov.co\/corte\/index.php\/wp-json\/wp\/v2\/users\/47"}],"replies":[{"embeddable":true,"href":"https:\/\/cortesuprema.gov.co\/corte\/index.php\/wp-json\/wp\/v2\/comments?post=43878"}],"version-history":[{"count":5,"href":"https:\/\/cortesuprema.gov.co\/corte\/index.php\/wp-json\/wp\/v2\/pages\/43878\/revisions"}],"predecessor-version":[{"id":44153,"href":"https:\/\/cortesuprema.gov.co\/corte\/index.php\/wp-json\/wp\/v2\/pages\/43878\/revisions\/44153"}],"wp:attachment":[{"href":"https:\/\/cortesuprema.gov.co\/corte\/index.php\/wp-json\/wp\/v2\/media?parent=43878"}],"curies":[{"name":"wp","href":"https:\/\/api.w.org\/{rel}","templated":true}]}}