{"id":44076,"date":"2021-12-02T15:16:24","date_gmt":"2021-12-02T20:16:24","guid":{"rendered":"https:\/\/cortesuprema.gov.co\/corte\/?page_id=44076"},"modified":"2023-03-31T10:26:48","modified_gmt":"2023-03-31T15:26:48","slug":"el-dano-extrapatrimonial-y-su-cuantificacion","status":"publish","type":"page","link":"https:\/\/cortesuprema.gov.co\/corte\/index.php\/el-dano-extrapatrimonial-y-su-cuantificacion\/","title":{"rendered":"El da\u00f1o extrapatrimonial y su cuantificaci\u00f3n"},"content":{"rendered":"<h2 style=\"text-align: center;\">El da\u00f1o extrapatrimonial y su cuantificaci\u00f3n<\/h2>\n<h3 style=\"text-align: center;\">Algunos estudios contempor\u00e1neos de la Sala de Casaci\u00f3n Civil<\/h3>\n<h4><em>Civil<\/em><\/h4>\n<p style=\"text-align: right;\">Otras publicaciones: <a href=\"https:\/\/cortesuprema.gov.co\/corte\/index.php\/de-la-nulidad-y-de-la-simulacion-algunos-estudios-contemporaneos\/\" target=\"_blank\" rel=\"noopener noreferrer\">Nulidad y simulaci\u00f3n<\/a> &#8211;<\/p>\n<p style=\"text-align: right;\"><a href=\"https:\/\/cortesuprema.gov.co\/corte\/index.php\/contratos-civiles-y-comerciales-algunos-estudios-contemporaneos\/\">Contratos civiles y comerciales<\/a> &#8211;<\/p>\n<p style=\"text-align: right;\"><a href=\"https:\/\/cortesuprema.gov.co\/corte\/index.php\/el-contrato-de-compraventa-algunos-estudios-contemporaneos\/\" target=\"_blank\" rel=\"noopener noreferrer\">Contrato de compraventa-<\/a><\/p>\n<p style=\"text-align: right;\"><a href=\"https:\/\/cortesuprema.gov.co\/corte\/index.php\/la-promesa-de-contrato-algunos-estudios-contemporaneos\/\" target=\"_blank\" rel=\"noopener noreferrer\">Promesa de contrato-<\/a><\/p>\n<p style=\"text-align: right;\"><a href=\"https:\/\/cortesuprema.gov.co\/corte\/index.php\/de-las-actividades-peligrosas-algunos-estudios-contemporaneos\/\" target=\"_blank\" rel=\"noopener noreferrer\">Actividades peligrosas-<\/a><\/p>\n<p style=\"text-align: right;\"><a href=\"https:\/\/cortesuprema.gov.co\/corte\/index.php\/responsabilidad-medica-algunos-estudios-contemporaneos\/\">Responsabilidad m\u00e9dica<\/a><\/p>\n<p style=\"text-align: right;\"><a href=\"https:\/\/cortesuprema.gov.co\/corte\/index.php\/de-la-propiedad-la-posesion-y-la-tenencia-algunos-estudios-contemporaneos\/\" target=\"_blank\" rel=\"noopener noreferrer\">De la propiedad, la posesi\u00f3n y la tenencia<\/a>&#8211;<\/p>\n<p style=\"text-align: right;\"><a href=\"https:\/\/cortesuprema.gov.co\/corte\/index.php\/de-la-filiacion-algunos-estudios-contemporaneos\/\" target=\"_blank\" rel=\"noopener noreferrer\">Filiaci\u00f3n<\/a> &#8211;<\/p>\n<p style=\"text-align: right;\"><a href=\"https:\/\/cortesuprema.gov.co\/corte\/index.php\/union-marital-de-hecho-algunos-estudios-contemporaneos\/\" target=\"_blank\" rel=\"noopener noreferrer\">UMH\u00a0<\/a><\/p>\n<p style=\"text-align: left;\"><a href=\"https:\/\/cortesuprema.gov.co\/corte\/wp-content\/uploads\/2023\/03\/EL-DA\u00d1O-EXTRAPATRIMONIAL-Y-SU-CUANTIFICACION-P.pdf\" target=\"_blank\" rel=\"noopener noreferrer\">Descargue\u00a0aqu\u00ed el PDF<\/a><\/p>\n[spiderpowa-pdf src=\u00bbhttps:\/\/cortesuprema.gov.co\/corte\/wp-content\/uploads\/2023\/03\/EL-DA\u00d1O-EXTRAPATRIMONIAL-Y-SU-CUANTIFICACION-P.pdf\u00bb]\n<p><a href=\"https:\/\/cortesuprema.gov.co\/corte\/index.php\/relatoriasc\/\">Volver Relator\u00eda Sala Civil<\/a><\/p>\n","protected":false},"excerpt":{"rendered":"<p>El da\u00f1o extrapatrimonial y su cuantificaci\u00f3n Algunos estudios contempor\u00e1neos de la Sala de Casaci\u00f3n Civil Civil Otras publicaciones: Nulidad y simulaci\u00f3n &#8211; Contratos civiles y comerciales &#8211; Contrato de compraventa- Promesa de contrato- Actividades peligrosas- Responsabilidad m\u00e9dica De la propiedad, la posesi\u00f3n y la tenencia&#8211; Filiaci\u00f3n &#8211; UMH\u00a0 Descargue\u00a0aqu\u00ed el PDF [spiderpowa-pdf src=\u00bbhttps:\/\/cortesuprema.gov.co\/corte\/wp-content\/uploads\/2023\/03\/EL-DA\u00d1O-EXTRAPATRIMONIAL-Y-SU-CUANTIFICACION-P.pdf\u00bb] Volver Relator\u00eda &hellip; <a href=\"https:\/\/cortesuprema.gov.co\/corte\/index.php\/el-dano-extrapatrimonial-y-su-cuantificacion\/\" class=\"more-link\">Continuar leyendo<span class=\"screen-reader-text\"> \u00abEl da\u00f1o extrapatrimonial y su cuantificaci\u00f3n\u00bb<\/span><\/a><\/p>\n","protected":false},"author":38,"featured_media":0,"parent":0,"menu_order":0,"comment_status":"closed","ping_status":"closed","template":"","meta":{"footnotes":""},"class_list":["post-44076","page","type-page","status-publish","hentry"],"_links":{"self":[{"href":"https:\/\/cortesuprema.gov.co\/corte\/index.php\/wp-json\/wp\/v2\/pages\/44076","targetHints":{"allow":["GET"]}}],"collection":[{"href":"https:\/\/cortesuprema.gov.co\/corte\/index.php\/wp-json\/wp\/v2\/pages"}],"about":[{"href":"https:\/\/cortesuprema.gov.co\/corte\/index.php\/wp-json\/wp\/v2\/types\/page"}],"author":[{"embeddable":true,"href":"https:\/\/cortesuprema.gov.co\/corte\/index.php\/wp-json\/wp\/v2\/users\/38"}],"replies":[{"embeddable":true,"href":"https:\/\/cortesuprema.gov.co\/corte\/index.php\/wp-json\/wp\/v2\/comments?post=44076"}],"version-history":[{"count":5,"href":"https:\/\/cortesuprema.gov.co\/corte\/index.php\/wp-json\/wp\/v2\/pages\/44076\/revisions"}],"predecessor-version":[{"id":53465,"href":"https:\/\/cortesuprema.gov.co\/corte\/index.php\/wp-json\/wp\/v2\/pages\/44076\/revisions\/53465"}],"wp:attachment":[{"href":"https:\/\/cortesuprema.gov.co\/corte\/index.php\/wp-json\/wp\/v2\/media?parent=44076"}],"curies":[{"name":"wp","href":"https:\/\/api.w.org\/{rel}","templated":true}]}}