{"id":45381,"date":"2022-02-10T17:01:23","date_gmt":"2022-02-10T22:01:23","guid":{"rendered":"https:\/\/cortesuprema.gov.co\/corte\/?page_id=45381"},"modified":"2022-08-17T17:13:47","modified_gmt":"2022-08-17T22:13:47","slug":"servicio-eficiente-de-justicia","status":"publish","type":"page","link":"https:\/\/cortesuprema.gov.co\/corte\/index.php\/servicio-eficiente-de-justicia\/","title":{"rendered":"Servicio eficiente de justicia"},"content":{"rendered":"<h2 style=\"text-align: center;\"><strong>Servicio eficiente de justicia<\/strong><\/h2>\n<p style=\"text-align: center;\">Tecnolog\u00edas de la informaci\u00f3n y las comunicaciones<\/p>\n<p style=\"text-align: center;\">Gu\u00eda de jurisprudencia civil<\/p>\n<h4><\/h4>\n<h4><em>Procesal<\/em><\/h4>\n<p style=\"text-align: right;\">Otras publicaciones:<\/p>\n<p style=\"text-align: right;\"><a href=\"https:\/\/cortesuprema.gov.co\/corte\/index.php\/compendio-jurisprudencial-del-cgp\/\">Compendio jurisprudencial del C\u00f3digo General del Proceso<\/a><\/p>\n<p style=\"text-align: right;\"><a href=\"https:\/\/cortesuprema.gov.co\/corte\/index.php\/conflictos-de-competencia-guia-de-jurisprudencia-civil-3\/\">Conflictos de competencia -Gu\u00eda de jurisprudencia civil<\/a><\/p>\n<p style=\"text-align: right;\"><a href=\"https:\/\/cortesuprema.gov.co\/corte\/index.php\/prelacion-de-competencia-en-litigios-de-entidades-publicas-algunos-estudios-contemporaneos\/\" target=\"_blank\" rel=\"noopener noreferrer\"><span lang=\"es-CO\">Prelaci\u00f3n de competencia <\/span><\/a><a href=\"https:\/\/cortesuprema.gov.co\/corte\/index.php\/prelacion-de-competencia-en-litigios-de-entidades-publicas-algunos-estudios-contemporaneos\/\" target=\"_blank\" rel=\"noopener noreferrer\"><span lang=\"es-CO\">en litigios de entidades p\u00fablicas<\/span><span lang=\"es-CO\">\u00a0<\/span><\/a><\/p>\n<p style=\"text-align: right;\"><a href=\"https:\/\/cortesuprema.gov.co\/corte\/index.php\/doctrina-probable-procesal\/\">Doctrina probable-Procesal<\/a><\/p>\n<p style=\"text-align: left;\"><a href=\"https:\/\/cortesuprema.gov.co\/corte\/wp-content\/uploads\/2022\/08\/SERVICIO-EFICIENTE-DE-JUSTICIA-TIC-P.pdf\" target=\"_blank\" rel=\"noopener noreferrer\">Descargue\u00a0aqu\u00ed el PDF<\/a><\/p>\n[spiderpowa-pdf src=\u00bbhttps:\/\/cortesuprema.gov.co\/corte\/wp-content\/uploads\/2022\/08\/SERVICIO-EFICIENTE-DE-JUSTICIA-TIC-P.pdf\u00bb]\n<p><a href=\"https:\/\/cortesuprema.gov.co\/corte\/index.php\/relatoriasc\/\">Volver Relator\u00eda Sala Civil<\/a><\/p>\n","protected":false},"excerpt":{"rendered":"<p>Servicio eficiente de justicia Tecnolog\u00edas de la informaci\u00f3n y las comunicaciones Gu\u00eda de jurisprudencia civil Procesal Otras publicaciones: Compendio jurisprudencial del C\u00f3digo General del Proceso Conflictos de competencia -Gu\u00eda de jurisprudencia civil Prelaci\u00f3n de competencia en litigios de entidades p\u00fablicas\u00a0 Doctrina probable-Procesal Descargue\u00a0aqu\u00ed el PDF [spiderpowa-pdf src=\u00bbhttps:\/\/cortesuprema.gov.co\/corte\/wp-content\/uploads\/2022\/08\/SERVICIO-EFICIENTE-DE-JUSTICIA-TIC-P.pdf\u00bb] Volver Relator\u00eda Sala Civil<\/p>\n","protected":false},"author":38,"featured_media":0,"parent":0,"menu_order":0,"comment_status":"closed","ping_status":"closed","template":"","meta":{"footnotes":""},"class_list":["post-45381","page","type-page","status-publish","hentry"],"_links":{"self":[{"href":"https:\/\/cortesuprema.gov.co\/corte\/index.php\/wp-json\/wp\/v2\/pages\/45381","targetHints":{"allow":["GET"]}}],"collection":[{"href":"https:\/\/cortesuprema.gov.co\/corte\/index.php\/wp-json\/wp\/v2\/pages"}],"about":[{"href":"https:\/\/cortesuprema.gov.co\/corte\/index.php\/wp-json\/wp\/v2\/types\/page"}],"author":[{"embeddable":true,"href":"https:\/\/cortesuprema.gov.co\/corte\/index.php\/wp-json\/wp\/v2\/users\/38"}],"replies":[{"embeddable":true,"href":"https:\/\/cortesuprema.gov.co\/corte\/index.php\/wp-json\/wp\/v2\/comments?post=45381"}],"version-history":[{"count":7,"href":"https:\/\/cortesuprema.gov.co\/corte\/index.php\/wp-json\/wp\/v2\/pages\/45381\/revisions"}],"predecessor-version":[{"id":51116,"href":"https:\/\/cortesuprema.gov.co\/corte\/index.php\/wp-json\/wp\/v2\/pages\/45381\/revisions\/51116"}],"wp:attachment":[{"href":"https:\/\/cortesuprema.gov.co\/corte\/index.php\/wp-json\/wp\/v2\/media?parent=45381"}],"curies":[{"name":"wp","href":"https:\/\/api.w.org\/{rel}","templated":true}]}}