{"id":45775,"date":"2022-03-01T15:09:02","date_gmt":"2022-03-01T20:09:02","guid":{"rendered":"https:\/\/cortesuprema.gov.co\/corte\/?page_id=45775"},"modified":"2022-03-01T16:00:01","modified_gmt":"2022-03-01T21:00:01","slug":"sepidecisiones","status":"publish","type":"page","link":"https:\/\/cortesuprema.gov.co\/corte\/index.php\/sepidecisiones\/","title":{"rendered":"Sala Especial de Primera Instancia &#8211; Decisiones de inter\u00e9s"},"content":{"rendered":"<p style=\"text-align: left;\"><div class=\"su-row\"><div class=\"su-column su-column-size-4-5\"><div class=\"su-column-inner su-u-clearfix su-u-trim\">\n<p><a href=\"https:\/\/cortesuprema.gov.co\/corte\/wp-content\/uploads\/2016\/10\/LogoCorteVertical.png\"><img loading=\"lazy\" decoding=\"async\" class=\"alignnone wp-image-11299\" src=\"https:\/\/cortesuprema.gov.co\/corte\/wp-content\/uploads\/2016\/10\/LogoCorteVertical.png\" alt=\"\" width=\"186\" height=\"196\" srcset=\"https:\/\/cortesuprema.gov.co\/corte\/wp-content\/uploads\/2016\/10\/LogoCorteVertical.png 325w, https:\/\/cortesuprema.gov.co\/corte\/wp-content\/uploads\/2016\/10\/LogoCorteVertical-283x300.png 283w\" sizes=\"auto, (max-width: 186px) 85vw, 186px\" \/><\/a><\/p>\n[spiderpowa-pdf src=\u00bbhttps:\/\/www.cortesuprema.gov.co\/corte\/wp-content\/uploads\/prensa\/SEP00016-2022.pdf\u00bb]\n<p>&nbsp;<\/p>\n<p>&nbsp;<\/p>\n<p>&nbsp;<\/p>\n<p>&nbsp;<\/p>\n<p>&nbsp;<\/p>\n<p><img loading=\"lazy\" decoding=\"async\" class=\"alignnone wp-image-11299\" src=\"https:\/\/cortesuprema.gov.co\/corte\/wp-content\/uploads\/publicaciones\/sepi9.jpeg\" alt=\"\" width=\"637\" height=\"370\" \/><\/p>\n<\/div><\/div> <div class=\"su-column su-column-size-1-5\"><div class=\"su-column-inner su-u-clearfix su-u-trim\">\n<div class=\"su-spoiler su-spoiler-style-default su-spoiler-icon-plus su-spoiler-closed\" data-scroll-offset=\"0\" data-anchor-in-url=\"no\"><div class=\"su-spoiler-title\" tabindex=\"0\" role=\"button\"><span class=\"su-spoiler-icon\"><\/span>Noticias<\/div><div class=\"su-spoiler-content su-u-clearfix su-u-trim\">\n<p><a href=\"https:\/\/cortesuprema.gov.co\/corte\/index.php\/sepinoticias\/\">Noticias<\/a><\/p>\n<\/div><\/div>\n<p style=\"text-align: left;\"><div class=\"su-spoiler su-spoiler-style-default su-spoiler-icon-plus su-spoiler-closed\" data-scroll-offset=\"0\" data-anchor-in-url=\"no\"><div class=\"su-spoiler-title\" tabindex=\"0\" role=\"button\"><span class=\"su-spoiler-icon\"><\/span>Audiencias<\/div><div class=\"su-spoiler-content su-u-clearfix su-u-trim\">\n<p><a href=\"https:\/\/cortesuprema.gov.co\/corte\/index.php\/sepiaudiencias\/\">Audiencias<\/a><\/p>\n<\/div><\/div>\n<div class=\"su-spoiler su-spoiler-style-default su-spoiler-icon-plus su-spoiler-closed\" data-scroll-offset=\"0\" data-anchor-in-url=\"no\"><div class=\"su-spoiler-title\" tabindex=\"0\" role=\"button\"><span class=\"su-spoiler-icon\"><\/span>Decisiones de inter\u00e9s<\/div><div class=\"su-spoiler-content su-u-clearfix su-u-trim\">\n<p><a href=\"https:\/\/cortesuprema.gov.co\/corte\/index.php\/sepidecisiones\/\">Decisiones de inter\u00e9s<\/a><\/p>\n<\/div><\/div>\n<div class=\"su-spoiler su-spoiler-style-default su-spoiler-icon-plus su-spoiler-closed\" data-scroll-offset=\"0\" data-anchor-in-url=\"no\"><div class=\"su-spoiler-title\" tabindex=\"0\" role=\"button\"><span class=\"su-spoiler-icon\"><\/span>Secretar\u00eda<\/div><div class=\"su-spoiler-content su-u-clearfix su-u-trim\">\n<p><a href=\"https:\/\/cortesuprema.gov.co\/corte\/index.php\/salaespecialprimerainstancia\/\">Secretar\u00eda<\/a><\/p>\n<\/div><\/div>\n<div class=\"su-spoiler su-spoiler-style-default su-spoiler-icon-plus su-spoiler-closed\" data-scroll-offset=\"0\" data-anchor-in-url=\"no\"><div class=\"su-spoiler-title\" tabindex=\"0\" role=\"button\"><span class=\"su-spoiler-icon\"><\/span>Capsulas de explicaci\u00f3n<\/div><div class=\"su-spoiler-content su-u-clearfix su-u-trim\">\n<p><a href=\"https:\/\/cortesuprema.gov.co\/corte\/index.php\/sepicapsulas\/\">C\u00e1psulas de explicaci\u00f3n<\/a><\/p>\n<\/div><\/div>\n<div class=\"su-spoiler su-spoiler-style-default su-spoiler-icon-plus su-spoiler-closed\" data-scroll-offset=\"0\" data-anchor-in-url=\"no\"><div class=\"su-spoiler-title\" tabindex=\"0\" role=\"button\"><span class=\"su-spoiler-icon\"><\/span>Magistrados de la Sala<\/div><div class=\"su-spoiler-content su-u-clearfix su-u-trim\">\n<figure id=\"attachment_34853\" aria-describedby=\"caption-attachment-34853\" style=\"width: 165px\" class=\"wp-caption alignnone\"><a href=\"https:\/\/cortesuprema.gov.co\/corte\/wp-content\/uploads\/2021\/01\/Foto-magistrada-Blanca-Barreto1.jpg\"><img loading=\"lazy\" decoding=\"async\" class=\"wp-image-34853\" src=\"https:\/\/cortesuprema.gov.co\/corte\/wp-content\/uploads\/2021\/01\/Foto-magistrada-Blanca-Barreto1.jpg\" alt=\"Dra Blanca Barreto Ardila - Presidenta\" width=\"165\" height=\"294\" srcset=\"https:\/\/cortesuprema.gov.co\/corte\/wp-content\/uploads\/2021\/01\/Foto-magistrada-Blanca-Barreto1.jpg 188w, https:\/\/cortesuprema.gov.co\/corte\/wp-content\/uploads\/2021\/01\/Foto-magistrada-Blanca-Barreto1-169x300.jpg 169w\" sizes=\"auto, (max-width: 165px) 85vw, 165px\" \/><\/a><figcaption id=\"caption-attachment-34853\" class=\"wp-caption-text\">Dra Blanca Barreto Ardila &#8211; Presidenta<\/figcaption><\/figure>\n<figure id=\"attachment_24233\" aria-describedby=\"caption-attachment-24233\" style=\"width: 165px\" class=\"wp-caption alignnone\"><a href=\"https:\/\/cortesuprema.gov.co\/corte\/wp-content\/uploads\/2019\/06\/Magistrado-Jorge-Emilio-Caldas-Vera.jpg\"><img loading=\"lazy\" decoding=\"async\" class=\"wp-image-24233\" src=\"https:\/\/cortesuprema.gov.co\/corte\/wp-content\/uploads\/2019\/06\/Magistrado-Jorge-Emilio-Caldas-Vera.jpg\" alt=\"Dr. Jorge Emilio Caldas Vera - Magistrado\" width=\"165\" height=\"293\" srcset=\"https:\/\/cortesuprema.gov.co\/corte\/wp-content\/uploads\/2019\/06\/Magistrado-Jorge-Emilio-Caldas-Vera.jpg 358w, https:\/\/cortesuprema.gov.co\/corte\/wp-content\/uploads\/2019\/06\/Magistrado-Jorge-Emilio-Caldas-Vera-169x300.jpg 169w, https:\/\/cortesuprema.gov.co\/corte\/wp-content\/uploads\/2019\/06\/Magistrado-Jorge-Emilio-Caldas-Vera-110x195.jpg 110w\" sizes=\"auto, (max-width: 165px) 85vw, 165px\" \/><\/a><figcaption id=\"caption-attachment-24233\" class=\"wp-caption-text\">Dr. Jorge Emilio Caldas Vera &#8211; Magistrado<\/figcaption><\/figure>\n<figure id=\"attachment_24234\" aria-describedby=\"caption-attachment-24234\" style=\"width: 165px\" class=\"wp-caption alignnone\"><a href=\"https:\/\/cortesuprema.gov.co\/corte\/wp-content\/uploads\/2019\/06\/Magistrado-Ariel-Augusto-Torres-Rojas.jpg\"><img loading=\"lazy\" decoding=\"async\" class=\"wp-image-24234\" src=\"https:\/\/cortesuprema.gov.co\/corte\/wp-content\/uploads\/2019\/06\/Magistrado-Ariel-Augusto-Torres-Rojas.jpg\" alt=\"Dr. Ariel Augusto Torres Rojas - Magistrado\" width=\"165\" height=\"292\" srcset=\"https:\/\/cortesuprema.gov.co\/corte\/wp-content\/uploads\/2019\/06\/Magistrado-Ariel-Augusto-Torres-Rojas.jpg 358w, https:\/\/cortesuprema.gov.co\/corte\/wp-content\/uploads\/2019\/06\/Magistrado-Ariel-Augusto-Torres-Rojas-169x300.jpg 169w, https:\/\/cortesuprema.gov.co\/corte\/wp-content\/uploads\/2019\/06\/Magistrado-Ariel-Augusto-Torres-Rojas-110x195.jpg 110w\" sizes=\"auto, (max-width: 165px) 85vw, 165px\" \/><\/a><figcaption id=\"caption-attachment-24234\" class=\"wp-caption-text\">Dr. Ariel Augusto Torres Rojas &#8211; Magistrado<\/figcaption><\/figure>\n<\/div><\/div>\n<hr \/>\n<p><small class=\"\">Dr. Rodrigo Ortega S\u00e1nchez<\/small><br \/>\n<small class=\"\">Secretario Sala Especial <\/small><small class=\"\">de Primera Instancia<\/small><\/p>\n<p><small class=\"\"><span style=\"text-decoration: underline;\">Correo electr\u00f3nico<\/span>:<\/small><br \/>\n<small class=\"\"> rodrigoo@cortesuprema.gov.co<\/small><br \/>\n<small class=\"\"><span style=\"text-decoration: underline;\"> PBX<\/span>: 5622000 ext: 1674-1675<\/small><\/p>\n<\/div><\/div> <\/div>\n<div class=\"su-divider su-divider-style-double\" style=\"margin:15px 0;border-width:3px;border-color:#999999\"><a href=\"#\" style=\"color:#999999\">ir arriba <\/a><\/div>\n","protected":false},"excerpt":{"rendered":"[spiderpowa-pdf src=\u00bbhttps:\/\/www.cortesuprema.gov.co\/corte\/wp-content\/uploads\/prensa\/SEP00016-2022.pdf\u00bb] &nbsp; &nbsp; &nbsp; &nbsp; &nbsp; Noticias Noticias Audiencias Audiencias Decisiones de inter\u00e9s Decisiones de inter\u00e9s Secretar\u00eda Secretar\u00eda Capsulas de explicaci\u00f3n C\u00e1psulas de explicaci\u00f3n Magistrados de la Sala Dra Blanca Barreto Ardila &#8211; Presidenta Dr. Jorge Emilio Caldas Vera &#8211; Magistrado Dr. Ariel Augusto Torres Rojas &#8211; Magistrado Dr. Rodrigo Ortega S\u00e1nchez Secretario Sala &hellip; <a href=\"https:\/\/cortesuprema.gov.co\/corte\/index.php\/sepidecisiones\/\" class=\"more-link\">Continuar leyendo<span class=\"screen-reader-text\"> \"Sala Especial de Primera Instancia &#8211; Decisiones de inter\u00e9s\"<\/span><\/a>","protected":false},"author":3,"featured_media":0,"parent":0,"menu_order":0,"comment_status":"closed","ping_status":"closed","template":"","meta":{"footnotes":""},"class_list":["post-45775","page","type-page","status-publish","hentry"],"_links":{"self":[{"href":"https:\/\/cortesuprema.gov.co\/corte\/index.php\/wp-json\/wp\/v2\/pages\/45775","targetHints":{"allow":["GET"]}}],"collection":[{"href":"https:\/\/cortesuprema.gov.co\/corte\/index.php\/wp-json\/wp\/v2\/pages"}],"about":[{"href":"https:\/\/cortesuprema.gov.co\/corte\/index.php\/wp-json\/wp\/v2\/types\/page"}],"author":[{"embeddable":true,"href":"https:\/\/cortesuprema.gov.co\/corte\/index.php\/wp-json\/wp\/v2\/users\/3"}],"replies":[{"embeddable":true,"href":"https:\/\/cortesuprema.gov.co\/corte\/index.php\/wp-json\/wp\/v2\/comments?post=45775"}],"version-history":[{"count":4,"href":"https:\/\/cortesuprema.gov.co\/corte\/index.php\/wp-json\/wp\/v2\/pages\/45775\/revisions"}],"predecessor-version":[{"id":45794,"href":"https:\/\/cortesuprema.gov.co\/corte\/index.php\/wp-json\/wp\/v2\/pages\/45775\/revisions\/45794"}],"wp:attachment":[{"href":"https:\/\/cortesuprema.gov.co\/corte\/index.php\/wp-json\/wp\/v2\/media?parent=45775"}],"curies":[{"name":"wp","href":"https:\/\/api.w.org\/{rel}","templated":true}]}}