{"id":46126,"date":"2022-03-08T12:52:31","date_gmt":"2022-03-08T17:52:31","guid":{"rendered":"https:\/\/cortesuprema.gov.co\/corte\/?page_id=46126"},"modified":"2022-05-17T16:22:37","modified_gmt":"2022-05-17T21:22:37","slug":"procelmagcc","status":"publish","type":"page","link":"https:\/\/cortesuprema.gov.co\/corte\/index.php\/procelmagcc\/","title":{"rendered":"Convocatoria P\u00fablica Magistrado Corte Constitucional"},"content":{"rendered":"[vc_row][vc_column][vc_single_image image=\u00bb46120&#8243; img_size=\u00bbfull\u00bb][\/vc_column][\/vc_row][vc_row][vc_column width=\u00bb1\/4&#8243;][vc_column_text]\n<p style=\"text-align: center;\"><a href=\"https:\/\/cortesuprema.gov.co\/corte\/index.php\/procelmagcc\/\"><img loading=\"lazy\" decoding=\"async\" class=\"alignnone wp-image-48227 size-full\" src=\"https:\/\/cortesuprema.gov.co\/corte\/wp-content\/uploads\/2022\/05\/Nuevo-proyecto-22.png\" alt=\"\" width=\"285\" height=\"35\" \/><\/a><\/p>\n<p style=\"text-align: center;\"><a href=\"https:\/\/cortesuprema.gov.co\/corte\/index.php\/procelmagcc_principios\/\"><img loading=\"lazy\" decoding=\"async\" class=\"alignnone wp-image-48228 size-full\" src=\"https:\/\/cortesuprema.gov.co\/corte\/wp-content\/uploads\/2022\/05\/Nuevo-proyecto-23.png\" alt=\"\" width=\"285\" height=\"35\" \/><\/a><\/p>\n<p style=\"text-align: center;\"><a href=\"https:\/\/cortesuprema.gov.co\/corte\/index.php\/procelmagcc_cronograma\/\"><img loading=\"lazy\" decoding=\"async\" class=\"alignnone wp-image-48230 size-full\" src=\"https:\/\/cortesuprema.gov.co\/corte\/wp-content\/uploads\/2022\/05\/Nuevo-proyecto-24.png\" alt=\"\" width=\"285\" height=\"35\" \/><\/a><\/p>\n<p style=\"text-align: center;\"><a href=\"https:\/\/cortesuprema.gov.co\/corte\/index.php\/procelmagcc_inscripcion\/\"><img loading=\"lazy\" decoding=\"async\" class=\"alignnone wp-image-48231 size-full\" src=\"https:\/\/cortesuprema.gov.co\/corte\/wp-content\/uploads\/2022\/05\/Nuevo-proyecto-25.png\" alt=\"\" width=\"285\" height=\"35\" \/><\/a><\/p>\n<p style=\"text-align: center;\"><a href=\"https:\/\/cortesuprema.gov.co\/corte\/index.php\/procelmagcc_listado_inscritos\/\"><img loading=\"lazy\" decoding=\"async\" class=\"alignnone wp-image-48232 size-full\" src=\"https:\/\/cortesuprema.gov.co\/corte\/wp-content\/uploads\/2022\/05\/Nuevo-proyecto-26.png\" alt=\"\" width=\"285\" height=\"35\" \/><\/a><\/p>\n<p style=\"text-align: center;\"><a href=\"https:\/\/cortesuprema.gov.co\/corte\/index.php\/procelmagcc_listado_admitidos\/\"><img loading=\"lazy\" decoding=\"async\" class=\"alignnone wp-image-48234 size-full\" src=\"https:\/\/cortesuprema.gov.co\/corte\/wp-content\/uploads\/2022\/05\/Nuevo-proyecto-27.png\" alt=\"\" width=\"285\" height=\"35\" \/><\/a><\/p>\n<p style=\"text-align: center;\"><a href=\"https:\/\/cortesuprema.gov.co\/corte\/index.php\/procelmagcc_transmision_entrevista\/\"><img loading=\"lazy\" decoding=\"async\" class=\"alignnone wp-image-48226 size-full\" src=\"https:\/\/cortesuprema.gov.co\/corte\/wp-content\/uploads\/2022\/05\/Nuevo-proyecto-21.png\" alt=\"\" width=\"285\" height=\"35\" \/><\/a><\/p>\n<p style=\"text-align: center;\"><a href=\"https:\/\/cortesuprema.gov.co\/corte\/index.php\/procelmagcc_contactenos\/\"><img loading=\"lazy\" decoding=\"async\" class=\"alignnone wp-image-48235 size-full\" src=\"https:\/\/cortesuprema.gov.co\/corte\/wp-content\/uploads\/2022\/05\/Nuevo-proyecto-28.png\" alt=\"\" width=\"285\" height=\"35\" \/><\/a><\/p>\n[\/vc_column_text][\/vc_column][vc_column width=\u00bb3\/4&#8243;][vc_column_text]\n<div data-ogsc=\"rgb(0, 0, 0)\">\n<p>Bienvenido al micrositio web oficial de la convocatoria p\u00fablica 01-2022 adelantada por la Corte Suprema de Justicia, mediante la cual esta Corporaci\u00f3n integrar\u00e1 la terna de candidatos para que el Senado de la Rep\u00fablica elija un Magistrado para la Corte Constitucional en reemplazo de la doctora Gloria Stella Ortiz Delgado.<\/p>\n<p>Aqu\u00ed encontrar\u00e1 los principios que rigen la misma, el cronograma, el instructivo, la plataforma para que realice su inscripci\u00f3n, los contactos donde se le brindar\u00e1 soporte t\u00e9cnico de ser el caso, el correo electr\u00f3nico dispuesto para observaciones durante el desarrollo del proceso, publicaci\u00f3n de los avances, as\u00ed como el link de acceso a la audiencia p\u00fablica.<\/p>\n<p>Igualmente, los t\u00e9rminos de la Convocatoria los puede consultar en el siguiente documento:<\/p>\n<\/div>\n<div dir=\"ltr\"><\/div>\n<p style=\"text-align: center;\"><img loading=\"lazy\" decoding=\"async\" class=\"alignnone size-full wp-image-46369\" src=\"https:\/\/cortesuprema.gov.co\/corte\/wp-content\/uploads\/2022\/03\/ANEXO-OSG.jpg\" alt=\"\" width=\"1009\" height=\"1608\" srcset=\"https:\/\/cortesuprema.gov.co\/corte\/wp-content\/uploads\/2022\/03\/ANEXO-OSG.jpg 1009w, https:\/\/cortesuprema.gov.co\/corte\/wp-content\/uploads\/2022\/03\/ANEXO-OSG-188x300.jpg 188w\" sizes=\"auto, (max-width: 709px) 85vw, (max-width: 909px) 67vw, (max-width: 1362px) 62vw, 840px\" \/><\/p>\n<p>&nbsp;<\/p>\n<p style=\"text-align: center;\"><a href=\"https:\/\/cortesuprema.gov.co\/corte\/wp-content\/uploads\/2022\/03\/ANEXO-OSG-TEXTO-DE-CONVOCATORIA-FIRMADO.pdf\" target=\"_blank\" rel=\"noopener noreferrer\">ANEXO CONVOCATORIA<\/a><\/p>\n[\/vc_column_text][\/vc_column][\/vc_row]\n","protected":false},"excerpt":{"rendered":"<p>[vc_row][vc_column][vc_single_image image=\u00bb46120&#8243; img_size=\u00bbfull\u00bb][\/vc_column][\/vc_row][vc_row][vc_column width=\u00bb1\/4&#8243;][vc_column_text] [\/vc_column_text][\/vc_column][vc_column width=\u00bb3\/4&#8243;][vc_column_text] Bienvenido al micrositio web oficial de la convocatoria p\u00fablica 01-2022 adelantada por la Corte Suprema de Justicia, mediante la cual esta Corporaci\u00f3n integrar\u00e1 la terna de candidatos para que el Senado de la Rep\u00fablica elija un Magistrado para la Corte Constitucional en reemplazo de la doctora Gloria Stella Ortiz &hellip; <a href=\"https:\/\/cortesuprema.gov.co\/corte\/index.php\/procelmagcc\/\" class=\"more-link\">Continuar leyendo<span class=\"screen-reader-text\"> \u00abConvocatoria P\u00fablica Magistrado Corte Constitucional\u00bb<\/span><\/a><\/p>\n","protected":false},"author":47,"featured_media":0,"parent":0,"menu_order":0,"comment_status":"closed","ping_status":"closed","template":"","meta":{"footnotes":""},"class_list":["post-46126","page","type-page","status-publish","hentry"],"_links":{"self":[{"href":"https:\/\/cortesuprema.gov.co\/corte\/index.php\/wp-json\/wp\/v2\/pages\/46126","targetHints":{"allow":["GET"]}}],"collection":[{"href":"https:\/\/cortesuprema.gov.co\/corte\/index.php\/wp-json\/wp\/v2\/pages"}],"about":[{"href":"https:\/\/cortesuprema.gov.co\/corte\/index.php\/wp-json\/wp\/v2\/types\/page"}],"author":[{"embeddable":true,"href":"https:\/\/cortesuprema.gov.co\/corte\/index.php\/wp-json\/wp\/v2\/users\/47"}],"replies":[{"embeddable":true,"href":"https:\/\/cortesuprema.gov.co\/corte\/index.php\/wp-json\/wp\/v2\/comments?post=46126"}],"version-history":[{"count":30,"href":"https:\/\/cortesuprema.gov.co\/corte\/index.php\/wp-json\/wp\/v2\/pages\/46126\/revisions"}],"predecessor-version":[{"id":50624,"href":"https:\/\/cortesuprema.gov.co\/corte\/index.php\/wp-json\/wp\/v2\/pages\/46126\/revisions\/50624"}],"wp:attachment":[{"href":"https:\/\/cortesuprema.gov.co\/corte\/index.php\/wp-json\/wp\/v2\/media?parent=46126"}],"curies":[{"name":"wp","href":"https:\/\/api.w.org\/{rel}","templated":true}]}}