{"id":46238,"date":"2022-03-10T09:38:21","date_gmt":"2022-03-10T14:38:21","guid":{"rendered":"https:\/\/cortesuprema.gov.co\/corte\/?page_id=46238"},"modified":"2022-05-17T16:30:11","modified_gmt":"2022-05-17T21:30:11","slug":"procelmagcc_contactenos","status":"publish","type":"page","link":"https:\/\/cortesuprema.gov.co\/corte\/index.php\/procelmagcc_contactenos\/","title":{"rendered":"Convocatoria P\u00fablica Magistrado Corte Constitucional Cont\u00e1ctenos"},"content":{"rendered":"[vc_row][vc_column][vc_single_image image=\u00bb46120&#8243; img_size=\u00bbfull\u00bb][\/vc_column][\/vc_row][vc_row][vc_column width=\u00bb1\/4&#8243;][vc_column_text]\n<p style=\"text-align: center;\"><a href=\"https:\/\/cortesuprema.gov.co\/corte\/index.php\/procelmagcc\/\"><img loading=\"lazy\" decoding=\"async\" class=\"alignnone wp-image-48227 size-full\" src=\"https:\/\/cortesuprema.gov.co\/corte\/wp-content\/uploads\/2022\/05\/Nuevo-proyecto-22.png\" alt=\"\" width=\"285\" height=\"35\" \/><\/a><\/p>\n<p style=\"text-align: center;\"><a href=\"https:\/\/cortesuprema.gov.co\/corte\/index.php\/procelmagcc_principios\/\"><img loading=\"lazy\" decoding=\"async\" class=\"alignnone wp-image-48228 size-full\" src=\"https:\/\/cortesuprema.gov.co\/corte\/wp-content\/uploads\/2022\/05\/Nuevo-proyecto-23.png\" alt=\"\" width=\"285\" height=\"35\" \/><\/a><\/p>\n<p style=\"text-align: center;\"><a href=\"https:\/\/cortesuprema.gov.co\/corte\/index.php\/procelmagcc_cronograma\/\"><img loading=\"lazy\" decoding=\"async\" class=\"alignnone wp-image-48230 size-full\" src=\"https:\/\/cortesuprema.gov.co\/corte\/wp-content\/uploads\/2022\/05\/Nuevo-proyecto-24.png\" alt=\"\" width=\"285\" height=\"35\" \/><\/a><\/p>\n<p style=\"text-align: center;\"><a href=\"https:\/\/cortesuprema.gov.co\/corte\/index.php\/procelmagcc_inscripcion\/\"><img loading=\"lazy\" decoding=\"async\" class=\"alignnone wp-image-48231 size-full\" src=\"https:\/\/cortesuprema.gov.co\/corte\/wp-content\/uploads\/2022\/05\/Nuevo-proyecto-25.png\" alt=\"\" width=\"285\" height=\"35\" \/><\/a><\/p>\n<p style=\"text-align: center;\"><a href=\"https:\/\/cortesuprema.gov.co\/corte\/index.php\/procelmagcc_listado_inscritos\/\"><img loading=\"lazy\" decoding=\"async\" class=\"alignnone wp-image-48232 size-full\" src=\"https:\/\/cortesuprema.gov.co\/corte\/wp-content\/uploads\/2022\/05\/Nuevo-proyecto-26.png\" alt=\"\" width=\"285\" height=\"35\" \/><\/a><\/p>\n<p style=\"text-align: center;\"><a href=\"https:\/\/cortesuprema.gov.co\/corte\/index.php\/procelmagcc_listado_admitidos\/\"><img loading=\"lazy\" decoding=\"async\" class=\"alignnone wp-image-48234 size-full\" src=\"https:\/\/cortesuprema.gov.co\/corte\/wp-content\/uploads\/2022\/05\/Nuevo-proyecto-27.png\" alt=\"\" width=\"285\" height=\"35\" \/><\/a><\/p>\n<p style=\"text-align: center;\"><a href=\"https:\/\/cortesuprema.gov.co\/corte\/index.php\/procelmagcc_transmision_entrevista\/\"><img loading=\"lazy\" decoding=\"async\" class=\"alignnone wp-image-48226 size-full\" src=\"https:\/\/cortesuprema.gov.co\/corte\/wp-content\/uploads\/2022\/05\/Nuevo-proyecto-21.png\" alt=\"\" width=\"285\" height=\"35\" \/><\/a><\/p>\n<p style=\"text-align: center;\"><a href=\"https:\/\/cortesuprema.gov.co\/corte\/index.php\/procelmagcc_contactenos\/\"><img loading=\"lazy\" decoding=\"async\" class=\"alignnone wp-image-48235 size-full\" src=\"https:\/\/cortesuprema.gov.co\/corte\/wp-content\/uploads\/2022\/05\/Nuevo-proyecto-28.png\" alt=\"\" width=\"285\" height=\"35\" \/><\/a><\/p>\n[\/vc_column_text][\/vc_column][vc_column width=\u00bb3\/4&#8243;][vc_column_text]<b>Correo electr\u00f3nico :\u00a0<\/b><\/p>\n<p><b>A trav\u00e9s del siguiente correo podr\u00e1 realizar consultas o solicitudes de la convocatoria a nivel general.<\/b><\/p>\n<p><em> convocatoria_012022@cortesuprema.gov.co<\/em><\/p>\n<p><b>Tel\u00e9fono: <\/b><\/p>\n<p><b>La siguiente l\u00ednea telef\u00f3nica es para soporte t\u00e9cnico relacionado con la plataforma de inscripci\u00f3n.<\/b><\/p>\n<p><em>PBX (601) 5622000 Ext. 1458\u00a0<\/em>[\/vc_column_text][\/vc_column][\/vc_row]\n","protected":false},"excerpt":{"rendered":"<p>[vc_row][vc_column][vc_single_image image=\u00bb46120&#8243; img_size=\u00bbfull\u00bb][\/vc_column][\/vc_row][vc_row][vc_column width=\u00bb1\/4&#8243;][vc_column_text] [\/vc_column_text][\/vc_column][vc_column width=\u00bb3\/4&#8243;][vc_column_text]Correo electr\u00f3nico :\u00a0 A trav\u00e9s del siguiente correo podr\u00e1 realizar consultas o solicitudes de la convocatoria a nivel general. convocatoria_012022@cortesuprema.gov.co Tel\u00e9fono: La siguiente l\u00ednea telef\u00f3nica es para soporte t\u00e9cnico relacionado con la plataforma de inscripci\u00f3n. PBX (601) 5622000 Ext. 1458\u00a0[\/vc_column_text][\/vc_column][\/vc_row]<\/p>\n","protected":false},"author":47,"featured_media":0,"parent":0,"menu_order":0,"comment_status":"closed","ping_status":"closed","template":"","meta":{"footnotes":""},"class_list":["post-46238","page","type-page","status-publish","hentry"],"_links":{"self":[{"href":"https:\/\/cortesuprema.gov.co\/corte\/index.php\/wp-json\/wp\/v2\/pages\/46238","targetHints":{"allow":["GET"]}}],"collection":[{"href":"https:\/\/cortesuprema.gov.co\/corte\/index.php\/wp-json\/wp\/v2\/pages"}],"about":[{"href":"https:\/\/cortesuprema.gov.co\/corte\/index.php\/wp-json\/wp\/v2\/types\/page"}],"author":[{"embeddable":true,"href":"https:\/\/cortesuprema.gov.co\/corte\/index.php\/wp-json\/wp\/v2\/users\/47"}],"replies":[{"embeddable":true,"href":"https:\/\/cortesuprema.gov.co\/corte\/index.php\/wp-json\/wp\/v2\/comments?post=46238"}],"version-history":[{"count":18,"href":"https:\/\/cortesuprema.gov.co\/corte\/index.php\/wp-json\/wp\/v2\/pages\/46238\/revisions"}],"predecessor-version":[{"id":48256,"href":"https:\/\/cortesuprema.gov.co\/corte\/index.php\/wp-json\/wp\/v2\/pages\/46238\/revisions\/48256"}],"wp:attachment":[{"href":"https:\/\/cortesuprema.gov.co\/corte\/index.php\/wp-json\/wp\/v2\/media?parent=46238"}],"curies":[{"name":"wp","href":"https:\/\/api.w.org\/{rel}","templated":true}]}}