{"id":48819,"date":"2022-06-03T09:51:59","date_gmt":"2022-06-03T14:51:59","guid":{"rendered":"https:\/\/cortesuprema.gov.co\/corte\/?page_id=48819"},"modified":"2022-06-06T16:32:08","modified_gmt":"2022-06-06T21:32:08","slug":"diagnosticos-tecnologicos-relatoria-civil","status":"publish","type":"page","link":"https:\/\/cortesuprema.gov.co\/corte\/index.php\/diagnosticos-tecnologicos-relatoria-civil\/","title":{"rendered":"Diagn\u00f3sticos tecnol\u00f3gicos Relator\u00eda Civil"},"content":{"rendered":"<p><strong>Diagn\u00f3sticos tecnol\u00f3gicos<\/strong><\/p>\n<div id=\"tabs\"><\/div>\n<style>\n #tabs{<br \/>    position: absolute;<br \/>    top: 1%;<br \/>    left: 2.4%;<br \/>    height: 2%;<br \/>    width: 94%;<br \/>    \/* color: red; *\/<br \/>    background-color:#fcd116;<br \/>    border-radius: 5px;<br \/>}<\/p>\n<p>p {<br \/>  font-weight: 300;<br \/>  font-style: Bookman Old Style;<br \/>  letter-spacing: 0.1px;<br \/> \/* color: #003893; *\/<br \/>}<br \/><\/style>\n<div class=\"su-tabs su-tabs-style-default su-tabs-mobile-stack my-custom-tabs\" data-active=\"1\" data-scroll-offset=\"0\" data-anchor-in-url=\"no\"><div class=\"su-tabs-nav\"><span class=\"\" data-url=\"\" data-target=\"blank\" tabindex=\"0\" role=\"button\">2022<\/span><\/div><div class=\"su-tabs-panes\"><div class=\"su-tabs-pane su-u-clearfix su-u-trim\" data-title=\"2022\"> <div class=\"su-animate\" style=\"opacity:0;-webkit-animation-duration:1s;-webkit-animation-delay:0s;animation-duration:1s;animation-delay:0s;\" data-animation=\"fadeInUp\" data-duration=\"1\" data-delay=\"0\"><\/div>\n<ul>\n<li><a href=\"https:\/\/cortesuprema.gov.co\/corte\/wp-content\/uploads\/2022\/06\/ALGUNAS-CONSIDERACIONES-TECNOL\u00d3GICAS-PARA-LA-RELATOR\u00cdA-DE-LA-SALA-DE-CASACI\u00d3N-CIVIL-SIGLO-XXI-P.pdf\">Algunas consideraciones tecnol\u00f3gicas para la Relator\u00eda de la Sala de Casaci\u00f3n Civil del Siglo XXI<\/a><\/li>\n<\/ul>\n<p>&nbsp;<\/p>\n<\/div><\/div><\/div>\n","protected":false},"excerpt":{"rendered":"<p>Diagn\u00f3sticos tecnol\u00f3gicos<\/p>\n","protected":false},"author":38,"featured_media":0,"parent":0,"menu_order":0,"comment_status":"closed","ping_status":"closed","template":"","meta":{"footnotes":""},"class_list":["post-48819","page","type-page","status-publish","hentry"],"_links":{"self":[{"href":"https:\/\/cortesuprema.gov.co\/corte\/index.php\/wp-json\/wp\/v2\/pages\/48819","targetHints":{"allow":["GET"]}}],"collection":[{"href":"https:\/\/cortesuprema.gov.co\/corte\/index.php\/wp-json\/wp\/v2\/pages"}],"about":[{"href":"https:\/\/cortesuprema.gov.co\/corte\/index.php\/wp-json\/wp\/v2\/types\/page"}],"author":[{"embeddable":true,"href":"https:\/\/cortesuprema.gov.co\/corte\/index.php\/wp-json\/wp\/v2\/users\/38"}],"replies":[{"embeddable":true,"href":"https:\/\/cortesuprema.gov.co\/corte\/index.php\/wp-json\/wp\/v2\/comments?post=48819"}],"version-history":[{"count":3,"href":"https:\/\/cortesuprema.gov.co\/corte\/index.php\/wp-json\/wp\/v2\/pages\/48819\/revisions"}],"predecessor-version":[{"id":48879,"href":"https:\/\/cortesuprema.gov.co\/corte\/index.php\/wp-json\/wp\/v2\/pages\/48819\/revisions\/48879"}],"wp:attachment":[{"href":"https:\/\/cortesuprema.gov.co\/corte\/index.php\/wp-json\/wp\/v2\/media?parent=48819"}],"curies":[{"name":"wp","href":"https:\/\/api.w.org\/{rel}","templated":true}]}}