{"id":50628,"date":"2022-08-12T16:41:00","date_gmt":"2022-08-12T21:41:00","guid":{"rendered":"https:\/\/cortesuprema.gov.co\/corte\/?page_id=50628"},"modified":"2023-04-28T13:23:49","modified_gmt":"2023-04-28T18:23:49","slug":"convmagcsjud-inscripcion","status":"publish","type":"page","link":"https:\/\/cortesuprema.gov.co\/corte\/index.php\/convmagcsjud-inscripcion\/","title":{"rendered":"Convocatoria P\u00fablica Magistrado Corte Constitucional Inscripci\u00f3n 2"},"content":{"rendered":"[vc_row][vc_column][vc_single_image image=\u00bb50952&#8243; img_size=\u00bbfull\u00bb][\/vc_column][\/vc_row][vc_row][vc_column width=\u00bb1\/4&#8243;][vc_column_text]\n<p style=\"text-align: center;\"><a href=\"https:\/\/cortesuprema.gov.co\/corte\/index.php\/convmagcsjud\/\"><img loading=\"lazy\" decoding=\"async\" class=\"alignnone wp-image-50872 size-full\" src=\"https:\/\/cortesuprema.gov.co\/corte\/wp-content\/uploads\/2022\/08\/Micrositio-Convocatoria_bt1.png\" alt=\"\" width=\"284\" height=\"53\" \/><\/a><\/p>\n<p style=\"text-align: center;\"><a href=\"https:\/\/cortesuprema.gov.co\/corte\/index.php\/convmagcsjud-principios\/\"><img loading=\"lazy\" decoding=\"async\" class=\"alignnone wp-image-50873 size-full\" src=\"https:\/\/cortesuprema.gov.co\/corte\/wp-content\/uploads\/2022\/08\/Micrositio-Convocatoria_bt2.png\" alt=\"\" width=\"284\" height=\"54\" \/><\/a><\/p>\n<p style=\"text-align: center;\"><a href=\"https:\/\/cortesuprema.gov.co\/corte\/index.php\/convmagcsjud-cronograma\/\"><img loading=\"lazy\" decoding=\"async\" class=\"alignnone wp-image-50874 size-full\" src=\"https:\/\/cortesuprema.gov.co\/corte\/wp-content\/uploads\/2022\/08\/Micrositio-Convocatoria_bt3.png\" alt=\"\" width=\"284\" height=\"54\" \/><\/a><\/p>\n<p style=\"text-align: center;\"><a href=\"https:\/\/cortesuprema.gov.co\/corte\/index.php\/convmagcsjud-inscripcion\/\"><img loading=\"lazy\" decoding=\"async\" class=\"alignnone wp-image-50875 size-full\" src=\"https:\/\/cortesuprema.gov.co\/corte\/wp-content\/uploads\/2022\/08\/Micrositio-Convocatoria_bt4.png\" alt=\"\" width=\"284\" height=\"54\" \/><\/a><\/p>\n<p style=\"text-align: center;\"><a href=\"https:\/\/cortesuprema.gov.co\/corte\/index.php\/convmagcsjud-inscritos\/\"><img loading=\"lazy\" decoding=\"async\" class=\"alignnone wp-image-50876 size-full\" src=\"https:\/\/cortesuprema.gov.co\/corte\/wp-content\/uploads\/2022\/08\/Micrositio-Convocatoria_bt5.png\" alt=\"\" width=\"284\" height=\"54\" \/><\/a><\/p>\n<p style=\"text-align: center;\"><a href=\"https:\/\/cortesuprema.gov.co\/corte\/index.php\/convmagcsjud-listadoadmitidos\/\"><img loading=\"lazy\" decoding=\"async\" class=\"alignnone wp-image-50877 size-full\" src=\"https:\/\/cortesuprema.gov.co\/corte\/wp-content\/uploads\/2022\/08\/Micrositio-Convocatoria_bt6.png\" alt=\"\" width=\"284\" height=\"54\" \/><\/a><\/p>\n<p style=\"text-align: center;\"><a href=\"https:\/\/cortesuprema.gov.co\/corte\/index.php\/convmagcsjud-inadmitidos\/\"><img loading=\"lazy\" decoding=\"async\" class=\"alignnone wp-image-50878 size-full\" src=\"https:\/\/cortesuprema.gov.co\/corte\/wp-content\/uploads\/2022\/08\/Micrositio-Convocatoria_bt7.png\" alt=\"\" width=\"284\" height=\"54\" \/><\/a><\/p>\n<p style=\"text-align: center;\"><a href=\"https:\/\/cortesuprema.gov.co\/corte\/index.php\/convmagcsjud-transmisionenvivo\/\"><img loading=\"lazy\" decoding=\"async\" class=\"alignnone wp-image-50879 size-full\" src=\"https:\/\/cortesuprema.gov.co\/corte\/wp-content\/uploads\/2022\/08\/Micrositio-Convocatoria_bt8.png\" alt=\"\" width=\"284\" height=\"54\" \/><\/a><\/p>\n<p style=\"text-align: center;\"><a href=\"https:\/\/cortesuprema.gov.co\/corte\/index.php\/convmagcsjud-contactenos\/\"><img loading=\"lazy\" decoding=\"async\" class=\"alignnone wp-image-50880 size-full\" src=\"https:\/\/cortesuprema.gov.co\/corte\/wp-content\/uploads\/2022\/08\/Micrositio-Convocatoria_bt9.png\" alt=\"\" width=\"284\" height=\"53\" \/><\/a><\/p>\n[\/vc_column_text][\/vc_column][vc_column width=\u00bb3\/4&#8243;][vc_column_text]\n<p data-ogsb=\"white\">La Corte Suprema de Justicia habilitar\u00e1 la plataforma para las inscripciones entre las 8:00 a.m. del martes 16 de agosto de 2022 y las 5:00 p.m. del d\u00eda lunes 29 del referido mes y a\u00f1o.<\/p>\n<p data-ogsb=\"white\">Previo a realizar la respectiva inscripci\u00f3n lea el instructivo, de modo que pueda preparar los documentos necesarios en debida forma.<\/p>\n<p><strong>INSTRUCTIVO DE INSCRIPCI\u00d3N\u00a0<\/strong><\/p>\n<p style=\"text-align: center;\"><strong><br \/>\n<embed src=\"https:\/\/cortesuprema.gov.co\/corte\/wp-content\/uploads\/2022\/08\/CONVOCATORIA-PU\u0301BLICA-CONSEJO-SUPERIOR-DE-LA-JUDICATURA-1.pdf\" type=\"application\/pdf\" width=\"100%\" height=\"800px\"><\/embed><br \/>\n<a href=\"https:\/\/cortesuprema.gov.co\/corte\/wp-content\/uploads\/2022\/08\/CONVOCATORIA-P\u00daBLICA-CONSEJO-SUPERIOR-DE-LA-JUDICATURA_compressed.pdf\">Haga clic aqu\u00ed para descargar<\/a><\/strong><\/p>\n<p style=\"text-align: left;\"><strong>APLICACI\u00d3N PARA INSCRIPCI\u00d3N<\/strong><\/p>\n<p>Inscripci\u00f3n finalizada el d\u00eda 29 de agosto 2022 a las 5:00 pm[\/vc_column_text][\/vc_column][\/vc_row]\n","protected":false},"excerpt":{"rendered":"<p>[vc_row][vc_column][vc_single_image image=\u00bb50952&#8243; img_size=\u00bbfull\u00bb][\/vc_column][\/vc_row][vc_row][vc_column width=\u00bb1\/4&#8243;][vc_column_text] [\/vc_column_text][\/vc_column][vc_column width=\u00bb3\/4&#8243;][vc_column_text] La Corte Suprema de Justicia habilitar\u00e1 la plataforma para las inscripciones entre las 8:00 a.m. del martes 16 de agosto de 2022 y las 5:00 p.m. del d\u00eda lunes 29 del referido mes y a\u00f1o. Previo a realizar la respectiva inscripci\u00f3n lea el instructivo, de modo que pueda preparar &hellip; <a href=\"https:\/\/cortesuprema.gov.co\/corte\/index.php\/convmagcsjud-inscripcion\/\" class=\"more-link\">Continuar leyendo<span class=\"screen-reader-text\"> \u00abConvocatoria P\u00fablica Magistrado Corte Constitucional Inscripci\u00f3n 2\u00bb<\/span><\/a><\/p>\n","protected":false},"author":47,"featured_media":0,"parent":0,"menu_order":0,"comment_status":"closed","ping_status":"closed","template":"","meta":{"footnotes":""},"class_list":["post-50628","page","type-page","status-publish","hentry"],"_links":{"self":[{"href":"https:\/\/cortesuprema.gov.co\/corte\/index.php\/wp-json\/wp\/v2\/pages\/50628","targetHints":{"allow":["GET"]}}],"collection":[{"href":"https:\/\/cortesuprema.gov.co\/corte\/index.php\/wp-json\/wp\/v2\/pages"}],"about":[{"href":"https:\/\/cortesuprema.gov.co\/corte\/index.php\/wp-json\/wp\/v2\/types\/page"}],"author":[{"embeddable":true,"href":"https:\/\/cortesuprema.gov.co\/corte\/index.php\/wp-json\/wp\/v2\/users\/47"}],"replies":[{"embeddable":true,"href":"https:\/\/cortesuprema.gov.co\/corte\/index.php\/wp-json\/wp\/v2\/comments?post=50628"}],"version-history":[{"count":16,"href":"https:\/\/cortesuprema.gov.co\/corte\/index.php\/wp-json\/wp\/v2\/pages\/50628\/revisions"}],"predecessor-version":[{"id":51623,"href":"https:\/\/cortesuprema.gov.co\/corte\/index.php\/wp-json\/wp\/v2\/pages\/50628\/revisions\/51623"}],"wp:attachment":[{"href":"https:\/\/cortesuprema.gov.co\/corte\/index.php\/wp-json\/wp\/v2\/media?parent=50628"}],"curies":[{"name":"wp","href":"https:\/\/api.w.org\/{rel}","templated":true}]}}