{"id":50631,"date":"2022-08-12T16:41:11","date_gmt":"2022-08-12T21:41:11","guid":{"rendered":"https:\/\/cortesuprema.gov.co\/corte\/?page_id=50631"},"modified":"2022-12-12T18:10:17","modified_gmt":"2022-12-12T23:10:17","slug":"convmagcsjud-listadoadmitidos","status":"publish","type":"page","link":"https:\/\/cortesuprema.gov.co\/corte\/index.php\/convmagcsjud-listadoadmitidos\/","title":{"rendered":"Lista de aspirantes admitidos 2"},"content":{"rendered":"[vc_row][vc_column][vc_single_image image=\u00bb50952&#8243; img_size=\u00bbfull\u00bb][\/vc_column][\/vc_row][vc_row][vc_column width=\u00bb1\/4&#8243;][vc_column_text]\n<p style=\"text-align: center;\"><a href=\"https:\/\/cortesuprema.gov.co\/corte\/index.php\/convmagcsjud\/\"><img loading=\"lazy\" decoding=\"async\" class=\"alignnone wp-image-50872 size-full\" src=\"https:\/\/cortesuprema.gov.co\/corte\/wp-content\/uploads\/2022\/08\/Micrositio-Convocatoria_bt1.png\" alt=\"\" width=\"284\" height=\"53\" \/><\/a><\/p>\n<p style=\"text-align: center;\"><a href=\"https:\/\/cortesuprema.gov.co\/corte\/index.php\/convmagcsjud-principios\/\"><img loading=\"lazy\" decoding=\"async\" class=\"alignnone wp-image-50873 size-full\" src=\"https:\/\/cortesuprema.gov.co\/corte\/wp-content\/uploads\/2022\/08\/Micrositio-Convocatoria_bt2.png\" alt=\"\" width=\"284\" height=\"54\" \/><\/a><\/p>\n<p style=\"text-align: center;\"><a href=\"https:\/\/cortesuprema.gov.co\/corte\/index.php\/convmagcsjud-cronograma\/\"><img loading=\"lazy\" decoding=\"async\" class=\"alignnone wp-image-50874 size-full\" src=\"https:\/\/cortesuprema.gov.co\/corte\/wp-content\/uploads\/2022\/08\/Micrositio-Convocatoria_bt3.png\" alt=\"\" width=\"284\" height=\"54\" \/><\/a><\/p>\n<p style=\"text-align: center;\"><a href=\"https:\/\/cortesuprema.gov.co\/corte\/index.php\/convmagcsjud-inscripcion\/\"><img loading=\"lazy\" decoding=\"async\" class=\"alignnone wp-image-50875 size-full\" src=\"https:\/\/cortesuprema.gov.co\/corte\/wp-content\/uploads\/2022\/08\/Micrositio-Convocatoria_bt4.png\" alt=\"\" width=\"284\" height=\"54\" \/><\/a><\/p>\n<p style=\"text-align: center;\"><a href=\"https:\/\/cortesuprema.gov.co\/corte\/index.php\/convmagcsjud-inscritos\/\"><img loading=\"lazy\" decoding=\"async\" class=\"alignnone wp-image-50876 size-full\" src=\"https:\/\/cortesuprema.gov.co\/corte\/wp-content\/uploads\/2022\/08\/Micrositio-Convocatoria_bt5.png\" alt=\"\" width=\"284\" height=\"54\" \/><\/a><\/p>\n<p style=\"text-align: center;\"><a href=\"https:\/\/cortesuprema.gov.co\/corte\/index.php\/convmagcsjud-listadoadmitidos\/\"><img loading=\"lazy\" decoding=\"async\" class=\"alignnone wp-image-50877 size-full\" src=\"https:\/\/cortesuprema.gov.co\/corte\/wp-content\/uploads\/2022\/08\/Micrositio-Convocatoria_bt6.png\" alt=\"\" width=\"284\" height=\"54\" \/><\/a><\/p>\n<p style=\"text-align: center;\"><a href=\"https:\/\/cortesuprema.gov.co\/corte\/index.php\/convmagcsjud-inadmitidos\/\"><img loading=\"lazy\" decoding=\"async\" class=\"alignnone wp-image-50878 size-full\" src=\"https:\/\/cortesuprema.gov.co\/corte\/wp-content\/uploads\/2022\/08\/Micrositio-Convocatoria_bt7.png\" alt=\"\" width=\"284\" height=\"54\" \/><\/a><\/p>\n<p style=\"text-align: center;\"><a href=\"https:\/\/cortesuprema.gov.co\/corte\/index.php\/convmagcsjud-transmisionenvivo\/\"><img loading=\"lazy\" decoding=\"async\" class=\"alignnone wp-image-50879 size-full\" src=\"https:\/\/cortesuprema.gov.co\/corte\/wp-content\/uploads\/2022\/08\/Micrositio-Convocatoria_bt8.png\" alt=\"\" width=\"284\" height=\"54\" \/><\/a><\/p>\n<p style=\"text-align: center;\"><a href=\"https:\/\/cortesuprema.gov.co\/corte\/index.php\/convmagcsjud-contactenos\/\"><img loading=\"lazy\" decoding=\"async\" class=\"alignnone wp-image-50880 size-full\" src=\"https:\/\/cortesuprema.gov.co\/corte\/wp-content\/uploads\/2022\/08\/Micrositio-Convocatoria_bt9.png\" alt=\"\" width=\"284\" height=\"53\" \/><\/a><\/p>\n[\/vc_column_text][\/vc_column][vc_column width=\u00bb3\/4&#8243;][vc_column_text]<img loading=\"lazy\" decoding=\"async\" class=\"alignnone wp-image-52816 aligncenter\" src=\"https:\/\/cortesuprema.gov.co\/corte\/wp-content\/uploads\/2022\/10\/logoCorte.png\" alt=\"\" width=\"159\" height=\"182\" srcset=\"https:\/\/cortesuprema.gov.co\/corte\/wp-content\/uploads\/2022\/10\/logoCorte.png 461w, https:\/\/cortesuprema.gov.co\/corte\/wp-content\/uploads\/2022\/10\/logoCorte-263x300.png 263w\" sizes=\"auto, (max-width: 159px) 85vw, 159px\" \/><\/p>\n<p style=\"text-align: center;\"><strong><em>\u201cCONVOCATORIA P\u00daBLICA 02\u20132022<\/em><\/strong><em>\u00a0<\/em><\/p>\n<p>&nbsp;<\/p>\n<p style=\"text-align: center;\"><em>ASPIRANTES A MAGISTRADO DEL CONSEJO SUPERIOR DE LA JUDICATURA, EN REEMPLAZO DEL DOCTOR MAX ALEJANDRO FL\u00d3REZ RODR\u00cdGUEZ.<\/em><\/p>\n<p>&nbsp;<\/p>\n<p>&nbsp;<\/p>\n<p>&nbsp;<\/p>\n<table width=\"0\">\n<tbody>\n<tr>\n<td colspan=\"4\" rowspan=\"2\" width=\"720\"><strong>LISTADO DE ADMITIDOS<\/strong><\/td>\n<td width=\"10\">&nbsp;<\/td>\n<td width=\"0\"><\/td>\n<\/tr>\n<tr>\n<td width=\"10\"><\/td>\n<td width=\"0\"><\/td>\n<\/tr>\n<tr>\n<td width=\"53\">1.-<\/td>\n<td width=\"287\">Abreo Trivi\u00f1o Eluin Guillermo<\/td>\n<td width=\"53\">52.-<\/td>\n<td width=\"327\">Mart\u00ednez G\u00f3mez Orlando de Jes\u00fas<\/td>\n<td width=\"10\"><\/td>\n<td width=\"0\"><\/td>\n<\/tr>\n<tr>\n<td width=\"53\">2.-<\/td>\n<td width=\"287\">Alba Herrera Santiago Danilo<\/td>\n<td width=\"53\">53.-<\/td>\n<td width=\"327\">Mart\u00ednez P\u00e9rez Edwar Enrique<\/td>\n<td width=\"10\"><\/td>\n<td width=\"0\"><\/td>\n<\/tr>\n<tr>\n<td width=\"53\">3.-<\/td>\n<td width=\"287\">\u00c1lvarez Casadiego Andrea Carolina<\/td>\n<td width=\"53\">54.-<\/td>\n<td width=\"327\">Mart\u00ednez Quintero Ricardo<\/td>\n<td width=\"10\"><\/td>\n<td width=\"0\"><\/td>\n<\/tr>\n<tr>\n<td width=\"53\">4.-<\/td>\n<td width=\"287\">\u00c1ngulo Quiroz Nancy Esther<\/td>\n<td width=\"53\">55.-<\/td>\n<td width=\"327\">Mart\u00ednez Rosales \u00d3scar Germ\u00e1n<\/td>\n<td width=\"10\"><\/td>\n<td width=\"0\"><\/td>\n<\/tr>\n<tr>\n<td width=\"53\">5.-<\/td>\n<td width=\"287\">Araque Gonz\u00e1lez Jaime Humberto<\/td>\n<td width=\"53\">56.-<\/td>\n<td width=\"327\">Matos Rodelo Rafael Antonio <strong>(No se present\u00f3 a la audiencia p\u00fablica)<\/strong><\/td>\n<td width=\"10\"><\/td>\n<td width=\"0\"><\/td>\n<\/tr>\n<tr>\n<td width=\"53\">6.-<\/td>\n<td width=\"287\">Arbel\u00e1ez Cifuentes Lucas Ignacio<\/td>\n<td width=\"53\">57.-<\/td>\n<td width=\"327\">Medina Ram\u00edrez Carlos<\/td>\n<td width=\"10\"><\/td>\n<td width=\"0\"><\/td>\n<\/tr>\n<tr>\n<td width=\"53\">7.-<\/td>\n<td width=\"287\">Ar\u00e9valo Barrero N\u00e9stor Santiago<\/td>\n<td width=\"53\">58.-<\/td>\n<td width=\"327\">Mena Mart\u00ednez Ernesto<\/td>\n<td width=\"10\"><\/td>\n<td width=\"0\"><\/td>\n<\/tr>\n<tr>\n<td width=\"53\">8.-<\/td>\n<td width=\"287\">Ben\u00edtez \u00c1lvarez Reinaldo Tulio<\/td>\n<td width=\"53\">59.-<\/td>\n<td width=\"327\">Mestre Carre\u00f1o Pedro Alfonso<\/td>\n<td width=\"10\"><\/td>\n<td width=\"0\"><\/td>\n<\/tr>\n<tr>\n<td width=\"53\">9.-<\/td>\n<td width=\"287\">Bernal Su\u00e1rez Fabio David<\/td>\n<td width=\"53\">60.-<\/td>\n<td width=\"327\">Mill\u00e1n Hern\u00e1ndez Marisol<\/td>\n<td width=\"10\"><\/td>\n<td width=\"0\"><\/td>\n<\/tr>\n<tr>\n<td width=\"53\">10.-<\/td>\n<td width=\"287\">Bernal Su\u00e1rez Marta Patricia<\/td>\n<td width=\"53\">61.-<\/td>\n<td width=\"327\">Morales Alzate John Jairo<\/td>\n<td width=\"10\"><\/td>\n<td width=\"0\"><\/td>\n<\/tr>\n<tr>\n<td width=\"53\">11.-<\/td>\n<td width=\"287\">Bocanegra Var\u00f3n Alfredo<\/td>\n<td width=\"53\">62.-<\/td>\n<td width=\"327\">Morales Carpio Einarco Jos\u00e9<\/td>\n<td width=\"10\"><\/td>\n<td width=\"0\"><\/td>\n<\/tr>\n<tr>\n<td width=\"53\">12.-<\/td>\n<td width=\"287\">Bonilla Bola\u00f1os Pedro Luis<\/td>\n<td width=\"53\">63.-<\/td>\n<td width=\"327\">Mosquera Agualimpia Edinson <strong>(No se present\u00f3 a la audiencia p\u00fablica)<\/strong><\/td>\n<td width=\"10\"><\/td>\n<td width=\"0\"><\/td>\n<\/tr>\n<tr>\n<td width=\"53\">13.-<\/td>\n<td width=\"287\">Caicedo Neira Andr\u00e9s Felipe<\/td>\n<td width=\"53\">64.-<\/td>\n<td width=\"327\">Murcia Su\u00e1rez C\u00e9sar Augusto<\/td>\n<td width=\"10\"><\/td>\n<td width=\"0\"><\/td>\n<\/tr>\n<tr>\n<td width=\"53\">14.-<\/td>\n<td width=\"287\">Cantor Alonso Martha Patricia<\/td>\n<td width=\"53\">65.-<\/td>\n<td width=\"327\">Neira N\u00fa\u00f1ez Luis Manuel<\/td>\n<td width=\"10\"><\/td>\n<td width=\"0\"><\/td>\n<\/tr>\n<tr>\n<td width=\"53\">15.-<\/td>\n<td width=\"287\">Castro Franco Andr\u00e9s <strong>(Declin\u00f3)<\/strong><\/td>\n<td width=\"53\">66.-<\/td>\n<td width=\"327\">Nevito G\u00f3mez Nelson<\/td>\n<td width=\"10\"><\/td>\n<td width=\"0\"><\/td>\n<\/tr>\n<tr>\n<td width=\"53\">16.-<\/td>\n<td width=\"287\">Charris Ibarra Sandra Paola<\/td>\n<td width=\"53\">67.-<\/td>\n<td width=\"327\">Ni\u00f1o G\u00f3mez Carlos Fernando<\/td>\n<td width=\"10\"><\/td>\n<td width=\"0\"><\/td>\n<\/tr>\n<tr>\n<td width=\"53\">17.-<\/td>\n<td width=\"287\">Chaverra Ovalle Hitler Rouseau<\/td>\n<td width=\"53\">68.-<\/td>\n<td width=\"327\">Noguera Serrano Juan Manuel<\/td>\n<td width=\"10\"><\/td>\n<td width=\"0\"><\/td>\n<\/tr>\n<tr>\n<td width=\"53\">18.-<\/td>\n<td width=\"287\">Corpus Vanegas Jair Samir<\/td>\n<td width=\"53\">69.-<\/td>\n<td width=\"327\">Ochoa Torres Reinaldo Rafael<\/td>\n<td width=\"10\"><\/td>\n<td width=\"0\"><\/td>\n<\/tr>\n<tr>\n<td width=\"53\">19.-<\/td>\n<td width=\"287\">Correa Mart\u00ednez Mar\u00eda del Rosario<\/td>\n<td width=\"53\">70.-<\/td>\n<td width=\"327\">Ortiz Rassa Carmen Helena<\/td>\n<td width=\"10\"><\/td>\n<td width=\"0\"><\/td>\n<\/tr>\n<tr>\n<td width=\"53\">20.-<\/td>\n<td width=\"287\">Correa Ni\u00f1o Aura Yineth <strong>(No se present\u00f3 a la audiencia p\u00fablica)<\/strong><\/td>\n<td width=\"53\">71.-<\/td>\n<td width=\"327\">Palomo Meza Labrenty Efr\u00e9n<\/td>\n<td width=\"10\"><\/td>\n<td width=\"0\"><\/td>\n<\/tr>\n<tr>\n<td width=\"53\">21.-<\/td>\n<td width=\"287\">Cort\u00e9s Moreno Luis Ernesto<\/td>\n<td width=\"53\">72.-<\/td>\n<td width=\"327\">Parada Uribe Jes\u00fas<\/td>\n<td width=\"10\"><\/td>\n<td width=\"0\"><\/td>\n<\/tr>\n<tr>\n<td width=\"53\">22.-<\/td>\n<td width=\"287\">Cyfuentes Pantoja de Santa Cruz Freddy Alex<\/td>\n<td width=\"53\">73.-<\/td>\n<td width=\"327\">Pardo Pi\u00f1eros Guillermo<\/td>\n<td width=\"10\"><\/td>\n<td width=\"0\"><\/td>\n<\/tr>\n<tr>\n<td width=\"53\">23.-<\/td>\n<td width=\"287\">Daza Molina Romelio El\u00edas<\/td>\n<td width=\"53\">74.-<\/td>\n<td width=\"327\">Parra R\u00edos Andr\u00e9s Conrado<\/td>\n<td width=\"10\"><\/td>\n<td width=\"0\"><\/td>\n<\/tr>\n<tr>\n<td width=\"53\">24.-<\/td>\n<td width=\"287\">D\u00edaz Sandoval Jos\u00e9 Miguel<\/td>\n<td width=\"53\">75.-<\/td>\n<td width=\"327\">P\u00e9rez \u00c1ngulo Luis Carlos<\/td>\n<td width=\"10\"><\/td>\n<td width=\"0\"><\/td>\n<\/tr>\n<tr>\n<td width=\"53\">25.-<\/td>\n<td width=\"287\">Duque Botero Luz Jimena<\/td>\n<td width=\"53\">76.-<\/td>\n<td width=\"327\">P\u00e9rez Ortiz Volmar Antonio<\/td>\n<td width=\"10\"><\/td>\n<td width=\"0\"><\/td>\n<\/tr>\n<tr>\n<td width=\"53\">26.-<\/td>\n<td width=\"287\">Dur\u00e1n Calder\u00f3n Mar\u00eda Judith<\/td>\n<td width=\"53\">77.-<\/td>\n<td width=\"327\">P\u00e9rez Polan\u00eda Jenny Patricia<\/td>\n<td width=\"10\"><\/td>\n<td width=\"0\"><\/td>\n<\/tr>\n<tr>\n<td width=\"53\">27.-<\/td>\n<td width=\"287\">Echeverry Salazar Orlando<\/td>\n<td width=\"53\">78.-<\/td>\n<td width=\"327\">Pinz\u00f3n Guiza Pedro Nel <strong>(No se present\u00f3 a la audiencia p\u00fablica)<\/strong><\/td>\n<td width=\"10\"><\/td>\n<td width=\"0\"><\/td>\n<\/tr>\n<tr>\n<td width=\"53\">28.-<\/td>\n<td width=\"287\">Escobar Mart\u00ednez Lina Marcela<\/td>\n<td width=\"53\">79.-<\/td>\n<td width=\"327\">Plata Sarmiento Eva del Pilar<\/td>\n<td width=\"10\"><\/td>\n<td width=\"0\"><\/td>\n<\/tr>\n<tr>\n<td width=\"53\">29.-<\/td>\n<td width=\"287\">Espinosa Palacios Juan Francisco<\/td>\n<td width=\"53\">80.-<\/td>\n<td width=\"327\">Quiroz Naranjo Katya Jimena<\/td>\n<td width=\"10\"><\/td>\n<td width=\"0\"><\/td>\n<\/tr>\n<tr>\n<td width=\"53\">30.-<\/td>\n<td width=\"287\">Fl\u00f3rez Roncancio Jes\u00fas David<\/td>\n<td width=\"53\">81.-<\/td>\n<td width=\"327\">Ram\u00edrez Delgado Olga Luc\u00eda<\/td>\n<td width=\"10\"><\/td>\n<td width=\"0\"><\/td>\n<\/tr>\n<tr>\n<td width=\"53\">31.-<\/td>\n<td width=\"287\">Franco Laverde Jos\u00e9 Luis<\/td>\n<td width=\"53\">82.-<\/td>\n<td width=\"327\">Reyes Ca\u00f1as Luz Amparo<\/td>\n<td width=\"10\"><\/td>\n<td width=\"0\"><\/td>\n<\/tr>\n<tr>\n<td width=\"53\">32.-<\/td>\n<td width=\"287\">Garc\u00eda Serrano Martha Isabel<\/td>\n<td width=\"53\">83.-<\/td>\n<td width=\"327\">Rinc\u00f3n R\u00edos Jarvey<\/td>\n<td width=\"10\"><\/td>\n<td width=\"0\"><\/td>\n<\/tr>\n<tr>\n<td width=\"53\">33.-<\/td>\n<td width=\"287\">Garc\u00eda Su\u00e1rez Jos\u00e9 Enrique<\/td>\n<td width=\"53\">84.-<\/td>\n<td width=\"327\">Roca Roa Carlos Adolfo<\/td>\n<td width=\"10\"><\/td>\n<td width=\"0\"><\/td>\n<\/tr>\n<tr>\n<td width=\"53\">34.-<\/td>\n<td width=\"287\">Gil de la Hoz Pablo Guillermo<\/td>\n<td width=\"53\">85.-<\/td>\n<td width=\"327\">Rodr\u00edguez Akle Alberto de Jes\u00fas<\/td>\n<td width=\"10\"><\/td>\n<td width=\"0\"><\/td>\n<\/tr>\n<tr>\n<td width=\"53\">35.-<\/td>\n<td width=\"287\">Giraldo \u00c1lvarez Marcelo <strong>(Declin\u00f3)<\/strong><\/td>\n<td width=\"53\">86.-<\/td>\n<td width=\"327\">Sabogal Var\u00f3n Nubia Esperanza<\/td>\n<td width=\"10\"><\/td>\n<td width=\"0\"><\/td>\n<\/tr>\n<tr>\n<td width=\"53\">36.-<\/td>\n<td width=\"287\">G\u00f3mez G\u00e1lvez Martha Luc\u00eda<\/td>\n<td width=\"53\">87.-<\/td>\n<td width=\"327\">S\u00e1nchez Acevedo Marco Emilio<\/td>\n<td width=\"10\"><\/td>\n<td width=\"0\"><\/td>\n<\/tr>\n<tr>\n<td width=\"53\">37.-<\/td>\n<td width=\"287\">G\u00f3mez Roa Lorena<\/td>\n<td width=\"53\">88.-<\/td>\n<td width=\"327\">Sierra Ru\u00edz Suzy<\/td>\n<td width=\"10\"><\/td>\n<td width=\"0\"><\/td>\n<\/tr>\n<tr>\n<td width=\"53\">38.-<\/td>\n<td width=\"287\">Granados Mora Flavio Efr\u00e9n<\/td>\n<td width=\"53\">89.-<\/td>\n<td width=\"327\">Sol\u00f3rzano L\u00f3pez Miguel \u00c1ngel<\/td>\n<td width=\"10\"><\/td>\n<td width=\"0\"><\/td>\n<\/tr>\n<tr>\n<td width=\"53\">39.-<\/td>\n<td width=\"287\">Grueso Rodr\u00edguez Juan Manuel<\/td>\n<td width=\"53\">90.-<\/td>\n<td width=\"327\">Sotomayor Uribe \u00d3scar Augusto<\/td>\n<td width=\"10\"><\/td>\n<td width=\"0\"><\/td>\n<\/tr>\n<tr>\n<td width=\"53\">40.-<\/td>\n<td width=\"287\">Guerrero Ram\u00edrez Jaime Alejandro <strong>(Declin\u00f3)<\/strong><\/td>\n<td width=\"53\">91.-<\/td>\n<td width=\"327\">Taleb Quintero Mar\u00eda Andrea <strong>(Declin\u00f3)<\/strong><\/td>\n<td width=\"10\"><\/td>\n<td width=\"0\"><\/td>\n<\/tr>\n<tr>\n<td width=\"53\">41.-<\/td>\n<td width=\"287\">Hidalgo Ocampo Orlando<\/td>\n<td width=\"53\">92.-<\/td>\n<td width=\"327\">Vahos Garc\u00eda Patricia Amparo<\/td>\n<td width=\"10\"><\/td>\n<td width=\"0\"><\/td>\n<\/tr>\n<tr>\n<td width=\"53\">42.-<\/td>\n<td width=\"287\">Hinestroza Ortiz Mario Luis<\/td>\n<td width=\"53\">93.-<\/td>\n<td width=\"327\">Valderrama Bedoya Francisco Javier<\/td>\n<td width=\"10\"><\/td>\n<td width=\"0\"><\/td>\n<\/tr>\n<tr>\n<td width=\"53\">43.-<\/td>\n<td width=\"287\">Hoyos Garz\u00f3n Janeth del Carmen<\/td>\n<td width=\"53\">94.-<\/td>\n<td width=\"327\">Valderrama Yague Mario Alberto <strong>(Declin\u00f3)<\/strong><\/td>\n<td width=\"10\"><\/td>\n<td width=\"0\"><\/td>\n<\/tr>\n<tr>\n<td width=\"53\">44.-<\/td>\n<td width=\"287\">Jaime Gonz\u00e1lez Reinaldo <strong>(Declin\u00f3)<\/strong><\/td>\n<td width=\"53\">95.-<\/td>\n<td width=\"327\">Vallejo Jaramillo Jorge Enrique<\/td>\n<td width=\"10\"><\/td>\n<td width=\"0\"><\/td>\n<\/tr>\n<tr>\n<td width=\"53\">45.-<\/td>\n<td width=\"287\">Jaramillo Aramburo Esteban<\/td>\n<td width=\"53\">96.-<\/td>\n<td width=\"327\">Veloza Jim\u00e9nez Diana Patricia<\/td>\n<td width=\"10\"><\/td>\n<td width=\"0\"><\/td>\n<\/tr>\n<tr>\n<td width=\"53\">46.-<\/td>\n<td width=\"287\">Jaramillo Zuleta Le\u00f3n Jos\u00e9<\/td>\n<td width=\"53\">97.-<\/td>\n<td width=\"327\">Vilar Rubiano Fabi\u00e1n Enrique<\/td>\n<td width=\"10\"><\/td>\n<td width=\"0\"><\/td>\n<\/tr>\n<tr>\n<td width=\"53\">47.-<\/td>\n<td width=\"287\">L\u00f3pez Botero C\u00e9sar Augusto<\/td>\n<td width=\"53\">98.-<\/td>\n<td width=\"327\">Villa S\u00e1nchez Ricardo Ernesto<\/td>\n<td width=\"10\"><\/td>\n<td width=\"0\"><\/td>\n<\/tr>\n<tr>\n<td width=\"53\">48.-<\/td>\n<td width=\"287\">Lozano Lozano Carlos An\u00edbal<\/td>\n<td width=\"53\">99.-<\/td>\n<td width=\"327\">Vincos Urue\u00f1a \u00c1lvaro <strong>(Declin\u00f3)<\/strong><\/td>\n<td width=\"10\"><\/td>\n<td width=\"0\"><\/td>\n<\/tr>\n<tr>\n<td width=\"53\">49.-<\/td>\n<td width=\"287\">Macheta T\u00e9llez Jorge Lino<\/td>\n<td width=\"53\">100.-<\/td>\n<td width=\"327\">Yarzagaray Bandera Manuel Antonio<\/td>\n<td width=\"10\"><\/td>\n<td width=\"0\"><\/td>\n<\/tr>\n<tr>\n<td width=\"53\">50.-<\/td>\n<td width=\"287\">Mar\u00edn Franco Nelson<\/td>\n<td width=\"53\">101.-<\/td>\n<td width=\"327\">Zapata \u00c1lvarez Juan Felipe<\/td>\n<td width=\"10\"><\/td>\n<td width=\"0\"><\/td>\n<\/tr>\n<tr>\n<td width=\"53\">51.-<\/td>\n<td width=\"287\">M\u00e1rquez Rodr\u00edguez Marcela<\/td>\n<td width=\"53\">102.-<\/td>\n<td width=\"327\">Zuluaga Monta\u00f1a Rosana Paola<\/td>\n<td width=\"10\"><\/td>\n<td width=\"0\"><\/td>\n<\/tr>\n<\/tbody>\n<\/table>\n<p>&nbsp;<\/p>\n<p>Descargue el listado dando clic <a href=\"https:\/\/cortesuprema.gov.co\/corte\/wp-content\/uploads\/2022\/12\/ACTUALIZACION-LISTADO-DE-ASPIRANTES-ADMITIDOS-CONVOCATORIA-02-2022-1.pdf\" target=\"_blank\" rel=\"noopener noreferrer\">aqu\u00ed<\/a><\/p>\n[\/vc_column_text][\/vc_column][\/vc_row]\n","protected":false},"excerpt":{"rendered":"<p>[vc_row][vc_column][vc_single_image image=\u00bb50952&#8243; img_size=\u00bbfull\u00bb][\/vc_column][\/vc_row][vc_row][vc_column width=\u00bb1\/4&#8243;][vc_column_text] [\/vc_column_text][\/vc_column][vc_column width=\u00bb3\/4&#8243;][vc_column_text] \u201cCONVOCATORIA P\u00daBLICA 02\u20132022\u00a0 &nbsp; ASPIRANTES A MAGISTRADO DEL CONSEJO SUPERIOR DE LA JUDICATURA, EN REEMPLAZO DEL DOCTOR MAX ALEJANDRO FL\u00d3REZ RODR\u00cdGUEZ. &nbsp; &nbsp; &nbsp; LISTADO DE ADMITIDOS &nbsp; 1.- Abreo Trivi\u00f1o Eluin Guillermo 52.- Mart\u00ednez G\u00f3mez Orlando de Jes\u00fas 2.- Alba Herrera Santiago Danilo 53.- Mart\u00ednez P\u00e9rez Edwar Enrique &hellip; <a href=\"https:\/\/cortesuprema.gov.co\/corte\/index.php\/convmagcsjud-listadoadmitidos\/\" class=\"more-link\">Continuar leyendo<span class=\"screen-reader-text\"> \u00abLista de aspirantes admitidos 2\u00bb<\/span><\/a><\/p>\n","protected":false},"author":47,"featured_media":0,"parent":0,"menu_order":0,"comment_status":"closed","ping_status":"closed","template":"","meta":{"footnotes":""},"class_list":["post-50631","page","type-page","status-publish","hentry"],"_links":{"self":[{"href":"https:\/\/cortesuprema.gov.co\/corte\/index.php\/wp-json\/wp\/v2\/pages\/50631","targetHints":{"allow":["GET"]}}],"collection":[{"href":"https:\/\/cortesuprema.gov.co\/corte\/index.php\/wp-json\/wp\/v2\/pages"}],"about":[{"href":"https:\/\/cortesuprema.gov.co\/corte\/index.php\/wp-json\/wp\/v2\/types\/page"}],"author":[{"embeddable":true,"href":"https:\/\/cortesuprema.gov.co\/corte\/index.php\/wp-json\/wp\/v2\/users\/47"}],"replies":[{"embeddable":true,"href":"https:\/\/cortesuprema.gov.co\/corte\/index.php\/wp-json\/wp\/v2\/comments?post=50631"}],"version-history":[{"count":20,"href":"https:\/\/cortesuprema.gov.co\/corte\/index.php\/wp-json\/wp\/v2\/pages\/50631\/revisions"}],"predecessor-version":[{"id":59475,"href":"https:\/\/cortesuprema.gov.co\/corte\/index.php\/wp-json\/wp\/v2\/pages\/50631\/revisions\/59475"}],"wp:attachment":[{"href":"https:\/\/cortesuprema.gov.co\/corte\/index.php\/wp-json\/wp\/v2\/media?parent=50631"}],"curies":[{"name":"wp","href":"https:\/\/api.w.org\/{rel}","templated":true}]}}