{"id":52888,"date":"2022-10-06T09:37:51","date_gmt":"2022-10-06T14:37:51","guid":{"rendered":"https:\/\/cortesuprema.gov.co\/corte\/?page_id=52888"},"modified":"2023-04-12T05:25:36","modified_gmt":"2023-04-12T10:25:36","slug":"convocatoriaarbitros","status":"publish","type":"page","link":"https:\/\/cortesuprema.gov.co\/corte\/index.php\/convocatoriaarbitros\/","title":{"rendered":"Convocatoria para conformar listas de \u00e1rbitros 2023 &#8211; 2024"},"content":{"rendered":"<h2 class=\"size-big\" style=\"text-align: center;\"><strong>Sala de Casaci\u00f3n Laboral<\/strong><\/h2>\n<p><img loading=\"lazy\" decoding=\"async\" class=\"wp-image-27906 aligncenter\" src=\"https:\/\/cortesuprema.gov.co\/corte\/wp-content\/uploads\/2022\/10\/fachada-corte-entradas.jpg\" alt=\"\" width=\"443\" height=\"295\" \/><\/p>\n<p style=\"text-align: justify;\"><strong>La Sala de Casaci\u00f3n Laboral de la Corte Suprema de Justicia, convoca a los interesados en postularse para integrar la lista de \u00e1rbitros de que trata el art. 453 del C\u00f3digo Sustantivo del Trabajo, modificado por el numeral 2 del art. 3 de la Ley 48 de 1968.<\/strong><\/p>\n<div class=\"su-tabs su-tabs-style-default su-tabs-mobile-stack my-custom-tabs\" data-active=\"1\" data-scroll-offset=\"0\" data-anchor-in-url=\"no\"><div class=\"su-tabs-nav\"><span class=\"\" data-url=\"\" data-target=\"blank\" tabindex=\"0\" role=\"button\">Lista de \u00e1rbitros 2023-2024<\/span><span class=\"\" data-url=\"\" data-target=\"blank\" tabindex=\"0\" role=\"button\">Lista de inscritos<\/span><span class=\"\" data-url=\"\" data-target=\"blank\" tabindex=\"0\" role=\"button\">Acuerdo<\/span><span class=\"\" data-url=\"\" data-target=\"blank\" tabindex=\"0\" role=\"button\">Cronograma <\/span><span class=\"\" data-url=\"\" data-target=\"blank\" tabindex=\"0\" role=\"button\">Instructivo <\/span><span class=\"\" data-url=\"\" data-target=\"blank\" tabindex=\"0\" role=\"button\">Formulario de inscripci\u00f3n <\/span><\/div><div class=\"su-tabs-panes\"><div class=\"su-tabs-pane su-u-clearfix su-u-trim\" data-title=\"Lista de \u00e1rbitros 2023-2024\"> <div class=\"su-animate\" style=\"opacity:0;-webkit-animation-duration:1s;-webkit-animation-delay:0s;animation-duration:1s;animation-delay:0s;\" data-animation=\"fadeInUp\" data-duration=\"1\" data-delay=\"0\">\n<div class=\"su-divider su-divider-style-default\" style=\"margin:15px 0;border-width:9px;border-color:#999999\"><\/div>\n[spiderpowa-pdf src=\u00bbhttps:\/\/cortesuprema.gov.co\/corte\/wp-content\/uploads\/arbitros\/Listadearbitros2023-2024.pdf\u00bb]\n<div class=\"su-divider su-divider-style-double\" style=\"margin:15px 0;border-width:3px;border-color:#999999\"><a href=\"#\" style=\"color:#999999\">ir arriba <\/a><\/div>\n<\/div>\n<\/div>\n<div class=\"su-tabs-pane su-u-clearfix su-u-trim\" data-title=\"Lista de inscritos\"> <div class=\"su-animate\" style=\"opacity:0;-webkit-animation-duration:1s;-webkit-animation-delay:0s;animation-duration:1s;animation-delay:0s;\" data-animation=\"fadeInUp\" data-duration=\"1\" data-delay=\"0\">\n<div class=\"su-divider su-divider-style-default\" style=\"margin:15px 0;border-width:9px;border-color:#999999\"><\/div>\n[spiderpowa-pdf src=\u00bbhttps:\/\/cortesuprema.gov.co\/corte\/wp-content\/uploads\/arbitros\/Lista de inscritos de arbitros 2023-2024.pdf\u00bb]\n<div class=\"su-divider su-divider-style-double\" style=\"margin:15px 0;border-width:3px;border-color:#999999\"><a href=\"#\" style=\"color:#999999\">ir arriba <\/a><\/div>\n<\/div>\n<\/div>\n<div class=\"su-tabs-pane su-u-clearfix su-u-trim\" data-title=\"Acuerdo\"> <div class=\"su-animate\" style=\"opacity:0;-webkit-animation-duration:1s;-webkit-animation-delay:0s;animation-duration:1s;animation-delay:0s;\" data-animation=\"fadeInUp\" data-duration=\"1\" data-delay=\"0\">\n<div class=\"su-divider su-divider-style-default\" style=\"margin:15px 0;border-width:9px;border-color:#999999\"><\/div>\n[spiderpowa-pdf src=\u00bbhttps:\/\/cortesuprema.gov.co\/corte\/wp-content\/uploads\/arbitros\/ACUERDO066 .pdf\u00bb]\n<div class=\"su-divider su-divider-style-double\" style=\"margin:15px 0;border-width:3px;border-color:#999999\"><a href=\"#\" style=\"color:#999999\">ir arriba <\/a><\/div>\n<\/div>\n<\/div>\n<div class=\"su-tabs-pane su-u-clearfix su-u-trim\" data-title=\"Cronograma \"> <div class=\"su-animate\" style=\"opacity:0;-webkit-animation-duration:1s;-webkit-animation-delay:0s;animation-duration:1s;animation-delay:0s;\" data-animation=\"fadeInUp\" data-duration=\"1\" data-delay=\"0\">\n<div class=\"su-divider su-divider-style-default\" style=\"margin:15px 0;border-width:9px;border-color:#999999\"><\/div>\n[spiderpowa-pdf src=\u00bbhttps:\/\/cortesuprema.gov.co\/corte\/wp-content\/uploads\/arbitros\/cronograma.pdf\u00bb]\n<div class=\"su-divider su-divider-style-double\" style=\"margin:15px 0;border-width:3px;border-color:#999999\"><a href=\"#\" style=\"color:#999999\">ir arriba <\/a><\/div>\n<\/div>\n<\/div>\n<div class=\"su-tabs-pane su-u-clearfix su-u-trim\" data-title=\"Instructivo \"> <div class=\"su-animate\" style=\"opacity:0;-webkit-animation-duration:1s;-webkit-animation-delay:0s;animation-duration:1s;animation-delay:0s;\" data-animation=\"fadeInUp\" data-duration=\"1\" data-delay=\"0\">\n<div class=\"su-divider su-divider-style-default\" style=\"margin:15px 0;border-width:9px;border-color:#999999\"><\/div>\n[spiderpowa-pdf src=\u00bbhttps:\/\/cortesuprema.gov.co\/corte\/wp-content\/uploads\/arbitros\/Instructivo.pdf\u00bb]\n<div class=\"su-divider su-divider-style-double\" style=\"margin:15px 0;border-width:3px;border-color:#999999\"><a href=\"#\" style=\"color:#999999\">ir arriba <\/a><\/div>\n<\/div>\n<\/div>\n<div class=\"su-tabs-pane su-u-clearfix su-u-trim\" data-title=\"Formulario de inscripci\u00f3n \"> <div class=\"su-animate\" style=\"opacity:0;-webkit-animation-duration:1s;-webkit-animation-delay:0s;animation-duration:1s;animation-delay:0s;\" data-animation=\"fadeInUp\" data-duration=\"1\" data-delay=\"0\">\n<div class=\"su-divider su-divider-style-default\" style=\"margin:15px 0;border-width:9px;border-color:#999999\"><\/div>\n<img loading=\"lazy\" decoding=\"async\" class=\"wp-image-27906 aligncenter\" src=\"https:\/\/cortesuprema.gov.co\/corte\/wp-content\/uploads\/2022\/10\/Logo-ProvidenciaLaboral.png\" alt=\"\" width=\"190\" height=\"190\" \/><\/p>\n<h3>\u00abEl formulario de inscripci\u00f3n estar\u00e1 disponible a partir\u00a0 de las 8:00 a. m. del d\u00eda lunes 10 de octubre de 2022 hasta las \u00a05:00 p. m. del d\u00eda jueves 10 noviembre de 2022\u00bb<\/h3>\n<p><a href=\"https:\/\/talentohumano.ramajudicial.gov.co\/kactusrl\/\" target=\"_blank\" rel=\"noopener noreferrer\">Clic aqui para entrar al formulario de inscripci\u00f3n<\/a><\/p>\n<\/div>\n<\/div><\/div><\/div>\n<div class=\"su-divider su-divider-style-double\" style=\"margin:15px 0;border-width:3px;border-color:#999999\"><a href=\"#\" style=\"color:#999999\">ir arriba <\/a><\/div>\n<p>&nbsp;<\/p>\n","protected":false},"excerpt":{"rendered":"<p>Sala de Casaci\u00f3n Laboral La Sala de Casaci\u00f3n Laboral de la Corte Suprema de Justicia, convoca a los interesados en postularse para integrar la lista de \u00e1rbitros de que trata el art. 453 del C\u00f3digo Sustantivo del Trabajo, modificado por el numeral 2 del art. 3 de la Ley 48 de 1968. &nbsp;<\/p>\n","protected":false},"author":29,"featured_media":0,"parent":0,"menu_order":0,"comment_status":"closed","ping_status":"closed","template":"","meta":{"footnotes":""},"class_list":["post-52888","page","type-page","status-publish","hentry"],"_links":{"self":[{"href":"https:\/\/cortesuprema.gov.co\/corte\/index.php\/wp-json\/wp\/v2\/pages\/52888","targetHints":{"allow":["GET"]}}],"collection":[{"href":"https:\/\/cortesuprema.gov.co\/corte\/index.php\/wp-json\/wp\/v2\/pages"}],"about":[{"href":"https:\/\/cortesuprema.gov.co\/corte\/index.php\/wp-json\/wp\/v2\/types\/page"}],"author":[{"embeddable":true,"href":"https:\/\/cortesuprema.gov.co\/corte\/index.php\/wp-json\/wp\/v2\/users\/29"}],"replies":[{"embeddable":true,"href":"https:\/\/cortesuprema.gov.co\/corte\/index.php\/wp-json\/wp\/v2\/comments?post=52888"}],"version-history":[{"count":29,"href":"https:\/\/cortesuprema.gov.co\/corte\/index.php\/wp-json\/wp\/v2\/pages\/52888\/revisions"}],"predecessor-version":[{"id":57388,"href":"https:\/\/cortesuprema.gov.co\/corte\/index.php\/wp-json\/wp\/v2\/pages\/52888\/revisions\/57388"}],"wp:attachment":[{"href":"https:\/\/cortesuprema.gov.co\/corte\/index.php\/wp-json\/wp\/v2\/media?parent=52888"}],"curies":[{"name":"wp","href":"https:\/\/api.w.org\/{rel}","templated":true}]}}