{"id":53460,"date":"2022-10-31T10:41:54","date_gmt":"2022-10-31T15:41:54","guid":{"rendered":"https:\/\/cortesuprema.gov.co\/corte\/?page_id=53460"},"modified":"2023-10-26T08:52:35","modified_gmt":"2023-10-26T13:52:35","slug":"relaciones-de-consumo-derechos-y-deberes","status":"publish","type":"page","link":"https:\/\/cortesuprema.gov.co\/corte\/index.php\/relaciones-de-consumo-derechos-y-deberes\/","title":{"rendered":"Relaciones de consumo-Derechos y deberes"},"content":{"rendered":"<h2 style=\"text-align: center;\">Relaciones de Consumo<\/h2>\n<h3 style=\"text-align: center;\">Derechos y deberes<\/h3>\n<h3 style=\"text-align: center;\">Algunos estudios contempor\u00e1neos de la Sala de Casaci\u00f3n Civil<\/h3>\n<h4><\/h4>\n<p style=\"text-align: right;\">Otras publicaciones: <a href=\"https:\/\/cortesuprema.gov.co\/corte\/index.php\/derecho-de-la-competencia\/\">Derecho de la competencia\u00a0<\/a><\/p>\n<p style=\"text-align: right;\"><a href=\"https:\/\/cortesuprema.gov.co\/corte\/index.php\/de-la-nulidad-y-de-la-simulacion-algunos-estudios-contemporaneos\/\" target=\"_blank\" rel=\"noopener noreferrer\">Nulidad y simulaci\u00f3n<\/a> &#8211;<\/p>\n<p style=\"text-align: right;\"><a href=\"https:\/\/cortesuprema.gov.co\/corte\/index.php\/contratos-civiles-y-comerciales-algunos-estudios-contemporaneos\/\">Contratos civiles y comerciales<\/a> &#8211;<\/p>\n<p style=\"text-align: right;\"><a href=\"https:\/\/cortesuprema.gov.co\/corte\/index.php\/el-contrato-de-compraventa-algunos-estudios-contemporaneos\/\" target=\"_blank\" rel=\"noopener noreferrer\">Contrato de compraventa-<\/a><\/p>\n<p style=\"text-align: right;\"><a href=\"https:\/\/cortesuprema.gov.co\/corte\/index.php\/la-promesa-de-contrato-algunos-estudios-contemporaneos\/\" target=\"_blank\" rel=\"noopener noreferrer\">Promesa de contrato-<\/a><\/p>\n<p style=\"text-align: right;\"><a href=\"https:\/\/cortesuprema.gov.co\/corte\/index.php\/de-las-actividades-peligrosas-algunos-estudios-contemporaneos\/\" target=\"_blank\" rel=\"noopener noreferrer\">Actividades peligrosas-<\/a><\/p>\n<p style=\"text-align: right;\"><a href=\"https:\/\/cortesuprema.gov.co\/corte\/index.php\/responsabilidad-medica-algunos-estudios-contemporaneos\/\">Responsabilidad m\u00e9dica<\/a><\/p>\n<p style=\"text-align: right;\"><a href=\"https:\/\/cortesuprema.gov.co\/corte\/wp-content\/uploads\/2022\/08\/EL-DA\u00d1O-EXTRAPATRIMONIAL-Y-SU-CUANTIFICACI\u00d3N-P.pdf\">El da\u00f1o extrapatrimonial y su cuantificaci\u00f3n<\/a><\/p>\n<p style=\"text-align: right;\"><a href=\"https:\/\/cortesuprema.gov.co\/corte\/index.php\/de-la-propiedad-la-posesion-y-la-tenencia-algunos-estudios-contemporaneos\/\" target=\"_blank\" rel=\"noopener noreferrer\">De la propiedad, la posesi\u00f3n y la tenencia<\/a>&#8211;<\/p>\n<p style=\"text-align: right;\"><a href=\"https:\/\/cortesuprema.gov.co\/corte\/index.php\/de-la-filiacion-algunos-estudios-contemporaneos\/\" target=\"_blank\" rel=\"noopener noreferrer\">Filiaci\u00f3n<\/a> &#8211;<\/p>\n<p style=\"text-align: right;\"><a href=\"https:\/\/cortesuprema.gov.co\/corte\/index.php\/union-marital-de-hecho-algunos-estudios-contemporaneos\/\" target=\"_blank\" rel=\"noopener noreferrer\">UMH\u00a0<\/a><\/p>\n<p style=\"text-align: left;\"><a href=\"https:\/\/cortesuprema.gov.co\/corte\/wp-content\/uploads\/2023\/03\/RELACIONES-DE-CONSUMO.pdf\" target=\"_blank\" rel=\"noopener noreferrer\">Descargue\u00a0aqu\u00ed el PDF<\/a><\/p>\n[spiderpowa-pdf src=\u00bbhttps:\/\/cortesuprema.gov.co\/corte\/wp-content\/uploads\/2023\/10\/RELACIONES-DE-CONSUMO-5.pdf\u00bb]\n<p><a href=\"https:\/\/cortesuprema.gov.co\/corte\/index.php\/relatoriasc\/\">Volver Relator\u00eda Sala Civil<\/a><\/p>\n","protected":false},"excerpt":{"rendered":"<p>Relaciones de Consumo Derechos y deberes Algunos estudios contempor\u00e1neos de la Sala de Casaci\u00f3n Civil Otras publicaciones: Derecho de la competencia\u00a0 Nulidad y simulaci\u00f3n &#8211; Contratos civiles y comerciales &#8211; Contrato de compraventa- Promesa de contrato- Actividades peligrosas- Responsabilidad m\u00e9dica El da\u00f1o extrapatrimonial y su cuantificaci\u00f3n De la propiedad, la posesi\u00f3n y la tenencia&#8211; Filiaci\u00f3n &hellip; <a href=\"https:\/\/cortesuprema.gov.co\/corte\/index.php\/relaciones-de-consumo-derechos-y-deberes\/\" class=\"more-link\">Continuar leyendo<span class=\"screen-reader-text\"> \u00abRelaciones de consumo-Derechos y deberes\u00bb<\/span><\/a><\/p>\n","protected":false},"author":38,"featured_media":0,"parent":0,"menu_order":0,"comment_status":"closed","ping_status":"closed","template":"","meta":{"footnotes":""},"class_list":["post-53460","page","type-page","status-publish","hentry"],"_links":{"self":[{"href":"https:\/\/cortesuprema.gov.co\/corte\/index.php\/wp-json\/wp\/v2\/pages\/53460","targetHints":{"allow":["GET"]}}],"collection":[{"href":"https:\/\/cortesuprema.gov.co\/corte\/index.php\/wp-json\/wp\/v2\/pages"}],"about":[{"href":"https:\/\/cortesuprema.gov.co\/corte\/index.php\/wp-json\/wp\/v2\/types\/page"}],"author":[{"embeddable":true,"href":"https:\/\/cortesuprema.gov.co\/corte\/index.php\/wp-json\/wp\/v2\/users\/38"}],"replies":[{"embeddable":true,"href":"https:\/\/cortesuprema.gov.co\/corte\/index.php\/wp-json\/wp\/v2\/comments?post=53460"}],"version-history":[{"count":8,"href":"https:\/\/cortesuprema.gov.co\/corte\/index.php\/wp-json\/wp\/v2\/pages\/53460\/revisions"}],"predecessor-version":[{"id":62921,"href":"https:\/\/cortesuprema.gov.co\/corte\/index.php\/wp-json\/wp\/v2\/pages\/53460\/revisions\/62921"}],"wp:attachment":[{"href":"https:\/\/cortesuprema.gov.co\/corte\/index.php\/wp-json\/wp\/v2\/media?parent=53460"}],"curies":[{"name":"wp","href":"https:\/\/api.w.org\/{rel}","templated":true}]}}