{"id":55649,"date":"2023-01-30T15:04:40","date_gmt":"2023-01-30T20:04:40","guid":{"rendered":"https:\/\/cortesuprema.gov.co\/corte\/?page_id=55649"},"modified":"2023-01-31T09:04:24","modified_gmt":"2023-01-31T14:04:24","slug":"programa-de-induccion-permanente-relatoria-sala-de-casacion-civil","status":"publish","type":"page","link":"https:\/\/cortesuprema.gov.co\/corte\/index.php\/programa-de-induccion-permanente-relatoria-sala-de-casacion-civil\/","title":{"rendered":"Programa de inducci\u00f3n permanente- Relator\u00eda Sala de Casaci\u00f3n Civil"},"content":{"rendered":"<h2 style=\"text-align: center;\"><strong>Programa de inducci\u00f3n permanente<\/strong><\/h2>\n<h3 style=\"text-align: center;\">Relator\u00eda Sala de Casaci\u00f3n Civil<\/h3>\n<p><a href=\"https:\/\/youtu.be\/_k7tuj8ufIQ\">Video tutorial de pautas para la consulta de jurisprudencia de la Sala de Casaci\u00f3n Civil<\/a><\/p>\n<p><a href=\"https:\/\/youtu.be\/_k7tuj8ufIQ\"><img loading=\"lazy\" decoding=\"async\" class=\"wp-image-55651 aligncenter\" src=\"https:\/\/cortesuprema.gov.co\/corte\/wp-content\/uploads\/2023\/01\/PAUTAS-CONSULTA-JURISPRUDENCIA.jpg\" alt=\"\" width=\"655\" height=\"367\" srcset=\"https:\/\/cortesuprema.gov.co\/corte\/wp-content\/uploads\/2023\/01\/PAUTAS-CONSULTA-JURISPRUDENCIA.jpg 1062w, https:\/\/cortesuprema.gov.co\/corte\/wp-content\/uploads\/2023\/01\/PAUTAS-CONSULTA-JURISPRUDENCIA-300x168.jpg 300w\" sizes=\"auto, (max-width: 655px) 85vw, 655px\" \/><\/a><\/p>\n<p><a href=\"https:\/\/cortesuprema.gov.co\/corte\/wp-content\/uploads\/2023\/01\/Pautas-para-la-consulta-de-jurisprudencia-de-la-Sala-de-Casacion-Civil.pdf\">Pautas para la consulta de jurisprudencia de la Sala de Casaci\u00f3n Civil<\/a><\/p>\n<p>&nbsp;<\/p>\n[spiderpowa-pdf src=\u00bbhttps:\/\/cortesuprema.gov.co\/corte\/wp-content\/uploads\/2023\/01\/Pautas-para-la-consulta-de-jurisprudencia-de-la-Sala-de-Casacion-Civil.pdf\u00bb]\n<p><a href=\"https:\/\/cortesuprema.gov.co\/corte\/wp-content\/uploads\/2023\/01\/DIRECTORIO-OTRAS-DEPENDENCIAS-P.pdf\">Directorio de dependencias<\/a><\/p>\n[spiderpowa-pdf src=\u00bbhttps:\/\/cortesuprema.gov.co\/corte\/wp-content\/uploads\/2023\/01\/DIRECTORIO-OTRAS-DEPENDENCIAS-P.pdf \u00ab]\n<p>&nbsp;<\/p>\n<p>&nbsp;<\/p>\n","protected":false},"excerpt":{"rendered":"<p>Programa de inducci\u00f3n permanente Relator\u00eda Sala de Casaci\u00f3n Civil Video tutorial de pautas para la consulta de jurisprudencia de la Sala de Casaci\u00f3n Civil Pautas para la consulta de jurisprudencia de la Sala de Casaci\u00f3n Civil &nbsp; [spiderpowa-pdf src=\u00bbhttps:\/\/cortesuprema.gov.co\/corte\/wp-content\/uploads\/2023\/01\/Pautas-para-la-consulta-de-jurisprudencia-de-la-Sala-de-Casacion-Civil.pdf\u00bb] Directorio de dependencias [spiderpowa-pdf src=\u00bbhttps:\/\/cortesuprema.gov.co\/corte\/wp-content\/uploads\/2023\/01\/DIRECTORIO-OTRAS-DEPENDENCIAS-P.pdf \u00ab] &nbsp; &nbsp;<\/p>\n","protected":false},"author":38,"featured_media":55651,"parent":0,"menu_order":0,"comment_status":"closed","ping_status":"closed","template":"","meta":{"footnotes":""},"class_list":["post-55649","page","type-page","status-publish","has-post-thumbnail","hentry"],"_links":{"self":[{"href":"https:\/\/cortesuprema.gov.co\/corte\/index.php\/wp-json\/wp\/v2\/pages\/55649","targetHints":{"allow":["GET"]}}],"collection":[{"href":"https:\/\/cortesuprema.gov.co\/corte\/index.php\/wp-json\/wp\/v2\/pages"}],"about":[{"href":"https:\/\/cortesuprema.gov.co\/corte\/index.php\/wp-json\/wp\/v2\/types\/page"}],"author":[{"embeddable":true,"href":"https:\/\/cortesuprema.gov.co\/corte\/index.php\/wp-json\/wp\/v2\/users\/38"}],"replies":[{"embeddable":true,"href":"https:\/\/cortesuprema.gov.co\/corte\/index.php\/wp-json\/wp\/v2\/comments?post=55649"}],"version-history":[{"count":12,"href":"https:\/\/cortesuprema.gov.co\/corte\/index.php\/wp-json\/wp\/v2\/pages\/55649\/revisions"}],"predecessor-version":[{"id":55696,"href":"https:\/\/cortesuprema.gov.co\/corte\/index.php\/wp-json\/wp\/v2\/pages\/55649\/revisions\/55696"}],"wp:featuredmedia":[{"embeddable":true,"href":"https:\/\/cortesuprema.gov.co\/corte\/index.php\/wp-json\/wp\/v2\/media\/55651"}],"wp:attachment":[{"href":"https:\/\/cortesuprema.gov.co\/corte\/index.php\/wp-json\/wp\/v2\/media?parent=55649"}],"curies":[{"name":"wp","href":"https:\/\/api.w.org\/{rel}","templated":true}]}}