{"id":5575,"date":"2015-07-28T15:02:14","date_gmt":"2015-07-28T15:02:14","guid":{"rendered":"https:\/\/cortesuprema.gov.co\/corte\/?page_id=5575"},"modified":"2015-08-26T22:44:55","modified_gmt":"2015-08-26T22:44:55","slug":"magistrados","status":"publish","type":"page","link":"https:\/\/cortesuprema.gov.co\/corte\/index.php\/magistrados\/","title":{"rendered":"Magistrados"},"content":{"rendered":"<table border=\"0\" width=\"100%\" cellspacing=\"0\" cellpadding=\"0\">\n<tbody>\n<tr>\n<td scope=\"col\">La Corte Suprema de Justicia est\u00e1 integrada por 23 magistrados, elegidos por la misma corporaci\u00f3n de listas conformadas por el Consejo Superior de la Judicatura, para per\u00edodos individuales de ocho a\u00f1os:<\/td>\n<\/tr>\n<tr>\n<td>\n<p align=\"center\"><span class=\"Estilo11\"><strong>Presidente: Dr. Jos\u00e9 Leonidas Bustos Mart\u00ednez<\/strong><\/span><\/p>\n<p align=\"center\"><img decoding=\"async\" src=\"http:\/\/190.24.134.121\/webcsj\/Documentos\/ComuniCorte\/Penal\/1Dr.%20Jos%C3%A9%20Leonidas%20Bustos%201.JPG\" alt=\"Dr Jos\u00e9 Leonidas Bustos Mart\u00ednez\" \/><\/p>\n<\/td>\n<\/tr>\n<tr>\n<td align=\"justify\">\n<div align=\"justify\">\n<p align=\"center\"><span class=\"Estilo11\"><strong>Vicepresidente: Dr. Fernando Giraldo Guti\u00e9rrez<\/strong><\/span><\/p>\n<\/div>\n<\/td>\n<\/tr>\n<tr>\n<td>\n<p align=\"center\"><img decoding=\"async\" src=\"http:\/\/190.24.134.121\/webcsj\/Documentos\/ComuniCorte\/Civil\/1Dr%20Fernando%20Giraldo.jpg\" alt=\"Dr Fernando Giraldo Guti\u00e9rrez\" \/><\/p>\n<\/td>\n<\/tr>\n<\/tbody>\n<\/table>\n<p>&nbsp;<\/p>\n","protected":false},"excerpt":{"rendered":"<p>La Corte Suprema de Justicia est\u00e1 integrada por 23 magistrados, elegidos por la misma corporaci\u00f3n de listas conformadas por el Consejo Superior de la Judicatura, para per\u00edodos individuales de ocho a\u00f1os: Presidente: Dr. Jos\u00e9 Leonidas Bustos Mart\u00ednez Vicepresidente: Dr. Fernando Giraldo Guti\u00e9rrez &nbsp;<\/p>\n","protected":false},"author":3,"featured_media":0,"parent":0,"menu_order":0,"comment_status":"closed","ping_status":"closed","template":"","meta":{"footnotes":""},"class_list":["post-5575","page","type-page","status-publish","hentry"],"_links":{"self":[{"href":"https:\/\/cortesuprema.gov.co\/corte\/index.php\/wp-json\/wp\/v2\/pages\/5575","targetHints":{"allow":["GET"]}}],"collection":[{"href":"https:\/\/cortesuprema.gov.co\/corte\/index.php\/wp-json\/wp\/v2\/pages"}],"about":[{"href":"https:\/\/cortesuprema.gov.co\/corte\/index.php\/wp-json\/wp\/v2\/types\/page"}],"author":[{"embeddable":true,"href":"https:\/\/cortesuprema.gov.co\/corte\/index.php\/wp-json\/wp\/v2\/users\/3"}],"replies":[{"embeddable":true,"href":"https:\/\/cortesuprema.gov.co\/corte\/index.php\/wp-json\/wp\/v2\/comments?post=5575"}],"version-history":[{"count":6,"href":"https:\/\/cortesuprema.gov.co\/corte\/index.php\/wp-json\/wp\/v2\/pages\/5575\/revisions"}],"predecessor-version":[{"id":6428,"href":"https:\/\/cortesuprema.gov.co\/corte\/index.php\/wp-json\/wp\/v2\/pages\/5575\/revisions\/6428"}],"wp:attachment":[{"href":"https:\/\/cortesuprema.gov.co\/corte\/index.php\/wp-json\/wp\/v2\/media?parent=5575"}],"curies":[{"name":"wp","href":"https:\/\/api.w.org\/{rel}","templated":true}]}}