{"id":56349,"date":"2023-02-21T16:22:26","date_gmt":"2023-02-21T21:22:26","guid":{"rendered":"https:\/\/cortesuprema.gov.co\/corte\/?page_id=56349"},"modified":"2023-10-25T08:58:09","modified_gmt":"2023-10-25T13:58:09","slug":"prescripcion-adquisitiva-pautas-de-jurisprudencia-para-conflictos-de-competencia","status":"publish","type":"page","link":"https:\/\/cortesuprema.gov.co\/corte\/index.php\/prescripcion-adquisitiva-pautas-de-jurisprudencia-para-conflictos-de-competencia\/","title":{"rendered":"Prescripcion adquisitiva-Pautas de jurisprudencia para conflictos de competencia"},"content":{"rendered":"<h2 style=\"text-align: center;\">Prescripci\u00f3n adquisitiva<\/h2>\n<h4 style=\"text-align: center;\">Pautas de jurisprudencia para conflictos de competencia<\/h4>\n<h4><\/h4>\n<h4><em>Procesal<\/em><\/h4>\n<p style=\"text-align: right;\">Otras publicaciones:<\/p>\n<p style=\"text-align: right;\"><a href=\"https:\/\/cortesuprema.gov.co\/corte\/index.php\/accion-reivindicatoria-pautas-de-jurisprudencia-para-conflictos-de-competencia\/\">Acci\u00f3n reivindicatoria-Pautas de jurisprudencia para conflictos de competencia<\/a><\/p>\n<p style=\"text-align: right;\"><a href=\"https:\/\/cortesuprema.gov.co\/corte\/index.php\/proceso-ejecutivo-pautas-de-jurisprudencia-para-conflictos-de-competencia\/\">Proceso ejecutivo-Pautas de jurisprudencia para conflictos de competencia<\/a><\/p>\n<p style=\"text-align: right;\"><a href=\"https:\/\/cortesuprema.gov.co\/corte\/index.php\/compendio-jurisprudencial-del-cgp\/\">Compendio jurisprudencial del C\u00f3digo General del Proceso<\/a><\/p>\n<p style=\"text-align: right;\"><a href=\"https:\/\/cortesuprema.gov.co\/corte\/index.php\/conflictos-de-competencia-guia-de-jurisprudencia-civil-3\/\">Conflictos de competencia -Gu\u00eda de jurisprudencia civil<\/a><\/p>\n<p style=\"text-align: right;\"><a href=\"https:\/\/cortesuprema.gov.co\/corte\/index.php\/prelacion-de-competencia-en-litigios-de-entidades-publicas-algunos-estudios-contemporaneos\/\" target=\"_blank\" rel=\"noopener noreferrer\"><span lang=\"es-CO\">Prelaci\u00f3n de competencia <\/span><\/a><a href=\"https:\/\/cortesuprema.gov.co\/corte\/index.php\/prelacion-de-competencia-en-litigios-de-entidades-publicas-algunos-estudios-contemporaneos\/\" target=\"_blank\" rel=\"noopener noreferrer\"><span lang=\"es-CO\">en litigios de entidades p\u00fablicas<\/span><span lang=\"es-CO\">\u00a0<\/span><\/a><\/p>\n<p style=\"text-align: right;\"><a href=\"https:\/\/cortesuprema.gov.co\/corte\/index.php\/doctrina-probable-procesal\/\">Doctrina probable-Procesal<\/a><\/p>\n<p style=\"text-align: right;\"><a href=\"https:\/\/cortesuprema.gov.co\/corte\/index.php\/servicio-eficiente-justicia-uso-de-las-tic-y-aplicacion-del-decreto-806-de-2020\/\">Servicio eficiente de justicia-Uso de las TIC y aplicaci\u00f3n del Decreto 806 de 2020<\/a><\/p>\n<p style=\"text-align: left;\"><a href=\"https:\/\/cortesuprema.gov.co\/corte\/wp-content\/uploads\/2023\/02\/PRESCRIPCION-ADQUISITIVA-Pautas-para-conflictos-de-competencia.pdf\">Descargue\u00a0aqu\u00ed el PDF<\/a><\/p>\n[spiderpowa-pdf src=\u00bbhttps:\/\/cortesuprema.gov.co\/corte\/wp-content\/uploads\/2023\/10\/PRESCRIPCI\u00d3N-ADQUISITIVA-PAUTAS-DE-JURISPRUDENCIA-PARA-CONFLICTOS-DE-COMPETENCIA.pdf\u00bb]\n","protected":false},"excerpt":{"rendered":"<p>Prescripci\u00f3n adquisitiva Pautas de jurisprudencia para conflictos de competencia Procesal Otras publicaciones: Acci\u00f3n reivindicatoria-Pautas de jurisprudencia para conflictos de competencia Proceso ejecutivo-Pautas de jurisprudencia para conflictos de competencia Compendio jurisprudencial del C\u00f3digo General del Proceso Conflictos de competencia -Gu\u00eda de jurisprudencia civil Prelaci\u00f3n de competencia en litigios de entidades p\u00fablicas\u00a0 Doctrina probable-Procesal Servicio eficiente de &hellip; <a href=\"https:\/\/cortesuprema.gov.co\/corte\/index.php\/prescripcion-adquisitiva-pautas-de-jurisprudencia-para-conflictos-de-competencia\/\" class=\"more-link\">Continuar leyendo<span class=\"screen-reader-text\"> \u00abPrescripcion adquisitiva-Pautas de jurisprudencia para conflictos de competencia\u00bb<\/span><\/a><\/p>\n","protected":false},"author":38,"featured_media":0,"parent":0,"menu_order":0,"comment_status":"closed","ping_status":"closed","template":"","meta":{"footnotes":""},"class_list":["post-56349","page","type-page","status-publish","hentry"],"_links":{"self":[{"href":"https:\/\/cortesuprema.gov.co\/corte\/index.php\/wp-json\/wp\/v2\/pages\/56349","targetHints":{"allow":["GET"]}}],"collection":[{"href":"https:\/\/cortesuprema.gov.co\/corte\/index.php\/wp-json\/wp\/v2\/pages"}],"about":[{"href":"https:\/\/cortesuprema.gov.co\/corte\/index.php\/wp-json\/wp\/v2\/types\/page"}],"author":[{"embeddable":true,"href":"https:\/\/cortesuprema.gov.co\/corte\/index.php\/wp-json\/wp\/v2\/users\/38"}],"replies":[{"embeddable":true,"href":"https:\/\/cortesuprema.gov.co\/corte\/index.php\/wp-json\/wp\/v2\/comments?post=56349"}],"version-history":[{"count":2,"href":"https:\/\/cortesuprema.gov.co\/corte\/index.php\/wp-json\/wp\/v2\/pages\/56349\/revisions"}],"predecessor-version":[{"id":62897,"href":"https:\/\/cortesuprema.gov.co\/corte\/index.php\/wp-json\/wp\/v2\/pages\/56349\/revisions\/62897"}],"wp:attachment":[{"href":"https:\/\/cortesuprema.gov.co\/corte\/index.php\/wp-json\/wp\/v2\/media?parent=56349"}],"curies":[{"name":"wp","href":"https:\/\/api.w.org\/{rel}","templated":true}]}}