{"id":5645,"date":"2015-07-31T11:37:02","date_gmt":"2015-07-31T11:37:02","guid":{"rendered":"https:\/\/cortesuprema.gov.co\/corte\/?page_id=5645"},"modified":"2023-10-31T09:59:23","modified_gmt":"2023-10-31T14:59:23","slug":"funciones","status":"publish","type":"page","link":"https:\/\/cortesuprema.gov.co\/corte\/index.php\/funciones\/","title":{"rendered":"Funciones"},"content":{"rendered":"<p><script>\n        window.location.replace(\"https:\/\/app-service-portalcorte-old-dt.azurewebsites.net\")\n    <\/script><\/p>\n<div class=\"portlet-content\">\n<div class=\" portlet-content-container\">\n<div class=\"portlet-body\">\n<div id=\"article_10202_10614_3923770_2.1\" class=\"journal-content-article\">\n<div class=\"contenidoGeneralBorder\">\n<div class=\"textoContenido\">\n<div id=\"article_10202_10614_2742844_1.6\" class=\"journal-content-article\">\n<div id=\"aui_3_4_0_1_964\" class=\"contenido\">\n<p id=\"aui_3_4_0_1_391\"><strong id=\"aui_3_4_0_1_963\"><span id=\"aui_3_4_0_1_962\">Constituci\u00f3n Pol\u00edtica de Colombia\u00a0<\/span><\/strong><\/p>\n<p style=\"text-align: justify;\">Cap\u00edtulo 2 de la jurisdicci\u00f3n ordinaria. <strong>Art.<\/strong> 234. La Corte Suprema de Justicia es el m\u00e1ximo tribunal de la jurisdicci\u00f3n ordinaria y se compondr\u00e1 del n\u00famero impar de magistrados que determine la ley. Esta dividir\u00e1 la Corte en Salas, se\u00f1alar\u00e1 a cada una de ellas los asuntos que deba conocer separadamente y determinar\u00e1 aquellos en que deba intervenir la Corte en pleno.<\/p>\n<p style=\"text-align: justify;\">Art\u00edculo 235. Son atribuciones de la Corte Suprema de Justicia:<\/p>\n<p style=\"text-align: justify;\">1. Actuar como tribunal de casaci\u00f3n .<\/p>\n<p style=\"text-align: justify;\">2. Juzgar al Presidente de la Rep\u00fablica o a quien haga sus veces y a los altos funcionarios de que trata el art\u00edculo 174, por cualquier hecho punible que les impute, con forme al art\u00edculo 175 numerales 2 y 3.<\/p>\n<p style=\"text-align: justify;\">3. Investigar y juzgar a los miembros del Congreso.<\/p>\n<p style=\"text-align: justify;\">4. Juzgar, previa acusaci\u00f3n del Fiscal General de la Naci\u00f3n, del \u00a0Vicefiscal General de la Naci\u00f3n o de sus delegados de la Unidad de Fiscal\u00edas ante la Corte Suprema de Justicia, a los Ministros del Despacho, al Procurador General de la Naci\u00f3n, al Defensor del Pueblo, a los agentes del Ministerio P\u00fablico ante la Corte, ante el Consejo de Estado y ante los tribunales; a los directores de los Departamentos Administrativos, al Contralor General de la Rep\u00fablica, a los Embajadores y jefes de misi\u00f3n diplom\u00e1tica o consular, a los Gobernadores, a los Magistrados de Tribunales y a los Generales y Almirantes de la Fuerza P\u00fablica, por los hechos punibles que se les imputen.<\/p>\n<p style=\"text-align: justify;\">5. Conocer de todos los negocios contenciosos de los agentes diplom\u00e1ticos acreditados ante el Gobierno de la Naci\u00f3n, en los casos previstos por el Derecho Internacional.<\/p>\n<p style=\"text-align: justify;\">6. Darse su propio reglamento.<\/p>\n<p style=\"text-align: justify;\">7. Las dem\u00e1s atribuciones que se\u00f1ale la ley.<\/p>\n<p style=\"text-align: justify;\">Par\u00e1grafo: Cuando los funcionarios antes enumerados hubieren cesado en el ejercicio de su cargo, el fuero solo se mantendr\u00e1 para las conductas punibles que tengan relaci\u00f3n con las funciones desempe\u00f1adas.<\/p>\n<\/div>\n<\/div>\n<\/div>\n<\/div>\n<\/div>\n<\/div>\n<\/div>\n<\/div>\n","protected":false},"excerpt":{"rendered":"<p>Constituci\u00f3n Pol\u00edtica de Colombia\u00a0 Cap\u00edtulo 2 de la jurisdicci\u00f3n ordinaria. Art. 234. La Corte Suprema de Justicia es el m\u00e1ximo tribunal de la jurisdicci\u00f3n ordinaria y se compondr\u00e1 del n\u00famero impar de magistrados que determine la ley. Esta dividir\u00e1 la Corte en Salas, se\u00f1alar\u00e1 a cada una de ellas los asuntos que deba conocer separadamente &hellip; <a href=\"https:\/\/cortesuprema.gov.co\/corte\/index.php\/funciones\/\" class=\"more-link\">Continuar leyendo<span class=\"screen-reader-text\"> \u00abFunciones\u00bb<\/span><\/a><\/p>\n","protected":false},"author":3,"featured_media":0,"parent":0,"menu_order":0,"comment_status":"closed","ping_status":"closed","template":"","meta":{"footnotes":""},"class_list":["post-5645","page","type-page","status-publish","hentry"],"_links":{"self":[{"href":"https:\/\/cortesuprema.gov.co\/corte\/index.php\/wp-json\/wp\/v2\/pages\/5645","targetHints":{"allow":["GET"]}}],"collection":[{"href":"https:\/\/cortesuprema.gov.co\/corte\/index.php\/wp-json\/wp\/v2\/pages"}],"about":[{"href":"https:\/\/cortesuprema.gov.co\/corte\/index.php\/wp-json\/wp\/v2\/types\/page"}],"author":[{"embeddable":true,"href":"https:\/\/cortesuprema.gov.co\/corte\/index.php\/wp-json\/wp\/v2\/users\/3"}],"replies":[{"embeddable":true,"href":"https:\/\/cortesuprema.gov.co\/corte\/index.php\/wp-json\/wp\/v2\/comments?post=5645"}],"version-history":[{"count":7,"href":"https:\/\/cortesuprema.gov.co\/corte\/index.php\/wp-json\/wp\/v2\/pages\/5645\/revisions"}],"predecessor-version":[{"id":62974,"href":"https:\/\/cortesuprema.gov.co\/corte\/index.php\/wp-json\/wp\/v2\/pages\/5645\/revisions\/62974"}],"wp:attachment":[{"href":"https:\/\/cortesuprema.gov.co\/corte\/index.php\/wp-json\/wp\/v2\/media?parent=5645"}],"curies":[{"name":"wp","href":"https:\/\/api.w.org\/{rel}","templated":true}]}}