{"id":5699,"date":"2015-08-03T11:06:33","date_gmt":"2015-08-03T11:06:33","guid":{"rendered":"https:\/\/cortesuprema.gov.co\/corte\/?page_id=5699"},"modified":"2020-03-04T14:41:57","modified_gmt":"2020-03-04T19:41:57","slug":"secretaria-sala-de-casacion-civil-y-agraria","status":"publish","type":"page","link":"https:\/\/cortesuprema.gov.co\/corte\/index.php\/secretaria-sala-de-casacion-civil-y-agraria\/","title":{"rendered":"Secretar\u00eda Sala de Casaci\u00f3n Civil y Agraria"},"content":{"rendered":"<div class=\"su-row\">\n<div class=\"su-column su-column-size-1-3\"><div class=\"su-column-inner su-u-clearfix su-u-trim\">\n<p><strong>Dr. Carlos Bernardo Cotes Mozo<\/strong><\/p>\n<p><strong>Secretario Sala de Casaci\u00f3n Civil<\/strong><\/p>\n<p>Atenci\u00f3n al p\u00fablico<\/p>\n<p>Lunes a viernes<\/p>\n<p>8:00 am. a 1:00 pm.<\/p>\n<p>2:00 pm. a 5:00 pm.<\/p>\n<div class=\"su-divider su-divider-style-double\" style=\"margin:15px 0;border-width:9px;border-color:#999999\"><a href=\"#\" style=\"color:#999999\">Ir arriba<\/a><\/div>\n<\/div><\/div>\n<div class=\"su-column su-column-size-2-3\"><div class=\"su-column-inner su-u-clearfix su-u-trim\">\n<h2 style=\"text-align: center;\"><\/h2>\n<h2 style=\"text-align: center;\">PRESENTACI\u00d3N Y FUNCIONES DE LA SECRETAR\u00cdA DE LA SALA DE CASACI\u00d3N CIVIL Y AGRARIA<\/h2>\n<p>&nbsp;<\/p>\n<div class=\"textoContenido\">\n<p style=\"text-align: justify;\">La Corte Suprema de Justicia, m\u00e1xima Corporaci\u00f3n de la jurisdicci\u00f3n ordinaria, a partir de lo ordenado por el art\u00edculo 151 de la Constituci\u00f3n de 1886, le fue reconocido car\u00e1cter de tribunal de casaci\u00f3n, y la Ley 61 de ese mismo a\u00f1o organiz\u00f3 el recurso de casaci\u00f3n asign\u00e1ndole car\u00e1cter de unificador de la jurisprudencia, teniendo cabida en los procesos de segunda instancia fallados por los Tribunales Superiores con cuant\u00eda de $ 5.000,oo o m\u00e1s, su desarrollo vino fortaleci\u00e9ndose, a trav\u00e9s de los a\u00f1os, para llegar a nuestros d\u00edas cuando de conformidad con el art\u00edculo 366 del c\u00f3digo de procedimiento civil, modificado por el art\u00edculo 1\u00ba de la Ley 592 de 2000, estableci\u00f3 como cuant\u00eda para recurrir en casaci\u00f3n civil, que el valor actual de la resoluci\u00f3n desfavorable al recurrente, sea o exceda los 425 salarios m\u00ednimos legales mensuales vigentes, que para el presente a\u00f1o, ascienden a la suma de $ 261\u00b4800.000,oo.<\/p>\n<p style=\"text-align: justify;\">A trav\u00e9s de estos m\u00e1s de ciento veinte a\u00f1os, la funci\u00f3n de la Sala de Casaci\u00f3n Civil ha sido nutrida con la asignaci\u00f3n de competencias como conocimiento privativo de los procesos de Exequ\u00e1tur (art\u00edculos 695 y 696 del C.de P.C.), conflictos de competencia (art\u00edculos 18 y s.s. Ley 270 de 1996 y art\u00edculo 624 C. de P.C.), recursos extraordinarios de revisi\u00f3n ( art\u00edculos 379 y s.s. ib\u00eddem), recursos de queja (art. 377 y s.s. de la misma obra), el conocimiento de los asuntos contenciosos en que sea parte un agente diplom\u00e1tico acreditado ante el Gobierno de la Rep\u00fablica (numeral 5 del art\u00edculo 25 del ordenamiento procesal civil) am\u00e9n de las acciones constitucionales que a lo largo de estas dos \u00faltimas d\u00e9cadas ha sido uno de los mayores asuntos a conocimiento de la Sala.<\/p>\n<p style=\"text-align: justify;\">En la actualidad la Ley 270 de 1996 \u00abEstatutaria de la Administraci\u00f3n de Justicia\u00bb,\u00a0 en concordancia con los art\u00edculos 234 y ss. de la Constituci\u00f3n Pol\u00edtica de Colombia, establecen tanto las funciones como la integraci\u00f3n de la Corte Suprema de Justicia y en ellas, est\u00e1 previsto que la Sala de Casaci\u00f3n Civil est\u00e9 compuesta por siete Magistrados, elegidos para un per\u00edodo personal de ocho (8) a\u00f1os, de listas enviada por la Sala Administrativa del Consejo Superior de la Judicatura.<\/p>\n<p style=\"text-align: justify;\">Para el desarrollo de sus funciones judiciales y administrativas la Sala de Casaci\u00f3n Civil, cuenta con una Secretar\u00eda integrada por un Secretario y veintitr\u00e9s empleados, ocho de los cuales ocupan cargos de descongesti\u00f3n creados de manera transitoria por la Sala Administrativa del Consejo Superior de la Judicatura, con quienes se adelantan todas las actividades de publicidad de las decisiones adoptadas y la ejecuci\u00f3n de las \u00f3rdenes impartidas a trav\u00e9s de las providencias proferidas por la misma, para lo cual, desde el a\u00f1o 2004, implement\u00f3 la tramitaci\u00f3n de oficios, telegramas, car\u00e1tulas, informes, estados, edictos, traslados, etc., a trav\u00e9s de la utilizaci\u00f3n del sistema de gesti\u00f3n judicial de procesos, y la implementaci\u00f3n de plantillas elaboradas para el efecto; desde hace varios a\u00f1os y en procura de ofrecer el mejor servicio a nuestros usuarios, que proceden de todo el territorio nacional,\u00a0 cada uno de los procesos a cargo de la Sala, se encuentran radicados en el sistema mencionado y sus actuaciones y providencias en \u00e9l registradas para que desde la p\u00e1gina de la Rama Judicial y ahora de la Corte Suprema, se pueda acceder en tiempo real a la consulta de las decisiones adoptadas en los asuntos a conocimiento nuestro.<\/p>\n<p style=\"text-align: justify;\">Para finalizar, es muy importante resaltar y reconocer, el apoyo incondicional y brillante de los se\u00f1ores conjueces de la Sala, quienes en su gran mayor\u00eda son ex magistrados de la misma, por lo que sus aportes a la jurisprudencia civil y constitucional resulta invaluable.<\/p>\n<p style=\"text-align: justify;\"><\/div><\/div>\n<\/div>\n<\/div>\n<p style=\"text-align: center;\"><div class=\"su-divider su-divider-style-double\" style=\"margin:15px 0;border-width:9px;border-color:#999999\"><a href=\"#\" style=\"color:#999999\">Ir arriba<\/a><\/div>\n<h3 style=\"text-align: center;\"><strong>NOTICIAS SALA DE CASACI\u00d3N CIVIL<\/strong><\/h3>\n<h4 style=\"text-align: center;\"><\/h4>\n<h4 style=\"text-align: center;\">Acuerdo 020 del 2 de mayo de 2018<\/h4>\n[spiderpowa-pdf src=\u00bbhttps:\/\/cortesuprema.gov.co\/corte\/wp-content\/uploads\/not\/civil18\/acuerdo 020 Sala Civil.pdf\u00bb]\n<p>&nbsp;<\/p>\n<p>&nbsp;<\/p>\n<hr \/>\n<p style=\"text-align: right;\"><a href=\"https:\/\/cortesuprema.gov.co\/corte\/wp-content\/uploads\/2015\/11\/NOTICIAS-SALA-DE-CASACI\u00d3N-CIVIL.pdf\" target=\"_blank\" rel=\"noopener noreferrer\">Ver documento pdf<\/a><\/p>\n<p style=\"text-align: center;\">INTER\u00c9S GENERAL<\/p>\n<p style=\"text-align: justify;\">La Secretar\u00eda de la Sala de Casaci\u00f3n Civil de la Corte Suprema de Justicia se permite comunicar a los profesionales del derecho, Dependientes judiciales y p\u00fablico en general algunas recomendaciones en aras de optimizar el servicio de notificaciones y mejorar el tiempo de respuesta a sus peticiones, de acuerdo con las pol\u00edticas trazadas por el gobierno nacional a trav\u00e9s del Ministerio de las Tecnolog\u00edas de la Informaci\u00f3n y las comunicaciones- TIC quien lidera el programa de cero papel, as\u00ed.<\/p>\n<p>Orden de presentaci\u00f3n de las demandas<\/p>\n<p style=\"text-align: justify;\">Al momento de presentar acciones de tutela, demandas de revisi\u00f3n, tramites de exequ\u00e1tur, cambios de radicaci\u00f3n en materia Civil, Conflictos de competencia, etc., deben organizar los documentos en el siguiente orden:<br \/>\nPoder, anexos y demanda debidamente foliados, (las copias deben ser exactamente iguales al original), adem\u00e1s suministrar direcci\u00f3n de correo electr\u00f3nico y n\u00fameros de contacto, donde autoricen el env\u00edo de notificaciones.<\/p>\n<p>Providencias en formato PDF<\/p>\n<p style=\"text-align: justify;\">En caso de acceder a los servicios a trav\u00e9s de la baranda para solicitar copias informales de las decisiones tales como autos de sustanciaci\u00f3n e interlocutorios, fallos de tutela y sentencias en materia civil les sugerimos suministrar, correo electr\u00f3nico, con el fin de obtener dichas providencias de manera digital, las cuales est\u00e1n disponibles en la Secretar\u00eda de la Sala en formato PDF.<\/p>\n","protected":false},"excerpt":{"rendered":"<p>NOTICIAS SALA DE CASACI\u00d3N CIVIL Acuerdo 020 del 2 de mayo de 2018 [spiderpowa-pdf src=\u00bbhttps:\/\/cortesuprema.gov.co\/corte\/wp-content\/uploads\/not\/civil18\/acuerdo 020 Sala Civil.pdf\u00bb] &nbsp; &nbsp; Ver documento pdf INTER\u00c9S GENERAL La Secretar\u00eda de la Sala de Casaci\u00f3n Civil de la Corte Suprema de Justicia se permite comunicar a los profesionales del derecho, Dependientes judiciales y p\u00fablico en general algunas recomendaciones &hellip; <a href=\"https:\/\/cortesuprema.gov.co\/corte\/index.php\/secretaria-sala-de-casacion-civil-y-agraria\/\" class=\"more-link\">Continuar leyendo<span class=\"screen-reader-text\"> \u00abSecretar\u00eda Sala de Casaci\u00f3n Civil y Agraria\u00bb<\/span><\/a><\/p>\n","protected":false},"author":3,"featured_media":0,"parent":0,"menu_order":0,"comment_status":"closed","ping_status":"closed","template":"","meta":{"footnotes":""},"class_list":["post-5699","page","type-page","status-publish","hentry"],"_links":{"self":[{"href":"https:\/\/cortesuprema.gov.co\/corte\/index.php\/wp-json\/wp\/v2\/pages\/5699","targetHints":{"allow":["GET"]}}],"collection":[{"href":"https:\/\/cortesuprema.gov.co\/corte\/index.php\/wp-json\/wp\/v2\/pages"}],"about":[{"href":"https:\/\/cortesuprema.gov.co\/corte\/index.php\/wp-json\/wp\/v2\/types\/page"}],"author":[{"embeddable":true,"href":"https:\/\/cortesuprema.gov.co\/corte\/index.php\/wp-json\/wp\/v2\/users\/3"}],"replies":[{"embeddable":true,"href":"https:\/\/cortesuprema.gov.co\/corte\/index.php\/wp-json\/wp\/v2\/comments?post=5699"}],"version-history":[{"count":17,"href":"https:\/\/cortesuprema.gov.co\/corte\/index.php\/wp-json\/wp\/v2\/pages\/5699\/revisions"}],"predecessor-version":[{"id":28698,"href":"https:\/\/cortesuprema.gov.co\/corte\/index.php\/wp-json\/wp\/v2\/pages\/5699\/revisions\/28698"}],"wp:attachment":[{"href":"https:\/\/cortesuprema.gov.co\/corte\/index.php\/wp-json\/wp\/v2\/media?parent=5699"}],"curies":[{"name":"wp","href":"https:\/\/api.w.org\/{rel}","templated":true}]}}