{"id":57819,"date":"2023-04-26T15:34:02","date_gmt":"2023-04-26T20:34:02","guid":{"rendered":"https:\/\/cortesuprema.gov.co\/corte\/?page_id=57819"},"modified":"2023-05-15T17:00:10","modified_gmt":"2023-05-15T22:00:10","slug":"convocatoria-auditorgeneral-2023-inscripcion","status":"publish","type":"page","link":"https:\/\/cortesuprema.gov.co\/corte\/index.php\/convocatoria-auditorgeneral-2023-inscripcion\/","title":{"rendered":"convocatoria auditor general 2023 Inscripcion"},"content":{"rendered":"[vc_row][vc_column][vc_single_image image=\u00bb58089&#8243; img_size=\u00bbfull\u00bb][\/vc_column][\/vc_row][vc_row][vc_column width=\u00bb1\/4&#8243;][vc_column_text]\n<p style=\"text-align: center;\"><a href=\"https:\/\/cortesuprema.gov.co\/corte\/index.php\/convocatoria-auditorgeneral-2023\/\"><img loading=\"lazy\" decoding=\"async\" class=\"alignnone wp-image-50873 size-full\" src=\"https:\/\/cortesuprema.gov.co\/corte\/wp-content\/uploads\/2023\/04\/Micrositio-Convocatoria-Terna-Auditor-General_bt1.jpg\" alt=\"\" width=\"284\" height=\"54\" \/><\/a><\/p>\n<p style=\"text-align: center;\"><a href=\"https:\/\/cortesuprema.gov.co\/corte\/index.php\/convocatoria-auditorgeneral-2023-convocatoria\/\"><img loading=\"lazy\" decoding=\"async\" class=\"alignnone wp-image-50874 size-full\" src=\"https:\/\/cortesuprema.gov.co\/corte\/wp-content\/uploads\/2023\/04\/Micrositio-Convocatoria-Terna-Auditor-General_bt2.jpg\" alt=\"\" width=\"284\" height=\"54\" \/><\/a><\/p>\n<p style=\"text-align: center;\"><a href=\"https:\/\/cortesuprema.gov.co\/corte\/index.php\/convocatoria-auditorgeneral-2023-cronograma\/\"><img loading=\"lazy\" decoding=\"async\" class=\"alignnone wp-image-50875 size-full\" src=\"https:\/\/cortesuprema.gov.co\/corte\/wp-content\/uploads\/2023\/04\/Micrositio-Convocatoria-Terna-Auditor-General_bt3.jpg\" alt=\"\" width=\"284\" height=\"54\" \/><\/a><\/p>\n<p style=\"text-align: center;\"><a href=\"https:\/\/cortesuprema.gov.co\/corte\/index.php\/convocatoria-auditorgeneral-2023-inscripcion\/\"><img loading=\"lazy\" decoding=\"async\" class=\"alignnone wp-image-50876 size-full\" src=\"https:\/\/cortesuprema.gov.co\/corte\/wp-content\/uploads\/2023\/04\/Micrositio-Convocatoria-Terna-Auditor-General_bt4.jpg\" alt=\"\" width=\"284\" height=\"54\" \/><\/a><\/p>\n<p style=\"text-align: center;\"><a href=\"https:\/\/cortesuprema.gov.co\/corte\/index.php\/convocatoria-auditorgeneral-2023-listadoinscritos\/\"><img loading=\"lazy\" decoding=\"async\" class=\"alignnone wp-image-50877 size-full\" src=\"https:\/\/cortesuprema.gov.co\/corte\/wp-content\/uploads\/2023\/04\/Micrositio-Convocatoria-Terna-Auditor-General_bt5.jpg\" alt=\"\" width=\"284\" height=\"54\" \/><\/a><\/p>\n<p style=\"text-align: center;\"><a href=\"https:\/\/cortesuprema.gov.co\/corte\/index.php\/convocatoria-auditorgeneral-2023-listadoadmitidos\/\"><img loading=\"lazy\" decoding=\"async\" class=\"alignnone wp-image-50878 size-full\" src=\"https:\/\/cortesuprema.gov.co\/corte\/wp-content\/uploads\/2023\/04\/Micrositio-Convocatoria-Terna-Auditor-General_bt6.jpg\" alt=\"\" width=\"284\" height=\"54\" \/><\/a><\/p>\n<p style=\"text-align: center;\"><a href=\"https:\/\/cortesuprema.gov.co\/corte\/index.php\/convocatoria-auditorgeneral-2023-listadoinadmitidos\/\"><img loading=\"lazy\" decoding=\"async\" class=\"alignnone wp-image-50879 size-full\" src=\"https:\/\/cortesuprema.gov.co\/corte\/wp-content\/uploads\/2023\/04\/Micrositio-Convocatoria-Terna-Auditor-General_bt7.jpg\" alt=\"\" width=\"284\" height=\"54\" \/><\/a><\/p>\n<p style=\"text-align: center;\"><a href=\"https:\/\/cortesuprema.gov.co\/corte\/index.php\/convocatoria-auditorgeneral-2023-transmision\/\"><img loading=\"lazy\" decoding=\"async\" class=\"alignnone wp-image-50880 size-full\" src=\"https:\/\/cortesuprema.gov.co\/corte\/wp-content\/uploads\/2023\/04\/Micrositio-Convocatoria-Terna-Auditor-General_bt8.jpg\" alt=\"\" width=\"284\" height=\"53\" \/><\/a><\/p>\n<p style=\"text-align: center;\"><a href=\"https:\/\/cortesuprema.gov.co\/corte\/index.php\/convocatoria-auditorgeneral-2023-contactenos\/\"><img loading=\"lazy\" decoding=\"async\" class=\"alignnone wp-image-50872 size-full\" src=\"https:\/\/cortesuprema.gov.co\/corte\/wp-content\/uploads\/2023\/04\/Micrositio-Convocatoria-Terna-Auditor-General_bt9.jpg\" alt=\"\" width=\"284\" height=\"53\" \/><\/a><\/p>\n[\/vc_column_text][\/vc_column][vc_column width=\u00bb3\/4&#8243;][vc_column_text]\n[\/vc_column_text][\/vc_column][vc_column width=\u00bb3\/4&#8243;][vc_column_text]\n<p data-ogsb=\"white\">La Corte Suprema de Justicia habilitar\u00e1 la plataforma para las inscripciones entre las 8:00 a.m. del martes 2 de mayo de 2023 y las 5:00 p.m. del d\u00eda lunes 15 del referido mes y a\u00f1o.<\/p>\n<p data-ogsb=\"white\">Previo a realizar la respectiva inscripci\u00f3n lea el instructivo, de modo que pueda preparar los documentos necesarios en debida forma.<\/p>\n<p><!-- <a href=\"https:\/\/talentohumano.ramajudicial.gov.co\/kactusrl\/\" style=\" display: flex; justify-content: center; \" ><img decoding=\"async\" style=\" max-width: 250px; \" src=\"https:\/\/cortesuprema.gov.co\/corte\/wp-content\/uploads\/2023\/04\/MicrosoftTeams-image-3.png\" alt=\"linkConvocatoria\" \/><\/a>--><br \/>\n<a style=\"display: flex; justify-content: center;\"><img decoding=\"async\" style=\"max-width: 250px;\" src=\"https:\/\/cortesuprema.gov.co\/corte\/wp-content\/uploads\/2023\/04\/MicrosoftTeams-image-5.png\" alt=\"linkConvocatoria\" \/><\/a><br \/>\n[ujicountdown id=\u00bbconvocatoriamagistrado\u00bb expire=\u00bb2023\/05\/15 17:00&#8243; hide=\u00bbtrue\u00bb url=\u00bb\u00bb subscr=\u00bbundefined\u00bb recurring=\u00bb\u00bb rectype=\u00bbsecond\u00bb repeats=\u00bb\u00bb]\n<p style=\"margin-bottom: 0; margin-top: 30px;\"><strong>INSTRUCTIVO DE INSCRIPCI\u00d3N\u00a0<\/strong><\/p>\n<p style=\"text-align: center;\"><strong><br \/>\n<embed src=\"https:\/\/cortesuprema.gov.co\/corte\/wp-content\/uploads\/2023\/04\/INSTRUCTIVO-CONVOCATORIA-P\u00daBLICA-AUDITOR-GENERAL-1.pdf\" type=\"application\/pdf\" width=\"100%\" height=\"800px\"><\/embed><br \/>\n<a href=\"https:\/\/cortesuprema.gov.co\/corte\/wp-content\/uploads\/2023\/04\/INSTRUCTIVO-CONVOCATORIA-P\u00daBLICA-AUDITOR-GENERAL-1.pdf\">Haga clic aqu\u00ed para descargar<\/a><\/strong><\/p>\n<p style=\"text-align: left;\"><strong>APLICACI\u00d3N PARA INSCRIPCI\u00d3N<\/strong><\/p>\n<p>Inscripci\u00f3n finalizada el d\u00eda 15 de mayo 2023 a las 5:00 pm<br \/>\n[\/vc_column_text][\/vc_column][\/vc_row]\n","protected":false},"excerpt":{"rendered":"<p>[vc_row][vc_column][vc_single_image image=\u00bb58089&#8243; img_size=\u00bbfull\u00bb][\/vc_column][\/vc_row][vc_row][vc_column width=\u00bb1\/4&#8243;][vc_column_text] [\/vc_column_text][\/vc_column][vc_column width=\u00bb3\/4&#8243;][vc_column_text] [\/vc_column_text][\/vc_column][vc_column width=\u00bb3\/4&#8243;][vc_column_text] La Corte Suprema de Justicia habilitar\u00e1 la plataforma para las inscripciones entre las 8:00 a.m. del martes 2 de mayo de 2023 y las 5:00 p.m. del d\u00eda lunes 15 del referido mes y a\u00f1o. Previo a realizar la respectiva inscripci\u00f3n lea el instructivo, de modo que &hellip; <a href=\"https:\/\/cortesuprema.gov.co\/corte\/index.php\/convocatoria-auditorgeneral-2023-inscripcion\/\" class=\"more-link\">Continuar leyendo<span class=\"screen-reader-text\"> \u00abconvocatoria auditor general 2023 Inscripcion\u00bb<\/span><\/a><\/p>\n","protected":false},"author":3,"featured_media":0,"parent":0,"menu_order":0,"comment_status":"closed","ping_status":"closed","template":"","meta":{"footnotes":""},"class_list":["post-57819","page","type-page","status-publish","hentry"],"_links":{"self":[{"href":"https:\/\/cortesuprema.gov.co\/corte\/index.php\/wp-json\/wp\/v2\/pages\/57819","targetHints":{"allow":["GET"]}}],"collection":[{"href":"https:\/\/cortesuprema.gov.co\/corte\/index.php\/wp-json\/wp\/v2\/pages"}],"about":[{"href":"https:\/\/cortesuprema.gov.co\/corte\/index.php\/wp-json\/wp\/v2\/types\/page"}],"author":[{"embeddable":true,"href":"https:\/\/cortesuprema.gov.co\/corte\/index.php\/wp-json\/wp\/v2\/users\/3"}],"replies":[{"embeddable":true,"href":"https:\/\/cortesuprema.gov.co\/corte\/index.php\/wp-json\/wp\/v2\/comments?post=57819"}],"version-history":[{"count":19,"href":"https:\/\/cortesuprema.gov.co\/corte\/index.php\/wp-json\/wp\/v2\/pages\/57819\/revisions"}],"predecessor-version":[{"id":58565,"href":"https:\/\/cortesuprema.gov.co\/corte\/index.php\/wp-json\/wp\/v2\/pages\/57819\/revisions\/58565"}],"wp:attachment":[{"href":"https:\/\/cortesuprema.gov.co\/corte\/index.php\/wp-json\/wp\/v2\/media?parent=57819"}],"curies":[{"name":"wp","href":"https:\/\/api.w.org\/{rel}","templated":true}]}}