{"id":57827,"date":"2023-04-26T15:35:57","date_gmt":"2023-04-26T20:35:57","guid":{"rendered":"https:\/\/cortesuprema.gov.co\/corte\/?page_id=57827"},"modified":"2023-05-02T16:08:46","modified_gmt":"2023-05-02T21:08:46","slug":"convocatoria-auditorgeneral-2023-transmision","status":"publish","type":"page","link":"https:\/\/cortesuprema.gov.co\/corte\/index.php\/convocatoria-auditorgeneral-2023-transmision\/","title":{"rendered":"convocatoria auditor general 2023 transmision"},"content":{"rendered":"[vc_row][vc_column][vc_single_image image=\u00bb58089&#8243; img_size=\u00bbfull\u00bb][\/vc_column][\/vc_row][vc_row][vc_column width=\u00bb1\/4&#8243;][vc_column_text]\n<p style=\"text-align: center;\"><a href=\"https:\/\/cortesuprema.gov.co\/corte\/index.php\/convocatoria-auditorgeneral-2023\/\"><img loading=\"lazy\" decoding=\"async\" class=\"alignnone wp-image-50873 size-full\" src=\"https:\/\/cortesuprema.gov.co\/corte\/wp-content\/uploads\/2023\/04\/Micrositio-Convocatoria-Terna-Auditor-General_bt1.jpg\" alt=\"\" width=\"284\" height=\"54\" \/><\/a><\/p>\n<p style=\"text-align: center;\"><a href=\"https:\/\/cortesuprema.gov.co\/corte\/index.php\/convocatoria-auditorgeneral-2023-convocatoria\/\"><img loading=\"lazy\" decoding=\"async\" class=\"alignnone wp-image-50874 size-full\" src=\"https:\/\/cortesuprema.gov.co\/corte\/wp-content\/uploads\/2023\/04\/Micrositio-Convocatoria-Terna-Auditor-General_bt2.jpg\" alt=\"\" width=\"284\" height=\"54\" \/><\/a><\/p>\n<p style=\"text-align: center;\"><a href=\"https:\/\/cortesuprema.gov.co\/corte\/index.php\/convocatoria-auditorgeneral-2023-cronograma\/\"><img loading=\"lazy\" decoding=\"async\" class=\"alignnone wp-image-50875 size-full\" src=\"https:\/\/cortesuprema.gov.co\/corte\/wp-content\/uploads\/2023\/04\/Micrositio-Convocatoria-Terna-Auditor-General_bt3.jpg\" alt=\"\" width=\"284\" height=\"54\" \/><\/a><\/p>\n<p style=\"text-align: center;\"><a href=\"https:\/\/cortesuprema.gov.co\/corte\/index.php\/convocatoria-auditorgeneral-2023-inscripcion\/\"><img loading=\"lazy\" decoding=\"async\" class=\"alignnone wp-image-50876 size-full\" src=\"https:\/\/cortesuprema.gov.co\/corte\/wp-content\/uploads\/2023\/04\/Micrositio-Convocatoria-Terna-Auditor-General_bt4.jpg\" alt=\"\" width=\"284\" height=\"54\" \/><\/a><\/p>\n<p style=\"text-align: center;\"><a href=\"https:\/\/cortesuprema.gov.co\/corte\/index.php\/convocatoria-auditorgeneral-2023-listadoinscritos\/\"><img loading=\"lazy\" decoding=\"async\" class=\"alignnone wp-image-50877 size-full\" src=\"https:\/\/cortesuprema.gov.co\/corte\/wp-content\/uploads\/2023\/04\/Micrositio-Convocatoria-Terna-Auditor-General_bt5.jpg\" alt=\"\" width=\"284\" height=\"54\" \/><\/a><\/p>\n<p style=\"text-align: center;\"><a href=\"https:\/\/cortesuprema.gov.co\/corte\/index.php\/convocatoria-auditorgeneral-2023-listadoadmitidos\/\"><img loading=\"lazy\" decoding=\"async\" class=\"alignnone wp-image-50878 size-full\" src=\"https:\/\/cortesuprema.gov.co\/corte\/wp-content\/uploads\/2023\/04\/Micrositio-Convocatoria-Terna-Auditor-General_bt6.jpg\" alt=\"\" width=\"284\" height=\"54\" \/><\/a><\/p>\n<p style=\"text-align: center;\"><a href=\"https:\/\/cortesuprema.gov.co\/corte\/index.php\/convocatoria-auditorgeneral-2023-listadoinadmitidos\/\"><img loading=\"lazy\" decoding=\"async\" class=\"alignnone wp-image-50879 size-full\" src=\"https:\/\/cortesuprema.gov.co\/corte\/wp-content\/uploads\/2023\/04\/Micrositio-Convocatoria-Terna-Auditor-General_bt7.jpg\" alt=\"\" width=\"284\" height=\"54\" \/><\/a><\/p>\n<p style=\"text-align: center;\"><a href=\"https:\/\/cortesuprema.gov.co\/corte\/index.php\/convocatoria-auditorgeneral-2023-transmision\/\"><img loading=\"lazy\" decoding=\"async\" class=\"alignnone wp-image-50880 size-full\" src=\"https:\/\/cortesuprema.gov.co\/corte\/wp-content\/uploads\/2023\/04\/Micrositio-Convocatoria-Terna-Auditor-General_bt8.jpg\" alt=\"\" width=\"284\" height=\"53\" \/><\/a><\/p>\n<p style=\"text-align: center;\"><a href=\"https:\/\/cortesuprema.gov.co\/corte\/index.php\/convocatoria-auditorgeneral-2023-contactenos\/\"><img class=\"alignnone wp-image-50872 size-full\" \nsrc=\"https:\/\/cortesuprema.gov.co\/corte\/wp-content\/uploads\/2023\/04\/Micrositio-Convocatoria-Terna-Auditor-General_bt9.jpg\" alt=\"\" width=\"284\" height=\"53\" \/><\/a><\/p>\n[\/vc_column_text][\/vc_column][vc_column width=\u00bb3\/4&#8243;][vc_column_text]\n<p><!--\n\n<div data-ogsc=\"rgb(0, 0, 0)\">\n\n\n<p data-ogsb=\"white\">Bienvenido al micrositio web oficial de la convocatoria p\u00fablica 01-2023 adelantada por la Corte Suprema de Justicia, mediante la cual esta Corporaci\u00f3n designar\u00e1 a los integrantes de la terna que se enviar\u00e1 al Consejo de Estado para la elecci\u00f3n del Auditor General de la Rep\u00fablica. <\/p>\n\n\n\n\n<p data-ogsb=\"white\">Aqu\u00ed encontrar\u00e1 los principios que rigen la misma, el cronograma, el instructivo, la plataforma para que realice su inscripci\u00f3n, los contactos donde se le brindar\u00e1 soporte t\u00e9cnico de ser el caso, el correo electr\u00f3nico dispuesto para observaciones durante el desarrollo del proceso, publicaci\u00f3n de los avances, as\u00ed como el link de acceso a la audiencia p\u00fablica.<\/p>\n\n\n\n\n<p data-ogsb=\"white\">Los t\u00e9rminos de la Convocatoria los puede consultar en el siguiente documento:<\/p>\n\n\n<\/div>\n\n\n\n\n<p><embed src=\"https:\/\/cortesuprema.gov.co\/corte\/wp-content\/uploads\/2022\/08\/Aviso-Firmado-Convocatoria-02-de-2022-1.pdf\" type=\"application\/pdf\" height=\"800px\" width=\"100%\" ><\/p>\n\n\n\n\n<p style=\"text-align: center;\"><a href=\"https:\/\/cortesuprema.gov.co\/corte\/wp-content\/uploads\/2022\/08\/Aviso-Firmado-Convocatoria-02-de-2022-1.pdf\" target=\"_blank\" rel=\"noopener noreferrer\">ANEXO CONVOCATORIA<\/a><\/p>\n\n--><\/p>\n[\/vc_column_text][\/vc_column][\/vc_row]\n","protected":false},"excerpt":{"rendered":"<p>[vc_row][vc_column][vc_single_image image=\u00bb58089&#8243; img_size=\u00bbfull\u00bb][\/vc_column][\/vc_row][vc_row][vc_column width=\u00bb1\/4&#8243;][vc_column_text] [\/vc_column_text][\/vc_column][vc_column width=\u00bb3\/4&#8243;][vc_column_text] [\/vc_column_text][\/vc_column][\/vc_row]<\/p>\n","protected":false},"author":3,"featured_media":0,"parent":0,"menu_order":0,"comment_status":"closed","ping_status":"closed","template":"","meta":{"footnotes":""},"class_list":["post-57827","page","type-page","status-publish","hentry"],"_links":{"self":[{"href":"https:\/\/cortesuprema.gov.co\/corte\/index.php\/wp-json\/wp\/v2\/pages\/57827","targetHints":{"allow":["GET"]}}],"collection":[{"href":"https:\/\/cortesuprema.gov.co\/corte\/index.php\/wp-json\/wp\/v2\/pages"}],"about":[{"href":"https:\/\/cortesuprema.gov.co\/corte\/index.php\/wp-json\/wp\/v2\/types\/page"}],"author":[{"embeddable":true,"href":"https:\/\/cortesuprema.gov.co\/corte\/index.php\/wp-json\/wp\/v2\/users\/3"}],"replies":[{"embeddable":true,"href":"https:\/\/cortesuprema.gov.co\/corte\/index.php\/wp-json\/wp\/v2\/comments?post=57827"}],"version-history":[{"count":6,"href":"https:\/\/cortesuprema.gov.co\/corte\/index.php\/wp-json\/wp\/v2\/pages\/57827\/revisions"}],"predecessor-version":[{"id":58103,"href":"https:\/\/cortesuprema.gov.co\/corte\/index.php\/wp-json\/wp\/v2\/pages\/57827\/revisions\/58103"}],"wp:attachment":[{"href":"https:\/\/cortesuprema.gov.co\/corte\/index.php\/wp-json\/wp\/v2\/media?parent=57827"}],"curies":[{"name":"wp","href":"https:\/\/api.w.org\/{rel}","templated":true}]}}