{"id":5801,"date":"2015-08-09T22:55:24","date_gmt":"2015-08-09T22:55:24","guid":{"rendered":"https:\/\/cortesuprema.gov.co\/corte\/?page_id=5801"},"modified":"2023-02-13T06:29:34","modified_gmt":"2023-02-13T11:29:34","slug":"requisitos-de-confirmacion-y-posesion","status":"publish","type":"page","link":"https:\/\/cortesuprema.gov.co\/corte\/index.php\/requisitos-de-confirmacion-y-posesion\/","title":{"rendered":"Requisitos de Confirmaci\u00f3n y Posesi\u00f3n"},"content":{"rendered":"<p><a href=\"https:\/\/cortesuprema.gov.co\/corte\/wp-content\/uploads\/2020\/06\/logosecretariageneral.png\"><img loading=\"lazy\" decoding=\"async\" class=\"size-full wp-image-30281 aligncenter\" src=\"https:\/\/cortesuprema.gov.co\/corte\/wp-content\/uploads\/2020\/06\/logosecretariageneral.png\" alt=\"\" width=\"147\" height=\"185\" \/><\/a><\/p>\n<p>&nbsp;<\/p>\n<p><strong>Listado de documentos:<\/strong><\/p>\n<ul>\n<li><a href=\"https:\/\/cortesuprema.gov.co\/corte\/wp-content\/uploads\/secgen\/docu\/CONFIRMACIONMAGISTADOTSDJ.docx\">Para confirmaci\u00f3n como Magistrado de Tribunal Superior de Distrito Judicial<\/a><\/li>\n<li><a href=\"https:\/\/cortesuprema.gov.co\/corte\/wp-content\/uploads\/secgen\/docu\/DOCUMENTOS PARA POSESION EN PROPIEDAD O PROVISIONALIDAD.docx\">Para posesi\u00f3n en propiedad o provisionalidad de funcionarios y empleados de la Corporaci\u00f3n<\/a><\/li>\n<li><a href=\"https:\/\/cortesuprema.gov.co\/corte\/wp-content\/uploads\/secgen\/docu\/DOCUMENTOS PARA POSESION COMO AUXILIAR JUDICIAL AD \u2013 HOMOREM (JUDICATURA).docx\">Para posesi\u00f3n de del cargo de Auxiliar Judicial Ad \u2013 honorem (Judicatura)<\/a><\/li>\n<li><a href=\"https:\/\/cortesuprema.gov.co\/corte\/wp-content\/uploads\/secgen\/docu\/DOCUMENTOS PARA POSESION COMO PRACTICANTE AD \u2013 HOMOREM.docx\">Para posesi\u00f3n de Practicante Ad \u2013 honorem<\/a><\/li>\n<\/ul>\n<p><strong>Formatos para impresi\u00f3n<\/strong><\/p>\n<ol>\n<li><a href=\"https:\/\/cortesuprema.gov.co\/corte\/wp-content\/uploads\/secgen\/docu\/HOJADEVIDA.pdf\">Hoja de vida<\/a><\/li>\n<li><a href=\"https:\/\/cortesuprema.gov.co\/corte\/wp-content\/uploads\/secgen\/docu\/AUSENCIAINHABILIDADES.pdf\">Declaraci\u00f3n juramentada de inhabilidades e incompatibilidades<\/a><\/li>\n<li><a href=\"https:\/\/cortesuprema.gov.co\/corte\/wp-content\/uploads\/secgen\/docu\/BIENESYRENTAS.pdf\">Declaraci\u00f3n de bienes y rentas<\/a><\/li>\n<li><a href=\"https:\/\/cortesuprema.gov.co\/corte\/wp-content\/uploads\/secgen\/docu\/ACTUALIZACIONDATOS2020.pdf\">Actualizaci\u00f3n de datos b\u00e1sicos del servidor judicial<\/a><\/li>\n<\/ol>\n<p><strong>Formatos editables<\/strong><\/p>\n<ol>\n<li><a href=\"https:\/\/cortesuprema.gov.co\/corte\/wp-content\/uploads\/secgen\/docu\/HOJADEVIDA.xls\" target=\"_blank\" rel=\"noopener noreferrer\">Hoja de vida<\/a><\/li>\n<li><a href=\"https:\/\/cortesuprema.gov.co\/corte\/wp-content\/uploads\/secgen\/docu\/AUSENCIAINHABILIDADES.docx\" target=\"_blank\" rel=\"noopener noreferrer\">Declaraci\u00f3n juramentada de inhabilidades e incompatibilidades<\/a><\/li>\n<li><a href=\"https:\/\/cortesuprema.gov.co\/corte\/wp-content\/uploads\/secgen\/docu\/BIENESYRENTAS.xls\">Declaraci\u00f3n de bienes y rentas<\/a><\/li>\n<li><a href=\"https:\/\/cortesuprema.gov.co\/corte\/wp-content\/uploads\/secgen\/docu\/ACTUALIZACIONDATOS2020.docx\">Actualizaci\u00f3n de datos b\u00e1sicos del servidor judicial<\/a><\/li>\n<\/ol>\n<p>&nbsp;<\/p>\n<hr \/>\n<p>&nbsp;<\/p>\n","protected":false},"excerpt":{"rendered":"<p>&nbsp; Listado de documentos: Para confirmaci\u00f3n como Magistrado de Tribunal Superior de Distrito Judicial Para posesi\u00f3n en propiedad o provisionalidad de funcionarios y empleados de la Corporaci\u00f3n Para posesi\u00f3n de del cargo de Auxiliar Judicial Ad \u2013 honorem (Judicatura) Para posesi\u00f3n de Practicante Ad \u2013 honorem Formatos para impresi\u00f3n Hoja de vida Declaraci\u00f3n juramentada de &hellip; <a href=\"https:\/\/cortesuprema.gov.co\/corte\/index.php\/requisitos-de-confirmacion-y-posesion\/\" class=\"more-link\">Continuar leyendo<span class=\"screen-reader-text\"> \u00abRequisitos de Confirmaci\u00f3n y Posesi\u00f3n\u00bb<\/span><\/a><\/p>\n","protected":false},"author":3,"featured_media":0,"parent":0,"menu_order":0,"comment_status":"closed","ping_status":"closed","template":"","meta":{"footnotes":""},"class_list":["post-5801","page","type-page","status-publish","hentry"],"_links":{"self":[{"href":"https:\/\/cortesuprema.gov.co\/corte\/index.php\/wp-json\/wp\/v2\/pages\/5801","targetHints":{"allow":["GET"]}}],"collection":[{"href":"https:\/\/cortesuprema.gov.co\/corte\/index.php\/wp-json\/wp\/v2\/pages"}],"about":[{"href":"https:\/\/cortesuprema.gov.co\/corte\/index.php\/wp-json\/wp\/v2\/types\/page"}],"author":[{"embeddable":true,"href":"https:\/\/cortesuprema.gov.co\/corte\/index.php\/wp-json\/wp\/v2\/users\/3"}],"replies":[{"embeddable":true,"href":"https:\/\/cortesuprema.gov.co\/corte\/index.php\/wp-json\/wp\/v2\/comments?post=5801"}],"version-history":[{"count":42,"href":"https:\/\/cortesuprema.gov.co\/corte\/index.php\/wp-json\/wp\/v2\/pages\/5801\/revisions"}],"predecessor-version":[{"id":56045,"href":"https:\/\/cortesuprema.gov.co\/corte\/index.php\/wp-json\/wp\/v2\/pages\/5801\/revisions\/56045"}],"wp:attachment":[{"href":"https:\/\/cortesuprema.gov.co\/corte\/index.php\/wp-json\/wp\/v2\/media?parent=5801"}],"curies":[{"name":"wp","href":"https:\/\/api.w.org\/{rel}","templated":true}]}}