{"id":5808,"date":"2015-08-09T22:58:53","date_gmt":"2015-08-09T22:58:53","guid":{"rendered":"https:\/\/cortesuprema.gov.co\/corte\/?page_id=5808"},"modified":"2015-08-09T23:04:15","modified_gmt":"2015-08-09T23:04:15","slug":"sala-de-casacion-civil","status":"publish","type":"page","link":"https:\/\/cortesuprema.gov.co\/corte\/index.php\/sala-de-casacion-civil\/","title":{"rendered":"Sala de Casaci\u00f3n Civil"},"content":{"rendered":"<div class=\"su-heading su-heading-style-default su-heading-align-center\" id=\"\" style=\"font-size:13px;margin-bottom:20px\"><div class=\"su-heading-inner\">Relator\u00eda Sala de Casaci\u00f3n Civil y Agrar\u00eda<\/div><\/div>\n<div class=\"su-tabs su-tabs-style-default su-tabs-mobile-stack\" data-active=\"1\" data-scroll-offset=\"0\" data-anchor-in-url=\"no\"><div class=\"su-tabs-nav\"><span class=\"\" data-url=\"\" data-target=\"blank\" tabindex=\"0\" role=\"button\">Consulta Jurisprudencial<\/span><span class=\"\" data-url=\"\" data-target=\"blank\" tabindex=\"0\" role=\"button\">B\u00fasqueda providencias<\/span><span class=\"\" data-url=\"\" data-target=\"blank\" tabindex=\"0\" role=\"button\">Explorador de Documentos<\/span><\/div><div class=\"su-tabs-panes\"><div class=\"su-tabs-pane su-u-clearfix su-u-trim\" data-title=\"Consulta Jurisprudencial\">\n<p><a href=\"http:\/\/jurisprudencia.ramajudicial.gov.co\/WebRelatoria\/csj\/index.xhtml\" target=\"_self\"><img loading=\"lazy\" decoding=\"async\" class=\" alignleft\" src=\"https:\/\/www.ramajudicial.gov.co\/documents\/10614\/423050\/cONSULTA+GATICO.JPG\/d2247bfd-c209-4335-8cc8-13e9d950b2f8?t=1418675889837\" alt=\"\" width=\"104\" height=\"136\" \/><\/a><\/p>\n<p><strong>Sistemas de Consulta Jurispruedencial (en implementaci\u00f3n) \u00a0<\/strong><\/p>\n<p>Si desea realizar una b\u00fasqueda detallada de acuerdo con los criterios de clasificaci\u00f3n dados por las relator\u00edas (ej. Tema, fuente formal, jurisprudencia relacionada , texto completo, etc.).<\/p>\n<\/div>\n<div class=\"su-tabs-pane su-u-clearfix su-u-trim\" data-title=\"B\u00fasqueda providencias\">\n<p><a href=\"http:\/\/190.24.134.69\/busquedadoc\/\" target=\"_self\"><img decoding=\"async\" class=\" alignleft\" src=\"https:\/\/www.ramajudicial.gov.co\/documents\/10614\/423050\/7Lupa.JPG\/f76a3573-e5b6-4679-9994-2091d71a96ad?t=1418417762322\" alt=\"\" \/><\/a><\/p>\n<p><a href=\"http:\/\/190.24.134.69\/busquedadoc\/\" target=\"_self\">\u00a0<\/a><strong>Consulta Jurisprudencial en texto completo:\u00a0<\/strong><\/p>\n<p>Si desea buscar en el texto completo de todas las providencias disponibles.<\/p>\n<\/div>\n<div class=\"su-tabs-pane su-u-clearfix su-u-trim\" data-title=\"Explorador de Documentos\">\n<p><a href=\"http:\/\/190.24.134.69\/busquedadoc\/\" target=\"_self\"><img loading=\"lazy\" decoding=\"async\" class=\" alignleft\" src=\"https:\/\/www.ramajudicial.gov.co\/documents\/10614\/423050\/l1upacarpetas.jpg\/93a48b62-fb46-4413-84bc-3b3ad659e07d?t=1418421073643\" alt=\"\" width=\"69\" height=\"126\" \/><\/a><\/p>\n<p><a href=\"http:\/\/190.24.134.69\/busquedadoc\/\" target=\"_self\">\u00a0<\/a><strong>Explorador de Documentos: \u00a0<\/strong><\/p>\n<p>Le permite acceder directamente a los archivos de las providencias que se encuentran organizados en carpetas estructuradas<\/p>\n<\/div><\/div><\/div>\n","protected":false},"excerpt":{"rendered":"Relator\u00eda Sala de Casaci\u00f3n Civil y Agrar\u00eda Consulta JurisprudencialB\u00fasqueda providenciasExplorador de Documentos Sistemas de Consulta Jurispruedencial (en implementaci\u00f3n) \u00a0 Si desea realizar una b\u00fasqueda detallada de acuerdo con los criterios de clasificaci\u00f3n dados por las relator\u00edas (ej. Tema, fuente formal, jurisprudencia relacionada , texto completo, etc.). \u00a0Consulta Jurisprudencial en texto completo:\u00a0 Si desea buscar en &hellip; <a href=\"https:\/\/cortesuprema.gov.co\/corte\/index.php\/sala-de-casacion-civil\/\" class=\"more-link\">Continuar leyendo<span class=\"screen-reader-text\"> \"Sala de Casaci\u00f3n Civil\"<\/span><\/a>","protected":false},"author":3,"featured_media":0,"parent":0,"menu_order":0,"comment_status":"closed","ping_status":"closed","template":"","meta":{"footnotes":""},"class_list":["post-5808","page","type-page","status-publish","hentry"],"_links":{"self":[{"href":"https:\/\/cortesuprema.gov.co\/corte\/index.php\/wp-json\/wp\/v2\/pages\/5808","targetHints":{"allow":["GET"]}}],"collection":[{"href":"https:\/\/cortesuprema.gov.co\/corte\/index.php\/wp-json\/wp\/v2\/pages"}],"about":[{"href":"https:\/\/cortesuprema.gov.co\/corte\/index.php\/wp-json\/wp\/v2\/types\/page"}],"author":[{"embeddable":true,"href":"https:\/\/cortesuprema.gov.co\/corte\/index.php\/wp-json\/wp\/v2\/users\/3"}],"replies":[{"embeddable":true,"href":"https:\/\/cortesuprema.gov.co\/corte\/index.php\/wp-json\/wp\/v2\/comments?post=5808"}],"version-history":[{"count":4,"href":"https:\/\/cortesuprema.gov.co\/corte\/index.php\/wp-json\/wp\/v2\/pages\/5808\/revisions"}],"predecessor-version":[{"id":5812,"href":"https:\/\/cortesuprema.gov.co\/corte\/index.php\/wp-json\/wp\/v2\/pages\/5808\/revisions\/5812"}],"wp:attachment":[{"href":"https:\/\/cortesuprema.gov.co\/corte\/index.php\/wp-json\/wp\/v2\/media?parent=5808"}],"curies":[{"name":"wp","href":"https:\/\/api.w.org\/{rel}","templated":true}]}}