{"id":5926,"date":"2015-08-12T15:34:10","date_gmt":"2015-08-12T15:34:10","guid":{"rendered":"https:\/\/cortesuprema.gov.co\/corte\/?page_id=5926"},"modified":"2015-08-12T15:34:56","modified_gmt":"2015-08-12T15:34:56","slug":"monitoreo-de-medios","status":"publish","type":"page","link":"https:\/\/cortesuprema.gov.co\/corte\/index.php\/monitoreo-de-medios\/","title":{"rendered":"Monitoreo de Medios"},"content":{"rendered":"\n\n<div class=\"su-posts su-posts-default-loop \">\n\n\t\n\t\t\t\t\t\n\t\t\t\n\t\t\t<div id=\"su-post-35521\" class=\"su-post \">\n\n\t\t\t\t\n\t\t\t\t<h2 class=\"su-post-title\"><a href=\"https:\/\/cortesuprema.gov.co\/corte\/index.php\/2021\/02\/22\/corte-ordena-devolver-hija-a-padres-a-quienes-se-les-quito-por-pobreza\/\">Corte ordena devolver hija a padres a quienes se les quit\u00f3 por pobreza<\/a><\/h2>\n\n\t\t\t\t<div class=\"su-post-meta\">\n\t\t\t\t\tPublicado: 22 febrero, 2021\t\t\t\t<\/div>\n\n\t\t\t\t<div class=\"su-post-excerpt\">\n\t\t\t\t\t<p>PERI\u00d3DICO EL TIEMPO. 19 de febrero 2021, 08:09 p. m. Los dos tienen problemas econ\u00f3micos. Por la falta de recursos no pudieron terminar el bachillerato, lo cual limit\u00f3 mucho m\u00e1s sus oportunidades.\u00a0Los pocos ingresos que ella obtiene los consigue trabajando en casas de familia, mientras que \u00e9l trabaja como maestro de obra\u00a0en construcciones. Esa escasez &hellip; <a href=\"https:\/\/cortesuprema.gov.co\/corte\/index.php\/2021\/02\/22\/corte-ordena-devolver-hija-a-padres-a-quienes-se-les-quito-por-pobreza\/\" class=\"more-link\">Continuar leyendo<span class=\"screen-reader-text\"> \u00abCorte ordena devolver hija a padres a quienes se les quit\u00f3 por pobreza\u00bb<\/span><\/a><\/p>\n\t\t\t\t<\/div>\n\n\t\t\t\t\n\t\t\t<\/div>\n\n\t\t\t\t\t\n\t\t\t\n\t\t\t<div id=\"su-post-23865\" class=\"su-post \">\n\n\t\t\t\t\n\t\t\t\t<h2 class=\"su-post-title\"><a href=\"https:\/\/cortesuprema.gov.co\/corte\/index.php\/2019\/06\/10\/ahora-le-corresponde-a-jesus-santrich-cumplir-corte-suprema\/\">Ahora le corresponde a Jes\u00fas Santrich cumplir: Corte Suprema<\/a><\/h2>\n\n\t\t\t\t<div class=\"su-post-meta\">\n\t\t\t\t\tPublicado: 10 junio, 2019\t\t\t\t<\/div>\n\n\t\t\t\t<div class=\"su-post-excerpt\">\n\t\t\t\t\t<p>PERI\u00d3DICO EL TIEMPO. Por:\u00a0Milena Sarralde Duque, 01 de junio 2019 , 08:00 p.m. Hace un mes, tras varias sesiones en las que no se llegaba a un acuerdo, la\u00a0Corte Suprema de Justicia\u00a0eligi\u00f3 a su nuevo presidente \u00c1lvaro Fernando Garc\u00eda. En di\u00e1logo con EL TIEMPO, el magistrado de la Sala Civil habla sobre decisiones que han &hellip; <a href=\"https:\/\/cortesuprema.gov.co\/corte\/index.php\/2019\/06\/10\/ahora-le-corresponde-a-jesus-santrich-cumplir-corte-suprema\/\" class=\"more-link\">Continuar leyendo<span class=\"screen-reader-text\"> \u00abAhora le corresponde a Jes\u00fas Santrich cumplir: Corte Suprema\u00bb<\/span><\/a><\/p>\n\t\t\t\t<\/div>\n\n\t\t\t\t\n\t\t\t<\/div>\n\n\t\t\t\t\t\n\t\t\t\n\t\t\t<div id=\"su-post-23540\" class=\"su-post \">\n\n\t\t\t\t\n\t\t\t\t<h2 class=\"su-post-title\"><a href=\"https:\/\/cortesuprema.gov.co\/corte\/index.php\/2019\/05\/30\/los-argumentos-claves-de-la-corte-para-dejar-libre-a-jesus-santrich\/\">Los argumentos claves de la Corte para dejar libre a Jes\u00fas Santrich<\/a><\/h2>\n\n\t\t\t\t<div class=\"su-post-meta\">\n\t\t\t\t\tPublicado: 30 mayo, 2019\t\t\t\t<\/div>\n\n\t\t\t\t<div class=\"su-post-excerpt\">\n\t\t\t\t\t<p>EL TIEMPO, 29 de mayo 2019 , 06:26 p.m. En las pr\u00f3ximas horas el exjefe de las Farc\u00a0Jes\u00fas Santrich deber\u00e1 salir del b\u00fanker de la Fiscal\u00eda General, en donde se encuentra desde el 17 de mayo cuando fue recapturado. Ese d\u00eda iba a salir de la c\u00e1rcel La Picota por orden de la Jurisdicci\u00f3n Especial &hellip; <a href=\"https:\/\/cortesuprema.gov.co\/corte\/index.php\/2019\/05\/30\/los-argumentos-claves-de-la-corte-para-dejar-libre-a-jesus-santrich\/\" class=\"more-link\">Continuar leyendo<span class=\"screen-reader-text\"> \u00abLos argumentos claves de la Corte para dejar libre a Jes\u00fas Santrich\u00bb<\/span><\/a><\/p>\n\t\t\t\t<\/div>\n\n\t\t\t\t\n\t\t\t<\/div>\n\n\t\t\t\t\t\n\t\t\t\n\t\t\t<div id=\"su-post-23536\" class=\"su-post \">\n\n\t\t\t\t\n\t\t\t\t<h2 class=\"su-post-title\"><a href=\"https:\/\/cortesuprema.gov.co\/corte\/index.php\/2019\/05\/30\/corte-suprema-de-justicia-ordena-liberar-a-jesus-santrich\/\">Corte Suprema de Justicia ordena liberar a Jes\u00fas Santrich<\/a><\/h2>\n\n\t\t\t\t<div class=\"su-post-meta\">\n\t\t\t\t\tPublicado: 30 mayo, 2019\t\t\t\t<\/div>\n\n\t\t\t\t<div class=\"su-post-excerpt\">\n\t\t\t\t\t<p>El TIEMPO, 29 de mayo 2019 , 06:24 p.m. La Corte Suprema de Justicia orden\u00f3 la libertad del exjefe de las Farc\u00a0Jes\u00fas Santrich, quien fue recapturado el pasado 17 de mayo por delitos de narcotr\u00e1fico supuestamente cometidos despu\u00e9s del acuerdo de paz. El alto tribunal tom\u00f3 esta decisi\u00f3n al considerar que el fallo del Consejo &hellip; <a href=\"https:\/\/cortesuprema.gov.co\/corte\/index.php\/2019\/05\/30\/corte-suprema-de-justicia-ordena-liberar-a-jesus-santrich\/\" class=\"more-link\">Continuar leyendo<span class=\"screen-reader-text\"> \u00abCorte Suprema de Justicia ordena liberar a Jes\u00fas Santrich\u00bb<\/span><\/a><\/p>\n\t\t\t\t<\/div>\n\n\t\t\t\t\n\t\t\t<\/div>\n\n\t\t\t\t\t\n\t\t\t\n\t\t\t<div id=\"su-post-18983\" class=\"su-post \">\n\n\t\t\t\t\n\t\t\t\t<h2 class=\"su-post-title\"><a href=\"https:\/\/cortesuprema.gov.co\/corte\/index.php\/2018\/06\/25\/inasistencia-alimentaria-capacidad-economica-del-infractor\/\">INASISTENCIA ALIMENTARIA &#8211; Capacidad econ\u00f3mica del infractor<\/a><\/h2>\n\n\t\t\t\t<div class=\"su-post-meta\">\n\t\t\t\t\tPublicado: 25 junio, 2018\t\t\t\t<\/div>\n\n\t\t\t\t<div class=\"su-post-excerpt\">\n\t\t\t\t\t<p>INASISTENCIA ALIMENTARIA &#8211; Capacidad econ\u00f3mica del infractor En el elemento \u201csin justa causa\u201d de esta conducta, no se debe confundir la \u201cfalta de liquidez monetaria\u201d con la \u201cincapacidad econ\u00f3mica\u201d. [SP1984-2018(47107)]<\/p>\n\t\t\t\t<\/div>\n\n\t\t\t\t\n\t\t\t<\/div>\n\n\t\t\t\t\t\n\t\t\t\n\t\t\t<div id=\"su-post-17313\" class=\"su-post \">\n\n\t\t\t\t\n\t\t\t\t<h2 class=\"su-post-title\"><a href=\"https:\/\/cortesuprema.gov.co\/corte\/index.php\/2018\/03\/09\/hasta-donde-llega-el-acoso-sexual-esto-dice-la-corte-suprema\/\">\u00bfHasta d\u00f3nde llega el acoso sexual? Esto dice la Corte Suprema<\/a><\/h2>\n\n\t\t\t\t<div class=\"su-post-meta\">\n\t\t\t\t\tPublicado: 9 marzo, 2018\t\t\t\t<\/div>\n\n\t\t\t\t<div class=\"su-post-excerpt\">\n\t\t\t\t\t<p>EL TIEMPO, 07 de marzo 2018 , 10:42 a.m.\u00a0Un acto verbal o f\u00edsico que implica\u00a0\u201cacciones, tocamientos, se\u00f1as o conductas de naturaleza sexual y que no constituyen un delito m\u00e1s grave\u201d.\u00a0Se trata, adem\u00e1s, de conductas no consentidas que buscan un favor sexual en beneficio propio o de un tercero. Esa es la descripci\u00f3n que hizo la\u00a0Corte &hellip; <a href=\"https:\/\/cortesuprema.gov.co\/corte\/index.php\/2018\/03\/09\/hasta-donde-llega-el-acoso-sexual-esto-dice-la-corte-suprema\/\" class=\"more-link\">Continuar leyendo<span class=\"screen-reader-text\"> \u00ab\u00bfHasta d\u00f3nde llega el acoso sexual? Esto dice la Corte Suprema\u00bb<\/span><\/a><\/p>\n\t\t\t\t<\/div>\n\n\t\t\t\t\n\t\t\t<\/div>\n\n\t\t\t\t\t\n\t\t\t\n\t\t\t<div id=\"su-post-14106\" class=\"su-post \">\n\n\t\t\t\t\n\t\t\t\t<h2 class=\"su-post-title\"><a href=\"https:\/\/cortesuprema.gov.co\/corte\/index.php\/2017\/07\/11\/feliciano-valencia-es-inocente-corte-suprema-de-justicia\/\">Feliciano Valencia es inocente: Corte Suprema de Justicia<\/a><\/h2>\n\n\t\t\t\t<div class=\"su-post-meta\">\n\t\t\t\t\tPublicado: 11 julio, 2017\t\t\t\t<\/div>\n\n\t\t\t\t<div class=\"su-post-excerpt\">\n\t\t\t\t\t<p>La decisi\u00f3n se tom\u00f3 luego de que la Sala Penal de ese tribunal revisara la casaci\u00f3n de este l\u00edder ind\u00edgena, condenado a 18 a\u00f1os de prisi\u00f3n por el secuestro de un cabo del Ej\u00e9rcito en 2008. PERI\u00d3DICO EL ESPECTADOR, 28 Jun 2017 &#8211; 4:01 P.M. La decisi\u00f3n se tom\u00f3 luego de que la Sala Penal &hellip; <a href=\"https:\/\/cortesuprema.gov.co\/corte\/index.php\/2017\/07\/11\/feliciano-valencia-es-inocente-corte-suprema-de-justicia\/\" class=\"more-link\">Continuar leyendo<span class=\"screen-reader-text\"> \u00abFeliciano Valencia es inocente: Corte Suprema de Justicia\u00bb<\/span><\/a><\/p>\n\t\t\t\t<\/div>\n\n\t\t\t\t\n\t\t\t<\/div>\n\n\t\t\t\t\t\n\t\t\t\n\t\t\t<div id=\"su-post-10650\" class=\"su-post \">\n\n\t\t\t\t\n\t\t\t\t<h2 class=\"su-post-title\"><a href=\"https:\/\/cortesuprema.gov.co\/corte\/index.php\/2016\/08\/03\/condenan-a-ocho-anos-de-prision-a-dos-militares-por-tratos-inhumanos-a-sus-subalternos\/\">Condenan a ocho a\u00f1os de prisi\u00f3n a dos militares por tratos inhumanos a sus subalternos<\/a><\/h2>\n\n\t\t\t\t<div class=\"su-post-meta\">\n\t\t\t\t\tPublicado: 3 agosto, 2016\t\t\t\t<\/div>\n\n\t\t\t\t<div class=\"su-post-excerpt\">\n\t\t\t\t\t<p>PERI\u00d3DICO EL ESPECTADOR, JUDICIAL 3 AGO 2016 &#8211; 9:55 AM.\u00a0Los soldados regulares fueron golpeados con ramas en sus piernas y gl\u00fateos. Adem\u00e1s eran obligados a comer frijoles crudos y tomar agua salada como castigo por consumir unos v\u00edveres sin autorizaci\u00f3n. La Sala Penal de la Corte Suprema de Justicia conden\u00f3 a ocho a\u00f1os de prisi\u00f3n &hellip; <a href=\"https:\/\/cortesuprema.gov.co\/corte\/index.php\/2016\/08\/03\/condenan-a-ocho-anos-de-prision-a-dos-militares-por-tratos-inhumanos-a-sus-subalternos\/\" class=\"more-link\">Continuar leyendo<span class=\"screen-reader-text\"> \u00abCondenan a ocho a\u00f1os de prisi\u00f3n a dos militares por tratos inhumanos a sus subalternos\u00bb<\/span><\/a><\/p>\n\t\t\t\t<\/div>\n\n\t\t\t\t\n\t\t\t<\/div>\n\n\t\t\t\t\t\n\t\t\t\n\t\t\t<div id=\"su-post-10641\" class=\"su-post \">\n\n\t\t\t\t\n\t\t\t\t<h2 class=\"su-post-title\"><a href=\"https:\/\/cortesuprema.gov.co\/corte\/index.php\/2016\/08\/03\/gobierno-tiene-15-dias-para-crear-plan-que-proteja-a-los-ninos-wayus\/\">Gobierno tiene 15 d\u00edas para crear plan que proteja a los ni\u00f1os way\u00fas<\/a><\/h2>\n\n\t\t\t\t<div class=\"su-post-meta\">\n\t\t\t\t\tPublicado: 3 agosto, 2016\t\t\t\t<\/div>\n\n\t\t\t\t<div class=\"su-post-excerpt\">\n\t\t\t\t\t<p>PERI\u00d3DICO EL TIEMPO, 1 de agosto de 2016. Corte Suprema de\u00a0Justicia ordena que se garantice el acceso a alimentos, agua potable y salud.Los ni\u00f1os way\u00fas se mueren por falta de alimento, agua potable y por el precario sistema de atenci\u00f3n en salud. En esta comunidad ind\u00edgena de La Guajira los m\u00e1s peque\u00f1os calman la sed &hellip; <a href=\"https:\/\/cortesuprema.gov.co\/corte\/index.php\/2016\/08\/03\/gobierno-tiene-15-dias-para-crear-plan-que-proteja-a-los-ninos-wayus\/\" class=\"more-link\">Continuar leyendo<span class=\"screen-reader-text\"> \u00abGobierno tiene 15 d\u00edas para crear plan que proteja a los ni\u00f1os way\u00fas\u00bb<\/span><\/a><\/p>\n\t\t\t\t<\/div>\n\n\t\t\t\t\n\t\t\t<\/div>\n\n\t\t\t\t\t\n\t\t\t\n\t\t\t<div id=\"su-post-10616\" class=\"su-post \">\n\n\t\t\t\t\n\t\t\t\t<h2 class=\"su-post-title\"><a href=\"https:\/\/cortesuprema.gov.co\/corte\/index.php\/2016\/07\/29\/expresidente-alvaro-uribe-rectifico-palabras-contra-hollman-morris\/\">Expresidente \u00c1lvaro Uribe rectific\u00f3 palabras contra Hollman Morris<\/a><\/h2>\n\n\t\t\t\t<div class=\"su-post-meta\">\n\t\t\t\t\tPublicado: 29 julio, 2016\t\t\t\t<\/div>\n\n\t\t\t\t<div class=\"su-post-excerpt\">\n\t\t\t\t\t<p>PUBLICADO EN EL TIEMPO, 29 DE JULIO DE 2016. El exdirector de Canal Capital y hoy concejal de Bogot\u00e1, Hollman Morris, y el expresidente \u00c1lvaro Uribe llegaron este viernes a una conciliaci\u00f3n en medio de una demanda que cursaba en la Corte Suprema de Justicia. El hecho se dio porque Morris hab\u00eda presentado una demanda &hellip; <a href=\"https:\/\/cortesuprema.gov.co\/corte\/index.php\/2016\/07\/29\/expresidente-alvaro-uribe-rectifico-palabras-contra-hollman-morris\/\" class=\"more-link\">Continuar leyendo<span class=\"screen-reader-text\"> \u00abExpresidente \u00c1lvaro Uribe rectific\u00f3 palabras contra Hollman Morris\u00bb<\/span><\/a><\/p>\n\t\t\t\t<\/div>\n\n\t\t\t\t\n\t\t\t<\/div>\n\n\t\t\n\t\n<\/div>\n\n","protected":false},"excerpt":{"rendered":"PUBLICADO EN EL TIEMPO, 29 DE JULIO DE 2016. El exdirector de Canal Capital y hoy concejal de Bogot\u00e1, Hollman Morris, y el expresidente \u00c1lvaro Uribe llegaron este viernes a una conciliaci\u00f3n en medio de una demanda que cursaba en la Corte Suprema de Justicia. El hecho se dio porque Morris hab\u00eda presentado una demanda &hellip; <a href=\"https:\/\/cortesuprema.gov.co\/corte\/index.php\/2016\/07\/29\/expresidente-alvaro-uribe-rectifico-palabras-contra-hollman-morris\/\" class=\"more-link\">Continuar leyendo<span class=\"screen-reader-text\"> \"Expresidente \u00c1lvaro Uribe rectific\u00f3 palabras contra Hollman Morris\"<\/span><\/a>","protected":false},"author":3,"featured_media":0,"parent":0,"menu_order":0,"comment_status":"closed","ping_status":"closed","template":"","meta":{"footnotes":""},"class_list":["post-5926","page","type-page","status-publish","hentry"],"_links":{"self":[{"href":"https:\/\/cortesuprema.gov.co\/corte\/index.php\/wp-json\/wp\/v2\/pages\/5926","targetHints":{"allow":["GET"]}}],"collection":[{"href":"https:\/\/cortesuprema.gov.co\/corte\/index.php\/wp-json\/wp\/v2\/pages"}],"about":[{"href":"https:\/\/cortesuprema.gov.co\/corte\/index.php\/wp-json\/wp\/v2\/types\/page"}],"author":[{"embeddable":true,"href":"https:\/\/cortesuprema.gov.co\/corte\/index.php\/wp-json\/wp\/v2\/users\/3"}],"replies":[{"embeddable":true,"href":"https:\/\/cortesuprema.gov.co\/corte\/index.php\/wp-json\/wp\/v2\/comments?post=5926"}],"version-history":[{"count":1,"href":"https:\/\/cortesuprema.gov.co\/corte\/index.php\/wp-json\/wp\/v2\/pages\/5926\/revisions"}],"predecessor-version":[{"id":5927,"href":"https:\/\/cortesuprema.gov.co\/corte\/index.php\/wp-json\/wp\/v2\/pages\/5926\/revisions\/5927"}],"wp:attachment":[{"href":"https:\/\/cortesuprema.gov.co\/corte\/index.php\/wp-json\/wp\/v2\/media?parent=5926"}],"curies":[{"name":"wp","href":"https:\/\/api.w.org\/{rel}","templated":true}]}}