{"id":6610,"date":"2015-08-31T18:04:15","date_gmt":"2015-08-31T18:04:15","guid":{"rendered":"https:\/\/cortesuprema.gov.co\/corte\/?page_id=6610"},"modified":"2023-10-02T14:35:47","modified_gmt":"2023-10-02T19:35:47","slug":"secretaria-sala-de-casacion-laboral","status":"publish","type":"page","link":"https:\/\/cortesuprema.gov.co\/corte\/index.php\/secretaria-sala-de-casacion-laboral\/","title":{"rendered":"Secretar\u00eda Sala de Casaci\u00f3n Laboral"},"content":{"rendered":"<div class=\"su-row\">\n<div class=\"su-column su-column-size-1-3\"><div class=\"su-column-inner su-u-clearfix su-u-trim\">\n<p><strong>Dra. Fanny Esperanza Vel\u00e1squez Camacho<\/strong><\/p>\n<p><strong>Secretaria Sala de Casaci\u00f3n Laboral<\/strong><\/p>\n<p>Atenci\u00f3n al p\u00fablico<\/p>\n<p>Lunes a viernes<\/p>\n<p>8:00 am. a 1:00 pm.<\/p>\n<p>2:00 pm. a 5:00 pm.<\/p>\n<\/div><\/div>\n<div class=\"su-column su-column-size-2-3\"><div class=\"su-column-inner su-u-clearfix su-u-trim\">\n<h2 style=\"text-align: center;\">PRESENTACI\u00d3N Y FUNCIONES DE LA SECRETAR\u00cdA DE LA SALA DE CASACI\u00d3N LABORAL<\/h2>\n<p>&nbsp;<\/p>\n<div class=\"textoContenido\" style=\"text-align: right;\">\n<p style=\"text-align: justify;\">La <strong><em>Sala de Casaci\u00f3n Laboral de la Corte Suprema de Justicia<\/em><\/strong>, act\u00faa seg\u00fan su especialidad como Tribunal de Casaci\u00f3n, con facultades de seleccionar las sentencias objeto de su pronunciamiento, para los fines de unificaci\u00f3n de la jurisprudencia, protecci\u00f3n de los derechos constitucionales y control de legalidad de los fallos. Tambi\u00e9n conoce de las apelaciones en procesos especiales de calificaci\u00f3n de\u00a0 suspensi\u00f3n o paro colectivo del trabajo y de los conflictos de competencia, que en el \u00e1mbito de su especialidad se suscitan entre las Salas de un mismo tribunal o entre tribunales, o entre \u00e9stos y juzgados de otro distrito o entre juzgados de diferentes distritos (Cap\u00edtulo I, art\u00edculo 16 Ley 270 de 1996,\u00a0 Estatutaria Administraci\u00f3n de Justicia).<\/p>\n<p style=\"text-align: justify;\">La Secretar\u00eda de la Sala de Casaci\u00f3n Laboral de la Corte Suprema de Justicia, \u00a0\u00a0\u00a0ejecuta, apoya y colabora con actividades \u00a0de naturaleza jur\u00eddico- procesales y administrativas \u00a0dentro del marco establecido por la Constituci\u00f3n, la ley y manual de funciones expedidos por la Sala Especializada, para la realizaci\u00f3n del objeto y fines para los cuales fue instituida como tribunal de casaci\u00f3n, orientadas por los principios que rigen la administraci\u00f3n de justicia de celeridad, eficiencia, eficacia, gratuidad y acceso\u00a0 a la justicia, como pilares fundamentales en el ejercicio de la funci\u00f3n p\u00fablica, garantes en un Estado social de derecho.<\/p>\n<p style=\"text-align: justify;\">Entre otras funciones, corresponde a la Secretaria, el reparto sistematizado de los asuntos de conocimiento de la Sala; rendici\u00f3n de\u00a0 informes a los magistrados sobre \u00a0vencimiento de t\u00e9rminos; control y verificaci\u00f3n de la informaci\u00f3n y actuaciones procesales \u00a0registradas por el personal a su cargo en el sistema de gesti\u00f3n judicial \u00ab<em>Siglo XXI<\/em>\u00ab;\u00a0 autorizaci\u00f3n con su firma de oficios, despachos comisorios, edictos, estados, traslados, avisos y comunicaciones en general; control y realizaci\u00f3n de notificaciones de providencias a \u00a0trav\u00e9s de los medios previstos en los Arts. 41 del C\u00f3digo Procesal del Trabajo\u00a0 y Seguridad Social,\u00a0 16 y 30 del Decreto 2591 de 1991 y 289 a 296 del C\u00f3digo General del\u00a0 Proceso; expedici\u00f3n de copias, certificaciones y desgloses\u00a0 en la forma \u00a0y t\u00e9rminos previstos en los Arts. 114 a 116 <em>ibidem; \u00a0<\/em>cumplimiento de las reglas generales de procedimiento que guardan relaci\u00f3n con las funciones, contempladas en los estatutos del procedimiento laboral y civil (hoy CGP) respecto de la formaci\u00f3n, examen, retiro, remisi\u00f3n y reconstrucci\u00f3n de expedientes.<\/p>\n<p style=\"text-align: justify;\">Entre las funciones de car\u00e1cter administrativo, le compete la\u00a0 proyecci\u00f3n de \u00f3rdenes del d\u00eda y actas de sesiones de sala; la coordinaci\u00f3n con la Presidencia de Sala, los nombramientos del personal adscrito y vinculado a la dependencia; supervisi\u00f3n, asesor\u00eda, control y disciplina interna en el ejercicio de las funciones de los empleados a su cargo con facultades de amonestaci\u00f3n privada verbal o escrita e informaci\u00f3n a los magistrados de\u00a0 Sala sobre conducta de los mismos que puedan constituir faltas disciplinarias; velar por la correcta utilizaci\u00f3n de equipos, recursos, custodia de expedientes; \u00a0inventarios y estad\u00edsticas de Sala<a href=\"https:\/\/aplicativos.cortesuprema.gov.co\/laboral\/index.php\" target=\"_blank\" rel=\"noopener noreferrer\">.<\/a><\/p>\n<\/div>\n<div class=\"textoContenido\" style=\"text-align: right;\">\n<hr \/>\n<p style=\"text-align: left;\"><a href=\"https:\/\/cortesuprema.gov.co\/corte\/index.php\/2016\/12\/15\/reglamento-de-la-sala-de-casacion-laboral-de-la-corte-suprema-de-justicia\/\">Vea aqu\u00ed el Reglamento de la Sala de Casaci\u00f3n Laboral<\/a><\/p>\n<p style=\"text-align: left;\"><a href=\"https:\/\/cortesuprema.gov.co\/corte\/index.php\/2016\/12\/15\/reglamento-de-la-sala-de-casacion-laboral-de-la-corte-suprema-de-justicia\/\"><img loading=\"lazy\" decoding=\"async\" class=\"alignnone size-full wp-image-11930\" src=\"https:\/\/cortesuprema.gov.co\/corte\/wp-content\/uploads\/2016\/12\/BannerReglamento.png\" alt=\"BannerReglamento\" width=\"840\" height=\"210\" srcset=\"https:\/\/cortesuprema.gov.co\/corte\/wp-content\/uploads\/2016\/12\/BannerReglamento.png 1200w, https:\/\/cortesuprema.gov.co\/corte\/wp-content\/uploads\/2016\/12\/BannerReglamento-300x75.png 300w, https:\/\/cortesuprema.gov.co\/corte\/wp-content\/uploads\/2016\/12\/BannerReglamento-1024x256.png 1024w, https:\/\/cortesuprema.gov.co\/corte\/wp-content\/uploads\/2016\/12\/BannerReglamento-940x235.png 940w, https:\/\/cortesuprema.gov.co\/corte\/wp-content\/uploads\/2016\/12\/BannerReglamento-470x118.png 470w, https:\/\/cortesuprema.gov.co\/corte\/wp-content\/uploads\/2016\/12\/BannerReglamento-620x155.png 620w, https:\/\/cortesuprema.gov.co\/corte\/wp-content\/uploads\/2016\/12\/BannerReglamento-195x49.png 195w\" sizes=\"auto, (max-width: 709px) 85vw, (max-width: 909px) 67vw, (max-width: 1362px) 62vw, 840px\" \/><\/a><\/p>\n<\/div>\n<hr \/>\n<p class=\"size-big\" style=\"text-align: center;\"><strong>Aviso \u00abAgencias en derecho 2023\u00bb<\/strong><\/p>\n[spiderpowa-pdf src=\u00bbhttps:\/\/www.cortesuprema.gov.co\/corte\/wp-content\/uploads\/not\/laboral23\/avisocostaslaboral2023.pdf\u00bb]\n<hr \/>\n[spiderpowa-pdf src=\u00bbhttps:\/\/www.cortesuprema.gov.co\/corte\/wp-content\/uploads\/not\/laboral23\/AVISOCOSTAS2023ADICION.pdf\u00bb]\n<hr \/>\n<p><a href=\"https:\/\/cortesuprema.gov.co\/corte\/wp-content\/uploads\/publicaciones\/avisocostas2022laboral.pdf\">Ver agencias en derecho 2022<\/a><\/p>\n<p><a href=\"https:\/\/cortesuprema.gov.co\/corte\/wp-content\/uploads\/publicaciones\/avisocostas2021laboral.pdf\">Ver agencias en derecho 2021<\/a><\/p>\n<hr \/>\n<div class=\"textoContenido\" style=\"text-align: right;\">\n<p>&nbsp;<\/p>\n<\/div>\n<div class=\"textoContenido\">\n<p style=\"text-align: justify;\"><\/div><\/div>\n<\/div>\n<\/div>\n","protected":false},"excerpt":{"rendered":"Dra. Fanny Esperanza Vel\u00e1squez Camacho Secretaria Sala de Casaci\u00f3n Laboral Atenci\u00f3n al p\u00fablico Lunes a viernes 8:00 am. a 1:00 pm. 2:00 pm. a 5:00 pm. PRESENTACI\u00d3N Y FUNCIONES DE LA SECRETAR\u00cdA DE LA SALA DE CASACI\u00d3N LABORAL &nbsp; La Sala de Casaci\u00f3n Laboral de la Corte Suprema de Justicia, act\u00faa seg\u00fan su especialidad como &hellip; <a href=\"https:\/\/cortesuprema.gov.co\/corte\/index.php\/secretaria-sala-de-casacion-laboral\/\" class=\"more-link\">Continuar leyendo<span class=\"screen-reader-text\"> \"Secretar\u00eda Sala de Casaci\u00f3n Laboral\"<\/span><\/a>","protected":false},"author":3,"featured_media":0,"parent":0,"menu_order":0,"comment_status":"closed","ping_status":"closed","template":"","meta":{"footnotes":""},"class_list":["post-6610","page","type-page","status-publish","hentry"],"_links":{"self":[{"href":"https:\/\/cortesuprema.gov.co\/corte\/index.php\/wp-json\/wp\/v2\/pages\/6610","targetHints":{"allow":["GET"]}}],"collection":[{"href":"https:\/\/cortesuprema.gov.co\/corte\/index.php\/wp-json\/wp\/v2\/pages"}],"about":[{"href":"https:\/\/cortesuprema.gov.co\/corte\/index.php\/wp-json\/wp\/v2\/types\/page"}],"author":[{"embeddable":true,"href":"https:\/\/cortesuprema.gov.co\/corte\/index.php\/wp-json\/wp\/v2\/users\/3"}],"replies":[{"embeddable":true,"href":"https:\/\/cortesuprema.gov.co\/corte\/index.php\/wp-json\/wp\/v2\/comments?post=6610"}],"version-history":[{"count":43,"href":"https:\/\/cortesuprema.gov.co\/corte\/index.php\/wp-json\/wp\/v2\/pages\/6610\/revisions"}],"predecessor-version":[{"id":62420,"href":"https:\/\/cortesuprema.gov.co\/corte\/index.php\/wp-json\/wp\/v2\/pages\/6610\/revisions\/62420"}],"wp:attachment":[{"href":"https:\/\/cortesuprema.gov.co\/corte\/index.php\/wp-json\/wp\/v2\/media?parent=6610"}],"curies":[{"name":"wp","href":"https:\/\/api.w.org\/{rel}","templated":true}]}}