{"id":6612,"date":"2015-08-31T20:09:03","date_gmt":"2015-08-31T20:09:03","guid":{"rendered":"https:\/\/cortesuprema.gov.co\/corte\/?page_id=6612"},"modified":"2022-05-27T12:41:39","modified_gmt":"2022-05-27T17:41:39","slug":"secretaria-sala-de-casacion-penal","status":"publish","type":"page","link":"https:\/\/cortesuprema.gov.co\/corte\/index.php\/secretaria-sala-de-casacion-penal\/","title":{"rendered":"Secretar\u00eda Sala de Casaci\u00f3n Penal"},"content":{"rendered":"<div class=\"su-row\">\n<div class=\"su-column su-column-size-1-3\"><div class=\"su-column-inner su-u-clearfix su-u-trim\">\n<p><a href=\"https:\/\/cortesuprema.gov.co\/corte\/wp-content\/uploads\/2015\/08\/DraNubia.jpg\"><img loading=\"lazy\" decoding=\"async\" class=\"alignnone wp-image-6606\" src=\"https:\/\/cortesuprema.gov.co\/corte\/wp-content\/uploads\/2015\/08\/DraNubia.jpg\" alt=\"DraNubia\" width=\"261\" height=\"390\" srcset=\"https:\/\/cortesuprema.gov.co\/corte\/wp-content\/uploads\/2015\/08\/DraNubia.jpg 600w, https:\/\/cortesuprema.gov.co\/corte\/wp-content\/uploads\/2015\/08\/DraNubia-200x300.jpg 200w, https:\/\/cortesuprema.gov.co\/corte\/wp-content\/uploads\/2015\/08\/DraNubia-470x703.jpg 470w\" sizes=\"auto, (max-width: 261px) 85vw, 261px\" \/><\/a><\/p>\n<p><strong>Dra. <strong>Nubia Yolanda Nova Garc\u00eda<\/strong><\/strong><\/p>\n<p><strong>Secretaria Sala de Casaci\u00f3n Penal<\/strong><\/p>\n<p>Atenci\u00f3n al p\u00fablico<\/p>\n<p>Lunes a viernes<\/p>\n<p>8:00 am. a 1:00 pm.<\/p>\n<p>2:00 pm. a 5:00 pm.<\/p>\n<\/div><\/div>\n<div class=\"su-column su-column-size-2-3\"><div class=\"su-column-inner su-u-clearfix su-u-trim\">\n<p>&nbsp;<\/p>\n<h2 style=\"text-align: center;\">PRESENTACI\u00d3N Y FUNCIONES DE LA SECRETAR\u00cdA DE LA SALA DE CASACI\u00d3N PENAL<\/h2>\n<p>&nbsp;<\/p>\n<p>&nbsp;<\/p>\n<div class=\"textoContenido\">\n<p style=\"text-align: justify;\">Siendo la Honorable Corte Suprema de Justicia el m\u00e1ximo Tribunal de la jurisdicci\u00f3n ordinaria, la Sala de Casaci\u00f3n Penal, dentro de la \u00f3rbita de su competencia que le confiere la Constituci\u00f3n Nacional y la Ley, en sus m\u00faltiples funciones, adelanta la investigaci\u00f3n y juzgamiento contra los miembros del Congreso; la etapa de juicio contra el Vicefiscal General de la Naci\u00f3n, los Fiscales Delegados ante la Corte y los Tribunales, el Director Nacional de Fiscal\u00edas y los Directores Seccionales de Fiscal\u00edas; el Procurador General, el Viceprocurador, los Procuradores Judiciales II, los Agentes del Ministerio P\u00fablico ante la Corte, ante el Consejo de Estado y ante los Tribunales; los Magistrados de Tribunales, de los Consejos Seccionales de la Judicatura, del Tribunal Superior Militar y del Consejo Nacional Electoral; los Ministros del Despacho, el Defensor del Pueblo, los Directores de los Departamentos Administrativos, el Registrador Nacional del Estado Civil, el Contralor General de la Rep\u00fablica, los Embajadores y Jefe de Misi\u00f3n Diplom\u00e1tica o Consular, los Gobernadores, y los Generales y Almirantes de la Fuerza P\u00fablica.<\/p>\n<p style=\"text-align: justify;\">As\u00ed mismo, resuelve los recursos extraordinarios de Casaci\u00f3n interpuestos contra las sentencias que en segunda instancia conocen las Salas Penales de los Tribunales Superiores del Territorio Nacional, lleva a cabo el tr\u00e1mite y resoluci\u00f3n de las acciones de revisi\u00f3n cuando la sentencia o la preclusi\u00f3n ejecutoriada, haya sido proferida en \u00fanica o segunda instancia por la misma Corporaci\u00f3n o por los Tribunales, las acciones de tutela y las impugnaciones de los fallos que en primera instancia dictan las Salas Penales de los Tribunales, conoce en segunda instancia los recursos de apelaci\u00f3n contra los autos y sentencias emitidas por los Tribunales en sus Salas Penales y de Justicia y Paz, resuelve las impugnaciones de habeas corpus, as\u00ed como emite los correspondientes conceptos en los tr\u00e1mites de extradici\u00f3n, los asuntos de definici\u00f3n de competencia cuando se trate de aforados constitucionales y legales, o de tribunales, o de juzgados de diferentes distritos, los cambios de radicaci\u00f3n de procesos de un distrito judicial a otro durante el juzgamiento, y de las solicitudes de execu\u00e1tur.<\/p>\n<p style=\"text-align: justify;\">De conformidad con lo anterior, le corresponde a su Secretar\u00eda, en acatamiento de dicho ordenamiento jur\u00eddico y al reglamento interno de la Corporaci\u00f3n, notificar de diversas maneras cada una de las decisiones a los sujetos procesales e intervinientes, as\u00ed como comunicarlas a las distintas instituciones, cuando a ello hubiere lugar; cumpliendo su funci\u00f3n desde la radicaci\u00f3n del proceso, hasta su env\u00edo al Tribunal de Instancia, a la autoridad respectiva o al archivo, seg\u00fan el caso.<\/p>\n<p style=\"text-align: justify;\">De igual manera en acatamiento a lo dispuesto en tales determinaciones, dar celeridad a los diferentes tr\u00e1mites en cumplimiento al principio de eficacia, atender las distintas practicas procesales y diligencias que se le ordenen, y realizar cada una de sus tareas con esp\u00edritu de pertenencia, solidaridad y cultura, especialmente teniendo en cuenta la consideraci\u00f3n y cortes\u00eda debida, en sus relaciones con el p\u00fablico.<\/p>\n<p style=\"text-align: justify;\">Realizar de manera correcta y eficaz las labores que le sean confiadas, conservar y archivar debidamente los documentos en desempe\u00f1o de las funciones que se le impongan, guardar la estricta reserva que requieran los asuntos relacionados con los distintos tr\u00e1mites, custodiar y responder por los expedientes encomendados y la correspondencia que permanezca a su cargo, en raz\u00f3n de su ejercicio.<\/p>\n<\/div>\n<hr \/>\n<h4 style=\"text-align: justify;\">Descargue aqu\u00ed los formatos de interacci\u00f3n entre los Tribunales Superiores y la Secretar\u00eda de la Sala Penal de la Corte<\/h4>\n<p><a href=\"https:\/\/cortesuprema.gov.co\/corte\/wp-content\/uploads\/not\/penal18\/avisos\/FORMATO ENVIO TUTELAS DE PRIMERA INSTANCIA POR COMPETENCIA.doc\" target=\"_blank\" rel=\"noopener noreferrer\">FORMATO ENV\u00cdO TUTELAS DE PRIMERA INSTANCIA POR COMPETENCIA<\/a><br \/>\n<a href=\"https:\/\/cortesuprema.gov.co\/corte\/wp-content\/uploads\/not\/penal18\/avisos\/FORMATO ENVIO SEGUNDAS INSTANCIAS..doc\" target=\"_blank\" rel=\"noopener noreferrer\">FORMATO ENV\u00cdO SEGUNDAS INSTANCIAS<\/a><br \/>\n<a href=\"https:\/\/cortesuprema.gov.co\/corte\/wp-content\/uploads\/not\/penal18\/avisos\/FORMATO ENVIO INCIDENTES DESACATO.doc\" target=\"_blank\" rel=\"noopener noreferrer\">FORMATO ENV\u00cdO INCIDENTES DESACATO<\/a><br \/>\n<a href=\"https:\/\/cortesuprema.gov.co\/corte\/wp-content\/uploads\/not\/penal18\/avisos\/FORMATO ENVIO IMPUGNACION DE TUTELAS.doc\" target=\"_blank\" rel=\"noopener noreferrer\">FORMATO ENV\u00cdO IMPUGNACI\u00d3N DE TUTELAS<\/a><br \/>\n<a href=\"https:\/\/cortesuprema.gov.co\/corte\/wp-content\/uploads\/not\/penal18\/avisos\/FORMATO ENVIO IMPEDIMENTOS.doc\" target=\"_blank\" rel=\"noopener noreferrer\">FORMATO ENV\u00cdO IMPEDIMENTOS<\/a><br \/>\n<a href=\"https:\/\/cortesuprema.gov.co\/corte\/wp-content\/uploads\/not\/penal18\/avisos\/FORMATO ENVIO HABEAS CORPUS.doc\" target=\"_blank\" rel=\"noopener noreferrer\">FORMATO ENV\u00cdO HABEAS CORPUS<\/a><br \/>\n<a href=\"https:\/\/cortesuprema.gov.co\/corte\/wp-content\/uploads\/not\/penal18\/avisos\/FORMATO ENVIO DEFINICIONES O COLISION DE COMPETENCIA.doc\" target=\"_blank\" rel=\"noopener noreferrer\">FORMATO ENV\u00cdO DEFINICIONES O COLISI\u00d3N DE COMPETENCIA<\/a><br \/>\n<a href=\"https:\/\/cortesuprema.gov.co\/corte\/wp-content\/uploads\/not\/penal22\/avisos\/FORMATO ENVIO CASACIONIMPUGNACION ESPECIAL.doc\" target=\"_blank\" rel=\"noopener noreferrer\">FORMATO ENV\u00cdO CASACI\u00d3N<\/a><\/p>\n<hr \/>\n<p>&nbsp;<\/p>\n<p>&nbsp;<\/p>\n<div class=\"textoContenido\">\n<p style=\"text-align: justify;\"><\/div><\/div>\n<\/div>\n<\/div>\n","protected":false},"excerpt":{"rendered":"Dra. Nubia Yolanda Nova Garc\u00eda Secretaria Sala de Casaci\u00f3n Penal Atenci\u00f3n al p\u00fablico Lunes a viernes 8:00 am. a 1:00 pm. 2:00 pm. a 5:00 pm. &nbsp; PRESENTACI\u00d3N Y FUNCIONES DE LA SECRETAR\u00cdA DE LA SALA DE CASACI\u00d3N PENAL &nbsp; &nbsp; Siendo la Honorable Corte Suprema de Justicia el m\u00e1ximo Tribunal de la jurisdicci\u00f3n ordinaria, &hellip; <a href=\"https:\/\/cortesuprema.gov.co\/corte\/index.php\/secretaria-sala-de-casacion-penal\/\" class=\"more-link\">Continuar leyendo<span class=\"screen-reader-text\"> \"Secretar\u00eda Sala de Casaci\u00f3n Penal\"<\/span><\/a>","protected":false},"author":3,"featured_media":0,"parent":0,"menu_order":0,"comment_status":"closed","ping_status":"closed","template":"","meta":{"footnotes":""},"class_list":["post-6612","page","type-page","status-publish","hentry"],"_links":{"self":[{"href":"https:\/\/cortesuprema.gov.co\/corte\/index.php\/wp-json\/wp\/v2\/pages\/6612","targetHints":{"allow":["GET"]}}],"collection":[{"href":"https:\/\/cortesuprema.gov.co\/corte\/index.php\/wp-json\/wp\/v2\/pages"}],"about":[{"href":"https:\/\/cortesuprema.gov.co\/corte\/index.php\/wp-json\/wp\/v2\/types\/page"}],"author":[{"embeddable":true,"href":"https:\/\/cortesuprema.gov.co\/corte\/index.php\/wp-json\/wp\/v2\/users\/3"}],"replies":[{"embeddable":true,"href":"https:\/\/cortesuprema.gov.co\/corte\/index.php\/wp-json\/wp\/v2\/comments?post=6612"}],"version-history":[{"count":9,"href":"https:\/\/cortesuprema.gov.co\/corte\/index.php\/wp-json\/wp\/v2\/pages\/6612\/revisions"}],"predecessor-version":[{"id":48639,"href":"https:\/\/cortesuprema.gov.co\/corte\/index.php\/wp-json\/wp\/v2\/pages\/6612\/revisions\/48639"}],"wp:attachment":[{"href":"https:\/\/cortesuprema.gov.co\/corte\/index.php\/wp-json\/wp\/v2\/media?parent=6612"}],"curies":[{"name":"wp","href":"https:\/\/api.w.org\/{rel}","templated":true}]}}