{"id":6893,"date":"2015-09-18T20:55:00","date_gmt":"2015-09-18T20:55:00","guid":{"rendered":"https:\/\/cortesuprema.gov.co\/corte\/?page_id=6893"},"modified":"2020-01-24T16:24:26","modified_gmt":"2020-01-24T21:24:26","slug":"vicepresidencia","status":"publish","type":"page","link":"https:\/\/cortesuprema.gov.co\/corte\/index.php\/vicepresidencia\/","title":{"rendered":"Vicepresidencia"},"content":{"rendered":"<div class=\"su-row\">\n<div class=\"su-column su-column-size-1-3\"><div class=\"su-column-inner su-u-clearfix su-u-trim\">\n<p>&nbsp;<\/p>\n<\/div><\/div>\n<div class=\"su-column su-column-size-2-3\"><div class=\"su-column-inner su-u-clearfix su-u-trim\">\n<div class=\"textoContenido\">\n<h2 style=\"text-align: justify;\">FUNCIONES DE LA VICEPRESIDENCIA<\/h2>\n<p>&nbsp;<\/p>\n<h4 style=\"text-align: justify;\">Las funciones de la Vicepresidencia de la Corporaci\u00f3n se encuentran se\u00f1aladas en el Reglamento General -Acuerdo No. 006 de Diciembre 12 de 2002-. Las principales funciones son las siguientes:<\/h4>\n<p>&nbsp;<\/p>\n<div class=\"textoContenido\">\n<p style=\"text-align: justify;\">1. Preparar el proceso de calificaci\u00f3n cualitativa de servicios de los Magistrados de Tribunales Superiores y el de calificaci\u00f3n definitiva de los empleados de la Corte que deban ser calificados por la Sala Plena.<\/p>\n<p style=\"text-align: justify;\">2. \u00a0Coordinar el registro de proyectos de Acto Legislativo y de leyes en curso sobre materias de que conocen las Salas de Casaci\u00f3n.<\/p>\n<p style=\"text-align: justify;\">3. Compilar los Actos Legislativos, Leyes y Sentencias de constitucionalidad, de utilidad para la funci\u00f3n que corresponde a las Salas.<\/p>\n<p style=\"text-align: justify;\">4. Cumplir las delegaciones que, en los t\u00e9rminos del numeral 10 del art\u00edculo 19, le haga el Presidetne.<\/p>\n<p style=\"text-align: justify;\">5. Coordinar con los secretarios de las Salas de Casaci\u00f3n y los relatores la inform\u00e1tica de gesti\u00f3n y la documental que adopte la Corporaci\u00f3n.<\/p>\n<p style=\"text-align: justify;\">Par\u00e1grafo. En caso de ausencia temporal del Vicepresidente, asumir\u00e1 sus funciones por orden alfab\u00e9tico de apellidos, el magistrado de la Sala de Casaci\u00f3n a la cual aquel pertenezca.<\/p>\n<p style=\"text-align: justify;\">6. Adicionado. Acuerdo 004 de 2002, art\u00edculo 6\u00b0. Conocer en primera instancia de los procesos disciplinarios contra el Secretario y dem\u00e1s empleados de la Vicepresidencia.<\/p>\n<p style=\"text-align: justify;\">Par\u00e1grafo:\u00a0\u00b0. Cuando se trate de empleados no adscritos a la planta de personal de la Corte, pero en comisi\u00f3n bajo su direcci\u00f3n, se comunicar\u00e1 la posible falta al competente.<\/p>\n<p style=\"text-align: justify;\">7. Las dem\u00e1s funciones que le asigne la Constituci\u00f3n, la ley o el reglamento.<\/p>\n<\/div>\n<p style=\"text-align: justify;\"><\/div><\/div>\n<\/div>\n<\/div>\n<p>&nbsp;<\/p>\n","protected":false},"excerpt":{"rendered":"<p>&nbsp;<\/p>\n","protected":false},"author":3,"featured_media":0,"parent":0,"menu_order":0,"comment_status":"closed","ping_status":"closed","template":"","meta":{"footnotes":""},"class_list":["post-6893","page","type-page","status-publish","hentry"],"_links":{"self":[{"href":"https:\/\/cortesuprema.gov.co\/corte\/index.php\/wp-json\/wp\/v2\/pages\/6893","targetHints":{"allow":["GET"]}}],"collection":[{"href":"https:\/\/cortesuprema.gov.co\/corte\/index.php\/wp-json\/wp\/v2\/pages"}],"about":[{"href":"https:\/\/cortesuprema.gov.co\/corte\/index.php\/wp-json\/wp\/v2\/types\/page"}],"author":[{"embeddable":true,"href":"https:\/\/cortesuprema.gov.co\/corte\/index.php\/wp-json\/wp\/v2\/users\/3"}],"replies":[{"embeddable":true,"href":"https:\/\/cortesuprema.gov.co\/corte\/index.php\/wp-json\/wp\/v2\/comments?post=6893"}],"version-history":[{"count":21,"href":"https:\/\/cortesuprema.gov.co\/corte\/index.php\/wp-json\/wp\/v2\/pages\/6893\/revisions"}],"predecessor-version":[{"id":28160,"href":"https:\/\/cortesuprema.gov.co\/corte\/index.php\/wp-json\/wp\/v2\/pages\/6893\/revisions\/28160"}],"wp:attachment":[{"href":"https:\/\/cortesuprema.gov.co\/corte\/index.php\/wp-json\/wp\/v2\/media?parent=6893"}],"curies":[{"name":"wp","href":"https:\/\/api.w.org\/{rel}","templated":true}]}}