{"id":7005,"date":"2015-09-24T14:08:50","date_gmt":"2015-09-24T14:08:50","guid":{"rendered":"https:\/\/cortesuprema.gov.co\/corte\/?page_id=7005"},"modified":"2016-03-18T19:53:11","modified_gmt":"2016-03-18T19:53:11","slug":"presidente","status":"publish","type":"page","link":"https:\/\/cortesuprema.gov.co\/corte\/index.php\/presidente\/","title":{"rendered":"Magistrado Sala de Casaci\u00f3n Penal"},"content":{"rendered":"<div class=\"su-heading su-heading-style-default su-heading-align-center\" id=\"\" style=\"font-size:13px;margin-bottom:20px\"><div class=\"su-heading-inner\"><strong>Dr. Jos\u00e9 Luis Barcel\u00f3 Camacho<\/strong><\/div><\/div><div class=\"su-row\">\n<div class=\"su-column su-column-size-1-3\"><div class=\"su-column-inner su-u-clearfix su-u-trim\">\n<p><a href=\"https:\/\/cortesuprema.gov.co\/corte\/wp-content\/uploads\/2015\/09\/Dr-Jos\u00e9-Luis-Barcel\u00f3-Camacho-Pte-Corte-Suprema-Pag.jpg\"><img loading=\"lazy\" decoding=\"async\" class=\"alignnone size-medium wp-image-8628\" src=\"https:\/\/cortesuprema.gov.co\/corte\/wp-content\/uploads\/2015\/09\/Dr-Jos\u00e9-Luis-Barcel\u00f3-Camacho-Pte-Corte-Suprema-Pag-258x300.jpg\" alt=\"Dr Jos\u00e9 Luis Barcel\u00f3 Camacho - Pte Corte Suprema - Pag\" width=\"258\" height=\"300\" srcset=\"https:\/\/cortesuprema.gov.co\/corte\/wp-content\/uploads\/2015\/09\/Dr-Jos\u00e9-Luis-Barcel\u00f3-Camacho-Pte-Corte-Suprema-Pag-258x300.jpg 258w, https:\/\/cortesuprema.gov.co\/corte\/wp-content\/uploads\/2015\/09\/Dr-Jos\u00e9-Luis-Barcel\u00f3-Camacho-Pte-Corte-Suprema-Pag.jpg 412w\" sizes=\"auto, (max-width: 258px) 85vw, 258px\" \/><\/a><\/p>\n<p><strong>Dr. Jos\u00e9 Luis Barcel\u00f3 Camacho<\/strong><\/p>\n<p>&nbsp;<\/p>\n<\/div><\/div>\n<div class=\"su-column su-column-size-2-3\"><div class=\"su-column-inner su-u-clearfix su-u-trim\">\n<div class=\"textoContenido\">\n<div class=\"textoContenido\">\n<p style=\"text-align: justify;\">El\u00a0 magistrado Jos\u00e9 Luis Barcel\u00f3 Camacho es abogado de la Universidad Militar Nueva Granada con especializaciones en Derecho Penal de distintas universidades del pa\u00eds. Cuenta con varios diplomados en materia penal y procesal. La mayor parte de sus 36 a\u00f1os de vida laboral la ha dedicado a la Rama Judicial, en cargos como los de notificador, escribiente, asistente de Fiscal\u00eda Superior de Bogot\u00e1, fiscal encargado de la misma, secretario de juzgado, oficial mayor de juzgado, juez de instrucci\u00f3n criminal, abogado asesor de la Procuradur\u00eda Segunda Delegada en lo Penal, magistrado auxiliar de la Corte Suprema de Justicia y, desde 2011, magistrado de la Sala de Casaci\u00f3n Penal que presidi\u00f3 el a\u00f1o anterior. Ha sido catedr\u00e1tico de diversos centros universitarios de Bogot\u00e1 y otras ciudades.<\/p>\n<\/div>\n<p style=\"text-align: justify;\"><\/div><\/div>\n<\/div>\n<\/div>\n<h3><\/h3>\n","protected":false},"excerpt":{"rendered":"Dr. Jos\u00e9 Luis Barcel\u00f3 Camacho Dr. Jos\u00e9 Luis Barcel\u00f3 Camacho &nbsp; El\u00a0 magistrado Jos\u00e9 Luis Barcel\u00f3 Camacho es abogado de la Universidad Militar Nueva Granada con especializaciones en Derecho Penal de distintas universidades del pa\u00eds. Cuenta con varios diplomados en materia penal y procesal. La mayor parte de sus 36 a\u00f1os de vida laboral la &hellip; <a href=\"https:\/\/cortesuprema.gov.co\/corte\/index.php\/presidente\/\" class=\"more-link\">Continuar leyendo<span class=\"screen-reader-text\"> \"Magistrado Sala de Casaci\u00f3n Penal\"<\/span><\/a>","protected":false},"author":3,"featured_media":0,"parent":0,"menu_order":0,"comment_status":"closed","ping_status":"closed","template":"","meta":{"footnotes":""},"class_list":["post-7005","page","type-page","status-publish","hentry"],"_links":{"self":[{"href":"https:\/\/cortesuprema.gov.co\/corte\/index.php\/wp-json\/wp\/v2\/pages\/7005","targetHints":{"allow":["GET"]}}],"collection":[{"href":"https:\/\/cortesuprema.gov.co\/corte\/index.php\/wp-json\/wp\/v2\/pages"}],"about":[{"href":"https:\/\/cortesuprema.gov.co\/corte\/index.php\/wp-json\/wp\/v2\/types\/page"}],"author":[{"embeddable":true,"href":"https:\/\/cortesuprema.gov.co\/corte\/index.php\/wp-json\/wp\/v2\/users\/3"}],"replies":[{"embeddable":true,"href":"https:\/\/cortesuprema.gov.co\/corte\/index.php\/wp-json\/wp\/v2\/comments?post=7005"}],"version-history":[{"count":19,"href":"https:\/\/cortesuprema.gov.co\/corte\/index.php\/wp-json\/wp\/v2\/pages\/7005\/revisions"}],"predecessor-version":[{"id":9203,"href":"https:\/\/cortesuprema.gov.co\/corte\/index.php\/wp-json\/wp\/v2\/pages\/7005\/revisions\/9203"}],"wp:attachment":[{"href":"https:\/\/cortesuprema.gov.co\/corte\/index.php\/wp-json\/wp\/v2\/media?parent=7005"}],"curies":[{"name":"wp","href":"https:\/\/api.w.org\/{rel}","templated":true}]}}