{"id":8731,"date":"2017-05-22T08:00:41","date_gmt":"2017-05-22T13:00:41","guid":{"rendered":"https:\/\/cortesuprema.gov.co\/corte\/?page_id=8731"},"modified":"2023-10-20T13:03:35","modified_gmt":"2023-10-20T18:03:35","slug":"programacion-de-audiencias","status":"publish","type":"page","link":"https:\/\/cortesuprema.gov.co\/corte\/index.php\/programacion-de-audiencias\/","title":{"rendered":""},"content":{"rendered":"<h1 style=\"text-align: center;\"><b>PROGRAMACI\u00d3N DE AUDIENCIAS\u00a0<\/b><\/h1>\n<h3 style=\"text-align: center;\"><b><span lang=\"es\">SALA ESPECIAL DE PRIMERA INSTANCIA<\/span><\/b><\/h3>\n<h3 align=\"center\"><b>Octubre 23, 24, 25 y 26\u00a0<\/b><\/h3>\n<div class=\"PUyMSY5LCEMIHVFzdH1W\">\n<div class=\"M2DbT8FaNY0LjpjeqsCL TiApUvaZOn0aLkSUHRf7 allowTextSelection\" tabindex=\"-1\" role=\"region\" aria-label=\"Cuerpo del mensaje\">\n<div dir=\"ltr\">\n<div dir=\"ltr\">\n<div id=\"x_x_divRplyFwdMsg\" dir=\"ltr\">\n<div class=\"aVla3\">\n<div class=\"\">\n<div class=\"wide-content-host\">\n<div class=\"SlLx9 isFirstCard byzS1\" tabindex=\"-1\" aria-label=\"Mensaje de correo electr\u00f3nico\">\n<div class=\"XbIp4 jmmB7 GNqVo yxtKT allowTextSelection\" tabindex=\"-1\" role=\"region\" aria-label=\"Cuerpo del mensaje\">\n<div dir=\"ltr\">\n<div id=\"x_x_ms-outlook-mobile-signature\" dir=\"auto\">\n<div id=\"x_x_mail-editor-reference-message-container\" dir=\"auto\">\n<div class=\"wnVEW\">\n<div class=\"Yy5or GNqVo yxtKT allowTextSelection\" tabindex=\"-1\" role=\"region\" aria-label=\"Cuerpo del mensaje\">\n<div id=\"x_ms-outlook-mobile-signature\" dir=\"auto\">\n<div id=\"x_mail-editor-reference-message-container\" dir=\"auto\">\n<div dir=\"auto\">\n<ul>\n<li>Lunes 23 de octubre de 2023, a las 8:15 a.m<b>., inicio<\/b>\u00a0<b>audiencia p\u00fablica de juicio oral<\/b><i>\u00a0<\/i>(Ley 906), Primera Instancia\u00a0<b>52030<\/b>, proceso seguido en contra de\u00a0<b>SANDRA PAOLA HURTADO PALACIO y GLORIA IN\u00c9S GUTI\u00c9RREZ BOTERO,\u00a0<\/b>exgobernadoras del Quind\u00edo,<b>\u00a0<\/b>M.P. Ariel Augusto Torres Rojas\u00a0<b>(FIJADA CON AUTO DEL 23 DE JUNIO DE 2023).<\/b><\/li>\n<\/ul>\n<p>&nbsp;<\/p>\n<ul>\n<li>Lunes 23 de octubre de 2023, a las 3:30 p.m<b>., inicio<\/b>\u00a0<b>audiencia p\u00fablica de formulaci\u00f3n de acusaci\u00f3n\u00a0<\/b>(Ley 906), Primera Instancia\u00a0<b>00897<\/b>, proceso seguido en contra de\u00a0<b>OSCAR HERN\u00c1N RAM\u00cdREZ<\/b>\u00a0y\u00a0<b>JOS\u00c9 ROZO MILL\u00c1N,\u00a0<\/b>exgobernadores de Boyac\u00e1,<b>\u00a0<\/b>M.P. Ariel Augusto Torres Rojas\u00a0<b>(FIJADA CON AUTO DEL 6 DE JULIO DE 2023).<\/b><\/li>\n<\/ul>\n<p>&nbsp;<\/p>\n<ul>\n<li>Martes 24 de octubre de 2023, a las 8:15 a.m.,\u00a0<b>continuaci\u00f3n audiencia p\u00fablica de juicio oral\u00a0<\/b>(Ley 906), Primera Instancia\u00a0<b>51580<\/b>, proceso seguido en contra de<b>\u00a0JOEL DAR\u00cdO TREJOS LONDO\u00d1O, FAUSTO RUB\u00c9N D\u00cdAZ RODR\u00cdGUEZ y ALCIBIADES VARGAS BAUTISTA,\u00a0<\/b>ex<b>m<\/b>agistrados del Tribunal Superior de Villavicencio,<b>\u00a0<\/b>M.P. Ariel Augusto Torres Rojas\u00a0<b>(FIJADA CON AUTO DEL 8\/08\/2023).<\/b><\/li>\n<\/ul>\n<p>&nbsp;<\/p>\n<ul>\n<li>Martes 24 de octubre de 2023, a las 3:30 p.m<b>., inicio<\/b>\u00a0<b>audiencia p\u00fablica de formulaci\u00f3n de acusaci\u00f3n\u00a0<\/b>(Ley 906), Primera Instancia\u00a0<b>00927<\/b>, proceso seguido en contra de\u00a0<b>ROSA COTES DE Z\u00da\u00d1IGA\u00a0<\/b>y\u00a0<b>LUIS MIGUEL COTES HABEYCH,\u00a0<\/b>exgobernadores del Magdalena,<b>\u00a0<\/b>M.P. Ariel Augusto Torres Rojas\u00a0<b>(FIJADA CON AUTO DEL 6 DE JULIO DE 2023).<\/b><\/li>\n<\/ul>\n<p>&nbsp;<\/p>\n<ul>\n<li>Mi\u00e9rcoles 25 de octubre de 2023, a las 8:15 a.m.,\u00a0<b>audiencia p\u00fablica de formulaci\u00f3n de acusaci\u00f3n\u00a0<\/b>(Ley 906),<b>\u00a0<\/b>Primera Instancia\u00a0<b>00382<\/b>, proceso seguido en contra de<b>\u00a0C\u00c9SAR ANTONIO LUGO MORALES,\u00a0<\/b>exgobernador del Amazonas,<b>\u00a0<\/b>M.P. Ariel Augusto Torres Rojas,\u00a0<b>(PROGRAMADA CON AUTO DEL 10\/10\/2023).<\/b><\/li>\n<\/ul>\n<p>&nbsp;<\/p>\n<ul>\n<li>Mi\u00e9rcoles 25 de octubre de 2023, a las 9:15 a.m.,\u00a0<b>audiencia p\u00fablica de formulaci\u00f3n de acusaci\u00f3n\u00a0<\/b>(Ley 906),<b>\u00a0<\/b>Primera Instancia\u00a0<b>00399<\/b>, proceso seguido en contra de<b>\u00a0C\u00c9SAR ANTONIO LUGO MORALES,\u00a0<\/b>exgobernador del Amazonas,<b>\u00a0<\/b>M.P. Ariel Augusto Torres Rojas,\u00a0<b>(PROGRAMADA CON AUTO DEL 10\/10\/2023).<\/b><\/li>\n<\/ul>\n<p>&nbsp;<\/p>\n<ul>\n<li>Mi\u00e9rcoles 25 de octubre de 2023, a las 10:15 a.m.,\u00a0<b>audiencia p\u00fablica de formulaci\u00f3n de acusaci\u00f3n\u00a0<\/b>(Ley 906),<b>\u00a0<\/b>Primera Instancia\u00a0<b>00481<\/b>, proceso seguido en contra de<b>\u00a0C\u00c9SAR ANTONIO LUGO MORALES,\u00a0<\/b>exgobernador del Amazonas,<b>\u00a0<\/b>M.P. Ariel Augusto Torres Rojas,\u00a0<b>(PROGRAMADA CON AUTO DEL 10\/10\/2023).<\/b><\/li>\n<\/ul>\n<p>&nbsp;<\/p>\n<ul>\n<li>Mi\u00e9rcoles 25 de octubre de 2023, a las 11:15 a.m.,\u00a0<b>audiencia p\u00fablica de formulaci\u00f3n de acusaci\u00f3n\u00a0<\/b>(Ley 906),<b>\u00a0<\/b>Primera Instancia\u00a0<b>00830<\/b>, proceso seguido en contra de<b>\u00a0C\u00c9SAR ANTONIO LUGO MORALES,\u00a0<\/b>exgobernador del Amazonas,<b>\u00a0<\/b>M.P. Ariel Augusto Torres Rojas,\u00a0<b>(PROGRAMADA CON AUTO DEL 10\/10\/2023).<\/b><\/li>\n<\/ul>\n<p>&nbsp;<\/p>\n<ul>\n<li>Mi\u00e9rcoles 25 de octubre de 2023, a las 2:15 p.m.,\u00a0<b>audiencia p\u00fablica de anuncio de fallo\u00a0<\/b>(Ley 906), Primera Instancia\u00a0<b>50618\u00a0<\/b>adelantada contra<b>\u00a0JUAN CARLOS ABAD\u00cdA CAMPO,\u00a0<\/b>exgobernador del Valle del Cauca, M.P. Ariel Augusto Torres Rojas<b>\u00a0(PROGRAMADA CON AUTO DEL 10\/10\/2023).<\/b><\/li>\n<\/ul>\n<p>&nbsp;<\/p>\n<ul>\n<li>Mi\u00e9rcoles 25 de octubre de 2023, a las 5:00 p.m.,\u00a0<b>Sala Ordinaria.<\/b><\/li>\n<\/ul>\n<p>&nbsp;<\/p>\n<ul>\n<li>Jueves 26 de octubre de 2023, a las 8:15 a.m.,\u00a0<b>continuaci\u00f3n audiencia p\u00fablica de juicio oral\u00a0<\/b>(Ley 906), Primera Instancia\u00a0<b>51580<\/b>, proceso seguido en contra de<b>\u00a0JOEL DAR\u00cdO TREJOS LONDO\u00d1O, FAUSTO RUB\u00c9N D\u00cdAZ RODR\u00cdGUEZ y ALCIBIADES VARGAS BAUTISTA,\u00a0<\/b>ex<b>m<\/b>agistrados del Tribunal Superior de Villavicencio,<b>\u00a0<\/b>M.P. Ariel Augusto Torres Rojas\u00a0<b>(FIJADA CON AUTO DEL 8\/08\/2023).<\/b><\/li>\n<\/ul>\n<p>En el siguiente link puede <strong>acceder a las audiencias de su inter\u00e9s<\/strong> <a href=\"https:\/\/bit.ly\/3wM7VEV\" target=\"_blank\" rel=\"noopener noreferrer\">https:\/\/bit.ly\/3wM7VEV<\/a><\/p>\n<\/div>\n<\/div>\n<\/div>\n<\/div>\n<\/div>\n<\/div>\n<\/div>\n<\/div>\n<\/div>\n<\/div>\n<\/div>\n<\/div>\n<\/div>\n<\/div>\n<\/div>\n<\/div>\n<\/div>\n<\/div>\n<div>\n<p align=\"\">Esta programaci\u00f3n de audiencias de la Sala Especial de Primera Instancia de la Corte Suprema de Justicia\u00a0se actualiza semanalmente y\u00a0est\u00e1 sujeta a cambios por reagendamiento de la Sala.<\/p>\n<\/div>\n<p>&nbsp;<\/p>\n","protected":false},"excerpt":{"rendered":"<p>PROGRAMACI\u00d3N DE AUDIENCIAS\u00a0 SALA ESPECIAL DE PRIMERA INSTANCIA Octubre 23, 24, 25 y 26\u00a0 Lunes 23 de octubre de 2023, a las 8:15 a.m., inicio\u00a0audiencia p\u00fablica de juicio oral\u00a0(Ley 906), Primera Instancia\u00a052030, proceso seguido en contra de\u00a0SANDRA PAOLA HURTADO PALACIO y GLORIA IN\u00c9S GUTI\u00c9RREZ BOTERO,\u00a0exgobernadoras del Quind\u00edo,\u00a0M.P. Ariel Augusto Torres Rojas\u00a0(FIJADA CON AUTO DEL 23 &hellip; <a href=\"https:\/\/cortesuprema.gov.co\/corte\/index.php\/programacion-de-audiencias\/\" class=\"more-link\">Continuar leyendo<span class=\"screen-reader-text\"> \u00ab\u00bb<\/span><\/a><\/p>\n","protected":false},"author":3,"featured_media":0,"parent":0,"menu_order":0,"comment_status":"closed","ping_status":"closed","template":"","meta":{"footnotes":""},"class_list":["post-8731","page","type-page","status-publish","hentry"],"_links":{"self":[{"href":"https:\/\/cortesuprema.gov.co\/corte\/index.php\/wp-json\/wp\/v2\/pages\/8731","targetHints":{"allow":["GET"]}}],"collection":[{"href":"https:\/\/cortesuprema.gov.co\/corte\/index.php\/wp-json\/wp\/v2\/pages"}],"about":[{"href":"https:\/\/cortesuprema.gov.co\/corte\/index.php\/wp-json\/wp\/v2\/types\/page"}],"author":[{"embeddable":true,"href":"https:\/\/cortesuprema.gov.co\/corte\/index.php\/wp-json\/wp\/v2\/users\/3"}],"replies":[{"embeddable":true,"href":"https:\/\/cortesuprema.gov.co\/corte\/index.php\/wp-json\/wp\/v2\/comments?post=8731"}],"version-history":[{"count":273,"href":"https:\/\/cortesuprema.gov.co\/corte\/index.php\/wp-json\/wp\/v2\/pages\/8731\/revisions"}],"predecessor-version":[{"id":62856,"href":"https:\/\/cortesuprema.gov.co\/corte\/index.php\/wp-json\/wp\/v2\/pages\/8731\/revisions\/62856"}],"wp:attachment":[{"href":"https:\/\/cortesuprema.gov.co\/corte\/index.php\/wp-json\/wp\/v2\/media?parent=8731"}],"curies":[{"name":"wp","href":"https:\/\/api.w.org\/{rel}","templated":true}]}}