{"id":9540,"date":"2016-04-25T15:22:57","date_gmt":"2016-04-25T15:22:57","guid":{"rendered":"https:\/\/cortesuprema.gov.co\/corte\/?page_id=9540"},"modified":"2019-03-11T15:06:44","modified_gmt":"2019-03-11T20:06:44","slug":"norma-sustancial","status":"publish","type":"page","link":"https:\/\/cortesuprema.gov.co\/corte\/index.php\/norma-sustancial\/","title":{"rendered":"Norma Sustancial &#8211; Sala Civil"},"content":{"rendered":"<h3 style=\"text-align: center;\"><strong>RECURSO DE CASACI\u00d3N<\/strong><\/h3>\n<h3 style=\"text-align: center;\"><strong>Calificaci\u00f3n de la norma de derecho sustancial<\/strong><\/h3>\n<p>&nbsp;<\/p>\n<p class=\"font-secondary\" style=\"text-align: justify;\">La presente publicaci\u00f3n constituye una labor de sistematizaci\u00f3n descriptiva de la jurisprudencia\u00a0 emanada de la Sala de Casaci\u00f3n Civil de la Corte Suprema de Justicia, en torno a la <em> calificaci\u00f3n de la norma sustancial en el desarrollo del recurso extraordinario de casaci\u00f3n<\/em>, con la aspiraci\u00f3n de ser un instrumento de utilidad en el quehacer judicial y en la comunidad jur\u00eddica en general.<\/p>\n<p style=\"text-align: justify;\">En efecto, am\u00e9n de la utilidad pedag\u00f3gica, la presente investigaci\u00f3n pretende cumplir con una importante funci\u00f3n pr\u00e1ctica: ofrecer a los estudiosos del derecho un panorama de la doctrina actual producida por la Sala de Casaci\u00f3n Civil de la Corte Suprema de Justicia, para ser considerados como gu\u00eda en el devenir propio de la actividad en la que el lector se desempe\u00f1e.<\/p>\n<p style=\"text-align: justify;\">Esta herramienta permite adem\u00e1s a los juristas, adelantar investigaciones, bien sea de <em>sentencia lata, <\/em>al identificar problemas interpretativos en las providencias sistematizadas, con el prop\u00f3sito de esclarecer su sentido y\u00a0 proyectar sus consecuencias, as\u00ed como de <em>sententia ferenda<\/em>, mediante el cual el jurista puede discurrir sobre la selecci\u00f3n de normas, la interpretaci\u00f3n, el encuadramiento de los hechos o las razones de la decisi\u00f3n y de <em>lege ferenda, <\/em>para quienes proyecten el an\u00e1lisis jurisprudencial como argumento en la demostraci\u00f3n de la necesidad de introducir modificaciones en el derecho legislado.<\/p>\n<p style=\"text-align: justify;\">Es esta una invitaci\u00f3n a la comunidad cient\u00edfica del derecho, a reconocer la importancia del estudio de la Jurisprudencia de Sala de Casaci\u00f3n Civil de la Corte Suprema de Justicia, desde la reconstrucci\u00f3n dogm\u00e1tica del valor de la doctrina jurisprudencial en el ordenamiento jur\u00eddico colombiano.<\/p>\n<p><strong>Nubia Cristina Salas Salas<br \/>\nRelatora Sala de Casaci\u00f3n Civil<\/strong><\/p>\n<p>&nbsp;<\/p>\n","protected":false},"excerpt":{"rendered":"<p>RECURSO DE CASACI\u00d3N Calificaci\u00f3n de la norma de derecho sustancial &nbsp; La presente publicaci\u00f3n constituye una labor de sistematizaci\u00f3n descriptiva de la jurisprudencia\u00a0 emanada de la Sala de Casaci\u00f3n Civil de la Corte Suprema de Justicia, en torno a la calificaci\u00f3n de la norma sustancial en el desarrollo del recurso extraordinario de casaci\u00f3n, con la &hellip; <a href=\"https:\/\/cortesuprema.gov.co\/corte\/index.php\/norma-sustancial\/\" class=\"more-link\">Continuar leyendo<span class=\"screen-reader-text\"> \u00abNorma Sustancial &#8211; Sala Civil\u00bb<\/span><\/a><\/p>\n","protected":false},"author":3,"featured_media":0,"parent":0,"menu_order":0,"comment_status":"closed","ping_status":"closed","template":"","meta":{"footnotes":""},"class_list":["post-9540","page","type-page","status-publish","hentry"],"_links":{"self":[{"href":"https:\/\/cortesuprema.gov.co\/corte\/index.php\/wp-json\/wp\/v2\/pages\/9540","targetHints":{"allow":["GET"]}}],"collection":[{"href":"https:\/\/cortesuprema.gov.co\/corte\/index.php\/wp-json\/wp\/v2\/pages"}],"about":[{"href":"https:\/\/cortesuprema.gov.co\/corte\/index.php\/wp-json\/wp\/v2\/types\/page"}],"author":[{"embeddable":true,"href":"https:\/\/cortesuprema.gov.co\/corte\/index.php\/wp-json\/wp\/v2\/users\/3"}],"replies":[{"embeddable":true,"href":"https:\/\/cortesuprema.gov.co\/corte\/index.php\/wp-json\/wp\/v2\/comments?post=9540"}],"version-history":[{"count":13,"href":"https:\/\/cortesuprema.gov.co\/corte\/index.php\/wp-json\/wp\/v2\/pages\/9540\/revisions"}],"predecessor-version":[{"id":22615,"href":"https:\/\/cortesuprema.gov.co\/corte\/index.php\/wp-json\/wp\/v2\/pages\/9540\/revisions\/22615"}],"wp:attachment":[{"href":"https:\/\/cortesuprema.gov.co\/corte\/index.php\/wp-json\/wp\/v2\/media?parent=9540"}],"curies":[{"name":"wp","href":"https:\/\/api.w.org\/{rel}","templated":true}]}}